{"id":616,"date":"2023-07-23T23:01:55","date_gmt":"2023-07-23T21:01:55","guid":{"rendered":"https:\/\/www.rogaska.si\/ru\/?page_id=616"},"modified":"2025-02-14T14:51:32","modified_gmt":"2025-02-14T13:51:32","slug":"privacy-policy","status":"publish","type":"page","link":"https:\/\/www.rogaska.si\/ru\/privacy-policy\/","title":{"rendered":"\u0417\u0430\u0449\u0438\u0442\u0430 \u0434\u0430\u043d\u043d\u044b\u0445"},"content":{"rendered":"<section class=\"py-5 wp-block-hotel-sava-support-page\">\n  <div class=\"container\">\n    <div class=\"d-md-block d-none mt-5 pt-5 row\">\n      <div>\n                                                                                                                                                                                                                <nav aria-label=\"breadcrumb\">\n              <ol class=\"breadcrumb\">\n                                <li class=\"breadcrumb-item\"><a href=\"https:\/\/www.rogaska.si\/ru\">\u0414\u043e\u043c\u0430\u0448\u043d\u044f\u044f \u0441\u0442\u0440\u0430\u043d\u0438\u0446\u0430<\/a>\n                <\/li>\n                                                <li class=\"breadcrumb-item active\" aria-current=\"page\">\n                  Home                <\/li>\n              <\/ol>\n            <\/nav>\n                        <\/div>\n    <\/div>\n    <div class=\"row\">\n      <div>\n        <h1 class=\"display-4 text-center\">\u0417\u0430\u0449\u0438\u0442\u0430 \u0434\u0430\u043d\u043d\u044b\u0445<\/h1>\n      <\/div>\n    <\/div>\n    <div class=\"mt-5 row\">\n        <div class=\"col-lg-10 col-md-11 me-auto ms-auto\" >\n        \n\n<h3 class=\"wp-block-heading\" style=\"font-style:normal;font-weight:300\">\u041f\u043e\u043b\u0443\u0447\u0435\u043d\u0438\u0435 \u044d\u043b\u0435\u043a\u0442\u0440\u043e\u043d\u043d\u043e\u0439 \u0440\u0430\u0441\u0441\u044b\u043b\u043a\u0438<\/h3>\n\n\n\n<p>\u041f\u0440\u0438 \u043f\u043e\u0434\u0430\u0447\u0435 \u0437\u0430\u044f\u0432\u043a\u0438 \u043d\u0430 \u043f\u043e\u043b\u0443\u0447\u0435\u043d\u0438\u0435 \u044d\u043b\u0435\u043a\u0442\u0440\u043e\u043d\u043d\u043e\u0439 \u0440\u0430\u0441\u0441\u044b\u043b\u043a\u0438 Hotel Sava Roga\u0161ka d.o.o. \u0431\u0443\u0434\u0435\u0442 \u0441\u043e\u0445\u0440\u0430\u043d\u044f\u0442\u044c \u0441\u043b\u0435\u0434\u0443\u044e\u0449\u0438\u0435 \u043f\u0435\u0440\u0441\u043e\u043d\u0430\u043b\u044c\u043d\u044b\u0435 \u0434\u0430\u043d\u043d\u044b\u0435: \u044d\u043b. \u043f\u043e\u0447\u0442\u0430. \u041e\u043f\u0435\u0440\u0430\u0442\u043e\u0440 \u0434\u0430\u043d\u043d\u044b\u0445, Hotel Sava Roga\u0161ka d.o.o., \u043e\u0441\u0443\u0449\u0435\u0441\u0442\u0432\u043b\u044f\u0435\u0442 \u0441\u0431\u043e\u0440 \u043f\u0435\u0440\u0441\u043e\u043d\u0430\u043b\u044c\u043d\u044b\u0445 \u0434\u0430\u043d\u043d\u044b\u0445 \u0438\u0441\u043a\u043b\u044e\u0447\u0438\u0442\u0435\u043b\u044c\u043d\u043e \u043f\u043e\u0441\u0440\u0435\u0434\u0441\u0442\u0432\u043e\u043c \u0438\u0445 \u0434\u043e\u0431\u0440\u043e\u0432\u043e\u043b\u044c\u043d\u043e\u0433\u043e \u043f\u0440\u0435\u0434\u043e\u0441\u0442\u0430\u0432\u043b\u0435\u043d\u0438\u044f \u043f\u043e\u043b\u044c\u0437\u043e\u0432\u0430\u0442\u0435\u043b\u044f\u043c\u0438 \u0432\u043e \u0432\u0440\u0435\u043c\u044f \u0440\u0435\u0433\u0438\u0441\u0442\u0440\u0430\u0446\u0438\u0438.<br>\u041f\u0440\u0435\u0434\u043e\u0441\u0442\u0430\u0432\u043b\u044f\u044f \u0441\u0432\u043e\u0439 \u0430\u0434\u0440\u0435\u0441 \u044d\u043b\u0435\u043a\u0442\u0440\u043e\u043d\u043d\u043e\u0439 \u043f\u043e\u0447\u0442\u044b, \u0432\u044b \u0441\u043e\u0433\u043b\u0430\u0448\u0430\u0435\u0442\u0435\u0441\u044c \u0441 \u0442\u0435\u043c, \u0447\u0442\u043e Hotel Sava Roga\u0161ka d.o.o. \u0431\u0443\u0434\u0435\u0442 \u0443\u0432\u0435\u0434\u043e\u043c\u043b\u044f\u0442\u044c \u0432\u0430\u0441 \u043e \u043d\u043e\u0432\u044b\u0445 \u043f\u0440\u0435\u0434\u043b\u043e\u0436\u0435\u043d\u0438\u044f\u0445, \u043c\u0435\u0440\u043e\u043f\u0440\u0438\u044f\u0442\u0438\u044f\u0445 \u0438 \u0438\u043d\u0442\u0435\u0440\u0435\u0441\u043d\u044b\u0445 \u0441\u043e\u0431\u044b\u0442\u0438\u044f\u0445 \u0432 \u043a\u043e\u043c\u043f\u0430\u043d\u0438\u0438 Hotel Sava Roga\u0161ka d.o.o. \u0438 \u0433\u043e\u0440\u043e\u0434\u0435 \u0420\u043e\u0433\u0430\u0448\u043a\u0430 \u0421\u043b\u0430\u0442\u0438\u043d\u0430.<br>\u041f\u0435\u0440\u0441\u043e\u043d\u0430\u043b\u044c\u043d\u044b\u0435 \u0434\u0430\u043d\u043d\u044b\u0435 \u0431\u0443\u0434\u0443\u0442 \u0438\u0441\u043f\u043e\u043b\u044c\u0437\u043e\u0432\u0430\u0442\u044c\u0441\u044f \u0438\u0441\u043a\u043b\u044e\u0447\u0438\u0442\u0435\u043b\u044c\u043d\u043e \u0434\u043b\u044f \u0442\u0435\u0445 \u043d\u0443\u0436\u0434, \u043d\u0430 \u043a\u043e\u0442\u043e\u0440\u044b\u0435 \u043f\u043e\u043b\u044c\u0437\u043e\u0432\u0430\u0442\u0435\u043b\u044c \u0434\u0430\u043b \u0441\u0432\u043e\u0435 \u0441\u043e\u0433\u043b\u0430\u0441\u0438\u0435. \u041a\u043e\u043c\u043f\u0430\u043d\u0438\u044f Hotel Sava Roga\u0161ka d.o.o. \u043d\u0438 \u043f\u0440\u0438 \u043a\u0430\u043a\u0438\u0445 \u043e\u0431\u0441\u0442\u043e\u044f\u0442\u0435\u043b\u044c\u0441\u0442\u0432\u0430\u0445 \u043d\u0435 \u0431\u0443\u0434\u0435\u0442 \u0440\u0430\u0437\u0433\u043b\u0430\u0448\u0430\u0442\u044c \u0438\u043b\u0438 \u043f\u0435\u0440\u0435\u0434\u0430\u0432\u0430\u0442\u044c \u043f\u0435\u0440\u0441\u043e\u043d\u0430\u043b\u044c\u043d\u044b\u0435 \u0434\u0430\u043d\u043d\u044b\u0435 \u0441\u0432\u043e\u0438\u0445 \u043f\u043e\u0434\u043f\u0438\u0441\u0447\u0438\u043a\u043e\u0432 \u0442\u0440\u0435\u0442\u044c\u0438\u043c \u043b\u0438\u0446\u0430\u043c \u0431\u0435\u0437 \u0441\u043e\u043e\u0442\u0432\u0435\u0442\u0441\u0442\u0432\u0443\u044e\u0449\u0435\u0433\u043e \u0440\u0430\u0437\u0440\u0435\u0448\u0435\u043d\u0438\u044f.<\/p>\n\n\n\n<h3 class=\"wp-block-heading\" style=\"font-style:normal;font-weight:300\">\u041e\u0442\u043a\u0430\u0437 \u043e\u0442 \u043f\u043e\u043b\u0443\u0447\u0435\u043d\u0438\u044f \u0440\u0430\u0441\u0441\u044b\u043b\u043a\u0438<\/h3>\n\n\n\n<p>\u041f\u043e\u043b\u044c\u0437\u043e\u0432\u0430\u0442\u0435\u043b\u044c \u0432\u0441\u0435\u0433\u0434\u0430 \u043c\u043e\u0436\u0435\u0442 \u043e\u0442\u043a\u0430\u0437\u0430\u0442\u044c\u0441\u044f \u043e\u0442 \u043f\u043e\u043b\u0443\u0447\u0435\u043d\u0438\u044f \u0440\u0430\u0441\u0441\u044b\u043b\u043a\u0438. \u0422\u0430\u043a\u0436\u0435 \u043a\u0430\u043a \u0438 \u0432 \u0441\u043b\u0443\u0447\u0430\u0435 \u0440\u0435\u0433\u0438\u0441\u0442\u0440\u0430\u0446\u0438\u0438 \u043f\u043e\u043b\u044c\u0437\u043e\u0432\u0430\u0442\u0435\u043b\u044e \u0431\u0443\u0434\u0435\u0442 \u043d\u0435\u043e\u0431\u0445\u043e\u0434\u0438\u043c\u043e \u0432\u043f\u0438\u0441\u0430\u0442\u044c \u0432 \u0441\u043f\u0435\u0446\u0438\u0430\u043b\u044c\u043d\u044b\u0439 \u0432\u0435\u0431-\u0444\u043e\u0440\u043c\u0443\u043b\u044f\u0440 \u0430\u0434\u0440\u0435\u0441 \u0441\u0432\u043e\u0435\u0439 \u044d\u043b\u0435\u043a\u0442\u0440\u043e\u043d\u043d\u043e\u0439 \u043f\u043e\u0447\u0442\u044b. \u041d\u0430 \u044d\u0442\u043e\u0442 \u0430\u0434\u0440\u0435\u0441 \u043f\u043e\u0441\u0442\u0443\u043f\u0438\u0442 \u0441\u043e\u043e\u0431\u0449\u0435\u043d\u0438\u0435 \u043e\u0431 \u043e\u0442\u043a\u0430\u0437\u0435 \u043e\u0442 \u043f\u043e\u043b\u0443\u0447\u0435\u043d\u0438\u044f \u0440\u0430\u0441\u0441\u044b\u043b\u043a\u0438, \u043f\u043e\u0441\u043b\u0435 \u043f\u043e\u0434\u0442\u0432\u0435\u0440\u0436\u0434\u0435\u043d\u0438\u044f \u043a\u043e\u0442\u043e\u0440\u043e\u0433\u043e \u0440\u0430\u0441\u0441\u044b\u043b\u043a\u0430 \u0431\u0443\u0434\u0435\u0442 \u043f\u0440\u0435\u043a\u0440\u0430\u0449\u0435\u043d\u0430.<\/p>\n\n\n\n<a class=\"wp-block-hotel-sava-sava-link fs-5 icon-link icon-link-hover fs-6\" href=\"https:\/\/news.sava-rogaska.com\/index.php\/lists\/block-address\" target=\"_blank\" rel=\"noopener\"><span>\u041e\u0442\u043f\u0438\u0441\u0430\u0442\u044c\u0441\u044f<\/span><svg xmlns=\"http:\/\/www.w3.org\/2000\/svg\" width=\"1em\" height=\"1em\" fill=\"currentColor\" class=\"bi bi-arrow-right\" viewBox=\"0 0 16 16\" aria-hidden=\"true\"> <path fill-rule=\"evenodd\" d=\"M1 8a.5.5 0 0 1 .5-.5h11.793l-3.147-3.146a.5.5 0 0 1 .708-.708l4 4a.5.5 0 0 1 0 .708l-4 4a.5.5 0 0 1-.708-.708L13.293 8.5H1.5A.5.5 0 0 1 1 8z\"><\/path> <\/svg><\/a>\n\n\n\n<h3 class=\"wp-block-heading mt-3\" style=\"font-style:normal;font-weight:300\">\u0423\u0434\u0430\u043b\u0435\u043d\u0438\u0435 \u0430\u0434\u0440\u0435\u0441\u0430<\/h3>\n\n\n\n<p>\u041f\u043e\u043b\u044c\u0437\u043e\u0432\u0430\u0442\u0435\u043b\u044c \u0432\u0441\u0435\u0433\u0434\u0430 \u043c\u043e\u0436\u0435\u0442 \u0443\u0434\u0430\u043b\u0438\u0442\u044c \u0441\u0432\u043e\u0439 \u0430\u0434\u0440\u0435\u0441 \u0438\u0437 \u044d\u043b\u0435\u043a\u0442\u0440\u043e\u043d\u043d\u043e\u0439 \u0440\u0430\u0441\u0441\u044b\u043b\u043a\u0438 \u043e\u043f\u0435\u0440\u0430\u0442\u043e\u0440\u0430. \u0414\u043b\u044f \u044d\u0442\u043e\u0433\u043e \u043d\u0435\u043e\u0431\u0445\u043e\u0434\u0438\u043c\u043e \u043d\u0430\u0436\u0430\u0442\u044c \u043d\u0430 \u043a\u043d\u043e\u043f\u043a\u0443 \u0423\u0414\u0410\u041b\u0418\u0422\u042c.<\/p>\n\n\n\n<h3 class=\"wp-block-heading\" style=\"font-style:normal;font-weight:300\">\u041f\u0440\u0430\u0432\u0430 \u043f\u043e\u043b\u044c\u0437\u043e\u0432\u0430\u0442\u0435\u043b\u0435\u0439<\/h3>\n\n\n\n<p>\u041f\u043e\u043b\u044c\u0437\u043e\u0432\u0430\u0442\u0435\u043b\u044c \u0432\u0441\u0435\u0433\u0434\u0430 \u043c\u043e\u0436\u0435\u0442 \u043f\u043e\u043b\u0443\u0447\u0438\u0442\u044c \u0441\u0432\u0435\u0434\u0435\u043d\u0438\u044f \u043e \u0442\u043e\u043c, \u043a\u0430\u043a\u043e\u0439 \u0438\u043d\u0444\u043e\u0440\u043c\u0430\u0446\u0438\u0435\u0439 \u043e \u043d\u0435\u043c \u0440\u0430\u0441\u043f\u043e\u043b\u0430\u0433\u0430\u0435\u0442 \u043e\u043f\u0435\u0440\u0430\u0442\u043e\u0440. \u0414\u043b\u044f \u043f\u043e\u043b\u0443\u0447\u0435\u043d\u0438\u044f \u044d\u0442\u043e\u0439 \u0438\u043d\u0444\u043e\u0440\u043c\u0430\u0446\u0438\u0438 \u043d\u0435\u043e\u0431\u0445\u043e\u0434\u0438\u043c\u043e \u0437\u0430\u043f\u043e\u043b\u043d\u0438\u0442\u044c \u043f\u0440\u0435\u0434\u0441\u0442\u0430\u0432\u043b\u0435\u043d\u043d\u0443\u044e \u043d\u0438\u0436\u0435 \u0444\u043e\u0440\u043c\u0443. \u0422\u0430\u043a\u0436\u0435 \u043f\u043e\u043b\u044c\u0437\u043e\u0432\u0430\u0442\u0435\u043b\u044c \u0432\u043f\u0440\u0430\u0432\u0435 \u043f\u043e\u0442\u0440\u0435\u0431\u043e\u0432\u0430\u0442\u044c \u0443\u0434\u0430\u043b\u0438\u0442\u044c \u0435\u0433\u043e \u0434\u0430\u043d\u043d\u044b\u0435, \u0437\u0430\u043f\u0440\u0435\u0442\u0438\u0442\u044c \u0438\u0445 \u0438\u0441\u043f\u043e\u043b\u044c\u0437\u043e\u0432\u0430\u043d\u0438\u0435 \u0438\u043b\u0438 \u043f\u0435\u0440\u0435\u043d\u0430\u043f\u0440\u0430\u0432\u0438\u0442\u044c \u0434\u0430\u043d\u043d\u044b\u0435 \u0432 \u0434\u0440\u0443\u0433\u0443\u044e \u043e\u0440\u0433\u0430\u043d\u0438\u0437\u0430\u0446\u0438\u044e.<br>\u0418\u043d\u0442\u0435\u0440\u043d\u0435\u0442-\u043f\u043e\u043b\u044c\u0437\u043e\u0432\u0430\u0442\u0435\u043b\u0438 \u0432 \u0441\u043b\u0443\u0447\u0430\u0435 \u043d\u0430\u0440\u0443\u0448\u0435\u043d\u0438\u044f \u0438\u0445 \u043f\u0440\u0430\u0432 \u043e\u0442\u043d\u043e\u0441\u0438\u0442\u0435\u043b\u044c\u043d\u043e \u0441\u0431\u043e\u0440\u0430, \u043e\u0431\u0440\u0430\u0431\u043e\u0442\u043a\u0438 \u0438 \u0445\u0440\u0430\u043d\u0435\u043d\u0438\u044f \u0438\u0445 \u043f\u0435\u0440\u0441\u043e\u043d\u0430\u043b\u044c\u043d\u044b\u0445 \u0434\u0430\u043d\u043d\u044b\u0445 \u043c\u043e\u0433\u0443\u0442 \u043e\u0431\u0440\u0430\u0442\u0438\u0442\u044c\u0441\u044f \u043a \u0443\u043f\u043e\u043b\u043d\u043e\u043c\u043e\u0447\u0435\u043d\u043d\u043e\u043c\u0443 \u0430\u0433\u0435\u043d\u0442\u0443 \u043f\u043e \u0438\u0441\u043f\u043e\u043b\u044c\u0437\u043e\u0432\u0430\u043d\u0438\u044e \u043f\u0435\u0440\u0441\u043e\u043d\u0430\u043b\u044c\u043d\u044b\u0445 \u0434\u0430\u043d\u043d\u044b\u0445.<\/p>\n\n\n\n<h3 class=\"wp-block-heading\" style=\"font-style:normal;font-weight:300\">\u0417\u0430\u0449\u0438\u0442\u0430 \u0434\u0430\u043d\u043d\u044b\u0445<\/h3>\n\n\n\n<p>\u041e\u043f\u0435\u0440\u0430\u0442\u043e\u0440 \u0434\u0430\u043d\u043d\u044b\u0445, \u043a\u043e\u043c\u043f\u0430\u043d\u0438\u044f Hotel Sava Roga\u0161ka d.o.o., \u0443\u0432\u0430\u0436\u0430\u0435\u0442 \u043f\u0440\u0430\u0432\u0430 \u043f\u043e\u043b\u044c\u0437\u043e\u0432\u0430\u0442\u0435\u043b\u0435\u0439 \u043d\u0430 \u043a\u043e\u043d\u0444\u0438\u0434\u0435\u043d\u0446\u0438\u0430\u043b\u044c\u043d\u043e\u0441\u0442\u044c \u043f\u0435\u0440\u0441\u043e\u043d\u0430\u043b\u044c\u043d\u044b\u0445 \u0434\u0430\u043d\u043d\u044b\u0445 \u0438 \u0441\u0442\u0440\u0435\u043c\u0438\u0442\u0441\u044f \u043a \u043e\u0431\u0435\u0441\u043f\u0435\u0447\u0435\u043d\u0438\u044e \u043d\u0430\u0438\u0432\u044b\u0441\u0448\u0435\u0433\u043e \u0443\u0440\u043e\u0432\u043d\u044f \u0438\u0445 \u0437\u0430\u0449\u0438\u0442\u044b. \u0423\u0441\u043b\u0443\u0433\u0438 Hotel Sava Roga\u0161ka d.o.o. \u043e\u0442\u0432\u0435\u0447\u0430\u044e\u0442 \u0442\u0440\u0435\u0431\u043e\u0432\u0430\u043d\u0438\u044f\u043c \u0437\u0430\u043a\u043e\u043d\u043e\u0432 \u0438 \u043f\u0440\u043e\u0447\u0438\u0445 \u043f\u0440\u0435\u0434\u043f\u0438\u0441\u0430\u043d\u0438\u0439 \u043a\u0430\u0441\u0430\u0442\u0435\u043b\u044c\u043d\u043e \u0437\u0430\u0449\u0438\u0442\u044b \u043f\u0435\u0440\u0441\u043e\u043d\u0430\u043b\u044c\u043d\u044b\u0445 \u0434\u0430\u043d\u043d\u044b\u0445, \u0438 \u0432 \u0447\u0430\u0441\u0442\u043d\u043e\u0441\u0442\u0438 \u0417\u0430\u043a\u043e\u043d\u0430 \u043e \u0437\u0430\u0449\u0438\u0442\u0435 \u043f\u0435\u0440\u0441\u043e\u043d\u0430\u043b\u044c\u043d\u044b\u0445 \u0434\u0430\u043d\u043d\u044b\u0445, \u0417\u0430\u043a\u043e\u043d\u0430 \u043e\u0431 \u044d\u043b\u0435\u043a\u0442\u0440\u043e\u043d\u043d\u043e\u0439 \u043a\u043e\u043c\u043c\u0443\u043d\u0438\u043a\u0430\u0446\u0438\u0438 \u0438 \u041e\u0431\u0449\u0435\u0433\u043e \u0440\u0435\u0433\u043b\u0430\u043c\u0435\u043d\u0442\u0430 \u0415\u0421 \u043f\u043e \u0437\u0430\u0449\u0438\u0442\u0435 \u0434\u0430\u043d\u043d\u044b\u0445 (GDPR).<br>\u042d\u043b\u0435\u043a\u0442\u0440\u043e\u043d\u043d\u0430\u044f \u0440\u0430\u0441\u0441\u044b\u043b\u043a\u0430 \u043a\u043e\u043c\u043f\u0430\u043d\u0438\u0438 Hotel Sava Roga\u0161ka d.o.o. \u043e\u0441\u0443\u0449\u0435\u0441\u0442\u0432\u043b\u044f\u0435\u0442\u0441\u044f \u043f\u043e\u0441\u0440\u0435\u0434\u0441\u0442\u0432\u043e\u043c \u0432\u0435\u0431-\u043f\u0440\u0438\u043b\u043e\u0436\u0435\u043d\u0438\u044f GDPR-\u043c\u0435\u043d\u0435\u0434\u0436\u0435\u0440, \u0433\u0430\u0440\u0430\u043d\u0442\u0438\u0440\u0443\u044e\u0449\u0435\u0433\u043e \u0430\u043d\u043e\u043d\u0438\u043c\u043d\u043e\u0441\u0442\u044c \u043f\u0435\u0440\u0441\u043e\u043d\u0430\u043b\u044c\u043d\u044b\u0445 \u0434\u0430\u043d\u043d\u044b\u0445 \u043f\u043e\u043b\u0443\u0447\u0430\u0442\u0435\u043b\u0435\u0439 \u044d\u043b\u0435\u043a\u0442\u0440\u043e\u043d\u043d\u043e\u0439 \u0440\u0430\u0441\u0441\u044b\u043b\u043a\u0438, \u0430 \u0442\u0430\u043a\u0436\u0435, \u0441\u043e\u0433\u043b\u0430\u0441\u043d\u043e \u043f\u0440\u0438\u043d\u0446\u0438\u043f\u0443 \u043c\u0438\u043d\u0438\u043c\u0438\u0437\u0430\u0446\u0438\u0438, \u043e\u0431\u0435\u0441\u043f\u0435\u0447\u0438\u0432\u0430\u044e\u0449\u0435\u0433\u043e \u0434\u043e\u0441\u0442\u0443\u043f \u043a \u043f\u0435\u0440\u0441\u043e\u043d\u0430\u043b\u044c\u043d\u044b\u043c \u0434\u0430\u043d\u043d\u044b\u043c \u0438\u0441\u043a\u043b\u044e\u0447\u0438\u0442\u0435\u043b\u044c\u043d\u043e \u0443\u043f\u043e\u043b\u043d\u043e\u043c\u043e\u0447\u0435\u043d\u043d\u043e\u043c\u0443 \u043f\u0435\u0440\u0441\u043e\u043d\u0430\u043b\u0443, \u0438 \u0442\u043e\u043b\u044c\u043a\u043e \u043f\u0440\u0438 \u043d\u0430\u043b\u0438\u0447\u0438\u0438 \u0437\u0430\u043f\u0440\u043e\u0441\u0430 \u043f\u043e\u043b\u044c\u0437\u043e\u0432\u0430\u0442\u0435\u043b\u044f \u043d\u0430 \u0438\u0437\u043c\u0435\u043d\u0435\u043d\u0438\u0435, \u0434\u043e\u0441\u0442\u0443\u043f, \u043e\u0433\u0440\u0430\u043d\u0438\u0447\u0435\u043d\u0438\u0435, \u043e\u0442\u043a\u043b\u043e\u043d\u0435\u043d\u0438\u0435, \u043f\u0435\u0440\u0435\u043d\u043e\u0441 \u0438\u043b\u0438 \u0443\u0434\u0430\u043b\u0435\u043d\u0438\u0435 \u0442\u0430\u043a\u043e\u0432\u044b\u0445.<br>\u041f\u0440\u0438\u043b\u043e\u0436\u0435\u043d\u0438\u0435 GDPR-\u043c\u0435\u043d\u0435\u0434\u0436\u0435\u0440 \u043e\u0431\u0435\u0441\u043f\u0435\u0447\u0438\u0432\u0430\u0435\u0442 \u043f\u043e\u043b\u043d\u044b\u0439 \u043a\u043e\u043d\u0442\u0440\u043e\u043b\u044c \u0434\u043e\u0441\u0442\u0443\u043f\u0430 \u0443\u043f\u043e\u043b\u043d\u043e\u043c\u043e\u0447\u0435\u043d\u043d\u044b\u0445 \u043f\u043e\u043b\u044c\u0437\u043e\u0432\u0430\u0442\u0435\u043b\u0435\u0439 \u043a \u043f\u0440\u0438\u043b\u043e\u0436\u0435\u043d\u0438\u044e (\u0434\u043e\u0441\u0442\u0443\u043f \u043a \u043f\u0440\u0438\u043b\u043e\u0436\u0435\u043d\u0438\u044e \u0437\u0430\u0449\u0438\u0449\u0435\u043d \u0438\u043c\u0435\u043d\u0435\u043c \u043f\u043e\u043b\u044c\u0437\u043e\u0432\u0430\u0442\u0435\u043b\u044f \u0438 \u043f\u0430\u0440\u043e\u043b\u0435\u043c) \u0438 \u0430\u0432\u0442\u043e\u043c\u0430\u0442\u0438\u0447\u0435\u0441\u043a\u0438 \u0441\u043e\u0445\u0440\u0430\u043d\u044f\u0435\u0442 \u0432\u0441\u044e \u0438\u043d\u0444\u043e\u0440\u043c\u0430\u0446\u0438\u044e \u043e \u0434\u043e\u0441\u0442\u0443\u043f\u0435 \u043f\u043e\u043b\u044c\u0437\u043e\u0432\u0430\u0442\u0435\u043b\u0435\u0439 \u043a \u043f\u0440\u0438\u043b\u043e\u0436\u0435\u043d\u0438\u044e \u0438 \u0438\u0445 \u0434\u0435\u0439\u0441\u0442\u0432\u0438\u044f\u0445.<br>\u041a\u043e\u043c\u043f\u0430\u043d\u0438\u044f Hotel Sava Roga\u0161ka d.o.o. \u043e\u0431\u044f\u0437\u0443\u0435\u0442\u0441\u044f \u0442\u0449\u0430\u0442\u0435\u043b\u044c\u043d\u043e \u0437\u0430\u0449\u0438\u0449\u0430\u0442\u044c \u043f\u043e\u043b\u0443\u0447\u0435\u043d\u043d\u044b\u0435 \u0434\u0430\u043d\u043d\u044b\u0435 \u0438 \u043f\u0440\u0435\u0434\u043e\u0442\u0432\u0440\u0430\u0449\u0430\u0442\u044c \u0438\u0445 \u0432\u043e\u0437\u043c\u043e\u0436\u043d\u043e\u0435 \u043d\u0435\u043f\u0440\u0430\u0432\u043e\u043c\u0435\u0440\u043d\u043e\u0435 \u0438\u0441\u043f\u043e\u043b\u044c\u0437\u043e\u0432\u0430\u043d\u0438\u0435. \u041f\u0435\u0440\u0441\u043e\u043d\u0430\u043b\u044c\u043d\u044b\u0435 \u0434\u0430\u043d\u043d\u044b\u0435 \u0431\u0443\u0434\u0443\u0442 \u0438\u0441\u043f\u043e\u043b\u044c\u0437\u043e\u0432\u0430\u0442\u044c\u0441\u044f \u0438\u0441\u043a\u043b\u044e\u0447\u0438\u0442\u0435\u043b\u044c\u043d\u043e \u0434\u043b\u044f \u0442\u0435\u0445 \u043d\u0443\u0436\u0434, \u043d\u0430 \u043a\u043e\u0442\u043e\u0440\u044b\u0435 \u043f\u043e\u043b\u044c\u0437\u043e\u0432\u0430\u0442\u0435\u043b\u044c \u0434\u0430\u043b \u0441\u0432\u043e\u0435 \u0441\u043e\u0433\u043b\u0430\u0441\u0438\u0435, \u0430 \u0434\u043e\u0441\u0442\u0443\u043f \u043a \u043d\u0438\u043c (\u0438\u043c\u044f \u043f\u043e\u043b\u044c\u0437\u043e\u0432\u0430\u0442\u0435\u043b\u044f \u0438 \u043f\u0430\u0440\u043e\u043b\u044c) \u0431\u0443\u0434\u0443\u0442 \u0438\u043c\u0435\u0442\u044c \u0442\u043e\u043b\u044c\u043a\u043e \u0443\u043f\u043e\u043b\u043d\u043e\u043c\u043e\u0447\u0435\u043d\u043d\u044b\u0435 \u0441\u043f\u0435\u0446\u0438\u0430\u043b\u0438\u0441\u0442\u044b \u043e\u043f\u0435\u0440\u0430\u0442\u043e\u0440\u0430, \u043e\u0431\u044f\u0437\u0430\u043d\u043d\u044b\u0435 \u0441\u043b\u0435\u0434\u043e\u0432\u0430\u0442\u044c \u043f\u0440\u0430\u0432\u0438\u043b\u0430\u043c \u0440\u0430\u0431\u043e\u0442\u044b \u0441 \u043f\u0435\u0440\u0441\u043e\u043d\u0430\u043b\u044c\u043d\u044b\u043c\u0438 \u0434\u0430\u043d\u043d\u044b\u043c\u0438 \u0432 \u0441\u043e\u043e\u0442\u0432\u0435\u0442\u0441\u0442\u0432\u0438\u0438 \u0441 \u0434\u0435\u0439\u0441\u0442\u0432\u0443\u044e\u0449\u0438\u043c \u0437\u0430\u043a\u043e\u043d\u043e\u0434\u0430\u0442\u0435\u043b\u044c\u0441\u0442\u0432\u043e\u043c.<br>\u041e\u0442\u0432\u0435\u0442\u0441\u0442\u0432\u0435\u043d\u043d\u044b\u043c \u043b\u0438\u0446\u043e\u043c \u0437\u0430 \u0437\u0430\u0449\u0438\u0442\u0443 \u043f\u0435\u0440\u0441\u043e\u043d\u0430\u043b\u044c\u043d\u044b\u0445 \u0434\u0430\u043d\u043d\u044b\u0445 \u0432 \u043a\u043e\u043c\u043f\u0430\u043d\u0438\u0438 Hotel Sava Roga\u0161ka d.o.o. \u044f\u0432\u043b\u044f\u0435\u0442\u0441\u044f \u0416\u0430\u043d \u0421\u0435\u043a\u0438\u0440\u043d\u0438\u043a.<br>\u041b\u044e\u0431\u044b\u0435 \u0432\u043e\u043f\u0440\u043e\u0441\u044b \u0432 \u0441\u0432\u044f\u0437\u0438 \u0441 \u0437\u0430\u0449\u0438\u0442\u043e\u0439 \u043f\u0435\u0440\u0441\u043e\u043d\u0430\u043b\u044c\u043d\u044b\u0445 \u0434\u0430\u043d\u043d\u044b\u0445 \u043d\u0430 \u0441\u0442\u0440\u0430\u043d\u0438\u0446\u0430\u0445 <a href=\"https:\/\/www.rogaska.si\">https:\/\/www.rogaska.si<\/a> \u043d\u0430\u043f\u0440\u0430\u0432\u043b\u044f\u0439\u0442\u0435 \u043f\u043e \u0430\u0434\u0440\u0435\u0441\u0443 <a href=\"mailto:zan@rogaska.si\">zan@rogaska.si<\/a><\/p>\n\n\n\n<p>\u041e\u0442\u043f\u0440\u0430\u0432\u0438\u0442\u0435\u043b\u044c \u044d\u043b\u0435\u043a\u0442\u0440\u043e\u043d\u043d\u043e\u0439 \u0440\u0430\u0441\u0441\u044b\u043b\u043a\u0438 \u0438 \u043e\u043f\u0435\u0440\u0430\u0442\u043e\u0440 \u0432\u0430\u0448\u0438\u0445 \u043f\u0435\u0440\u0441\u043e\u043d\u0430\u043b\u044c\u043d\u044b\u0445 \u0434\u0430\u043d\u043d\u044b\u0445:<\/p>\n\n\n\n<p>Hotel Sava Roga\u0161ka d.o.o., Zdravili\u0161ki trg 6, 3250 Roga\u0161ka Slatina, Slovenija<\/p>\n\n      <\/div>\n    <\/div>\n  <\/div>\n<\/section>","protected":false},"excerpt":{"rendered":"","protected":false},"author":1,"featured_media":0,"parent":0,"menu_order":0,"comment_status":"closed","ping_status":"closed","template":"","meta":{"_acf_changed":false,"footnotes":""},"class_list":["post-616","page","type-page","status-publish","hentry"],"acf":[],"publishpress_future_workflow_manual_trigger":{"enabledWorkflows":[]},"_links":{"self":[{"href":"https:\/\/www.rogaska.si\/ru\/wp-json\/wp\/v2\/pages\/616","targetHints":{"allow":["GET"]}}],"collection":[{"href":"https:\/\/www.rogaska.si\/ru\/wp-json\/wp\/v2\/pages"}],"about":[{"href":"https:\/\/www.rogaska.si\/ru\/wp-json\/wp\/v2\/types\/page"}],"author":[{"embeddable":true,"href":"https:\/\/www.rogaska.si\/ru\/wp-json\/wp\/v2\/users\/1"}],"replies":[{"embeddable":true,"href":"https:\/\/www.rogaska.si\/ru\/wp-json\/wp\/v2\/comments?post=616"}],"version-history":[{"count":3,"href":"https:\/\/www.rogaska.si\/ru\/wp-json\/wp\/v2\/pages\/616\/revisions"}],"predecessor-version":[{"id":2701,"href":"https:\/\/www.rogaska.si\/ru\/wp-json\/wp\/v2\/pages\/616\/revisions\/2701"}],"wp:attachment":[{"href":"https:\/\/www.rogaska.si\/ru\/wp-json\/wp\/v2\/media?parent=616"}],"curies":[{"name":"wp","href":"https:\/\/api.w.org\/{rel}","templated":true}]}}