{"id":531,"date":"2023-07-17T22:34:59","date_gmt":"2023-07-17T20:34:59","guid":{"rendered":"https:\/\/www.rogaska.si\/ru\/?page_id=531"},"modified":"2026-03-13T16:21:33","modified_gmt":"2026-03-13T15:21:33","slug":"about-us","status":"publish","type":"page","link":"https:\/\/www.rogaska.si\/ru\/about-us\/","title":{"rendered":"\u041e \u043d\u0430\u0441"},"content":{"rendered":"<section class=\"py-5 wp-block-hotel-sava-hero-secondary\">\n  <div class=\"container\">\n    <div class=\"d-md-block d-none mt-5 pt-5 row\">\n      <div>\n                                                                                                                                                                                                                <nav aria-label=\"breadcrumb\">\n              <ol class=\"breadcrumb\">\n                                <li class=\"breadcrumb-item\"><a href=\"https:\/\/www.rogaska.si\/ru\">\u0414\u043e\u043c\u0430\u0448\u043d\u044f\u044f \u0441\u0442\u0440\u0430\u043d\u0438\u0446\u0430<\/a>\n                <\/li>\n                                                <li class=\"breadcrumb-item active\" aria-current=\"page\">\n                  Home                <\/li>\n              <\/ol>\n            <\/nav>\n                        <\/div>\n    <\/div>\n    <div class=\"row\">\n      <div>\n        <h1 class=\"display-4 text-center\">\u041e \u043d\u0430\u0441<\/h1>\n      <\/div>\n    <\/div>\n    <div class=\"mt-5 row\">\n      <div class=\"col-lg-10 col-md-11 me-auto ms-auto\">\n        <div class=\"image-wrapper__fit\">\n          <picture>\n                          <img loading=\"lazy\" decoding=\"async\" width=\"2500\" height=\"798\" src=\"https:\/\/www.rogaska.si\/ru\/wp-content\/uploads\/sites\/6\/2023\/09\/grand-hotel-sava-by-night.jpg\" class=\"wp-image-1156 image__fit\" alt=\"\" srcset=\"https:\/\/www.rogaska.si\/ru\/wp-content\/uploads\/sites\/6\/2023\/09\/grand-hotel-sava-by-night.jpg 2500w, https:\/\/www.rogaska.si\/ru\/wp-content\/uploads\/sites\/6\/2023\/09\/grand-hotel-sava-by-night-300x96.jpg 300w, https:\/\/www.rogaska.si\/ru\/wp-content\/uploads\/sites\/6\/2023\/09\/grand-hotel-sava-by-night-1024x327.jpg 1024w, https:\/\/www.rogaska.si\/ru\/wp-content\/uploads\/sites\/6\/2023\/09\/grand-hotel-sava-by-night-768x245.jpg 768w, https:\/\/www.rogaska.si\/ru\/wp-content\/uploads\/sites\/6\/2023\/09\/grand-hotel-sava-by-night-480x153.jpg 480w, https:\/\/www.rogaska.si\/ru\/wp-content\/uploads\/sites\/6\/2023\/09\/grand-hotel-sava-by-night-640x204.jpg 640w, https:\/\/www.rogaska.si\/ru\/wp-content\/uploads\/sites\/6\/2023\/09\/grand-hotel-sava-by-night-720x230.jpg 720w, https:\/\/www.rogaska.si\/ru\/wp-content\/uploads\/sites\/6\/2023\/09\/grand-hotel-sava-by-night-960x306.jpg 960w, https:\/\/www.rogaska.si\/ru\/wp-content\/uploads\/sites\/6\/2023\/09\/grand-hotel-sava-by-night-1168x373.jpg 1168w, https:\/\/www.rogaska.si\/ru\/wp-content\/uploads\/sites\/6\/2023\/09\/grand-hotel-sava-by-night-1440x460.jpg 1440w, https:\/\/www.rogaska.si\/ru\/wp-content\/uploads\/sites\/6\/2023\/09\/grand-hotel-sava-by-night-1920x613.jpg 1920w, https:\/\/www.rogaska.si\/ru\/wp-content\/uploads\/sites\/6\/2023\/09\/grand-hotel-sava-by-night-1536x490.jpg 1536w, https:\/\/www.rogaska.si\/ru\/wp-content\/uploads\/sites\/6\/2023\/09\/grand-hotel-sava-by-night-2048x654.jpg 2048w\" sizes=\"auto, (max-width: 2500px) 100vw, 2500px\" \/>\n                                  <\/picture>\n        <\/div>\n      <\/div>\n    <\/div>\n  <\/div>\n<\/section>\n\n\n<section class=\"wp-block-hotel-sava-col-md-8 py-5\"> <div class=\"container\"> <div class=\"row\"> <div class=\"col-md-8 me-auto ms-auto\">\n<p class=\"wp-block-hotel-sava-lead lead fs-3\">Hotel Sava Roga\u0161ka &#8212; \u0441\u0435\u043c\u0435\u0439\u043d\u0430\u044f \u043a\u043e\u043c\u043f\u0430\u043d\u0438\u044f, \u0434\u0435\u044f\u0442\u0435\u043b\u044c\u043d\u043e\u0441\u0442\u044c \u043a\u043e\u0442\u043e\u0440\u043e\u0439 \u043e\u0441\u043d\u043e\u0432\u0430\u043d\u0430 \u043d\u0430 \u0442\u0430\u043a\u0438\u0445 \u0446\u0435\u043d\u043d\u043e\u0441\u0442\u044f\u0445, \u043a\u0430\u043a \u0442\u0440\u0430\u0434\u0438\u0446\u0438\u044f, \u0438\u043d\u043d\u043e\u0432\u0430\u0446\u0438\u0438, \u0438\u043d\u0434\u0438\u0432\u0438\u0434\u0443\u0430\u043b\u044c\u043d\u043e\u0435 \u043e\u0442\u043d\u043e\u0448\u0435\u043d\u0438\u0435 \u043a \u0433\u043e\u0441\u0442\u044f\u043c, \u0437\u0430\u0431\u043e\u0442\u0430 \u043e \u0437\u0434\u043e\u0440\u043e\u0432\u044c\u0435 \u0433\u043e\u0441\u0442\u0435\u0439 \u0438 \u0441\u043e\u0442\u0440\u0443\u0434\u043d\u0438\u043a\u043e\u0432 \u0438 \u043f\u043e\u0441\u0442\u043e\u044f\u043d\u043d\u043e\u0435 \u0440\u0430\u0437\u0432\u0438\u0442\u0438\u0435. \u0412 \u043a\u043e\u043c\u043f\u043b\u0435\u043a\u0441 \u0432\u0445\u043e\u0434\u0438\u0442 \u0434\u0432\u0430 \u043e\u0442\u0435\u043b\u044f\u00a0 Grand Hotel Sava \u0438 \u041e\u0442\u0435\u043b\u044c Zagreb, \u0446\u0435\u043d\u0442\u0440 Roi medico &amp; \u0441\u043f\u0430-\u0446\u0435\u043d\u0442\u0440, \u041a\u043e\u043d\u0433\u0440\u0435\u0441\u0441-\u0446\u0435\u043d\u0442\u0440 \u00ab\u0420\u043e\u0433\u0430\u0448\u043a\u0430\u00bb. \u041c\u044b \u044f\u0432\u043b\u044f\u0435\u043c\u0441\u044f \u0432\u0435\u0434\u0443\u0449\u0438\u0449\u0438\u043c \u043f\u043e\u0441\u0442\u0430\u0432\u0449\u0438\u043a\u043e\u043c \u0442\u0443\u0440\u0438\u0441\u0442\u0438\u0447\u0435\u0441\u043a\u0438\u0445 \u0443\u0441\u043b\u0443\u0433 \u0432 \u0420\u043e\u0433\u0430\u0448\u043a\u0430-\u0421\u043b\u0430\u0442\u0438\u043d\u0435. \u041d\u0430\u0448\u0430 \u043a\u043e\u043c\u043f\u0430\u043d\u0438\u044f \u0442\u0435\u0441\u043d\u043e \u0441\u043e\u0442\u0440\u0443\u0434\u043d\u0438\u0447\u0430\u0435\u0442 \u0441 \u043c\u0435\u0441\u0442\u043d\u044b\u043c \u0441\u043e\u043e\u0431\u0449\u0435\u0441\u0442\u0432\u043e\u043c \u0438 \u0430\u043a\u0442\u0438\u0432\u043d\u043e \u043f\u043e\u0434\u0434\u0435\u0440\u0436\u0438\u0432\u0430\u0435\u0442\u00a0\u043f\u043e\u043b\u0438\u0442\u0438\u043a\u0443 \u0440\u0435\u0433\u0438\u043e\u043d\u0430\u043b\u044c\u043d\u043e\u0433\u043e \u0440\u0430\u0437\u0432\u0438\u0442\u0438\u044f.<\/p>\n\n\n\n<p class=\"wp-block-hotel-sava-text-default\">\u041e\u0441\u043d\u043e\u0432\u043d\u044b\u043c\u0438 \u043d\u0430\u043f\u0440\u0430\u0432\u043b\u0435\u043d\u0438\u044f\u043c\u0438 \u0434\u0435\u044f\u0442\u0435\u043b\u044c\u043d\u043e\u0441\u0442\u0438 \u044f\u0432\u043b\u044f\u0435\u0442\u0441\u044f \u043e\u043a\u0430\u0437\u0430\u043d\u0438\u0435 \u0443\u0441\u043b\u0443\u0433 \u0432 \u043b\u0435\u0447\u0435\u0431\u043d\u043e-\u043e\u0437\u0434\u043e\u0440\u043e\u0432\u0438\u0442\u0435\u043b\u044c\u043d\u043e\u0439 \u0441\u0444\u0435\u0440\u0435, \u0430 \u0442\u0430\u043a\u0436\u0435 \u0421\u041f\u0410-\u0443\u0441\u043b\u0443\u0433, \u0443\u0441\u043b\u0443\u0433 \u043f\u043e \u043f\u0440\u043e\u0444\u0438\u043b\u0430\u043a\u0442\u0438\u043a\u0435 \u0437\u0434\u043e\u0440\u043e\u0432\u044c\u044f, \u043e\u0440\u0433\u0430\u043d\u0438\u0437\u0430\u0446\u0438\u044f \u0438 \u043f\u0440\u043e\u0432\u0435\u0434\u0435\u043d\u0438\u0435 \u043c\u0435\u0440\u043e\u043f\u0440\u0438\u044f\u0442\u0438\u0439 \u043f\u043e \u043f\u0440\u043e\u0444\u0438\u043b\u0430\u043a\u0442\u0438\u043a\u0435 \u0438 \u0443\u043a\u0440\u0435\u043f\u043b\u0435\u043d\u0438\u044e \u0437\u0434\u043e\u0440\u043e\u0432\u044c\u044f.<\/p>\n\n\n\n<p class=\"wp-block-hotel-sava-text-default\">\u0423\u0447\u0438\u0442\u044b\u0432\u0430\u044f \u043f\u043e\u0436\u0435\u043b\u0430\u043d\u0438\u044f \u043d\u0430\u0448\u0438\u0445 \u0433\u043e\u0441\u0442\u0435\u0439, \u043c\u044b \u043f\u043e\u0441\u0442\u043e\u044f\u043d\u043d\u043e \u0434\u043e\u043f\u043e\u043b\u043d\u044f\u0435\u043c \u043d\u0430\u0448\u0438 \u0443\u0441\u043b\u0443\u0433\u0438 \u0438 \u0432\u043d\u0435\u0434\u0440\u044f\u0435\u043c \u043d\u043e\u0432\u044b\u0435 \u043f\u0440\u043e\u0433\u0440\u0430\u043c\u043c\u044b. \u041c\u044b \u043e\u0440\u0438\u0435\u043d\u0442\u0438\u0440\u0443\u0435\u043c\u0441\u044f \u043d\u0430 \u0433\u043e\u0441\u0442\u0435\u0439, \u043a\u043e\u0442\u043e\u0440\u044b\u0435 \u043e\u0446\u0435\u043d\u0438\u0432\u0430\u044e\u0442 \u0443\u043d\u0438\u043a\u0430\u043b\u044c\u043d\u043e\u0441\u0442\u044c \u0438 \u043a\u043e\u043c\u043f\u043b\u0435\u043a\u0441\u043d\u044b\u0439 \u043f\u043e\u0434\u0445\u043e\u0434 \u043d\u0430\u0448\u0438\u0445 \u043f\u0440\u0435\u0434\u043b\u043e\u0436\u0435\u043d\u0438\u0439 \u0432 \u0441\u0444\u0435\u0440\u0435 \u0437\u0434\u043e\u0440\u043e\u0432\u044c\u044f \u0438 \u0437\u0434\u043e\u0440\u043e\u0432\u043e\u0433\u043e \u043e\u0431\u0440\u0430\u0437\u0430 \u0436\u0438\u0437\u043d\u0438.<\/p>\n<\/div> <\/div> <\/div> <\/section>\n\n\n\n<section class=\"wp-block-hotel-sava-layout-offset-left py-5\"> <div class=\"container\"> <div class=\"row\"> <div class=\"col-md-4 offset-md-1\">  <picture> <img loading=\"lazy\" decoding=\"async\" width=\"1024\" height=\"682\" src=\"https:\/\/www.rogaska.si\/ru\/wp-content\/uploads\/sites\/6\/2023\/09\/stanislav-psenicnik-02-1024x682.jpg\" class=\"img-fluid wp-image-1153\" srcset=\"https:\/\/www.rogaska.si\/ru\/wp-content\/uploads\/sites\/6\/2023\/09\/stanislav-psenicnik-02-1024x682.jpg 1024w, https:\/\/www.rogaska.si\/ru\/wp-content\/uploads\/sites\/6\/2023\/09\/stanislav-psenicnik-02-300x200.jpg 300w, https:\/\/www.rogaska.si\/ru\/wp-content\/uploads\/sites\/6\/2023\/09\/stanislav-psenicnik-02-768x512.jpg 768w, https:\/\/www.rogaska.si\/ru\/wp-content\/uploads\/sites\/6\/2023\/09\/stanislav-psenicnik-02-480x320.jpg 480w, https:\/\/www.rogaska.si\/ru\/wp-content\/uploads\/sites\/6\/2023\/09\/stanislav-psenicnik-02-640x426.jpg 640w, https:\/\/www.rogaska.si\/ru\/wp-content\/uploads\/sites\/6\/2023\/09\/stanislav-psenicnik-02-720x480.jpg 720w, https:\/\/www.rogaska.si\/ru\/wp-content\/uploads\/sites\/6\/2023\/09\/stanislav-psenicnik-02-960x640.jpg 960w, https:\/\/www.rogaska.si\/ru\/wp-content\/uploads\/sites\/6\/2023\/09\/stanislav-psenicnik-02-1168x778.jpg 1168w, https:\/\/www.rogaska.si\/ru\/wp-content\/uploads\/sites\/6\/2023\/09\/stanislav-psenicnik-02-1440x960.jpg 1440w, https:\/\/www.rogaska.si\/ru\/wp-content\/uploads\/sites\/6\/2023\/09\/stanislav-psenicnik-02-1920x1279.jpg 1920w, https:\/\/www.rogaska.si\/ru\/wp-content\/uploads\/sites\/6\/2023\/09\/stanislav-psenicnik-02-1536x1024.jpg 1536w, https:\/\/www.rogaska.si\/ru\/wp-content\/uploads\/sites\/6\/2023\/09\/stanislav-psenicnik-02-2048x1365.jpg 2048w\" sizes=\"auto, (max-width: 1024px) 100vw, 1024px\" \/> <\/picture> <\/div> <div class=\"col-md-5 mt-4 mt-md-0\">\n<h3 class=\"wp-block-hotel-sava-heading-3\">\u0412\u0438\u0434\u0435\u043d\u0438\u0435 \u0440\u0430\u0437\u0432\u0438\u0442\u0438\u044f<\/h3>\n\n\n\n<p class=\"has-medium-font-size\">&#171;Hotel Sava Roga\u0161ka&#187; &#8212; \u0432\u0435\u0434\u0443\u0449\u0438\u0439 \u0446\u0435\u043d\u0442\u0440, \u0441\u043f\u0435\u0446\u0438\u0430\u043b\u0438\u0437\u0438\u0440\u0443\u044e\u0449\u0438\u0439\u0441\u044f \u043d\u0430 \u043f\u0440\u0435\u0434\u043e\u0441\u0442\u0430\u0432\u043b\u0435\u043d\u0438\u0438 \u043a\u043e\u043c\u043f\u043b\u0435\u043a\u0441\u043d\u044b\u0445 \u043f\u0440\u043e\u0433\u0440\u0430\u043c\u043c, \u043d\u0430\u043f\u0440\u0430\u0432\u043b\u0435\u043d\u043d\u044b\u0445 \u043d\u0430 \u0443\u043b\u0443\u0447\u0448\u0435\u043d\u0438\u0435 \u0438 \u043f\u0440\u043e\u0444\u0438\u043b\u0430\u043a\u0442\u0438\u043a\u0443 \u0437\u0434\u043e\u0440\u043e\u0432\u044c\u044f.<\/p>\n\n\n\n<h3 class=\"wp-block-hotel-sava-heading-3\">\u041c\u0438\u0441\u0441\u0438\u044f \u0438 \u0440\u0430\u0437\u0432\u0438\u0442\u0438\u0435<\/h3>\n\n\n\n<p class=\"has-medium-font-size\">\u041d\u0430\u0448\u0435\u0439 \u043e\u0441\u043d\u043e\u0432\u043d\u043e\u0439 \u0446\u0435\u043b\u044c\u044e \u044f\u0432\u043b\u044f\u0435\u0442\u0441\u044f &#8212; \u0441\u043e\u0445\u0440\u0430\u043d\u0435\u043d\u0438\u0435 \u0438 \u0443\u043a\u0440\u0435\u043f\u043b\u0435\u043d\u0438\u0435 \u0437\u0434\u043e\u0440\u043e\u0432\u044c\u044f \u043d\u0430\u0448\u0438\u0445 \u0433\u043e\u0441\u0442\u0435\u0439.<\/p>\n<\/div> <\/div> <\/div> <\/section>\n\n\n\n<section class=\"wp-block-hotel-sava-layout-offset-right py-5 bg-light\"> <div class=\"container\"> <div class=\"row\"> <div class=\"col-md-4\">  <picture> <img loading=\"lazy\" decoding=\"async\" width=\"1024\" height=\"682\" src=\"https:\/\/www.rogaska.si\/ru\/wp-content\/uploads\/sites\/6\/2023\/09\/natasa-psenicnik-02-1024x682.jpg\" class=\"img-fluid wp-image-1154\" srcset=\"https:\/\/www.rogaska.si\/ru\/wp-content\/uploads\/sites\/6\/2023\/09\/natasa-psenicnik-02-1024x682.jpg 1024w, https:\/\/www.rogaska.si\/ru\/wp-content\/uploads\/sites\/6\/2023\/09\/natasa-psenicnik-02-300x200.jpg 300w, https:\/\/www.rogaska.si\/ru\/wp-content\/uploads\/sites\/6\/2023\/09\/natasa-psenicnik-02-768x512.jpg 768w, https:\/\/www.rogaska.si\/ru\/wp-content\/uploads\/sites\/6\/2023\/09\/natasa-psenicnik-02-480x320.jpg 480w, https:\/\/www.rogaska.si\/ru\/wp-content\/uploads\/sites\/6\/2023\/09\/natasa-psenicnik-02-640x426.jpg 640w, https:\/\/www.rogaska.si\/ru\/wp-content\/uploads\/sites\/6\/2023\/09\/natasa-psenicnik-02-720x480.jpg 720w, https:\/\/www.rogaska.si\/ru\/wp-content\/uploads\/sites\/6\/2023\/09\/natasa-psenicnik-02-960x640.jpg 960w, https:\/\/www.rogaska.si\/ru\/wp-content\/uploads\/sites\/6\/2023\/09\/natasa-psenicnik-02-1168x778.jpg 1168w, https:\/\/www.rogaska.si\/ru\/wp-content\/uploads\/sites\/6\/2023\/09\/natasa-psenicnik-02-1440x960.jpg 1440w, https:\/\/www.rogaska.si\/ru\/wp-content\/uploads\/sites\/6\/2023\/09\/natasa-psenicnik-02-1920x1279.jpg 1920w, https:\/\/www.rogaska.si\/ru\/wp-content\/uploads\/sites\/6\/2023\/09\/natasa-psenicnik-02-1536x1024.jpg 1536w, https:\/\/www.rogaska.si\/ru\/wp-content\/uploads\/sites\/6\/2023\/09\/natasa-psenicnik-02-2048x1365.jpg 2048w\" sizes=\"auto, (max-width: 1024px) 100vw, 1024px\" \/> <\/picture> <\/div> <div class=\"col-md-5 mt-4 mt-md-0 offset-md-2 order-md-first\">\n<h3 class=\"wp-block-hotel-sava-heading-3 display-6\">\u0426\u0435\u043d\u043d\u043e\u0441\u0442\u0438 \u0443\u0441\u0442\u043e\u0439\u0447\u0438\u0432\u043e\u0433\u043e \u0440\u0430\u0437\u0432\u0438\u0442\u0438\u044f<\/h3>\n\n\n\n<h4 class=\"wp-block-hotel-sava-heading-4\">\u0422\u0440\u0430\u0434\u0438\u0446\u0438\u044f<\/h4>\n\n\n\n<p>\u0421\u0435\u043c\u0435\u0439\u043d\u044b\u0435 \u0446\u0435\u043d\u043d\u043e\u0441\u0442\u0438 &#8212; \u044d\u0442\u043e \u0447\u0430\u0441\u0442\u044c \u0438\u0441\u0442\u043e\u0440\u0438\u0447\u0435\u0441\u043a\u043e\u0439 \u043f\u0430\u043c\u044f\u0442\u0438 \u0441\u0435\u043c\u044c\u0438 \u041f\u0448\u0435\u043d\u0438\u0447\u043d\u0438\u043a, \u0442\u043e \u043d\u0430\u0441\u043b\u0435\u0434\u0438\u0435, \u043e\u0431\u044b\u0447\u0430\u0438, \u0442\u0440\u0430\u0434\u0438\u0446\u0438\u0438, \u043a\u043e\u0442\u043e\u0440\u044b\u0435 \u0438\u0434\u0443\u0442 \u043e\u0442 \u043d\u0430\u0448\u0438\u0445 \u0434\u0435\u0434\u043e\u0432, \u0442\u0430\u043a\u0436\u0435 \u043c\u044b \u0445\u0440\u0430\u043d\u0438\u043c \u0438\u0441\u0442\u043e\u0440\u0438\u0447\u0435\u0441\u043a\u0438\u0435 \u043d\u0430\u0447\u0430\u043b\u0430 \u043e\u0442\u0435\u043b\u044f Hotela Sava Roga\u0161ka \u0438 \u0420\u043e\u0433\u0430\u0448\u043a\u0430-\u0421\u043b\u0430\u0442\u0438\u043d\u044b.<\/p>\n\n\n\n<h4 class=\"wp-block-hotel-sava-heading-4\">\u0418\u043d\u0434\u0438\u0432\u0438\u0434\u0443\u0430\u043b\u044c\u043d\u044b\u0439 \u043f\u043e\u0434\u0445\u043e\u0434<\/h4>\n\n\n\n<p>\u0412\u044b\u0441\u043e\u043a\u0438\u0439 \u043f\u0440\u043e\u0444\u0435\u0441\u0441\u0438\u043e\u043d\u0430\u043b\u0438\u0437\u043c \u043d\u0430\u0448\u0438\u0445 \u0441\u043e\u0442\u0440\u0443\u0434\u043d\u0438\u043a\u043e\u0432 \u043f\u043e\u0437\u0432\u043e\u043b\u044f\u0435\u0442 \u0431\u044b\u0441\u0442\u0440\u043e \u0440\u0435\u0430\u0433\u0438\u0440\u043e\u0432\u0430\u0442\u044c \u043d\u0430 \u043f\u043e\u0436\u0435\u043b\u0430\u043d\u0438\u044f \u0433\u043e\u0441\u0442\u0435\u0439 \u0438 \u043f\u0440\u0435\u0434\u043e\u0441\u0442\u0430\u0432\u043b\u044f\u0442\u044c \u043a\u0430\u0447\u0435\u0441\u0442\u0432\u0435\u043d\u043d\u044b\u0435 \u0443\u0441\u043b\u0443\u0433\u0438, \u0443\u0434\u043e\u0432\u043b\u0435\u0442\u0432\u043e\u0440\u044f\u044e\u0449\u0438\u0435 \u043d\u0443\u0436\u0434\u0430\u043c \u0433\u043e\u0441\u0442\u0435\u0439.<\/p>\n\n\n\n<h4 class=\"wp-block-hotel-sava-heading-4\">\u0418\u043d\u043d\u043e\u0432\u0430\u0446\u0438\u0438<\/h4>\n\n\n\n<p>\u041c\u044b \u0440\u0430\u0437\u0440\u0430\u0431\u0430\u0442\u044b\u0432\u0430\u0435\u043c \u043d\u043e\u0432\u044b\u0435 \u043f\u0440\u043e\u0433\u0440\u0430\u043c\u043c\u044b \u0434\u043b\u044f \u043d\u0430\u0448\u0438\u0445 \u0433\u043e\u0441\u0442\u0435\u0439, \u043a\u043e\u0442\u043e\u0440\u044b\u0435 \u044f\u0432\u043b\u044f\u044e\u0442\u0441\u044f \u0441\u0442\u043e\u0440\u043e\u043d\u043d\u0438\u043a\u0430\u043c\u0438 \u0437\u0434\u043e\u0440\u043e\u0432\u043e\u0433\u043e \u043e\u0431\u0440\u0430\u0437\u0430 \u0436\u0438\u0437\u043d\u0438.<\/p>\n\n\n\n<h4 class=\"wp-block-hotel-sava-heading-4\">\u0417\u0434\u043e\u0440\u043e\u0432\u044c\u0435<\/h4>\n\n\n\n<p>\u0422\u0435\u0441\u043d\u0430\u044f \u0441\u0432\u044f\u0437\u044c \u0441 \u043f\u0440\u0438\u0440\u043e\u0434\u043e\u0439 \u043f\u043e\u0437\u0432\u043e\u043b\u044f\u0435\u0442 \u043d\u0430\u043c \u043f\u0440\u0435\u0434\u043e\u0441\u0442\u0430\u0432\u043b\u044f\u0442\u044c \u0433\u043e\u0441\u0442\u044f\u043c \u0437\u0434\u043e\u0440\u043e\u0432\u043e\u0435 \u043f\u0438\u0442\u0430\u043d\u0438\u0435 \u0438 \u043f\u0440\u0438\u0440\u043e\u0434\u043d\u0443\u044e \u0432\u043e\u0434\u0443. \u0417\u0434\u043e\u0440\u043e\u0432\u043e\u0435 \u043f\u0438\u0442\u0430\u043d\u0438\u0435, \u043c\u0438\u043d\u0435\u0440\u0430\u043b\u044c\u043d\u0430\u044f \u0438 \u0442\u0435\u0440\u043c\u043e-\u043c\u0438\u043d\u0435\u0440\u0430\u043b\u044c\u043d\u0430\u044f \u0432\u043e\u0434\u0430, \u0430 \u0442\u0430\u043a\u0436\u0435 \u043d\u0430\u0448\u0430 \u043f\u0440\u043e\u0433\u0440\u0430\u043c\u043c\u0430 Medico Diabetes &#8212; \u0432\u0441\u0435 \u044d\u0442\u043e \u0432 \u0441\u043e\u0432\u043e\u043a\u0443\u043f\u043d\u043e\u0441\u0442\u0438 \u043f\u043e\u0437\u0432\u043e\u043b\u044f\u0435\u0442 \u0441\u043e\u0445\u0440\u0430\u043d\u0438\u0442\u044c \u0437\u0434\u043e\u0440\u043e\u0432\u044c\u0435.<\/p>\n\n\n\n<h4 class=\"wp-block-hotel-sava-heading-4\">\u0423\u0441\u0442\u043e\u0439\u0447\u0438\u0432\u043e\u0435 \u0440\u0430\u0437\u0432\u0438\u0442\u0438\u0435<\/h4>\n\n\n\n<p>\u041d\u0430\u0448\u0430 \u043a\u043e\u043c\u043f\u0430\u043d\u0438\u044f \u044f\u0432\u043b\u044f\u0435\u0442\u0441\u044f \u043f\u0440\u0438\u043c\u0435\u0440\u043e\u043c \u0443\u0441\u0442\u043e\u0439\u0447\u0438\u0432\u043e\u0433\u043e \u0440\u0430\u0437\u0432\u0438\u0442\u0438\u044f \u043f\u043e \u0432\u0441\u0435\u043c \u043f\u043e\u043a\u0430\u0437\u0430\u0442\u0435\u043b\u044f\u043c.<\/p>\n\n\n\n<h4 class=\"wp-block-hotel-sava-heading-4\">\u041e\u0442\u0432\u0435\u0442\u0441\u0442\u0432\u0435\u043d\u043d\u043e\u0441\u0442\u044c<\/h4>\n\n\n\n<p>\u041a\u0430\u0436\u0434\u044b\u0439 \u0438\u0437 \u043d\u0430\u0441 \u043d\u0435\u0441\u0435\u0442 \u043e\u0442\u0432\u0435\u0442\u0441\u0442\u0432\u0435\u043d\u043d\u043e\u0441\u0442\u044c \u0437\u0430 \u0441\u0432\u043e\u044e \u0440\u0430\u0431\u043e\u0442\u0443, \u0440\u0430\u0431\u043e\u0442\u0443 \u043a\u043e\u043c\u0430\u043d\u0434\u044b \u0438 \u0432\u0441\u0435\u0439 \u043e\u0440\u0433\u0430\u043d\u0438\u0437\u0430\u0446\u0438\u0438. \u041c\u044b \u0432\u044b\u043f\u043e\u043b\u043d\u044f\u0435\u043c \u043d\u0430\u0448\u0443 \u0440\u0430\u0431\u043e\u0442\u0443 \u043e\u0442\u0432\u0435\u0442\u0441\u0442\u0432\u0435\u043d\u043d\u043e \u0432 \u0438\u043d\u0442\u0435\u0440\u0435\u0441\u0430\u0445 \u0433\u043e\u0441\u0442\u0435\u0439 \u0438 \u043f\u0430\u0440\u0442\u043d\u0435\u0440\u043e\u0432, \u043a\u043e\u043c\u043f\u0430\u043d\u0438\u0438 \u0438 \u0441\u043e\u043e\u0431\u0449\u0435\u0441\u0442\u0432\u0430.<\/p>\n<\/div> <\/div> <\/div> <\/section>\n\n\n\n<section class=\"wp-block-hotel-sava-section-2-col py-5\"> <div class=\"container\"> <div class=\" row\">\n<div class=\"wp-block-hotel-sava-col-md-6 col-md-6\">\n<h3 class=\"wp-block-hotel-sava-heading-3 display-6\">\u0412\u0438\u0437\u0438\u0442\u043d\u0430\u044f \u043a\u0430\u0440\u0442\u043e\u0447\u043a\u0430<\/h3>\n\n\n\n<p>HOTEL SAVA ROGA\u0160KA d.o.o.<br>Zdravili\u0161ki trg 6<br>3250 Roga\u0161ka Slatina<br>Slovenija<\/p>\n<\/div>\n\n\n\n<div class=\"wp-block-hotel-sava-col-md-6 col-md-6\">\n<p>\u0422\u0435\u043b\u0435\u0444\u043e\u043d: +386 (0)3 811 40 00<br>\u0424\u0430\u043a\u0441: +386 (0)3 811 47 32<br>\u042d\u043b.\u0430\u0434\u0440\u0435\u0441: info@rogaska.si<br>\u041d\u0430\u043b\u043e\u0433\u043e\u0432\u044b\u0439 \u043d\u043e\u043c\u0435\u0440: SI29042364<br>\u041d\u043e\u043c\u0435\u0440: 1647717<br>\u041e\u0441\u043d\u043e\u0432\u043d\u043e\u0439 \u043a\u0430\u043f\u0438\u0442\u0430\u043b: 258.763,00<br>IBAN: SI56 0443 0000 1538 049, Nova KBM d.d., SWIFT CODE (BIC) KBMASI2X<br>\u041a\u043e\u043c\u043f\u0430\u043d\u0438\u044f \u0432\u043f\u0438\u0441\u0430\u043d\u0430 \u0432 \u0441\u0443\u0434\u0435\u0431\u043d\u043e\u043c \u0440\u0435\u0433\u0438\u0441\u0442\u0440\u0435 \u0432 \u0426\u0435\u043b\u044c\u0435 \u2116 1\/07383\/00.<\/p>\n<\/div>\n<\/div> <\/div> <\/section>\n","protected":false},"excerpt":{"rendered":"","protected":false},"author":1,"featured_media":0,"parent":0,"menu_order":0,"comment_status":"closed","ping_status":"closed","template":"","meta":{"_acf_changed":false,"footnotes":""},"class_list":["post-531","page","type-page","status-publish","hentry"],"acf":[],"publishpress_future_workflow_manual_trigger":{"enabledWorkflows":[]},"_links":{"self":[{"href":"https:\/\/www.rogaska.si\/ru\/wp-json\/wp\/v2\/pages\/531","targetHints":{"allow":["GET"]}}],"collection":[{"href":"https:\/\/www.rogaska.si\/ru\/wp-json\/wp\/v2\/pages"}],"about":[{"href":"https:\/\/www.rogaska.si\/ru\/wp-json\/wp\/v2\/types\/page"}],"author":[{"embeddable":true,"href":"https:\/\/www.rogaska.si\/ru\/wp-json\/wp\/v2\/users\/1"}],"replies":[{"embeddable":true,"href":"https:\/\/www.rogaska.si\/ru\/wp-json\/wp\/v2\/comments?post=531"}],"version-history":[{"count":3,"href":"https:\/\/www.rogaska.si\/ru\/wp-json\/wp\/v2\/pages\/531\/revisions"}],"predecessor-version":[{"id":3334,"href":"https:\/\/www.rogaska.si\/ru\/wp-json\/wp\/v2\/pages\/531\/revisions\/3334"}],"wp:attachment":[{"href":"https:\/\/www.rogaska.si\/ru\/wp-json\/wp\/v2\/media?parent=531"}],"curies":[{"name":"wp","href":"https:\/\/api.w.org\/{rel}","templated":true}]}}