{"id":5665,"date":"2025-08-29T16:37:51","date_gmt":"2025-08-29T14:37:51","guid":{"rendered":"https:\/\/www.rogaska.si\/it\/?page_id=5665"},"modified":"2025-08-29T16:38:04","modified_gmt":"2025-08-29T14:38:04","slug":"percorsi-ciclabili-descrizioni","status":"publish","type":"page","link":"https:\/\/www.rogaska.si\/it\/cose-da-fare\/percorsi-ciclabili-descrizioni\/","title":{"rendered":"Percorsi ciclabili &#8211; descrizioni"},"content":{"rendered":"<section class=\"py-5 wp-block-hotel-sava-hero-secondary\">\n  <div class=\"container\">\n    <div class=\"d-md-block d-none mt-5 pt-5 row\">\n      <div>\n                                                                                                                                            <nav aria-label=\"breadcrumb\">\n              <ol class=\"breadcrumb\">\n                                <li class=\"breadcrumb-item\"><a href=\"https:\/\/www.rogaska.si\/it\">Home page<\/a>\n                <\/li>\n                                                <li class=\"breadcrumb-item active\" aria-current=\"page\">\n                  Cose da fare?                <\/li>\n              <\/ol>\n            <\/nav>\n                                                                                            <\/div>\n    <\/div>\n    <div class=\"row\">\n      <div>\n        <h1 class=\"display-4 text-center\">Percorsi ciclabili<\/h1>\n      <\/div>\n    <\/div>\n    <div class=\"mt-5 row\">\n      <div class=\"col-lg-10 col-md-11 me-auto ms-auto\">\n        <div class=\"image-wrapper__fit\">\n          <picture>\n                          <img loading=\"lazy\" decoding=\"async\" width=\"2520\" height=\"1680\" src=\"https:\/\/www.rogaska.si\/it\/wp-content\/uploads\/sites\/4\/2025\/08\/rogla-kolesarjenje-01.jpg\" class=\"wp-image-5659 image__fit\" alt=\"\" srcset=\"https:\/\/www.rogaska.si\/it\/wp-content\/uploads\/sites\/4\/2025\/08\/rogla-kolesarjenje-01.jpg 2520w, https:\/\/www.rogaska.si\/it\/wp-content\/uploads\/sites\/4\/2025\/08\/rogla-kolesarjenje-01-300x200.jpg 300w, https:\/\/www.rogaska.si\/it\/wp-content\/uploads\/sites\/4\/2025\/08\/rogla-kolesarjenje-01-1024x683.jpg 1024w, https:\/\/www.rogaska.si\/it\/wp-content\/uploads\/sites\/4\/2025\/08\/rogla-kolesarjenje-01-768x512.jpg 768w, https:\/\/www.rogaska.si\/it\/wp-content\/uploads\/sites\/4\/2025\/08\/rogla-kolesarjenje-01-480x320.jpg 480w, https:\/\/www.rogaska.si\/it\/wp-content\/uploads\/sites\/4\/2025\/08\/rogla-kolesarjenje-01-640x427.jpg 640w, https:\/\/www.rogaska.si\/it\/wp-content\/uploads\/sites\/4\/2025\/08\/rogla-kolesarjenje-01-720x480.jpg 720w, https:\/\/www.rogaska.si\/it\/wp-content\/uploads\/sites\/4\/2025\/08\/rogla-kolesarjenje-01-960x640.jpg 960w, https:\/\/www.rogaska.si\/it\/wp-content\/uploads\/sites\/4\/2025\/08\/rogla-kolesarjenje-01-1168x779.jpg 1168w, https:\/\/www.rogaska.si\/it\/wp-content\/uploads\/sites\/4\/2025\/08\/rogla-kolesarjenje-01-1440x960.jpg 1440w, https:\/\/www.rogaska.si\/it\/wp-content\/uploads\/sites\/4\/2025\/08\/rogla-kolesarjenje-01-1920x1280.jpg 1920w, https:\/\/www.rogaska.si\/it\/wp-content\/uploads\/sites\/4\/2025\/08\/rogla-kolesarjenje-01-1536x1024.jpg 1536w, https:\/\/www.rogaska.si\/it\/wp-content\/uploads\/sites\/4\/2025\/08\/rogla-kolesarjenje-01-2048x1365.jpg 2048w\" sizes=\"auto, (max-width: 2520px) 100vw, 2520px\" \/>\n                                  <\/picture>\n        <\/div>\n      <\/div>\n    <\/div>\n  <\/div>\n<\/section>\n\n\n<section class=\"wp-block-hotel-sava-layout-image-md4-right py-5\"> <div class=\"container\"> <div class=\"row\"> <div class=\"col-md-4 ms-md-auto\">  <picture> <img loading=\"lazy\" decoding=\"async\" width=\"1024\" height=\"679\" src=\"https:\/\/www.rogaska.si\/it\/wp-content\/uploads\/sites\/4\/2025\/08\/samostan-olimje-1024x679.jpg\" class=\"img-fluid wp-image-5661\" srcset=\"https:\/\/www.rogaska.si\/it\/wp-content\/uploads\/sites\/4\/2025\/08\/samostan-olimje-1024x679.jpg 1024w, https:\/\/www.rogaska.si\/it\/wp-content\/uploads\/sites\/4\/2025\/08\/samostan-olimje-300x199.jpg 300w, https:\/\/www.rogaska.si\/it\/wp-content\/uploads\/sites\/4\/2025\/08\/samostan-olimje-768x509.jpg 768w, https:\/\/www.rogaska.si\/it\/wp-content\/uploads\/sites\/4\/2025\/08\/samostan-olimje-480x318.jpg 480w, https:\/\/www.rogaska.si\/it\/wp-content\/uploads\/sites\/4\/2025\/08\/samostan-olimje-640x424.jpg 640w, https:\/\/www.rogaska.si\/it\/wp-content\/uploads\/sites\/4\/2025\/08\/samostan-olimje-720x477.jpg 720w, https:\/\/www.rogaska.si\/it\/wp-content\/uploads\/sites\/4\/2025\/08\/samostan-olimje-960x636.jpg 960w, https:\/\/www.rogaska.si\/it\/wp-content\/uploads\/sites\/4\/2025\/08\/samostan-olimje-1168x774.jpg 1168w, https:\/\/www.rogaska.si\/it\/wp-content\/uploads\/sites\/4\/2025\/08\/samostan-olimje-1440x954.jpg 1440w, https:\/\/www.rogaska.si\/it\/wp-content\/uploads\/sites\/4\/2025\/08\/samostan-olimje-1920x1272.jpg 1920w, https:\/\/www.rogaska.si\/it\/wp-content\/uploads\/sites\/4\/2025\/08\/samostan-olimje-1536x1018.jpg 1536w, https:\/\/www.rogaska.si\/it\/wp-content\/uploads\/sites\/4\/2025\/08\/samostan-olimje-2048x1357.jpg 2048w\" sizes=\"auto, (max-width: 1024px) 100vw, 1024px\" \/> <\/picture> <\/div> <div class=\"col-md-6 mt-4 mt-md-0 order-md-first\">\n<h3 class=\"wp-block-heading\">Tour circolare del Kozjansko<\/h3>\n\n\n\n<p class=\"has-medium-font-size\">Roga\u0161ka Slatina (GH Sava) \u2013 Pod\u010detrtek \u2013 Olimje \u2013<br>Bistrica ob Sotli \u2013 Podsreda \u2013 Kozje \u2013 Sedlarjevo \u2192 45 km<\/p>\n\n\n\n<p><strong>Partenza dall\u2019hotel alle 09:30<\/strong><\/p>\n\n\n\n<p>Da Roga\u0161ka Slatina partiamo lungo il pittoresco percorso ciclabile di Vonarska verso la nostra prima tappa \u2013 il idilliaco villaggio di <strong>Olimje<\/strong>, noto per il convento dei Minori con una delle farmacie pi\u00f9 antiche d\u2019Europa, una piccola cioccolateria e un giardino di erbe aromatiche.<\/p>\n\n\n\n<p>Un momento speciale \u00e8 la visita alla <strong>\u00bbcolina dei cervi\u00ab Jelenov Greben<\/strong>, dove si pu\u00f2 passeggiare tra cervi e caprioli addomesticati e godersi la natura.<\/p>\n\n\n\n<p>Proseguiamo poi verso <strong>Bistrica ob Sotli<\/strong> e successivamente verso il borgo di <strong>Podsreda<\/strong>, dove ci incanta il centro storico e il fascino autentico della regione.<\/p>\n\n\n\n<p>Per concludere, facciamo una sosta a <strong>Kozje<\/strong> per gustare un delizioso pranzo, poi torniamo in hotel in autobus, ricchi di impressioni e bei ricordi.<\/p>\n<\/div> <\/div> <\/div> <\/section>\n\n\n\n<section class=\"wp-block-hotel-sava-layout-image-md4-left py-5\"> <div class=\"container\"> <div class=\"row\"> <div class=\"col-md-4\">  <picture> <img loading=\"lazy\" decoding=\"async\" width=\"1024\" height=\"683\" src=\"https:\/\/www.rogaska.si\/it\/wp-content\/uploads\/sites\/4\/2025\/08\/haloze-1024x683.jpg\" class=\"img-fluid wp-image-5657\" srcset=\"https:\/\/www.rogaska.si\/it\/wp-content\/uploads\/sites\/4\/2025\/08\/haloze-1024x683.jpg 1024w, https:\/\/www.rogaska.si\/it\/wp-content\/uploads\/sites\/4\/2025\/08\/haloze-300x200.jpg 300w, https:\/\/www.rogaska.si\/it\/wp-content\/uploads\/sites\/4\/2025\/08\/haloze-768x512.jpg 768w, https:\/\/www.rogaska.si\/it\/wp-content\/uploads\/sites\/4\/2025\/08\/haloze-480x320.jpg 480w, https:\/\/www.rogaska.si\/it\/wp-content\/uploads\/sites\/4\/2025\/08\/haloze-640x427.jpg 640w, https:\/\/www.rogaska.si\/it\/wp-content\/uploads\/sites\/4\/2025\/08\/haloze-720x480.jpg 720w, https:\/\/www.rogaska.si\/it\/wp-content\/uploads\/sites\/4\/2025\/08\/haloze-960x640.jpg 960w, https:\/\/www.rogaska.si\/it\/wp-content\/uploads\/sites\/4\/2025\/08\/haloze-1168x779.jpg 1168w, https:\/\/www.rogaska.si\/it\/wp-content\/uploads\/sites\/4\/2025\/08\/haloze-1440x960.jpg 1440w, https:\/\/www.rogaska.si\/it\/wp-content\/uploads\/sites\/4\/2025\/08\/haloze-1920x1280.jpg 1920w, https:\/\/www.rogaska.si\/it\/wp-content\/uploads\/sites\/4\/2025\/08\/haloze-1536x1024.jpg 1536w, https:\/\/www.rogaska.si\/it\/wp-content\/uploads\/sites\/4\/2025\/08\/haloze-2048x1365.jpg 2048w\" sizes=\"auto, (max-width: 1024px) 100vw, 1024px\" \/> <\/picture> <\/div> <div class=\"col-md-6 ms-auto mt-4 mt-md-0\">\n<h3 class=\"wp-block-heading\">Haloze e Ptuj<\/h3>\n\n\n\n<p class=\"has-medium-font-size\">Roga\u0161ka Slatina (GH Sava) \u2013 Maj\u0161perk \u2013 Ptujska Gora \u2013 Ptuj \u2192 45 km<\/p>\n\n\n\n<p><strong>Partenza dall\u2019hotel alle 09:30<\/strong><\/p>\n\n\n\n<p>Iniziamo il nostro percorso davanti all\u2019hotel e ci dirigiamo verso <strong>Rogatec<\/strong>, proseguendo poi attraverso la natura incontaminata fino a <strong>Maj\u0161perk<\/strong>. Continuiamo attraverso la pittoresca regione di Haloze, conosciuta come la \u201cToscana slovena\u201d, dove il paesaggio si snoda tra vigneti, foreste e fattorie tradizionali.<\/p>\n\n\n\n<p>La prossima tappa \u00e8 <strong>Ptujska Gora<\/strong>, un incantevole villaggio con una vista mozzafiato e la maestosa <strong>Basilica gotica di Maria Protettrice<\/strong>. Dopo la visita alla chiesa, proseguiamo il viaggio verso <strong>Ptuj<\/strong>, la citt\u00e0 pi\u00f9 antica della Slovenia, dove ci attendono una ricca storia, splendide vedute dalla fortezza e l\u2019atmosfera vivace del centro storico.<\/p>\n\n\n\n<p>Dopo il pranzo e del tempo libero, rientriamo in hotel in autobus.<\/p>\n<\/div> <\/div> <\/div> <\/section>\n\n\n\n<section class=\"wp-block-hotel-sava-layout-image-md4-right py-5\"> <div class=\"container\"> <div class=\"row\"> <div class=\"col-md-4 ms-md-auto\">  <picture> <img loading=\"lazy\" decoding=\"async\" width=\"1024\" height=\"683\" src=\"https:\/\/www.rogaska.si\/it\/wp-content\/uploads\/sites\/4\/2025\/08\/smartinsko-jezero-1024x683.jpg\" class=\"img-fluid wp-image-5663\" srcset=\"https:\/\/www.rogaska.si\/it\/wp-content\/uploads\/sites\/4\/2025\/08\/smartinsko-jezero-1024x683.jpg 1024w, https:\/\/www.rogaska.si\/it\/wp-content\/uploads\/sites\/4\/2025\/08\/smartinsko-jezero-300x200.jpg 300w, https:\/\/www.rogaska.si\/it\/wp-content\/uploads\/sites\/4\/2025\/08\/smartinsko-jezero-768x512.jpg 768w, https:\/\/www.rogaska.si\/it\/wp-content\/uploads\/sites\/4\/2025\/08\/smartinsko-jezero-480x320.jpg 480w, https:\/\/www.rogaska.si\/it\/wp-content\/uploads\/sites\/4\/2025\/08\/smartinsko-jezero-640x427.jpg 640w, https:\/\/www.rogaska.si\/it\/wp-content\/uploads\/sites\/4\/2025\/08\/smartinsko-jezero-720x480.jpg 720w, https:\/\/www.rogaska.si\/it\/wp-content\/uploads\/sites\/4\/2025\/08\/smartinsko-jezero-960x640.jpg 960w, https:\/\/www.rogaska.si\/it\/wp-content\/uploads\/sites\/4\/2025\/08\/smartinsko-jezero-1168x779.jpg 1168w, https:\/\/www.rogaska.si\/it\/wp-content\/uploads\/sites\/4\/2025\/08\/smartinsko-jezero-1440x960.jpg 1440w, https:\/\/www.rogaska.si\/it\/wp-content\/uploads\/sites\/4\/2025\/08\/smartinsko-jezero-1920x1280.jpg 1920w, https:\/\/www.rogaska.si\/it\/wp-content\/uploads\/sites\/4\/2025\/08\/smartinsko-jezero-1536x1024.jpg 1536w, https:\/\/www.rogaska.si\/it\/wp-content\/uploads\/sites\/4\/2025\/08\/smartinsko-jezero-2048x1365.jpg 2048w\" sizes=\"auto, (max-width: 1024px) 100vw, 1024px\" \/> <\/picture> <\/div> <div class=\"col-md-6 mt-4 mt-md-0 order-md-first\">\n<h3 class=\"wp-block-heading\">Celje e il Lago di \u0160martinsko<\/h3>\n\n\n\n<p class=\"has-medium-font-size\">Roga\u0161ka Slatina (GH Sava) \u2013 \u0160marje pri Jel\u0161ah \u2013 Celje \u2013 \u017dalec \u2013 Lago di \u0160martinsko \u2192 61 km<\/p>\n\n\n\n<p><strong>Partenza dall\u2019hotel alle 09:30<\/strong><\/p>\n\n\n\n<p>Pedaliamo lungo la nuova pista ciclabile (apertura prevista per il 2025), che attraversa la parte superiore della regione di Kozjansko. La prima tappa \u00e8 <strong>\u0160marje pri Jel\u0161ah<\/strong>, con la sua famosa chiesa barocca e Calvario con la Via Crucis e chiesa di San Rocco, nonch\u00e9 il castello <strong>Jel\u0161ingrad<\/strong>. Proseguiamo passando per <strong>\u0160entjur<\/strong> verso <strong>Celje<\/strong>, il centro della valle della Savinja.<\/p>\n\n\n\n<p>Dopo il pranzo ci dirigiamo a <strong>\u017dalec<\/strong>, la capitale del luppolo, dove visitiamo la prima <strong>fontana della birra al mondo<\/strong>. Per concludere la giornata, ci aspetta un piacevole giro nei dintorni del <strong>Lago di \u0160martinsko<\/strong>, immerso nella natura pittoresca.<\/p>\n\n\n\n<p>Il rientro in hotel \u00e8 organizzato con l\u2019autobus.<\/p>\n<\/div> <\/div> <\/div> <\/section>\n\n\n\n<section class=\"wp-block-hotel-sava-layout-image-md4-left py-5\"> <div class=\"container\"> <div class=\"row\"> <div class=\"col-md-4\">  <picture> <img loading=\"lazy\" decoding=\"async\" width=\"1024\" height=\"683\" src=\"https:\/\/www.rogaska.si\/it\/wp-content\/uploads\/sites\/4\/2025\/08\/rogla-kolesarjenje-04-1024x683.jpg\" class=\"img-fluid wp-image-5660\" srcset=\"https:\/\/www.rogaska.si\/it\/wp-content\/uploads\/sites\/4\/2025\/08\/rogla-kolesarjenje-04-1024x683.jpg 1024w, https:\/\/www.rogaska.si\/it\/wp-content\/uploads\/sites\/4\/2025\/08\/rogla-kolesarjenje-04-300x200.jpg 300w, https:\/\/www.rogaska.si\/it\/wp-content\/uploads\/sites\/4\/2025\/08\/rogla-kolesarjenje-04-768x512.jpg 768w, https:\/\/www.rogaska.si\/it\/wp-content\/uploads\/sites\/4\/2025\/08\/rogla-kolesarjenje-04-480x320.jpg 480w, https:\/\/www.rogaska.si\/it\/wp-content\/uploads\/sites\/4\/2025\/08\/rogla-kolesarjenje-04-640x427.jpg 640w, https:\/\/www.rogaska.si\/it\/wp-content\/uploads\/sites\/4\/2025\/08\/rogla-kolesarjenje-04-720x480.jpg 720w, https:\/\/www.rogaska.si\/it\/wp-content\/uploads\/sites\/4\/2025\/08\/rogla-kolesarjenje-04-960x640.jpg 960w, https:\/\/www.rogaska.si\/it\/wp-content\/uploads\/sites\/4\/2025\/08\/rogla-kolesarjenje-04-1168x779.jpg 1168w, https:\/\/www.rogaska.si\/it\/wp-content\/uploads\/sites\/4\/2025\/08\/rogla-kolesarjenje-04-1440x960.jpg 1440w, https:\/\/www.rogaska.si\/it\/wp-content\/uploads\/sites\/4\/2025\/08\/rogla-kolesarjenje-04-1920x1280.jpg 1920w, https:\/\/www.rogaska.si\/it\/wp-content\/uploads\/sites\/4\/2025\/08\/rogla-kolesarjenje-04-1536x1024.jpg 1536w, https:\/\/www.rogaska.si\/it\/wp-content\/uploads\/sites\/4\/2025\/08\/rogla-kolesarjenje-04-2048x1365.jpg 2048w\" sizes=\"auto, (max-width: 1024px) 100vw, 1024px\" \/> <\/picture> <\/div> <div class=\"col-md-6 ms-auto mt-4 mt-md-0\">\n<h3 class=\"wp-block-heading\">Percorso ciclabile \u201c\u0160trekna\u201d<\/h3>\n\n\n\n<p class=\"has-medium-font-size\">Velenje \u2013 Slovenj Gradec \u2013 Dravograd \u2013 Radlje ob Dravi \u2192 55 km<\/p>\n\n\n\n<p><strong>Partenza da Velenje alle 10:00<\/strong><\/p>\n\n\n\n<p>La \u201c\u0160trekna\u201d \u00e8 una moderna pista ciclabile realizzata sul tracciato di una ex linea ferroviaria tra <strong>Velenje e Dravograd<\/strong>. Il nome deriva dal termine locale per ferrovia \u2013 \u201c\u0161treka\u201d.<\/p>\n\n\n\n<p>Il percorso si snoda ai piedi del <strong>Pohorje<\/strong> e del <strong>Monte Ur\u0161lja<\/strong>, con un\u2019eccellente infrastruttura e numerosi punti panoramici. Prosegue fino a <strong>Radlje ob Dravi<\/strong>, abbracciata dai monti <strong>Kozjak e Pohorje<\/strong>.<\/p>\n\n\n\n<p>Dopo il tour \u00e8 previsto il rientro in hotel con l\u2019autobus.<\/p>\n<\/div> <\/div> <\/div> <\/section>\n\n\n\n<section class=\"wp-block-hotel-sava-layout-image-md4-right py-5\"> <div class=\"container\"> <div class=\"row\"> <div class=\"col-md-4 ms-md-auto\">  <picture> <img loading=\"lazy\" decoding=\"async\" width=\"1024\" height=\"683\" src=\"https:\/\/www.rogaska.si\/it\/wp-content\/uploads\/sites\/4\/2025\/08\/slovenske-konjice-zlati-gric-1024x683.jpg\" class=\"img-fluid wp-image-5662\" srcset=\"https:\/\/www.rogaska.si\/it\/wp-content\/uploads\/sites\/4\/2025\/08\/slovenske-konjice-zlati-gric-1024x683.jpg 1024w, https:\/\/www.rogaska.si\/it\/wp-content\/uploads\/sites\/4\/2025\/08\/slovenske-konjice-zlati-gric-300x200.jpg 300w, https:\/\/www.rogaska.si\/it\/wp-content\/uploads\/sites\/4\/2025\/08\/slovenske-konjice-zlati-gric-768x512.jpg 768w, https:\/\/www.rogaska.si\/it\/wp-content\/uploads\/sites\/4\/2025\/08\/slovenske-konjice-zlati-gric-480x320.jpg 480w, https:\/\/www.rogaska.si\/it\/wp-content\/uploads\/sites\/4\/2025\/08\/slovenske-konjice-zlati-gric-640x427.jpg 640w, https:\/\/www.rogaska.si\/it\/wp-content\/uploads\/sites\/4\/2025\/08\/slovenske-konjice-zlati-gric-720x480.jpg 720w, https:\/\/www.rogaska.si\/it\/wp-content\/uploads\/sites\/4\/2025\/08\/slovenske-konjice-zlati-gric-960x640.jpg 960w, https:\/\/www.rogaska.si\/it\/wp-content\/uploads\/sites\/4\/2025\/08\/slovenske-konjice-zlati-gric-1168x779.jpg 1168w, https:\/\/www.rogaska.si\/it\/wp-content\/uploads\/sites\/4\/2025\/08\/slovenske-konjice-zlati-gric-1440x960.jpg 1440w, https:\/\/www.rogaska.si\/it\/wp-content\/uploads\/sites\/4\/2025\/08\/slovenske-konjice-zlati-gric-1920x1280.jpg 1920w, https:\/\/www.rogaska.si\/it\/wp-content\/uploads\/sites\/4\/2025\/08\/slovenske-konjice-zlati-gric-1536x1024.jpg 1536w, https:\/\/www.rogaska.si\/it\/wp-content\/uploads\/sites\/4\/2025\/08\/slovenske-konjice-zlati-gric-2048x1365.jpg 2048w\" sizes=\"auto, (max-width: 1024px) 100vw, 1024px\" \/> <\/picture> <\/div> <div class=\"col-md-6 mt-4 mt-md-0 order-md-first\">\n<h3 class=\"wp-block-heading\">Roga\u0161ka \u2013 Olimje \u2013 Kumrovec \u2013<br>Krapina \u2013 Roga\u0161ka<\/h3>\n\n\n\n<p class=\"has-medium-font-size\"><em>(nuovo percorso circolare)<\/em><\/p>\n\n\n\n<p class=\"has-medium-font-size\">Roga\u0161ka Slatina \u2013 Olimje \u2013 Pod\u010detrtek \u2013 Kumrovec \u2013 Krapina \u2013 Roga\u0161ka Slatina \u2192 52 km<\/p>\n\n\n\n<p><strong>Partenza dall\u2019hotel alle 09:30<\/strong><\/p>\n\n\n\n<p>Da Roga\u0161ka Slatina ci dirigiamo verso <strong>Olimje<\/strong>, dove visitiamo il convento dei frati minori, il giardino delle erbe medicinali e una cioccolateria artigianale. Segue una breve sosta a <strong>Pod\u010detrtek<\/strong>, dopodich\u00e9 attraversiamo il confine con la Croazia e arriviamo a <strong>Kumrovec<\/strong> \u2013 il villaggio natale di Josip Broz Tito. Qui visitiamo <strong>l\u2019Etno Villaggio<\/strong>, un museo vivente della vita rurale tradizionale del XIX secolo.<\/p>\n\n\n\n<p>Proseguiamo il viaggio attraverso una valle pittoresca fino a <strong>Krapina<\/strong>, dove si pu\u00f2 visitare il <strong>Museo dei Neanderthal <\/strong>oppure fare una passeggiata nel centro cittadino. Dopo la pausa pranzo, rientriamo a Roga\u0161ka Slatina \u2013 arricchiti da una nuova esperienza in due paesi in un solo giorno.<\/p>\n<\/div> <\/div> <\/div> <\/section>\n\n\n\n<section class=\"wp-block-hotel-sava-layout-image-md4-left py-5\"> <div class=\"container\"> <div class=\"row\"> <div class=\"col-md-4\">  <picture> <img loading=\"lazy\" decoding=\"async\" width=\"1024\" height=\"683\" src=\"https:\/\/www.rogaska.si\/it\/wp-content\/uploads\/sites\/4\/2025\/08\/zicka-kartuzija-1024x683.jpg\" class=\"img-fluid wp-image-5664\" srcset=\"https:\/\/www.rogaska.si\/it\/wp-content\/uploads\/sites\/4\/2025\/08\/zicka-kartuzija-1024x683.jpg 1024w, https:\/\/www.rogaska.si\/it\/wp-content\/uploads\/sites\/4\/2025\/08\/zicka-kartuzija-300x200.jpg 300w, https:\/\/www.rogaska.si\/it\/wp-content\/uploads\/sites\/4\/2025\/08\/zicka-kartuzija-768x512.jpg 768w, https:\/\/www.rogaska.si\/it\/wp-content\/uploads\/sites\/4\/2025\/08\/zicka-kartuzija-480x320.jpg 480w, https:\/\/www.rogaska.si\/it\/wp-content\/uploads\/sites\/4\/2025\/08\/zicka-kartuzija-640x427.jpg 640w, https:\/\/www.rogaska.si\/it\/wp-content\/uploads\/sites\/4\/2025\/08\/zicka-kartuzija-720x480.jpg 720w, https:\/\/www.rogaska.si\/it\/wp-content\/uploads\/sites\/4\/2025\/08\/zicka-kartuzija-960x640.jpg 960w, https:\/\/www.rogaska.si\/it\/wp-content\/uploads\/sites\/4\/2025\/08\/zicka-kartuzija-1168x779.jpg 1168w, https:\/\/www.rogaska.si\/it\/wp-content\/uploads\/sites\/4\/2025\/08\/zicka-kartuzija-1440x960.jpg 1440w, https:\/\/www.rogaska.si\/it\/wp-content\/uploads\/sites\/4\/2025\/08\/zicka-kartuzija-1920x1280.jpg 1920w, https:\/\/www.rogaska.si\/it\/wp-content\/uploads\/sites\/4\/2025\/08\/zicka-kartuzija-1536x1024.jpg 1536w, https:\/\/www.rogaska.si\/it\/wp-content\/uploads\/sites\/4\/2025\/08\/zicka-kartuzija-2048x1365.jpg 2048w\" sizes=\"auto, (max-width: 1024px) 100vw, 1024px\" \/> <\/picture> <\/div> <div class=\"col-md-6 ms-auto mt-4 mt-md-0\">\n<h3 class=\"wp-block-heading\">Certosa di \u017di\u010de e Zlati gri\u010d<\/h3>\n\n\n\n<p class=\"has-medium-font-size\">Roga\u0161ka Slatina \u2013 Lo\u010de \u2013 Certosa di \u017di\u010de \u2013 Slovenske Konjice \u2013 Zlati Gri\u010d \u2013 Roga\u0161ka Slatina \u2192 58 km<\/p>\n\n\n\n<p><strong>Partenza dall\u2019hotel alle 09:30<\/strong><\/p>\n\n\n\n<p>Da Roga\u0161ka Slatina ci dirigiamo lungo tranquille strade di campagna, passando per <strong>Lo\u010de<\/strong>, fino a uno dei pi\u00f9 antichi complessi certosini d\u2019Europa \u2013 la misteriosa e spiritualmente ispirante <strong>Certosa di \u017di\u010de<\/strong>. Sentiamo la pace dell\u2019antico monastero, immerso nel verde della valle di San Giovanni Battista.<\/p>\n\n\n\n<p>Dopo la visita, scendiamo verso <strong>Slovenske Konjice<\/strong>, una splendida cittadina che unisce storia, cultura e viticoltura. Qui ci accoglie la pittoresca tenuta vinicola <strong>Zlati Gri\u010d<\/strong>, dove possiamo partecipare a una <strong>visita guidata della cantina<\/strong> e a una degustazione di vini selezionati.<\/p>\n\n\n\n<p>Dopo una breve pausa e un po\u2019 di ristoro, proseguiamo il nostro viaggio di ritorno verso Roga\u0161ka Slatina \u2013 arricchiti da un\u2019esperienza naturale, spirituale e gastronomica attraverso tre meravigliosi gioielli sloveni.<\/p>\n<\/div> <\/div> <\/div> <\/section>\n\n\n\n<section class=\"wp-block-hotel-sava-layout-image-md4-right py-5\"> <div class=\"container\"> <div class=\"row\"> <div class=\"col-md-4 ms-md-auto\">  <picture> <img loading=\"lazy\" decoding=\"async\" width=\"1024\" height=\"575\" src=\"https:\/\/www.rogaska.si\/it\/wp-content\/uploads\/sites\/4\/2025\/08\/celje-air-1024x575.jpg\" class=\"img-fluid wp-image-5656\" srcset=\"https:\/\/www.rogaska.si\/it\/wp-content\/uploads\/sites\/4\/2025\/08\/celje-air-1024x575.jpg 1024w, https:\/\/www.rogaska.si\/it\/wp-content\/uploads\/sites\/4\/2025\/08\/celje-air-300x169.jpg 300w, https:\/\/www.rogaska.si\/it\/wp-content\/uploads\/sites\/4\/2025\/08\/celje-air-768x432.jpg 768w, https:\/\/www.rogaska.si\/it\/wp-content\/uploads\/sites\/4\/2025\/08\/celje-air-480x270.jpg 480w, https:\/\/www.rogaska.si\/it\/wp-content\/uploads\/sites\/4\/2025\/08\/celje-air-640x360.jpg 640w, https:\/\/www.rogaska.si\/it\/wp-content\/uploads\/sites\/4\/2025\/08\/celje-air-720x405.jpg 720w, https:\/\/www.rogaska.si\/it\/wp-content\/uploads\/sites\/4\/2025\/08\/celje-air-960x539.jpg 960w, https:\/\/www.rogaska.si\/it\/wp-content\/uploads\/sites\/4\/2025\/08\/celje-air-1168x656.jpg 1168w, https:\/\/www.rogaska.si\/it\/wp-content\/uploads\/sites\/4\/2025\/08\/celje-air-1440x809.jpg 1440w, https:\/\/www.rogaska.si\/it\/wp-content\/uploads\/sites\/4\/2025\/08\/celje-air-1920x1079.jpg 1920w, https:\/\/www.rogaska.si\/it\/wp-content\/uploads\/sites\/4\/2025\/08\/celje-air-1536x863.jpg 1536w, https:\/\/www.rogaska.si\/it\/wp-content\/uploads\/sites\/4\/2025\/08\/celje-air-2048x1151.jpg 2048w\" sizes=\"auto, (max-width: 1024px) 100vw, 1024px\" \/> <\/picture> <\/div> <div class=\"col-md-6 mt-4 mt-md-0 order-md-first\">\n<h3 class=\"wp-block-heading\">Celje &amp; \u017dalec \u2013 nella terra del luppolo e della birra<\/h3>\n\n\n\n<p class=\"has-medium-font-size\">Roga\u0161ka Slatina \u2013 \u0160marje pri Jel\u0161ah \u2013 Celje \u2013 \u017dalec \u2013<br>Roga\u0161ka Slatina \u2192 64 km<\/p>\n\n\n\n<p><strong>Partenza dall\u2019hotel alle 09:30<\/strong><\/p>\n\n\n\n<p>Iniziamo il percorso da Roga\u0161ka Slatina e ci dirigiamo prima attraverso <strong>\u0160marje pri Jel\u0161ah<\/strong>, dove facciamo una breve sosta per visitare la chiesa barocca e il famoso Calvario. Proseguiamo poi verso <strong>Celje<\/strong>, la citt\u00e0 principesca con una ricca storia e un vivace centro urbano.<\/p>\n\n\n\n<p>Dopo una breve pausa e un momento di ristoro a Celje, ci spostiamo verso la vicina <strong>\u017dalec<\/strong>, il centro della coltivazione del luppolo sloveno. Qui ci aspettano due esperienze straordinarie:<\/p>\n\n\n\n<ul class=\"wp-block-list\">\n<li><strong>La fontana della birra \u201cOro Verde\u201d<\/strong> \u2013 la prima fontana di birra al mondo, dove \u00e8 possibile servirsi birre locali di alta qualit\u00e0.<\/li>\n\n\n\n<li><strong>L\u2019Ecomuseo della coltivazione del luppolo e della produzione della birra in Slovenia<\/strong>, dove scopriamo tutta la tradizione della coltivazione del luppolo e della produzione della birra in questa regione.<\/li>\n<\/ul>\n\n\n\n<p>Dopo la visita, ci concediamo un pranzo leggero con un tocco locale, per poi tornare a Roga\u0161ka Slatina.<\/p>\n<\/div> <\/div> <\/div> <\/section>\n","protected":false},"excerpt":{"rendered":"","protected":false},"author":1,"featured_media":0,"parent":514,"menu_order":0,"comment_status":"closed","ping_status":"closed","template":"","meta":{"_acf_changed":false,"footnotes":""},"class_list":["post-5665","page","type-page","status-publish","hentry"],"acf":[],"publishpress_future_workflow_manual_trigger":{"enabledWorkflows":[]},"_links":{"self":[{"href":"https:\/\/www.rogaska.si\/it\/wp-json\/wp\/v2\/pages\/5665","targetHints":{"allow":["GET"]}}],"collection":[{"href":"https:\/\/www.rogaska.si\/it\/wp-json\/wp\/v2\/pages"}],"about":[{"href":"https:\/\/www.rogaska.si\/it\/wp-json\/wp\/v2\/types\/page"}],"author":[{"embeddable":true,"href":"https:\/\/www.rogaska.si\/it\/wp-json\/wp\/v2\/users\/1"}],"replies":[{"embeddable":true,"href":"https:\/\/www.rogaska.si\/it\/wp-json\/wp\/v2\/comments?post=5665"}],"version-history":[{"count":3,"href":"https:\/\/www.rogaska.si\/it\/wp-json\/wp\/v2\/pages\/5665\/revisions"}],"predecessor-version":[{"id":5685,"href":"https:\/\/www.rogaska.si\/it\/wp-json\/wp\/v2\/pages\/5665\/revisions\/5685"}],"up":[{"embeddable":true,"href":"https:\/\/www.rogaska.si\/it\/wp-json\/wp\/v2\/pages\/514"}],"wp:attachment":[{"href":"https:\/\/www.rogaska.si\/it\/wp-json\/wp\/v2\/media?parent=5665"}],"curies":[{"name":"wp","href":"https:\/\/api.w.org\/{rel}","templated":true}]}}