{"id":553,"date":"2023-07-18T14:40:29","date_gmt":"2023-07-18T12:40:29","guid":{"rendered":"https:\/\/www.rogaska.si\/it\/?page_id=553"},"modified":"2023-12-10T18:44:02","modified_gmt":"2023-12-10T17:44:02","slug":"hotel-zagreb","status":"publish","type":"page","link":"https:\/\/www.rogaska.si\/it\/hotel-zagreb\/","title":{"rendered":"Hotel Zagreb"},"content":{"rendered":"<section class=\"py-5 wp-block-hotel-sava-hero-secondary\">\n  <div class=\"container\">\n    <div class=\"d-md-block d-none mt-5 pt-5 row\">\n      <div>\n                                                                                                                                            <nav aria-label=\"breadcrumb\">\n              <ol class=\"breadcrumb\">\n                                <li class=\"breadcrumb-item\"><a href=\"https:\/\/www.rogaska.si\/it\">Home page<\/a>\n                <\/li>\n                                                <li class=\"breadcrumb-item active\" aria-current=\"page\">\n                  Home                <\/li>\n              <\/ol>\n            <\/nav>\n                                                                                            <\/div>\n    <\/div>\n    <div class=\"row\">\n      <div>\n        <h1 class=\"display-4 text-center\">Hotel Zagreb****<\/h1>\n      <\/div>\n    <\/div>\n    <div class=\"mt-5 row\">\n      <div class=\"col-lg-10 col-md-11 me-auto ms-auto\">\n        <div class=\"image-wrapper__fit\">\n          <picture>\n                          <img loading=\"lazy\" decoding=\"async\" width=\"2200\" height=\"1464\" src=\"https:\/\/www.rogaska.si\/it\/wp-content\/uploads\/sites\/4\/2023\/08\/soba-zagreb-01-2200x1464.jpg\" class=\"wp-image-840 image__fit\" alt=\"\" srcset=\"https:\/\/www.rogaska.si\/it\/wp-content\/uploads\/sites\/4\/2023\/08\/soba-zagreb-01-2200x1464.jpg 2200w, https:\/\/www.rogaska.si\/it\/wp-content\/uploads\/sites\/4\/2023\/08\/soba-zagreb-01-300x200.jpg 300w, https:\/\/www.rogaska.si\/it\/wp-content\/uploads\/sites\/4\/2023\/08\/soba-zagreb-01-1024x682.jpg 1024w, https:\/\/www.rogaska.si\/it\/wp-content\/uploads\/sites\/4\/2023\/08\/soba-zagreb-01-768x511.jpg 768w, https:\/\/www.rogaska.si\/it\/wp-content\/uploads\/sites\/4\/2023\/08\/soba-zagreb-01-480x319.jpg 480w, https:\/\/www.rogaska.si\/it\/wp-content\/uploads\/sites\/4\/2023\/08\/soba-zagreb-01-640x426.jpg 640w, https:\/\/www.rogaska.si\/it\/wp-content\/uploads\/sites\/4\/2023\/08\/soba-zagreb-01-720x479.jpg 720w, https:\/\/www.rogaska.si\/it\/wp-content\/uploads\/sites\/4\/2023\/08\/soba-zagreb-01-960x639.jpg 960w, https:\/\/www.rogaska.si\/it\/wp-content\/uploads\/sites\/4\/2023\/08\/soba-zagreb-01-1168x777.jpg 1168w, https:\/\/www.rogaska.si\/it\/wp-content\/uploads\/sites\/4\/2023\/08\/soba-zagreb-01-1440x958.jpg 1440w, https:\/\/www.rogaska.si\/it\/wp-content\/uploads\/sites\/4\/2023\/08\/soba-zagreb-01-1920x1278.jpg 1920w, https:\/\/www.rogaska.si\/it\/wp-content\/uploads\/sites\/4\/2023\/08\/soba-zagreb-01-1536x1022.jpg 1536w, https:\/\/www.rogaska.si\/it\/wp-content\/uploads\/sites\/4\/2023\/08\/soba-zagreb-01-2048x1363.jpg 2048w\" sizes=\"auto, (max-width: 2200px) 100vw, 2200px\" \/>\n                                  <\/picture>\n        <\/div>\n      <\/div>\n    <\/div>\n  <\/div>\n<\/section>\n\n\n<section class=\"wp-block-hotel-sava-col-md-8 py-5\"> <div class=\"container\"> <div class=\"row\"> <div class=\"col-md-8 me-auto ms-auto\">\n<p class=\"wp-block-hotel-sava-lead lead fs-3\">Atmosfera piacevole e rilassante in un hotel di grande tradizione.<\/p>\n\n\n\n<p class=\"wp-block-hotel-sava-text-default\">Gli ospiti dell\u2019hotel Zagreb usufruiscono di tutti i servizi, tranne i pernottamenti, nel Grand Hotel Sava****superior. I due hotel sono collegati e tramite un corridoio si accede alla sala dell\u2019acqua curativa minerale ed agli altri hotel nel parco di fiori. L\u2019Hotel Zagreb \u00e8 una struttura nata nel periodo tradizionale del massimo splendore di Roga\u0161ka Slatina. Le stanze hanno delle caratteristiche comuni quali spaziosit\u00e0, comodit\u00e0 ed elevato grado di funzionalit\u00e0.<\/p>\n\n\n\n<p class=\"wp-block-hotel-sava-text-default\">Gli amanti della cucina di alto livello potranno deliziarsi nel ristorante Kaiser dell\u2019hotel con men\u00f9 alla carta, dove l\u2019esperienza gourmet \u00e8 sempre garantita.<\/p>\n<\/div> <\/div> <\/div> <\/section>\n\n\n<section class=\"py-5 wp-block-hotel-sava-namestitev-zagreb\">\n  <div class=\"container\">\n    <div class=\"gy-5 row\">\n                                              <div id=\"post-575\" class=\"col-md-4 post-575 zagreb type-zagreb status-publish has-post-thumbnail hentry\"><a href=\"https:\/\/www.rogaska.si\/it\/zagreb\/camera-matrimoniale-premium\/\" class=\"card__link text-decoration-none\"><div class=\"overflow-hidden\">\n                <div class=\"card-acc__image transition-slow\">\n                  <picture>\n                    <img decoding=\"async\" src=\"https:\/\/www.rogaska.si\/it\/wp-content\/uploads\/sites\/4\/2023\/07\/soba-premium-zagreb-01-768x511.jpg\" class=\"image__fit--cover wp-post-image\" alt=\"\" srcset=\"https:\/\/www.rogaska.si\/it\/wp-content\/uploads\/sites\/4\/2023\/07\/soba-premium-zagreb-01-768x511.jpg 768w, https:\/\/www.rogaska.si\/it\/wp-content\/uploads\/sites\/4\/2023\/07\/soba-premium-zagreb-01-300x200.jpg 300w, https:\/\/www.rogaska.si\/it\/wp-content\/uploads\/sites\/4\/2023\/07\/soba-premium-zagreb-01-1024x682.jpg 1024w, https:\/\/www.rogaska.si\/it\/wp-content\/uploads\/sites\/4\/2023\/07\/soba-premium-zagreb-01-480x319.jpg 480w, https:\/\/www.rogaska.si\/it\/wp-content\/uploads\/sites\/4\/2023\/07\/soba-premium-zagreb-01-640x426.jpg 640w, https:\/\/www.rogaska.si\/it\/wp-content\/uploads\/sites\/4\/2023\/07\/soba-premium-zagreb-01-720x479.jpg 720w, https:\/\/www.rogaska.si\/it\/wp-content\/uploads\/sites\/4\/2023\/07\/soba-premium-zagreb-01-960x639.jpg 960w, https:\/\/www.rogaska.si\/it\/wp-content\/uploads\/sites\/4\/2023\/07\/soba-premium-zagreb-01-1168x777.jpg 1168w, https:\/\/www.rogaska.si\/it\/wp-content\/uploads\/sites\/4\/2023\/07\/soba-premium-zagreb-01-1440x958.jpg 1440w, https:\/\/www.rogaska.si\/it\/wp-content\/uploads\/sites\/4\/2023\/07\/soba-premium-zagreb-01-1920x1278.jpg 1920w, https:\/\/www.rogaska.si\/it\/wp-content\/uploads\/sites\/4\/2023\/07\/soba-premium-zagreb-01-1536x1022.jpg 1536w, https:\/\/www.rogaska.si\/it\/wp-content\/uploads\/sites\/4\/2023\/07\/soba-premium-zagreb-01-2048x1363.jpg 2048w\" sizes=\"(max-width: 768px) 100vw, 768px\" \/>                  <\/picture>\n                <\/div>\n              <\/div><h3 class=\"mt-4\">Camera matrimoniale &#8211;\u00a0Premium<\/h3><\/a>\n          <\/div>\n                            <div id=\"post-576\" class=\"col-md-4 post-576 zagreb type-zagreb status-publish has-post-thumbnail hentry\"><a href=\"https:\/\/www.rogaska.si\/it\/zagreb\/suite\/\" class=\"card__link text-decoration-none\"><div class=\"overflow-hidden\">\n                <div class=\"card-acc__image transition-slow\">\n                  <picture>\n                    <img decoding=\"async\" src=\"https:\/\/www.rogaska.si\/it\/wp-content\/uploads\/sites\/4\/2023\/07\/apartma-239-zagreb-768x511.jpg\" class=\"image__fit--cover wp-post-image\" alt=\"\" srcset=\"https:\/\/www.rogaska.si\/it\/wp-content\/uploads\/sites\/4\/2023\/07\/apartma-239-zagreb-768x511.jpg 768w, https:\/\/www.rogaska.si\/it\/wp-content\/uploads\/sites\/4\/2023\/07\/apartma-239-zagreb-300x200.jpg 300w, https:\/\/www.rogaska.si\/it\/wp-content\/uploads\/sites\/4\/2023\/07\/apartma-239-zagreb-1024x682.jpg 1024w, https:\/\/www.rogaska.si\/it\/wp-content\/uploads\/sites\/4\/2023\/07\/apartma-239-zagreb-480x319.jpg 480w, https:\/\/www.rogaska.si\/it\/wp-content\/uploads\/sites\/4\/2023\/07\/apartma-239-zagreb-640x426.jpg 640w, https:\/\/www.rogaska.si\/it\/wp-content\/uploads\/sites\/4\/2023\/07\/apartma-239-zagreb-720x479.jpg 720w, https:\/\/www.rogaska.si\/it\/wp-content\/uploads\/sites\/4\/2023\/07\/apartma-239-zagreb-960x639.jpg 960w, https:\/\/www.rogaska.si\/it\/wp-content\/uploads\/sites\/4\/2023\/07\/apartma-239-zagreb-1168x777.jpg 1168w, https:\/\/www.rogaska.si\/it\/wp-content\/uploads\/sites\/4\/2023\/07\/apartma-239-zagreb-1440x958.jpg 1440w, https:\/\/www.rogaska.si\/it\/wp-content\/uploads\/sites\/4\/2023\/07\/apartma-239-zagreb-1920x1278.jpg 1920w, https:\/\/www.rogaska.si\/it\/wp-content\/uploads\/sites\/4\/2023\/07\/apartma-239-zagreb-1536x1022.jpg 1536w, https:\/\/www.rogaska.si\/it\/wp-content\/uploads\/sites\/4\/2023\/07\/apartma-239-zagreb-2048x1363.jpg 2048w\" sizes=\"(max-width: 768px) 100vw, 768px\" \/>                  <\/picture>\n                <\/div>\n              <\/div><h3 class=\"mt-4\">Suite<\/h3><\/a>\n          <\/div>\n                            <div id=\"post-578\" class=\"col-md-4 post-578 zagreb type-zagreb status-publish has-post-thumbnail hentry\"><a href=\"https:\/\/www.rogaska.si\/it\/zagreb\/suite-premium\/\" class=\"card__link text-decoration-none\"><div class=\"overflow-hidden\">\n                <div class=\"card-acc__image transition-slow\">\n                  <picture>\n                    <img decoding=\"async\" src=\"https:\/\/www.rogaska.si\/it\/wp-content\/uploads\/sites\/4\/2023\/07\/apartma-premium-zagreb-01-768x511.jpg\" class=\"image__fit--cover wp-post-image\" alt=\"\" srcset=\"https:\/\/www.rogaska.si\/it\/wp-content\/uploads\/sites\/4\/2023\/07\/apartma-premium-zagreb-01-768x511.jpg 768w, https:\/\/www.rogaska.si\/it\/wp-content\/uploads\/sites\/4\/2023\/07\/apartma-premium-zagreb-01-300x200.jpg 300w, https:\/\/www.rogaska.si\/it\/wp-content\/uploads\/sites\/4\/2023\/07\/apartma-premium-zagreb-01-1024x682.jpg 1024w, https:\/\/www.rogaska.si\/it\/wp-content\/uploads\/sites\/4\/2023\/07\/apartma-premium-zagreb-01-480x319.jpg 480w, https:\/\/www.rogaska.si\/it\/wp-content\/uploads\/sites\/4\/2023\/07\/apartma-premium-zagreb-01-640x426.jpg 640w, https:\/\/www.rogaska.si\/it\/wp-content\/uploads\/sites\/4\/2023\/07\/apartma-premium-zagreb-01-720x479.jpg 720w, https:\/\/www.rogaska.si\/it\/wp-content\/uploads\/sites\/4\/2023\/07\/apartma-premium-zagreb-01-960x639.jpg 960w, https:\/\/www.rogaska.si\/it\/wp-content\/uploads\/sites\/4\/2023\/07\/apartma-premium-zagreb-01-1168x777.jpg 1168w, https:\/\/www.rogaska.si\/it\/wp-content\/uploads\/sites\/4\/2023\/07\/apartma-premium-zagreb-01-1440x958.jpg 1440w, https:\/\/www.rogaska.si\/it\/wp-content\/uploads\/sites\/4\/2023\/07\/apartma-premium-zagreb-01-1920x1278.jpg 1920w, https:\/\/www.rogaska.si\/it\/wp-content\/uploads\/sites\/4\/2023\/07\/apartma-premium-zagreb-01-1536x1022.jpg 1536w, https:\/\/www.rogaska.si\/it\/wp-content\/uploads\/sites\/4\/2023\/07\/apartma-premium-zagreb-01-2048x1363.jpg 2048w\" sizes=\"(max-width: 768px) 100vw, 768px\" \/>                  <\/picture>\n                <\/div>\n              <\/div><h3 class=\"mt-4\">Suite Premium<\/h3><\/a>\n          <\/div>\n                          <\/div>\n  <\/div>\n<\/section>","protected":false},"excerpt":{"rendered":"","protected":false},"author":1,"featured_media":0,"parent":0,"menu_order":0,"comment_status":"closed","ping_status":"closed","template":"","meta":{"_acf_changed":false,"footnotes":""},"class_list":["post-553","page","type-page","status-publish","hentry"],"acf":[],"publishpress_future_workflow_manual_trigger":{"enabledWorkflows":[]},"_links":{"self":[{"href":"https:\/\/www.rogaska.si\/it\/wp-json\/wp\/v2\/pages\/553","targetHints":{"allow":["GET"]}}],"collection":[{"href":"https:\/\/www.rogaska.si\/it\/wp-json\/wp\/v2\/pages"}],"about":[{"href":"https:\/\/www.rogaska.si\/it\/wp-json\/wp\/v2\/types\/page"}],"author":[{"embeddable":true,"href":"https:\/\/www.rogaska.si\/it\/wp-json\/wp\/v2\/users\/1"}],"replies":[{"embeddable":true,"href":"https:\/\/www.rogaska.si\/it\/wp-json\/wp\/v2\/comments?post=553"}],"version-history":[{"count":3,"href":"https:\/\/www.rogaska.si\/it\/wp-json\/wp\/v2\/pages\/553\/revisions"}],"predecessor-version":[{"id":1713,"href":"https:\/\/www.rogaska.si\/it\/wp-json\/wp\/v2\/pages\/553\/revisions\/1713"}],"wp:attachment":[{"href":"https:\/\/www.rogaska.si\/it\/wp-json\/wp\/v2\/media?parent=553"}],"curies":[{"name":"wp","href":"https:\/\/api.w.org\/{rel}","templated":true}]}}