{"id":531,"date":"2023-07-17T22:34:59","date_gmt":"2023-07-17T20:34:59","guid":{"rendered":"https:\/\/www.rogaska.si\/it\/?page_id=531"},"modified":"2023-12-07T00:16:53","modified_gmt":"2023-12-06T23:16:53","slug":"chi-siamo","status":"publish","type":"page","link":"https:\/\/www.rogaska.si\/it\/chi-siamo\/","title":{"rendered":"Chi siamo?"},"content":{"rendered":"<section class=\"py-5 wp-block-hotel-sava-hero-secondary\">\n  <div class=\"container\">\n    <div class=\"d-md-block d-none mt-5 pt-5 row\">\n      <div>\n                                                                                                                                            <nav aria-label=\"breadcrumb\">\n              <ol class=\"breadcrumb\">\n                                <li class=\"breadcrumb-item\"><a href=\"https:\/\/www.rogaska.si\/it\">Home page<\/a>\n                <\/li>\n                                                <li class=\"breadcrumb-item active\" aria-current=\"page\">\n                  Home                <\/li>\n              <\/ol>\n            <\/nav>\n                                                                                            <\/div>\n    <\/div>\n    <div class=\"row\">\n      <div>\n        <h1 class=\"display-4 text-center\">Chi siamo?<\/h1>\n      <\/div>\n    <\/div>\n    <div class=\"mt-5 row\">\n      <div class=\"col-lg-10 col-md-11 me-auto ms-auto\">\n        <div class=\"image-wrapper__fit\">\n          <picture>\n                          <img loading=\"lazy\" decoding=\"async\" width=\"2500\" height=\"798\" src=\"https:\/\/www.rogaska.si\/it\/wp-content\/uploads\/sites\/4\/2023\/09\/grand-hotel-sava-by-night.jpg\" class=\"wp-image-1156 image__fit\" alt=\"\" srcset=\"https:\/\/www.rogaska.si\/it\/wp-content\/uploads\/sites\/4\/2023\/09\/grand-hotel-sava-by-night.jpg 2500w, https:\/\/www.rogaska.si\/it\/wp-content\/uploads\/sites\/4\/2023\/09\/grand-hotel-sava-by-night-300x96.jpg 300w, https:\/\/www.rogaska.si\/it\/wp-content\/uploads\/sites\/4\/2023\/09\/grand-hotel-sava-by-night-1024x327.jpg 1024w, https:\/\/www.rogaska.si\/it\/wp-content\/uploads\/sites\/4\/2023\/09\/grand-hotel-sava-by-night-768x245.jpg 768w, https:\/\/www.rogaska.si\/it\/wp-content\/uploads\/sites\/4\/2023\/09\/grand-hotel-sava-by-night-480x153.jpg 480w, https:\/\/www.rogaska.si\/it\/wp-content\/uploads\/sites\/4\/2023\/09\/grand-hotel-sava-by-night-640x204.jpg 640w, https:\/\/www.rogaska.si\/it\/wp-content\/uploads\/sites\/4\/2023\/09\/grand-hotel-sava-by-night-720x230.jpg 720w, https:\/\/www.rogaska.si\/it\/wp-content\/uploads\/sites\/4\/2023\/09\/grand-hotel-sava-by-night-960x306.jpg 960w, https:\/\/www.rogaska.si\/it\/wp-content\/uploads\/sites\/4\/2023\/09\/grand-hotel-sava-by-night-1168x373.jpg 1168w, https:\/\/www.rogaska.si\/it\/wp-content\/uploads\/sites\/4\/2023\/09\/grand-hotel-sava-by-night-1440x460.jpg 1440w, https:\/\/www.rogaska.si\/it\/wp-content\/uploads\/sites\/4\/2023\/09\/grand-hotel-sava-by-night-1920x613.jpg 1920w, https:\/\/www.rogaska.si\/it\/wp-content\/uploads\/sites\/4\/2023\/09\/grand-hotel-sava-by-night-1536x490.jpg 1536w, https:\/\/www.rogaska.si\/it\/wp-content\/uploads\/sites\/4\/2023\/09\/grand-hotel-sava-by-night-2048x654.jpg 2048w\" sizes=\"auto, (max-width: 2500px) 100vw, 2500px\" \/>\n                                  <\/picture>\n        <\/div>\n      <\/div>\n    <\/div>\n  <\/div>\n<\/section>\n\n\n<section class=\"wp-block-hotel-sava-col-md-8 py-5\"> <div class=\"container\"> <div class=\"row\"> <div class=\"col-md-8 me-auto ms-auto\">\n<p class=\"wp-block-hotel-sava-lead lead fs-3\">L&#8217;Hotel Sava Roga\u0161ka \u00e8 un&#8217;azienda\u00a0 a conduzione familiare che si basa sui valori come: tradizione, innovazione, approccio individuale e personalizzato con gli ospiti, cura per la salute degli ospiti e dei dipendenti e la sostenibilit\u00e0. Disponiamo di un&#8217;infrastruttura composta dal Grand hotel Sava, dall&#8217;Hotel Zagreb, dal Centro Roi medico &amp; spa e dal Centro Congressi di Roga\u0161ka. Siamo tra i primi a Roga\u0161ka Slatina ad offrire servizi alberghieri di alta qualit\u00e0, collaboriamo strettamente anche con la comunit\u00e0 locale nel senso lato e sviluppiamo approcci moderni di sostenibilit\u00e0 per questa destinazione.<\/p>\n\n\n\n<p class=\"wp-block-hotel-sava-text-default\">Offriamo una vasta serie di servizi legati alla salute, alla bellezza del corpo, al sano stile di vita, alla maggiore qualit\u00e0 della vita e tutti questi servizi sono integrati con prodotti di presigio, destinati alla salute, alla bellezza e al sano vivere.<\/p>\n\n\n\n<p class=\"wp-block-hotel-sava-text-default\">I desideri e le necessit\u00e0 dell&#8217;ospite sono molto importanti, al contempo siamo anche noi a offrire nuovi prodotti e servizi sostenibili. Ci concentriamo sugli ospiti che sanno apprezzare l&#8217;unicit\u00e0 dell&#8217;offerta, le souzioni integrali per migliorare la propria salute e sono di conseguenza disposti a pagare un giusto prezzo.<\/p>\n<\/div> <\/div> <\/div> <\/section>\n\n\n\n<section class=\"wp-block-hotel-sava-layout-offset-left py-5\"> <div class=\"container\"> <div class=\"row\"> <div class=\"col-md-4 offset-md-1\">  <picture> <img loading=\"lazy\" decoding=\"async\" width=\"1024\" height=\"682\" src=\"https:\/\/www.rogaska.si\/it\/wp-content\/uploads\/sites\/4\/2023\/09\/stanislav-psenicnik-02-1024x682.jpg\" class=\"img-fluid wp-image-1153\" srcset=\"https:\/\/www.rogaska.si\/it\/wp-content\/uploads\/sites\/4\/2023\/09\/stanislav-psenicnik-02-1024x682.jpg 1024w, https:\/\/www.rogaska.si\/it\/wp-content\/uploads\/sites\/4\/2023\/09\/stanislav-psenicnik-02-300x200.jpg 300w, https:\/\/www.rogaska.si\/it\/wp-content\/uploads\/sites\/4\/2023\/09\/stanislav-psenicnik-02-768x512.jpg 768w, https:\/\/www.rogaska.si\/it\/wp-content\/uploads\/sites\/4\/2023\/09\/stanislav-psenicnik-02-480x320.jpg 480w, https:\/\/www.rogaska.si\/it\/wp-content\/uploads\/sites\/4\/2023\/09\/stanislav-psenicnik-02-640x426.jpg 640w, https:\/\/www.rogaska.si\/it\/wp-content\/uploads\/sites\/4\/2023\/09\/stanislav-psenicnik-02-720x480.jpg 720w, https:\/\/www.rogaska.si\/it\/wp-content\/uploads\/sites\/4\/2023\/09\/stanislav-psenicnik-02-960x640.jpg 960w, https:\/\/www.rogaska.si\/it\/wp-content\/uploads\/sites\/4\/2023\/09\/stanislav-psenicnik-02-1168x778.jpg 1168w, https:\/\/www.rogaska.si\/it\/wp-content\/uploads\/sites\/4\/2023\/09\/stanislav-psenicnik-02-1440x960.jpg 1440w, https:\/\/www.rogaska.si\/it\/wp-content\/uploads\/sites\/4\/2023\/09\/stanislav-psenicnik-02-1920x1279.jpg 1920w, https:\/\/www.rogaska.si\/it\/wp-content\/uploads\/sites\/4\/2023\/09\/stanislav-psenicnik-02-1536x1024.jpg 1536w, https:\/\/www.rogaska.si\/it\/wp-content\/uploads\/sites\/4\/2023\/09\/stanislav-psenicnik-02-2048x1365.jpg 2048w\" sizes=\"auto, (max-width: 1024px) 100vw, 1024px\" \/> <\/picture> <\/div> <div class=\"col-md-5 mt-4 mt-md-0\">\n<h3 class=\"wp-block-hotel-sava-heading-3\">Visione dello sviluppo sostenibile<\/h3>\n\n\n\n<p class=\"has-medium-font-size\">L&#8217;Hotel Sava Roga\u0161ka \u00e8 un centro eccellente che offre servizi completi per mantenere il modo sano di vita.<\/p>\n\n\n\n<h3 class=\"wp-block-hotel-sava-heading-3\">Missione per lo sviluppo sostenibile<\/h3>\n\n\n\n<p class=\"has-medium-font-size\">Mantenere la salute e piena energia vitale delle persone.<\/p>\n<\/div> <\/div> <\/div> <\/section>\n\n\n\n<section class=\"wp-block-hotel-sava-layout-offset-right py-5 bg-light\"> <div class=\"container\"> <div class=\"row\"> <div class=\"col-md-4\">  <picture> <img loading=\"lazy\" decoding=\"async\" width=\"1024\" height=\"682\" src=\"https:\/\/www.rogaska.si\/it\/wp-content\/uploads\/sites\/4\/2023\/09\/natasa-psenicnik-02-1024x682.jpg\" class=\"img-fluid wp-image-1154\" srcset=\"https:\/\/www.rogaska.si\/it\/wp-content\/uploads\/sites\/4\/2023\/09\/natasa-psenicnik-02-1024x682.jpg 1024w, https:\/\/www.rogaska.si\/it\/wp-content\/uploads\/sites\/4\/2023\/09\/natasa-psenicnik-02-300x200.jpg 300w, https:\/\/www.rogaska.si\/it\/wp-content\/uploads\/sites\/4\/2023\/09\/natasa-psenicnik-02-768x512.jpg 768w, https:\/\/www.rogaska.si\/it\/wp-content\/uploads\/sites\/4\/2023\/09\/natasa-psenicnik-02-480x320.jpg 480w, https:\/\/www.rogaska.si\/it\/wp-content\/uploads\/sites\/4\/2023\/09\/natasa-psenicnik-02-640x426.jpg 640w, https:\/\/www.rogaska.si\/it\/wp-content\/uploads\/sites\/4\/2023\/09\/natasa-psenicnik-02-720x480.jpg 720w, https:\/\/www.rogaska.si\/it\/wp-content\/uploads\/sites\/4\/2023\/09\/natasa-psenicnik-02-960x640.jpg 960w, https:\/\/www.rogaska.si\/it\/wp-content\/uploads\/sites\/4\/2023\/09\/natasa-psenicnik-02-1168x778.jpg 1168w, https:\/\/www.rogaska.si\/it\/wp-content\/uploads\/sites\/4\/2023\/09\/natasa-psenicnik-02-1440x960.jpg 1440w, https:\/\/www.rogaska.si\/it\/wp-content\/uploads\/sites\/4\/2023\/09\/natasa-psenicnik-02-1920x1279.jpg 1920w, https:\/\/www.rogaska.si\/it\/wp-content\/uploads\/sites\/4\/2023\/09\/natasa-psenicnik-02-1536x1024.jpg 1536w, https:\/\/www.rogaska.si\/it\/wp-content\/uploads\/sites\/4\/2023\/09\/natasa-psenicnik-02-2048x1365.jpg 2048w\" sizes=\"auto, (max-width: 1024px) 100vw, 1024px\" \/> <\/picture> <\/div> <div class=\"col-md-5 mt-4 mt-md-0 offset-md-2 order-md-first\">\n<h3 class=\"wp-block-hotel-sava-heading-3 display-6\">Valori dello sviluppo sostenibile<\/h3>\n\n\n\n<h4 class=\"wp-block-hotel-sava-heading-4\">Tradizione<\/h4>\n\n\n\n<p>Stiamo costruendo sulla tradizione familiare e sulle basi storiche dell&#8217;Hotel Sava Roga\u0161ka e di Roga\u0161ka Slatina come destinazione turistica.<\/p>\n\n\n\n<h4 class=\"wp-block-hotel-sava-heading-4\">Approccio personalizzato<\/h4>\n\n\n\n<p>Staimo cercando di soddisfare le necessit\u00e0 e i desideri individuali dei nostri ospiti e creiamo in tale modo una clientela soddisfatta e appagata.<\/p>\n\n\n\n<h4 class=\"wp-block-hotel-sava-heading-4\">Innovazione<\/h4>\n\n\n\n<p>Sviluppiamo prodotti e servizi per clienti che desiderano mantenere un sano stile di vita.<\/p>\n\n\n\n<h4 class=\"wp-block-hotel-sava-heading-4\">Salute<\/h4>\n\n\n\n<p>Siamo legati strettamente con la natura che ci garantisce sane materie prime per gli alimentari e naturalmente l&#8217;acqua. Con l&#8217;alimentazione sana, con l&#8217;acqua minerale e termale e con i servizi del nostro Medico Diabetes aiutiamo i nostri ospiti a mantenere un sano stile di vita.<\/p>\n\n\n\n<h4 class=\"wp-block-hotel-sava-heading-4\">Sostenibilita&#8217;<\/h4>\n\n\n\n<p>Rispettiamo i principi dello sviluppo sostenibile in tutti i sensi e siamo d&#8217;esempio agli altri per tale sviluppo.<\/p>\n\n\n\n<h4 class=\"wp-block-hotel-sava-heading-4\">Responsabilita&#8217;<\/h4>\n\n\n\n<p>Ciascuno di noi \u00e8 responsabile del proprio lavoro, del lavoro del team e dell&#8217;intera organizzazione. Svolgiamo i nostri compiti con massima responsabilit\u00e0 nell&#8217;interesse degli ospiti e dei partners, dell&#8217;azienda e dell&#8217;intera societ\u00e0.<\/p>\n<\/div> <\/div> <\/div> <\/section>\n\n\n\n<section class=\"wp-block-hotel-sava-section-2-col py-5\"> <div class=\"container\"> <div class=\" row\">\n<div class=\"wp-block-hotel-sava-col-md-6 col-md-6\">\n<h3 class=\"wp-block-hotel-sava-heading-3 display-6\">Biglietto da visita<\/h3>\n\n\n\n<p>HOTEL SAVA ROGA\u0160KA d.o.o.<br>Zdravili\u0161ki trg 6<br>3250 Roga\u0161ka Slatina<br>Slovenia<\/p>\n<\/div>\n\n\n\n<div class=\"wp-block-hotel-sava-col-md-6 col-md-6\">\n<p>Tel. Nr.: +386 (0)3 811 40 00<br>Fax: +386 (0)3 811 47 32<br>E-mail: info@rogaska.si<br>Nr. ID per IVA: SI29042364<br>Numero di registrazione: 1647717<br>Capitale azionario: 258.763,00<br>IBAN: SI56 0443 0000 1538 049, Nova KBM d.d., SWIFT CODE (BIC) KBMASI2X<br>Entrata in azienda presso il Tribunale distrettuale di Celje, vl. Nr.1\/07383\/00.<\/p>\n<\/div>\n<\/div> <\/div> <\/section>\n","protected":false},"excerpt":{"rendered":"","protected":false},"author":1,"featured_media":0,"parent":0,"menu_order":0,"comment_status":"closed","ping_status":"closed","template":"","meta":{"_acf_changed":false,"footnotes":""},"class_list":["post-531","page","type-page","status-publish","hentry"],"acf":[],"publishpress_future_workflow_manual_trigger":{"enabledWorkflows":[]},"_links":{"self":[{"href":"https:\/\/www.rogaska.si\/it\/wp-json\/wp\/v2\/pages\/531","targetHints":{"allow":["GET"]}}],"collection":[{"href":"https:\/\/www.rogaska.si\/it\/wp-json\/wp\/v2\/pages"}],"about":[{"href":"https:\/\/www.rogaska.si\/it\/wp-json\/wp\/v2\/types\/page"}],"author":[{"embeddable":true,"href":"https:\/\/www.rogaska.si\/it\/wp-json\/wp\/v2\/users\/1"}],"replies":[{"embeddable":true,"href":"https:\/\/www.rogaska.si\/it\/wp-json\/wp\/v2\/comments?post=531"}],"version-history":[{"count":2,"href":"https:\/\/www.rogaska.si\/it\/wp-json\/wp\/v2\/pages\/531\/revisions"}],"predecessor-version":[{"id":1695,"href":"https:\/\/www.rogaska.si\/it\/wp-json\/wp\/v2\/pages\/531\/revisions\/1695"}],"wp:attachment":[{"href":"https:\/\/www.rogaska.si\/it\/wp-json\/wp\/v2\/media?parent=531"}],"curies":[{"name":"wp","href":"https:\/\/api.w.org\/{rel}","templated":true}]}}