{"id":359,"date":"2023-07-05T23:55:04","date_gmt":"2023-07-05T21:55:04","guid":{"rendered":"https:\/\/www.rogaska.si\/it\/?page_id=359"},"modified":"2024-02-29T18:51:51","modified_gmt":"2024-02-29T17:51:51","slug":"acqua-minerale-rogaska","status":"publish","type":"page","link":"https:\/\/www.rogaska.si\/it\/acqua-minerale-rogaska\/","title":{"rendered":"Acqua minerale Roga\u0161ka"},"content":{"rendered":"\n<section class=\"wp-block-hotel-sava-hero-one site-height__main\"> <div class=\"h-100 overflow-hidden position-relative\"> <div> <img loading=\"lazy\" decoding=\"async\" width=\"2500\" height=\"1666\" src=\"https:\/\/www.rogaska.si\/it\/wp-content\/uploads\/sites\/4\/2023\/09\/pitje-vode-o-01.jpg\" class=\"hero__zoom image__fit wp-image-1128\" srcset=\"https:\/\/www.rogaska.si\/it\/wp-content\/uploads\/sites\/4\/2023\/09\/pitje-vode-o-01.jpg 2500w, https:\/\/www.rogaska.si\/it\/wp-content\/uploads\/sites\/4\/2023\/09\/pitje-vode-o-01-300x200.jpg 300w, https:\/\/www.rogaska.si\/it\/wp-content\/uploads\/sites\/4\/2023\/09\/pitje-vode-o-01-1024x682.jpg 1024w, https:\/\/www.rogaska.si\/it\/wp-content\/uploads\/sites\/4\/2023\/09\/pitje-vode-o-01-768x512.jpg 768w, https:\/\/www.rogaska.si\/it\/wp-content\/uploads\/sites\/4\/2023\/09\/pitje-vode-o-01-480x320.jpg 480w, https:\/\/www.rogaska.si\/it\/wp-content\/uploads\/sites\/4\/2023\/09\/pitje-vode-o-01-640x426.jpg 640w, https:\/\/www.rogaska.si\/it\/wp-content\/uploads\/sites\/4\/2023\/09\/pitje-vode-o-01-720x480.jpg 720w, https:\/\/www.rogaska.si\/it\/wp-content\/uploads\/sites\/4\/2023\/09\/pitje-vode-o-01-960x640.jpg 960w, https:\/\/www.rogaska.si\/it\/wp-content\/uploads\/sites\/4\/2023\/09\/pitje-vode-o-01-1168x778.jpg 1168w, https:\/\/www.rogaska.si\/it\/wp-content\/uploads\/sites\/4\/2023\/09\/pitje-vode-o-01-1440x960.jpg 1440w, https:\/\/www.rogaska.si\/it\/wp-content\/uploads\/sites\/4\/2023\/09\/pitje-vode-o-01-1920x1279.jpg 1920w, https:\/\/www.rogaska.si\/it\/wp-content\/uploads\/sites\/4\/2023\/09\/pitje-vode-o-01-1536x1024.jpg 1536w, https:\/\/www.rogaska.si\/it\/wp-content\/uploads\/sites\/4\/2023\/09\/pitje-vode-o-01-2048x1365.jpg 2048w\" sizes=\"auto, (max-width: 2500px) 100vw, 2500px\" \/> <div class=\"hero__overlay\"> <h1 class=\"display-2 text-center text-white\">Acqua minerale Roga\u0161ka<\/h1> <\/div> <\/div> <\/div> <\/section>\n\n\n\n<section class=\"wp-block-hotel-sava-col-md-8 py-5\"> <div class=\"container\"> <div class=\"row\"> <div class=\"col-md-8 me-auto ms-auto\">\n<p class=\"wp-block-hotel-sava-lead lead fs-3\">Create un solido collegamento con la natura. Avventuratevi in un viaggio wellness particolare con la nostra acqua minerale unica del suo genere ed aprite i sensi per accogliere l\u2019elemento vitale che produce energia.<\/p>\n\n\n\n<p class=\"wp-block-hotel-sava-text-default\">L\u2019acqua minerale di Roga\u0161ka Slatina \u00e8 un prezioso dono della natura. Unica per effetti benefici e rara per composizione.<\/p>\n<\/div> <\/div> <\/div> <\/section>\n\n\n\n<section class=\"wp-block-hotel-sava-main-card mt-5\"> <div class=\"container-xxl pt-5\"> <div class=\"bgr-1 max-width__row row\"> <div class=\"col-md-6 mt-md-n5 order-md-2 pe-0 ps-0\"> <div class=\"image-wrapper__fit\"> <img loading=\"lazy\" decoding=\"async\" width=\"1666\" height=\"2500\" src=\"https:\/\/www.rogaska.si\/it\/wp-content\/uploads\/sites\/4\/2023\/08\/09_pitje_vode-_1289.jpg\" class=\"image__fit wp-image-823\" alt=\"\u017denska pije mineralno vodo\" srcset=\"https:\/\/www.rogaska.si\/it\/wp-content\/uploads\/sites\/4\/2023\/08\/09_pitje_vode-_1289.jpg 1666w, https:\/\/www.rogaska.si\/it\/wp-content\/uploads\/sites\/4\/2023\/08\/09_pitje_vode-_1289-200x300.jpg 200w, https:\/\/www.rogaska.si\/it\/wp-content\/uploads\/sites\/4\/2023\/08\/09_pitje_vode-_1289-682x1024.jpg 682w, https:\/\/www.rogaska.si\/it\/wp-content\/uploads\/sites\/4\/2023\/08\/09_pitje_vode-_1289-768x1152.jpg 768w, https:\/\/www.rogaska.si\/it\/wp-content\/uploads\/sites\/4\/2023\/08\/09_pitje_vode-_1289-480x720.jpg 480w, https:\/\/www.rogaska.si\/it\/wp-content\/uploads\/sites\/4\/2023\/08\/09_pitje_vode-_1289-640x960.jpg 640w, https:\/\/www.rogaska.si\/it\/wp-content\/uploads\/sites\/4\/2023\/08\/09_pitje_vode-_1289-720x1080.jpg 720w, https:\/\/www.rogaska.si\/it\/wp-content\/uploads\/sites\/4\/2023\/08\/09_pitje_vode-_1289-960x1441.jpg 960w, https:\/\/www.rogaska.si\/it\/wp-content\/uploads\/sites\/4\/2023\/08\/09_pitje_vode-_1289-1168x1753.jpg 1168w, https:\/\/www.rogaska.si\/it\/wp-content\/uploads\/sites\/4\/2023\/08\/09_pitje_vode-_1289-1440x2161.jpg 1440w, https:\/\/www.rogaska.si\/it\/wp-content\/uploads\/sites\/4\/2023\/08\/09_pitje_vode-_1289-1024x1536.jpg 1024w, https:\/\/www.rogaska.si\/it\/wp-content\/uploads\/sites\/4\/2023\/08\/09_pitje_vode-_1289-1365x2048.jpg 1365w\" sizes=\"auto, (max-width: 1666px) 100vw, 1666px\" \/> <\/div>  <\/div> <div class=\"bgr-1 col-md-6 p-5\"> <div>\n<h3 class=\"wp-block-hotel-sava-heading-3 has-white-color has-text-color\">Una fonte di salute e di benessere<\/h3>\n\n\n\n<p class=\"has-white-color has-text-color\">Tutte le cose buone provengono dall\u2019interno. La rara composizione geologica delle aree vicine a Roga\u0161ka contribuisce alla creazione dell&#8217;acqua minerale, che contiene la quantit\u00e0 di magnesio maggiore rispetto a tutte le altre acque. L\u2019acqua minerale di Roga\u0161ka, Roitschocrene, sgorga dal centro delle aree tettoniche pi\u00f9 diversificate della Slovenia, dove si trovano tre faglie regionali. Questa composizione idrologica e geologica unica \u00e8 anche fonte preziosa di sorgenti naturali di acqua minerale e termale che si trovano ad una profondit\u00e0 rispettivamente di circa 600 e 1700 metri. L&#8217;acqua termale, utilizzata da secoli alle Terme di Roga\u0161ka, e l&#8217;acqua minerale, particolarmente ricca di magnesio ed altri minerali benefici alla salute, provengono dalla dissoluzione, dovuta al gas naturale, di rocce ricche di magnesio, calcio, solfati e bicarbonati.<\/p>\n<\/div>  <\/div> <\/div> <\/div> <\/section>\n\n\n\n<section class=\"wp-block-hotel-sava-layout-image-left py-5\"> <div class=\"container\"> <div class=\"row\"> <div class=\"col-md-6\">  <picture> <img loading=\"lazy\" decoding=\"async\" width=\"1024\" height=\"682\" src=\"https:\/\/www.rogaska.si\/it\/wp-content\/uploads\/sites\/4\/2023\/08\/pitje-roi-voda-01-1024x682.jpg\" class=\"img-fluid wp-image-925\" srcset=\"https:\/\/www.rogaska.si\/it\/wp-content\/uploads\/sites\/4\/2023\/08\/pitje-roi-voda-01-1024x682.jpg 1024w, https:\/\/www.rogaska.si\/it\/wp-content\/uploads\/sites\/4\/2023\/08\/pitje-roi-voda-01-300x200.jpg 300w, https:\/\/www.rogaska.si\/it\/wp-content\/uploads\/sites\/4\/2023\/08\/pitje-roi-voda-01-768x511.jpg 768w, https:\/\/www.rogaska.si\/it\/wp-content\/uploads\/sites\/4\/2023\/08\/pitje-roi-voda-01-480x319.jpg 480w, https:\/\/www.rogaska.si\/it\/wp-content\/uploads\/sites\/4\/2023\/08\/pitje-roi-voda-01-640x426.jpg 640w, https:\/\/www.rogaska.si\/it\/wp-content\/uploads\/sites\/4\/2023\/08\/pitje-roi-voda-01-720x479.jpg 720w, https:\/\/www.rogaska.si\/it\/wp-content\/uploads\/sites\/4\/2023\/08\/pitje-roi-voda-01-960x639.jpg 960w, https:\/\/www.rogaska.si\/it\/wp-content\/uploads\/sites\/4\/2023\/08\/pitje-roi-voda-01-1168x777.jpg 1168w, https:\/\/www.rogaska.si\/it\/wp-content\/uploads\/sites\/4\/2023\/08\/pitje-roi-voda-01-1440x958.jpg 1440w, https:\/\/www.rogaska.si\/it\/wp-content\/uploads\/sites\/4\/2023\/08\/pitje-roi-voda-01-1920x1278.jpg 1920w, https:\/\/www.rogaska.si\/it\/wp-content\/uploads\/sites\/4\/2023\/08\/pitje-roi-voda-01-1536x1022.jpg 1536w, https:\/\/www.rogaska.si\/it\/wp-content\/uploads\/sites\/4\/2023\/08\/pitje-roi-voda-01-2048x1363.jpg 2048w\" sizes=\"auto, (max-width: 1024px) 100vw, 1024px\" \/> <\/picture> <\/div> <div class=\"col-md-6 d-flex flex-column justify-content-center mt-4 mt-md-0\">\n<h3 class=\"wp-block-hotel-sava-heading-3\">Acqua minerale Roga\u0161ka Roitschecrene: la leggenda che continua a vivere<\/h3>\n\n\n\n<p>Leggendaria sin dalle origini, e tale \u00e8 rimasta. Pegaso, la creatura mitica, \u00e8 il creatore di questa sorgente di inestimabile valore. Secondo la leggenda, la sorgente Roitschocrene fu creata dal cavallo alato della mitologia greca, Pegaso. La leggenda narra che Pegaso, su ordine di Apollo, colp\u00ec con lo zoccolo il terreno di Roga\u0161ka, aprendo cos\u00ec la sorgente di Roitschocrene. Da qui sgorg\u00f2 l&#8217;acqua minerale, che contiene la maggior quantit\u00e0 di magnesio rispetto a qualsiasi altra acqua minerale al mondo. In quel solenne momento, Apollo pronunci\u00f2 le famose parole: &#8220;Qui, dove ti trovi, c&#8217;\u00e8 la fonte della salute ed il vero potere di Dio. Invece Ippocrene disse, bevi Roitschocrene, la sorgente di Roga\u0161ka davanti a te!&#8221;. Un saggio consiglio del Dio delle guarigioni, del sole e della poesia.<\/p>\n\n\n\n<p>L&#8217;acqua minerale di Roga\u0161ka Slatina ha un contenuto di minerali tra i pi\u00f9 alti al mondo, contraddistinto dai solidi disciolti totali ovvero TDS. L\u2019abbondante contenuto di minerali conferisce all&#8217;acqua un gusto caratteristico e ricco. Tutti gli elementi presenti nell&#8217;acqua sono in equilibrio armonico e disciolti, affinch\u00e9 l\u2019organismo li possa assorbire facilmente. Il metabolismo scioglie con facilit\u00e0 i minerali e li trasmette rapidamente alle cellule in attivit\u00e0.<\/p>\n<\/div> <\/div> <\/div> <\/section>\n\n\n\n<section class=\"wp-block-hotel-sava-layout-image-md4-right py-5\"> <div class=\"container\"> <div class=\"row\"> <div class=\"col-md-4 ms-md-auto\">  <picture> <img loading=\"lazy\" decoding=\"async\" width=\"1024\" height=\"682\" src=\"https:\/\/www.rogaska.si\/it\/wp-content\/uploads\/sites\/4\/2023\/09\/pitje-vode-o-05-1024x682.jpg\" class=\"img-fluid wp-image-1131\" srcset=\"https:\/\/www.rogaska.si\/it\/wp-content\/uploads\/sites\/4\/2023\/09\/pitje-vode-o-05-1024x682.jpg 1024w, https:\/\/www.rogaska.si\/it\/wp-content\/uploads\/sites\/4\/2023\/09\/pitje-vode-o-05-300x200.jpg 300w, https:\/\/www.rogaska.si\/it\/wp-content\/uploads\/sites\/4\/2023\/09\/pitje-vode-o-05-768x512.jpg 768w, https:\/\/www.rogaska.si\/it\/wp-content\/uploads\/sites\/4\/2023\/09\/pitje-vode-o-05-480x320.jpg 480w, https:\/\/www.rogaska.si\/it\/wp-content\/uploads\/sites\/4\/2023\/09\/pitje-vode-o-05-640x426.jpg 640w, https:\/\/www.rogaska.si\/it\/wp-content\/uploads\/sites\/4\/2023\/09\/pitje-vode-o-05-720x480.jpg 720w, https:\/\/www.rogaska.si\/it\/wp-content\/uploads\/sites\/4\/2023\/09\/pitje-vode-o-05-960x640.jpg 960w, https:\/\/www.rogaska.si\/it\/wp-content\/uploads\/sites\/4\/2023\/09\/pitje-vode-o-05-1168x778.jpg 1168w, https:\/\/www.rogaska.si\/it\/wp-content\/uploads\/sites\/4\/2023\/09\/pitje-vode-o-05-1440x960.jpg 1440w, https:\/\/www.rogaska.si\/it\/wp-content\/uploads\/sites\/4\/2023\/09\/pitje-vode-o-05-1920x1279.jpg 1920w, https:\/\/www.rogaska.si\/it\/wp-content\/uploads\/sites\/4\/2023\/09\/pitje-vode-o-05-1536x1024.jpg 1536w, https:\/\/www.rogaska.si\/it\/wp-content\/uploads\/sites\/4\/2023\/09\/pitje-vode-o-05-2048x1365.jpg 2048w\" sizes=\"auto, (max-width: 1024px) 100vw, 1024px\" \/> <\/picture> <\/div> <div class=\"col-md-6 mt-4 mt-md-0 order-md-first\">\n<h2 class=\"wp-block-hotel-sava-heading-2 display-5\">Benefici per la salute<\/h2>\n\n\n\n<h3 class=\"wp-block-hotel-sava-heading-3\">Vivere una vita ricca e lunga<\/h3>\n\n\n\n<p>Lunga \u00e8 la tradizione delle analisi svolte per accertare gli effetti benefici sulla salute, tanto che gi\u00e0 importanti re e sovrani hanno beneficiato in prima persona degli effetti curativi dei minerali, presenti nell&#8217;acqua minerale di Roga\u0161ka Slatina, un vero e proprio antidoto per uno stile di vita impegnato. Sull&#8217;acqua minerale Roga\u0161ka sono state fatte numerose ed approfondite analisi per accertarne le propriet\u00e0 curative ed \u00e8 stata una delle prime acque minerali al mondo per la quale \u00e8 stata scritta una monografia scientifica. Fu pubblicata gi\u00e0 nel 1685 con il titolo Roitschocrene (nome latino per sorgente di Roga\u0161ka) dal dottor Johann Benedikt Gr\u00fcnde. L&#8217;acqua minerale, conosciuta gi\u00e0 dai Celti e dai Romani e chiamata Roitschocrene, fu resa popolare da Paul de Sorbait, che la present\u00f2 alla corte degli Asburgo. L\u2019acqua minerale fu poi utilizzata in tutto il mondo quando il conte Petar Zrinski si fece promotore della diffusione delle propriet\u00e0 curative in tutto il mondo, tanto che alla fine del XIX secolo era diventata la terza acqua pi\u00f9 venduta al mondo.<\/p>\n<\/div> <\/div> <\/div> <\/section>\n\n\n\n<section class=\"wp-block-hotel-sava-secondary-card\"> <div class=\"container-xxl pt-5\"> <div class=\"bgr-1 row\"> <div class=\"col-md-6  order-md-2 pe-0 ps-0\"> <div> <img loading=\"lazy\" decoding=\"async\" width=\"2500\" height=\"1664\" src=\"https:\/\/www.rogaska.si\/it\/wp-content\/uploads\/sites\/4\/2023\/08\/pitje-roi-voda-01.jpg\" class=\"img-fluid pb-lg-5 ps-lg-5 pt-lg-5 wp-image-925\" srcset=\"https:\/\/www.rogaska.si\/it\/wp-content\/uploads\/sites\/4\/2023\/08\/pitje-roi-voda-01.jpg 2500w, https:\/\/www.rogaska.si\/it\/wp-content\/uploads\/sites\/4\/2023\/08\/pitje-roi-voda-01-300x200.jpg 300w, https:\/\/www.rogaska.si\/it\/wp-content\/uploads\/sites\/4\/2023\/08\/pitje-roi-voda-01-1024x682.jpg 1024w, https:\/\/www.rogaska.si\/it\/wp-content\/uploads\/sites\/4\/2023\/08\/pitje-roi-voda-01-768x511.jpg 768w, https:\/\/www.rogaska.si\/it\/wp-content\/uploads\/sites\/4\/2023\/08\/pitje-roi-voda-01-480x319.jpg 480w, https:\/\/www.rogaska.si\/it\/wp-content\/uploads\/sites\/4\/2023\/08\/pitje-roi-voda-01-640x426.jpg 640w, https:\/\/www.rogaska.si\/it\/wp-content\/uploads\/sites\/4\/2023\/08\/pitje-roi-voda-01-720x479.jpg 720w, https:\/\/www.rogaska.si\/it\/wp-content\/uploads\/sites\/4\/2023\/08\/pitje-roi-voda-01-960x639.jpg 960w, https:\/\/www.rogaska.si\/it\/wp-content\/uploads\/sites\/4\/2023\/08\/pitje-roi-voda-01-1168x777.jpg 1168w, https:\/\/www.rogaska.si\/it\/wp-content\/uploads\/sites\/4\/2023\/08\/pitje-roi-voda-01-1440x958.jpg 1440w, https:\/\/www.rogaska.si\/it\/wp-content\/uploads\/sites\/4\/2023\/08\/pitje-roi-voda-01-1920x1278.jpg 1920w, https:\/\/www.rogaska.si\/it\/wp-content\/uploads\/sites\/4\/2023\/08\/pitje-roi-voda-01-1536x1022.jpg 1536w, https:\/\/www.rogaska.si\/it\/wp-content\/uploads\/sites\/4\/2023\/08\/pitje-roi-voda-01-2048x1363.jpg 2048w\" sizes=\"auto, (max-width: 2500px) 100vw, 2500px\" \/> <\/div>  <\/div> <div class=\"bg-light bgr-1 col-md-6 p-5\"> <div>\n<h3 class=\"wp-block-hotel-sava-heading-3\">Acqua minerale naturale Roga\u0161ka<\/h3>\n\n\n\n<p>L&#8217;acqua minerale Roga\u0161ka \u00e8 diversa da qualsiasi altra acqua minerale al mondo. L&#8217;acqua minerale con una quantit\u00e0 di magnesio maggiore rispetto a tutte le altre, offre numerosi vantaggi, ma solo se assunta in quantit\u00e0 moderate. La cosa importante \u00e8 imparare a bere correttamente l&#8217;acqua minerale anche in base a diverse circostanze. Quest\u2019acqua minerale unica del suo genere garantisce numerosi effetti benefici sulla salute, proprio in base ai metodi di assunzione. Bevendo l&#8217;acqua minerale Roga\u0161ka calda rapidamente, si accelerer\u00e0 l&#8217;efficacia. Se l&#8217;acqua minerale fredda di Roga\u0161ka Slatina viene assunta lentamente, aumenterete l&#8217;assorbimento dei minerali.<\/p>\n\n\n\n<p>L&#8217;elemento pi\u00f9 importante dell&#8217;acqua minerale naturale di Roga\u0161ka Slatina \u00e8 il magnesio, che si trova nella sua forma naturale.<\/p>\n\n\n\n<h4 class=\"wp-block-hotel-sava-heading-4\">Indicazioni<\/h4>\n\n\n\n<ul class=\"wp-block-list\">\n<li>malattie epatiche, cistifellea, pancreas,<\/li>\n\n\n\n<li>gastrite cronica, meteorismo, stitichezza,<\/li>\n\n\n\n<li>obesit\u00e0<\/li>\n\n\n\n<li>diabete tipo II, colesterolo,<\/li>\n\n\n\n<li>ipertensione arteriosa,<\/li>\n\n\n\n<li>carenza di magnesio<\/li>\n\n\n\n<li>sforzi fisici e psichici<\/li>\n<\/ul>\n<\/div>  <\/div> <\/div> <\/div> <\/section>\n\n\n\n<section class=\"wp-block-hotel-sava-section-2-col py-5\"> <div class=\"container\"> <div class=\" row\">\n<div class=\"wp-block-hotel-sava-col-md-6 col-md-6\">\n<h3 class=\"wp-block-hotel-sava-heading-3\">Effetti curativi<\/h3>\n\n\n\n<p class=\"wp-block-hotel-sava-lead lead\">Gli effetti curativi dell&#8217;acqua minerale Roga\u0161ka possono essere divisi in due categorie:<\/p>\n\n\n\n<h4 class=\"wp-block-hotel-sava-heading-4\">Effetti curativi preventivi<\/h4>\n\n\n\n<p>Si consiglia il consumo regolare dell&#8217;acqua curativa Roga\u0161ka a tutte le persone sane, in particolare a coloro che conducono uno stile di vita impegnativo che, a lungo andare, potrebbe ripercuotersi inevitabilmente su salute e benessere.<\/p>\n\n\n\n<p>I moderni metodi di produzione alimentare sottraggono alla terra il magnesio, per tale motivo esso \u00e8 sempre meno presente nei nostri alimenti. Inoltre, il consumo di cibi grassi e poco sani e di alcolici, il fumo e le frequenti situazioni di stress provocano un ulteriore abbassamento di magnesio nell&#8217;organismo.<br>Poich\u00e9 il magnesio \u00e8 molto importante nella regolazione generale del sistema nervoso e muscolare, l&#8217;acqua minerale con il pi\u00f9 alto contenuto di magnesio al mondo \u00e8 la soluzione ideale per il vostro stile di vita impegnato. Con l\u2019assunzione preventiva di tre o quattro bicchieri di acqua minerale al giorno potrete contare su una quantit\u00e0 di magnesio sufficiente per godervi la vita e non dovrete preoccuparvi degli effetti sulla salute dovuti allo stile di vita. L\u2019acqua minerale Roga\u0161ka \u00e8 particolarmente efficace se assunta preventivamente:<\/p>\n\n\n\n<ul class=\"wp-block-list\">\n<li>stimola la digestione,<\/li>\n\n\n\n<li>rinforza la contrazione muscolare,<\/li>\n\n\n\n<li>stimola la prevenzione dell\u2019infarto cardiaco,<\/li>\n\n\n\n<li>accelera la rigenerazione epatica,<\/li>\n\n\n\n<li>abbassa il livello di colesterolo,<\/li>\n\n\n\n<li>migliora il metabolismo,<\/li>\n\n\n\n<li>aiuta a prevenire lo stress,<\/li>\n\n\n\n<li>aiuta a prevenire la formazione di calcoli renali,<\/li>\n\n\n\n<li>aiuta a prevenire l\u2019osteoporosi.<\/li>\n<\/ul>\n<\/div>\n\n\n\n<div class=\"wp-block-hotel-sava-col-md-6 col-md-6\">\n<h4 class=\"wp-block-hotel-sava-heading-4\">Effetti curativi terapeutici<\/h4>\n\n\n\n<p>L&#8217;acqua minerale di Roga\u0161ka Slatina, la pi\u00f9 ricca di magnesio al mondo, \u00e8 ampiamente utilizzata per i suoi effetti curativi sulla salute.<\/p>\n\n\n\n<p>Se prescritta dal medico, si pu\u00f2 utilizzare anche per il trattamento di:<\/p>\n\n\n\n<ul class=\"wp-block-list\">\n<li>diabete e disturbi dell&#8217;apparato digerente,<\/li>\n\n\n\n<li>malattie gastrointestinali,<\/li>\n\n\n\n<li>glicemia, colesterolo ed ipertensione arteriosa,<\/li>\n\n\n\n<li>stitichezza,<\/li>\n\n\n\n<li>bruciore di stomaco,<\/li>\n\n\n\n<li>iperacidit\u00e0,<\/li>\n\n\n\n<li>crampi muscolari,<\/li>\n\n\n\n<li>cefalee.<\/li>\n<\/ul>\n\n\n\n<p class=\"has-light-background-color has-background\">Il corpo umano ha bisogno di una quantit\u00e0 precisa di magnesio. In caso di carenza di magnesio nelle cellule, l&#8217;organismo inizia a sostituire la quantit\u00e0 mancante attingendo alle proprie riserve &#8211; dalle ossa e dal fegato. L&#8217;acqua minerale Roga\u0161ka \u00e8 quindi anche un rimedio prezioso che garantisce effetti curativi.<\/p>\n<\/div>\n<\/div> <\/div> <\/section>\n","protected":false},"excerpt":{"rendered":"","protected":false},"author":1,"featured_media":0,"parent":0,"menu_order":0,"comment_status":"closed","ping_status":"closed","template":"","meta":{"_acf_changed":false,"footnotes":""},"class_list":["post-359","page","type-page","status-publish","hentry"],"acf":[],"publishpress_future_workflow_manual_trigger":{"enabledWorkflows":[]},"_links":{"self":[{"href":"https:\/\/www.rogaska.si\/it\/wp-json\/wp\/v2\/pages\/359","targetHints":{"allow":["GET"]}}],"collection":[{"href":"https:\/\/www.rogaska.si\/it\/wp-json\/wp\/v2\/pages"}],"about":[{"href":"https:\/\/www.rogaska.si\/it\/wp-json\/wp\/v2\/types\/page"}],"author":[{"embeddable":true,"href":"https:\/\/www.rogaska.si\/it\/wp-json\/wp\/v2\/users\/1"}],"replies":[{"embeddable":true,"href":"https:\/\/www.rogaska.si\/it\/wp-json\/wp\/v2\/comments?post=359"}],"version-history":[{"count":3,"href":"https:\/\/www.rogaska.si\/it\/wp-json\/wp\/v2\/pages\/359\/revisions"}],"predecessor-version":[{"id":2156,"href":"https:\/\/www.rogaska.si\/it\/wp-json\/wp\/v2\/pages\/359\/revisions\/2156"}],"wp:attachment":[{"href":"https:\/\/www.rogaska.si\/it\/wp-json\/wp\/v2\/media?parent=359"}],"curies":[{"name":"wp","href":"https:\/\/api.w.org\/{rel}","templated":true}]}}