{"id":2068,"date":"2024-01-09T17:17:27","date_gmt":"2024-01-09T16:17:27","guid":{"rendered":"https:\/\/www.rogaska.si\/it\/?page_id=2068"},"modified":"2024-01-09T17:18:13","modified_gmt":"2024-01-09T16:18:13","slug":"condizioni-generali-sava-club","status":"publish","type":"page","link":"https:\/\/www.rogaska.si\/it\/sava-club-loyalty-program\/condizioni-generali-sava-club\/","title":{"rendered":"Condizioni generali relative alla gestione della carta del Sava club"},"content":{"rendered":"<section class=\"py-5 wp-block-hotel-sava-support-page\">\n  <div class=\"container\">\n    <div class=\"d-md-block d-none mt-5 pt-5 row\">\n      <div>\n                                                                        <nav aria-label=\"breadcrumb\">\n              <ol class=\"breadcrumb\">\n                                <li class=\"breadcrumb-item\"><a href=\"https:\/\/www.rogaska.si\/it\">Home page<\/a>\n                <\/li>\n                                                <li class=\"breadcrumb-item active\" aria-current=\"page\">\n                  Sava Club \u2013 programma della fedelta                <\/li>\n              <\/ol>\n            <\/nav>\n                                                                                                                                                                <\/div>\n    <\/div>\n    <div class=\"row\">\n      <div>\n        <h1 class=\"display-4 text-center\">Condizioni generali relative alla gestione della carta del Sava club<\/h1>\n      <\/div>\n    <\/div>\n    <div class=\"mt-5 row\">\n        <div class=\"col-lg-10 col-md-11 me-auto ms-auto\" >\n        \n\n<p><strong>Rilascio delle carte: <\/strong>Le Carte del SAVA CLUB vengono rilasciate dalla Societ\u00e0 Hotel Sava Roga\u0161ka, d.o.o., Zdravili\u0161ki trg 6, 3250 Roga\u0161ka Slatina.<\/p>\n\n\n\n<p>La Carta pu\u00f2 esere rilasciata alle persone fisiche che hanno compiuto i 15 anni di et\u00e0 che hanno compilato esattamente il modulo per il rilascio. Il rilascio alle persone giuridiche non \u00e8 possibile. La Carta pu\u00f2 essere usata solo dal suo titolare e non \u00e8 trasferibile. Si pu\u00f2 ottenere la Carta con una richiesta scritta rilasciata alla Reception del Grand hotel Sava****sup a Roga\u0161ka Slatina oppure tramite il sito www.rogaska.si.<\/p>\n\n\n\n<p><strong>Uso: <\/strong>Il titolare della Carta pu\u00f2 con la sua presentazione usufruire dei vantaggi e degli sconti che gli spettano nel dato periodo e per dati servizi. Il titolare della Carta riceve con ogni acquisto di almeno 1 euro un certo numero di punti che gli valgono dei vantaggi (i punti si raccolgono con gli acquisti di servizi dai regolari listini prezzi della ristorazione, del wellness e della sistemazione alberghiera). La raccolta e l&#8217;uso dei punti sono consentiti solo con la presentazione della Carta. Il numero dei punti dipende dal valore dell&#8217;acquisto e cio\u00e8 per ciascun euro un punto. I punti vengono iscritti al sistema della Carta, i vantaggi vengono dati alla fine del perido di calcolo. I vantaggi in forma del buono elettronico possono essere usufruiti all&#8217;acquisto successivo fino alla fine del periodo di calcolo. I vanataggi di cui il titolare ha diritto dipendono dal numero di punti raccolti. I vantaggi speciali e il numero dei punti, necessari per averli, sono pubblicati sull&#8217;opuscolo del Sava Club e sul sito www.rogaska.si.<\/p>\n\n\n\n<p>Alla fine di ogni periodo i titolari ricevono la somma dei punti secondo alcuni criteri ed il buono elettronico (l&#8217;abbuono di certo valore, accumulato sulla Carta), che possono usufruire nel perido di calcolo successivo. La somma dell&#8217;acquisto con il buono deve essere superiore al valore del buono. Il valore del buono non viene calcolato nella somma degli acquisti per il periodo successivo di calcolo. I punti raccolti si trasferiscono al periodo di calcolo successivo solo per i soci che non hanno raccolto un numero sufficiente per ricevere il premio. Il trasferimento dei punti \u00e8 possibile solo una volta. Nel caso in cui il socio anche entro la fine del secondo periodo di calcolo non raccoglie sufficienti punti, per poter ricevere il premio in forma di abbuono, il numero dei punti raccolti si annulla. Per tutti gli altri il numero dei punti torna a 0 subito dopo il rilascio del buono regalo. Il numero totale dei punti raccolti viene iscritto ad ogni acquisto. Il titolare ha la possibilit\u00e0 di verificare lo stato dei propri punti attraverso il sito www.rogaska.si. I vantaggi possono essere usufruiti prima del pagamento effettuato e con presentazione della Carta e sulla base dei buoni acquisiti. I vantaggi della Carta non possono essere scambiati con i contanti. Periodi di calcolo: dal 1. 1. al 30.6. e dal 1.7. al 31. 12. I vantaggi che spettano al titolare possono esere usufruiti esclusivamente all&#8217;Hotel Sava Roga\u0161ka d.o.o..<\/p>\n\n\n\n<p>Lo sconto del Sava Club per servizi wellness vale solo per servizi individuali secondo il regolare Listino prezzi.<\/p>\n\n\n\n<p><strong>Se si perde la Carta: <\/strong>Nel caso in cui si perde la Carta o viene danneggiata, \u00e8 possibile sostituirla con la presentazione di un documento ufficiale qualsiasi con la foto e con il modulo compiato per il rilascio della nuova Carta. Il titolare paga l&#8217;ammontare per il rilascio della nuova Carta.<\/p>\n\n\n\n<p><strong>Recesso: <\/strong>La Carta \u00e8 rilasciata per un tempo indeterminato, il titolare pu\u00f2 in qualsiasi momento recedere senza indicare le ragioni. Il recesso deve essere mandato con la lettera raccomandata e con essa deve restituire anche la Carta. Il recesso entra in vigore quando l&#8217;Hotel Sava Roga\u0161ka, d.o.o., riceve la lettera raccomandata con la Carta. L&#8217;Hotel Sava Roga\u0161ka, d.o.o., pu\u00f2 in qualsiasi momento e senza indicare le ragioni annullare la Carta con una semplice lettera. Se la Carta viene annullata dall&#8217;Hotel Sava Roga\u0161ka, d.o.o., il titolare ha diritto di usufruire di tutti i vantaggi accumulati entro la data del recesso scritto.<\/p>\n\n\n\n<p><strong>Indirizzo per ricevere la posta: <\/strong>Il titolare della Carta si impegna di informare sempre l&#8217;Hotel Sava Roga\u0161ka, d.o.o., sugli eventuali cambiamenti dell&#8217;indirizzo, del nome o di altri dati, importanti per l&#8217;uso della Carta.<\/p>\n\n\n\n<p><strong>Modifiche delle condizioni generali della gestione: <\/strong>l&#8217;Hotel Sava Roga\u0161ka, d.o.o., ha il diritto di modificare le condizioni di gestione e di altri vantaggi senza particolare informazione scritta ai titolari. Le condizioni della gestione sono pubblicate sul sito <a href=\"https:\/\/www.rogaska.si\/it\/sava-club-loyalty-program\/condizioni-generali-sava-club\/\">https:\/\/www.rogaska.si\/it\/sava-club-loyalty-program\/condizioni-generali-sava-club\/<\/a>.<\/p>\n\n\n\n<p><strong>Tutela dei dati personali: <\/strong>Con l&#8217;iscrizione dei dati personali sul modulo e con la firma della dichiarazione o con la conferma sul modulo sul sito, relativo al consenso dell&#8217;uso dei dati personali, il titolare della Carta acconsente che tutti i suoi dati diventano noti nell&#8217;ambito dell&#8217;uso della Carta da parte del gestore dei dati personali, cio\u00e8 da parte della Societ\u00e0 Hotel Sava Roga\u0161ka, d.o.o., Zdravili\u0161ki trg 6, 3250 Roga\u0161ka Slatina e possono essere raccolti, seguiti, usati, trattati e conservati per scopi di marketing, per attivit\u00e0 promozionali, compreso il marketing diretto e le analisi dell&#8217;uso della Carta e delle abitudini di acquisto del titolare. I titolare consente che il gestore dei dati personali pu\u00f2 usare tutti i dati personali che si riferiscono al titolare, con l&#8217;eccezione dei dati delicati. I dati personali saranno elaborati nell&#8217;ambito dell&#8217;UE e dei paesi dell&#8217;ex Unione sovietica. Ogni titolare della Carta pu\u00f2 con uno scritto inviato all&#8217;indirizzo del gestore dei dati personali oppure tramite posta elettronica all&#8217;indirizzo: info@rogaska.si in qualsiasi momento e senza spiegazioni richiedere che il gestore per sempre o temporaneamente smette di usare i suoi dati personali relativi agli acquisti effetuati. Il gestore dei dati in tale caso informer\u00e0 il titolare entro 15 giorni dal ricevimento della richiesta di aver smesso di usare i dati personali relativi agli acquisti e in tal senso informer\u00e0 entro 5 giorni il titolare su tale procedimento. Diritto in vigore: Per decidere in merito alle relazioni legali tra l&#8217;Hotel Sava Roga\u0161ka, d.o.o. e il titolare della Carta \u00e8 vigente la legge slovena.<\/p>\n\n      <\/div>\n    <\/div>\n  <\/div>\n<\/section>","protected":false},"excerpt":{"rendered":"","protected":false},"author":1,"featured_media":0,"parent":1581,"menu_order":0,"comment_status":"closed","ping_status":"closed","template":"","meta":{"_acf_changed":false,"footnotes":""},"class_list":["post-2068","page","type-page","status-publish","hentry"],"acf":[],"publishpress_future_workflow_manual_trigger":{"enabledWorkflows":[]},"_links":{"self":[{"href":"https:\/\/www.rogaska.si\/it\/wp-json\/wp\/v2\/pages\/2068","targetHints":{"allow":["GET"]}}],"collection":[{"href":"https:\/\/www.rogaska.si\/it\/wp-json\/wp\/v2\/pages"}],"about":[{"href":"https:\/\/www.rogaska.si\/it\/wp-json\/wp\/v2\/types\/page"}],"author":[{"embeddable":true,"href":"https:\/\/www.rogaska.si\/it\/wp-json\/wp\/v2\/users\/1"}],"replies":[{"embeddable":true,"href":"https:\/\/www.rogaska.si\/it\/wp-json\/wp\/v2\/comments?post=2068"}],"version-history":[{"count":2,"href":"https:\/\/www.rogaska.si\/it\/wp-json\/wp\/v2\/pages\/2068\/revisions"}],"predecessor-version":[{"id":2070,"href":"https:\/\/www.rogaska.si\/it\/wp-json\/wp\/v2\/pages\/2068\/revisions\/2070"}],"up":[{"embeddable":true,"href":"https:\/\/www.rogaska.si\/it\/wp-json\/wp\/v2\/pages\/1581"}],"wp:attachment":[{"href":"https:\/\/www.rogaska.si\/it\/wp-json\/wp\/v2\/media?parent=2068"}],"curies":[{"name":"wp","href":"https:\/\/api.w.org\/{rel}","templated":true}]}}