{"id":1448,"date":"2023-11-19T15:46:34","date_gmt":"2023-11-19T14:46:34","guid":{"rendered":"https:\/\/www.rogaska.si\/it\/?page_id=1448"},"modified":"2026-04-20T17:52:40","modified_gmt":"2026-04-20T15:52:40","slug":"trattamenti-del-viso-con-apparecchi","status":"publish","type":"page","link":"https:\/\/www.rogaska.si\/it\/roi-beauty\/trattamenti-del-viso-con-apparecchi\/","title":{"rendered":"Trattamenti del viso con apparecchi"},"content":{"rendered":"<section class=\"py-5 wp-block-hotel-sava-hero-secondary\">\n  <div class=\"container\">\n    <div class=\"d-md-block d-none mt-5 pt-5 row\">\n      <div>\n                                                                                                                                            <nav aria-label=\"breadcrumb\">\n              <ol class=\"breadcrumb\">\n                                <li class=\"breadcrumb-item\"><a href=\"https:\/\/www.rogaska.si\/it\">Home page<\/a>\n                <\/li>\n                                                <li class=\"breadcrumb-item active\" aria-current=\"page\">\n                  ROI Beauty                <\/li>\n              <\/ol>\n            <\/nav>\n                                                                                            <\/div>\n    <\/div>\n    <div class=\"row\">\n      <div>\n        <h1 class=\"display-4 text-center\">Trattamenti del viso con apparecchi<\/h1>\n      <\/div>\n    <\/div>\n    <div class=\"mt-5 row\">\n      <div class=\"col-lg-10 col-md-11 me-auto ms-auto\">\n        <div class=\"image-wrapper__fit\">\n          <picture>\n                          <img loading=\"lazy\" decoding=\"async\" width=\"2500\" height=\"1646\" src=\"https:\/\/www.rogaska.si\/it\/wp-content\/uploads\/sites\/4\/2023\/11\/guinot-aparat-obraz.jpg\" class=\"wp-image-1450 image__fit\" alt=\"\" srcset=\"https:\/\/www.rogaska.si\/it\/wp-content\/uploads\/sites\/4\/2023\/11\/guinot-aparat-obraz.jpg 2500w, https:\/\/www.rogaska.si\/it\/wp-content\/uploads\/sites\/4\/2023\/11\/guinot-aparat-obraz-300x198.jpg 300w, https:\/\/www.rogaska.si\/it\/wp-content\/uploads\/sites\/4\/2023\/11\/guinot-aparat-obraz-1024x674.jpg 1024w, https:\/\/www.rogaska.si\/it\/wp-content\/uploads\/sites\/4\/2023\/11\/guinot-aparat-obraz-768x506.jpg 768w, https:\/\/www.rogaska.si\/it\/wp-content\/uploads\/sites\/4\/2023\/11\/guinot-aparat-obraz-480x316.jpg 480w, https:\/\/www.rogaska.si\/it\/wp-content\/uploads\/sites\/4\/2023\/11\/guinot-aparat-obraz-640x421.jpg 640w, https:\/\/www.rogaska.si\/it\/wp-content\/uploads\/sites\/4\/2023\/11\/guinot-aparat-obraz-720x474.jpg 720w, https:\/\/www.rogaska.si\/it\/wp-content\/uploads\/sites\/4\/2023\/11\/guinot-aparat-obraz-960x632.jpg 960w, https:\/\/www.rogaska.si\/it\/wp-content\/uploads\/sites\/4\/2023\/11\/guinot-aparat-obraz-1168x769.jpg 1168w, https:\/\/www.rogaska.si\/it\/wp-content\/uploads\/sites\/4\/2023\/11\/guinot-aparat-obraz-1440x948.jpg 1440w, https:\/\/www.rogaska.si\/it\/wp-content\/uploads\/sites\/4\/2023\/11\/guinot-aparat-obraz-1920x1264.jpg 1920w, https:\/\/www.rogaska.si\/it\/wp-content\/uploads\/sites\/4\/2023\/11\/guinot-aparat-obraz-1536x1011.jpg 1536w, https:\/\/www.rogaska.si\/it\/wp-content\/uploads\/sites\/4\/2023\/11\/guinot-aparat-obraz-2048x1348.jpg 2048w\" sizes=\"auto, (max-width: 2500px) 100vw, 2500px\" \/>\n                                  <\/picture>\n        <\/div>\n      <\/div>\n    <\/div>\n  <\/div>\n<\/section>\n\n\n<section class=\"wp-block-hotel-sava-col-md-8 py-5\"> <div class=\"container\"> <div class=\"row\"> <div class=\"col-md-8 me-auto ms-auto\">\n<h3 class=\"wp-block-hotel-sava-heading-3\">Hydradermie 1000 &#8211; L\u2019alternativa alla medicina estetica<\/h3>\n\n\n\n<p>TRATTAMENTI VISO, ADATTI A TUTTI I TIPI DI PELLE<\/p>\n\n\n\n<p>FUNZIONI DISPONIBILI:<\/p>\n\n\n\n<ul class=\"wp-block-list\">\n<li>DOPPIA IONIZZAZIONE &#8211; elettroterapia delicata con lievi movimenti di rulli che consentono una migliore penetrazione dei sieri in gel nella pelle.&nbsp;<\/li>\n\n\n\n<li>ELETTRODO TERMALE \u2013 l&#8217;effetto termico dell&#8217;applicatore stimola la penetrazione dell&#8217;acido ialuronico nell&#8217;epidermide.<\/li>\n\n\n\n<li>STIMOLAZIONE MUSCOLARE &#8211; con microcorrente sti- molante a basse frequenze, da utilizzare per stimolare la contrattura della struttura muscolare.<\/li>\n<\/ul>\n\n\n\n<div class=\"wp-block-hotel-sava-treatments treatments__wrapper\"> <div class=\"treatments__grid\"> <div> <p class=\"fs-5 mb-2 mt-2 text-muted\">HYDRADERMIE 1000 1in1<\/p> <p class=\"mb-2\">Ionizzazione dinamica + temperatura. Aumenta l&#8217;attivit\u00e0 biologica cellulare.<\/p> <\/div> <div>\n<div class=\"wp-block-hotel-sava-treatment-value treatments-value__wrapper\"> <div class=\"text-end treatments-value\"> <p class=\"fs-5 mb-0 mt-sm-2 text-sm-end text-start treatments-time__area\">50 min<\/p> <p class=\"fs-5 mb-0 mt-sm-2  text-end text-muted treatments-price__area\">110 \u20ac<\/p> <\/div> <\/div>\n<\/div> <\/div> <\/div>\n\n\n\n<div class=\"wp-block-hotel-sava-treatments treatments__wrapper\"> <div class=\"treatments__grid\"> <div> <p class=\"fs-5 mb-2 mt-2 text-muted\">HYDRADERMIE 1000 &#8211; LIFT 1in1<\/p> <p class=\"mb-2\">Infusione termica di acido ialuronico \u2013 l&#8217;effetto termico dell&#8217;applicatore favorisce la penetrazione dell&#8217;acido ialuronico nell&#8217;epidermide. La stimolazione muscolare tramite una speciale corrente elettrica favorisce il rafforzamento dei muscoli. Visibilmente ringiovanisce i tratti del viso aumentando il tono muscolare.<\/p> <\/div> <div>\n<div class=\"wp-block-hotel-sava-treatment-value treatments-value__wrapper\"> <div class=\"text-end treatments-value\"> <p class=\"fs-5 mb-0 mt-sm-2 text-sm-end text-start treatments-time__area\">50 min<\/p> <p class=\"fs-5 mb-0 mt-sm-2  text-end text-muted treatments-price__area\">130 \u20ac<\/p> <\/div> <\/div>\n<\/div> <\/div> <\/div>\n\n\n\n<div class=\"wp-block-hotel-sava-treatments treatments__wrapper\"> <div class=\"treatments__grid\"> <div> <p class=\"fs-5 mb-2 mt-2 text-muted\">EYE LOGIC \u2013 TRATTAMENTO COMPLETO PER GLI OCCHI<\/p> <p class=\"mb-2\">Trattamento intensivo per la zona occhi EYE LOGIC \u00e8 un trattamento completo con il quale si agisce contro cughe, occhiaie e borse sotto gli occhi COMTEMPORANEAMENTE.<\/p> <\/div> <div>\n<div class=\"wp-block-hotel-sava-treatment-value treatments-value__wrapper\"> <div class=\"text-end treatments-value\"> <p class=\"fs-5 mb-0 mt-sm-2 text-sm-end text-start treatments-time__area\">40 min<\/p> <p class=\"fs-5 mb-0 mt-sm-2  text-end text-muted treatments-price__area\">65 \u20ac<\/p> <\/div> <\/div>\n<\/div> <\/div> <\/div>\n\n\n\n<div class=\"wp-block-hotel-sava-treatments treatments__wrapper\"> <div class=\"treatments__grid\"> <div> <p class=\"fs-5 mb-2 mt-2 text-muted\">HYDRADERMIE 1000 &#8211; DELUX 3in1<\/p> <p class=\"mb-2\">Hydradermie 1000 \u2013 Deluxe \u00e8 un trattamento 2 in 1. Il trattamento combina Hydradermie 1000 e Hydradermie 1000-Lift. La cura offre risultati eccellenti gi\u00e0 dal primo trattamento. Grazie a tre funzioni specifiche, i tratti del viso e la pelle appaiono visibilmente ringiovaniti.<\/p> <\/div> <div>\n<div class=\"wp-block-hotel-sava-treatment-value treatments-value__wrapper\"> <div class=\"text-end treatments-value\"> <p class=\"fs-5 mb-0 mt-sm-2 text-sm-end text-start treatments-time__area\">80 min<\/p> <p class=\"fs-5 mb-0 mt-sm-2  text-end text-muted treatments-price__area\">160 \u20ac<\/p> <\/div> <\/div>\n<\/div> <\/div> <\/div>\n\n\n\n<div class=\"wp-block-hotel-sava-treatments treatments__wrapper\"> <div class=\"treatments__grid\"> <div> <p class=\"fs-5 mb-2 mt-2 text-muted\">HYDRADERMIE  1000 &#8211; DELUX 3in1<\/p> <p class=\"mb-2\">Con la combinazione della maschera speciale o del trattamento speciale per gli occhi EYE LOGIC o con HYDRA- CLEAN.<\/p> <\/div> <div>\n<div class=\"wp-block-hotel-sava-treatment-value treatments-value__wrapper\"> <div class=\"text-end treatments-value\"> <p class=\"fs-5 mb-0 mt-sm-2 text-sm-end text-start treatments-time__area\">100 min<\/p> <p class=\"fs-5 mb-0 mt-sm-2  text-end text-muted treatments-price__area\">190 \u20ac<\/p> <\/div> <\/div>\n<\/div> <\/div> <\/div>\n\n\n\n<div class=\"wp-block-hotel-sava-treatments treatments__wrapper\"> <div class=\"treatments__grid\"> <div> <p class=\"fs-5 mb-2 mt-2 text-muted\">VIP-GUINOT trattamento del viso 4in1<\/p> <p class=\"mb-2\">Trattamento individuale del viso con la cosmesi Guinot.<\/p> <\/div> <div>\n<div class=\"wp-block-hotel-sava-treatment-value treatments-value__wrapper\"> <div class=\"text-end treatments-value\"> <p class=\"fs-5 mb-0 mt-sm-2 text-sm-end text-start treatments-time__area\">120 min<\/p> <p class=\"fs-5 mb-0 mt-sm-2  text-end text-muted treatments-price__area\">220 \u20ac<\/p> <\/div> <\/div>\n<\/div> <\/div> <\/div>\n\n\n\n<div class=\"wp-block-hotel-sava-treatments treatments__wrapper\"> <div class=\"treatments__grid\"> <div> <p class=\"fs-5 mb-2 mt-2 text-muted\">HYDRA CLEAN &#8211; Strumento per la pulizia profonda del viso<\/p> <p class=\"mb-2\">Il trattamento esclusivo per la pulizia del viso in profondit\u00e0 per l\u2019idratazione del viso. Gi\u00e0 dopo il primo trattamento la pelle riprende vigore, si idrata e assorbe una quantit\u00e0 di principi attivi dei prodot- ti aumentando del 40 % maggiore, riducendo al contempo del 97 % i brufoli. La pulizia viene combinata con il massaggio e la maschera.<\/p> <\/div> <div>\n<div class=\"wp-block-hotel-sava-treatment-value treatments-value__wrapper\"> <div class=\"text-end treatments-value\"> <p class=\"fs-5 mb-0 mt-sm-2 text-sm-end text-start treatments-time__area\">40 min<\/p> <p class=\"fs-5 mb-0 mt-sm-2  text-end text-muted treatments-price__area\">60 \u20ac<\/p> <\/div> <\/div>\n<\/div> <\/div> <\/div>\n\n\n\n<div class=\"wp-block-hotel-sava-treatments treatments__wrapper\"> <div class=\"treatments__grid\"> <div> <p class=\"fs-5 mb-2 mt-2 text-muted\">Hydraclean Special<\/p> <p class=\"mb-2\">Trattamento adatto a tutti i tipi di pelle. Combinazione della pulizia del viso meccanica e manuale, massaggio, maschera.<\/p> <\/div> <div>\n<div class=\"wp-block-hotel-sava-treatment-value treatments-value__wrapper\"> <div class=\"text-end treatments-value\"> <p class=\"fs-5 mb-0 mt-sm-2 text-sm-end text-start treatments-time__area\">70 min<\/p> <p class=\"fs-5 mb-0 mt-sm-2  text-end text-muted treatments-price__area\">85 \u20ac<\/p> <\/div> <\/div>\n<\/div> <\/div> <\/div>\n<\/div> <\/div> <\/div> <\/section>\n\n\n\n<section class=\"wp-block-hotel-sava-col-md-8 py-5\"> <div class=\"container\"> <div class=\"row\"> <div class=\"col-md-8 me-auto ms-auto\">\n<h3 class=\"wp-block-hotel-sava-heading-3\">Radiage &#8211; cura del viso<\/h3>\n\n\n\n<p>La radiofrequenza \u00e8 una tecnica non invasiva, grazie alla quale si riscaldano aree sottocutanee. Radiage \u00e8 uno dei metodi pi\u00f9 recenti per ringiovanire la pelle del viso, del collo e del decolt\u00e9. Rafforza e tende la pelle a lungo termine, con risultati visibili gi\u00e0 dopo il primo trattamento.<\/p>\n\n\n\n<div class=\"wp-block-hotel-sava-treatments treatments__wrapper\"> <div class=\"treatments__grid\"> <div> <p class=\"fs-5 mb-2 mt-2 text-muted\">RADIOFREQUENCA<\/p> <p class=\"mb-2\">Radiage del viso<\/p> <\/div> <div>\n<div class=\"wp-block-hotel-sava-treatment-value treatments-value__wrapper\"> <div class=\"text-end treatments-value\"> <p class=\"fs-5 mb-0 mt-sm-2 text-sm-end text-start treatments-time__area\">60 min<\/p> <p class=\"fs-5 mb-0 mt-sm-2  text-end text-muted treatments-price__area\">140 \u20ac<\/p> <\/div> <\/div>\n<\/div> <\/div> <\/div>\n\n\n\n<h3 class=\"wp-block-hotel-sava-heading-3  mt-4\">Cluederm<\/h3>\n\n\n\n<p>SISTEMA SMART DI RINGIOVANIMENTO DEL VISO (VACUUM \/ RF \/ LUCI LED)<\/p>\n\n\n\n<ul class=\"wp-block-list\">\n<li>Lifting &amp; rassodamento<\/li>\n\n\n\n<li>Riduzione rughe &amp; antiaging<\/li>\n\n\n\n<li>L\u2019energia RF &#8211; RF multipolare convoglia energia termica nel derma e a livello sottocutaneo,<\/li>\n\n\n\n<li>accelera il metabolismo della pelle, rafforza le catene di<\/li>\n\n\n\n<li>collagene e migliora l\u2019elasticit\u00e0.<\/li>\n\n\n\n<li>Ilvuotod\u2019ariaaumentalavascolarizzazione,riduceicon-<\/li>\n\n\n\n<li>tatti dei leganti con le cellule di grasso e per tale motivo rimodella il corpo. In aggiunta sollecita una penetrazione pi\u00f9 efficace di energia RF negli strati profondi della pelle.<\/li>\n\n\n\n<li>Led &#8211; Onde scelte con cura della lunghezza di 640 nm e 460 nm aumentano la vascolarizzazione e migliorano il tono della pelle.<\/li>\n<\/ul>\n\n\n\n<div class=\"wp-block-hotel-sava-treatments treatments__wrapper\"> <div class=\"treatments__grid\"> <div> <p class=\"fs-5 mb-2 mt-2 text-muted\">VISO, COLLO E DECOLTE\u2019<\/p> <p class=\"mb-2\">Trattamento con apparecchio e maschera viso speciale.<\/p> <\/div> <div>\n<div class=\"wp-block-hotel-sava-treatment-value treatments-value__wrapper\"> <div class=\"text-end treatments-value\"> <p class=\"fs-5 mb-0 mt-sm-2 text-sm-end text-start treatments-time__area\">50 min<\/p> <p class=\"fs-5 mb-0 mt-sm-2  text-end text-muted treatments-price__area\">150 \u20ac<\/p> <\/div> <\/div>\n<\/div> <\/div> <\/div>\n\n\n\n<h3 class=\"wp-block-hotel-sava-heading-3  mt-4\">CooLifting<\/h3>\n\n\n\n<p>Coollifting \u00e8 una pistola lifting che a temperatura bassa e con una forte pressione convoglia sul tessuto del viso un flusso di CO2, assieme ad un\u2019elevata concentrazione di so- stanze attive atomizzate. Si tratta di una procedura di mas- sima spettacolarit\u00e0 ed anche veloce, che sfida il passare del tempo (stimolazione, CooLifting, maschera o ossigeno).<\/p>\n\n\n\n<div class=\"wp-block-hotel-sava-treatments treatments__wrapper\"> <div class=\"treatments__grid\"> <div> <p class=\"fs-5 mb-2 mt-2 text-muted\">CooLifting<\/p>  <\/div> <div>\n<div class=\"wp-block-hotel-sava-treatment-value treatments-value__wrapper\"> <div class=\"text-end treatments-value\"> <p class=\"fs-5 mb-0 mt-sm-2 text-sm-end text-start treatments-time__area\">50 min<\/p> <p class=\"fs-5 mb-0 mt-sm-2  text-end text-muted treatments-price__area\">150 \u20ac<\/p> <\/div> <\/div>\n<\/div> <\/div> <\/div>\n\n\n\n<h3 class=\"wp-block-hotel-sava-heading-3  mt-4\">Trattamento del viso con ultrasuoni<\/h3>\n\n\n\n<p>Trattamento adatto a tutti i tipi di pelle Il trattamento comprende: pulizia della pelle, massaggio del viso con anche il decolt\u00e9, peeling enzimatico, pulizia profonda, applicazione ampolla e maschera in base al tipo di pelle come anche applicazione maschera contorno occhi. Trattamento di vero lusso per la pelle che risulter\u00e0 fre- sca, lucente e ricca di nutrienti.<\/p>\n\n\n\n<div class=\"wp-block-hotel-sava-treatments treatments__wrapper\"> <div class=\"treatments__grid\"> <div> <p class=\"fs-5 mb-2 mt-2 text-muted\">Trattamento del viso con ultrasuoni<\/p>  <\/div> <div>\n<div class=\"wp-block-hotel-sava-treatment-value treatments-value__wrapper\"> <div class=\"text-end treatments-value\"> <p class=\"fs-5 mb-0 mt-sm-2 text-sm-end text-start treatments-time__area\">60 min<\/p> <p class=\"fs-5 mb-0 mt-sm-2  text-end text-muted treatments-price__area\">90 \u20ac<\/p> <\/div> <\/div>\n<\/div> <\/div> <\/div>\n<\/div> <\/div> <\/div> <\/section>\n","protected":false},"excerpt":{"rendered":"","protected":false},"author":1,"featured_media":0,"parent":510,"menu_order":0,"comment_status":"closed","ping_status":"closed","template":"","meta":{"_acf_changed":false,"footnotes":""},"class_list":["post-1448","page","type-page","status-publish","hentry"],"acf":[],"publishpress_future_workflow_manual_trigger":{"enabledWorkflows":[]},"_links":{"self":[{"href":"https:\/\/www.rogaska.si\/it\/wp-json\/wp\/v2\/pages\/1448","targetHints":{"allow":["GET"]}}],"collection":[{"href":"https:\/\/www.rogaska.si\/it\/wp-json\/wp\/v2\/pages"}],"about":[{"href":"https:\/\/www.rogaska.si\/it\/wp-json\/wp\/v2\/types\/page"}],"author":[{"embeddable":true,"href":"https:\/\/www.rogaska.si\/it\/wp-json\/wp\/v2\/users\/1"}],"replies":[{"embeddable":true,"href":"https:\/\/www.rogaska.si\/it\/wp-json\/wp\/v2\/comments?post=1448"}],"version-history":[{"count":3,"href":"https:\/\/www.rogaska.si\/it\/wp-json\/wp\/v2\/pages\/1448\/revisions"}],"predecessor-version":[{"id":7480,"href":"https:\/\/www.rogaska.si\/it\/wp-json\/wp\/v2\/pages\/1448\/revisions\/7480"}],"up":[{"embeddable":true,"href":"https:\/\/www.rogaska.si\/it\/wp-json\/wp\/v2\/pages\/510"}],"wp:attachment":[{"href":"https:\/\/www.rogaska.si\/it\/wp-json\/wp\/v2\/media?parent=1448"}],"curies":[{"name":"wp","href":"https:\/\/api.w.org\/{rel}","templated":true}]}}