{"id":1439,"date":"2023-11-19T15:26:34","date_gmt":"2023-11-19T14:26:34","guid":{"rendered":"https:\/\/www.rogaska.si\/it\/?page_id=1439"},"modified":"2025-03-01T17:56:36","modified_gmt":"2025-03-01T16:56:36","slug":"trattamenti-del-viso","status":"publish","type":"page","link":"https:\/\/www.rogaska.si\/it\/roi-beauty\/trattamenti-del-viso\/","title":{"rendered":"Trattamenti del viso"},"content":{"rendered":"<section class=\"py-5 wp-block-hotel-sava-hero-secondary\">\n  <div class=\"container\">\n    <div class=\"d-md-block d-none mt-5 pt-5 row\">\n      <div>\n                                                                                                                                            <nav aria-label=\"breadcrumb\">\n              <ol class=\"breadcrumb\">\n                                <li class=\"breadcrumb-item\"><a href=\"https:\/\/www.rogaska.si\/it\">Home page<\/a>\n                <\/li>\n                                                <li class=\"breadcrumb-item active\" aria-current=\"page\">\n                  ROI Beauty                <\/li>\n              <\/ol>\n            <\/nav>\n                                                                                            <\/div>\n    <\/div>\n    <div class=\"row\">\n      <div>\n        <h1 class=\"display-4 text-center\">Trattamenti del viso<\/h1>\n      <\/div>\n    <\/div>\n    <div class=\"mt-5 row\">\n      <div class=\"col-lg-10 col-md-11 me-auto ms-auto\">\n        <div class=\"image-wrapper__fit\">\n          <picture>\n                          <img loading=\"lazy\" decoding=\"async\" width=\"1876\" height=\"2500\" src=\"https:\/\/www.rogaska.si\/it\/wp-content\/uploads\/sites\/4\/2023\/11\/Woman_Face_DS8.jpg\" class=\"wp-image-1443 image__fit\" alt=\"\" srcset=\"https:\/\/www.rogaska.si\/it\/wp-content\/uploads\/sites\/4\/2023\/11\/Woman_Face_DS8.jpg 1876w, https:\/\/www.rogaska.si\/it\/wp-content\/uploads\/sites\/4\/2023\/11\/Woman_Face_DS8-225x300.jpg 225w, https:\/\/www.rogaska.si\/it\/wp-content\/uploads\/sites\/4\/2023\/11\/Woman_Face_DS8-768x1023.jpg 768w, https:\/\/www.rogaska.si\/it\/wp-content\/uploads\/sites\/4\/2023\/11\/Woman_Face_DS8-480x640.jpg 480w, https:\/\/www.rogaska.si\/it\/wp-content\/uploads\/sites\/4\/2023\/11\/Woman_Face_DS8-640x853.jpg 640w, https:\/\/www.rogaska.si\/it\/wp-content\/uploads\/sites\/4\/2023\/11\/Woman_Face_DS8-720x959.jpg 720w, https:\/\/www.rogaska.si\/it\/wp-content\/uploads\/sites\/4\/2023\/11\/Woman_Face_DS8-960x1279.jpg 960w, https:\/\/www.rogaska.si\/it\/wp-content\/uploads\/sites\/4\/2023\/11\/Woman_Face_DS8-1168x1557.jpg 1168w, https:\/\/www.rogaska.si\/it\/wp-content\/uploads\/sites\/4\/2023\/11\/Woman_Face_DS8-1440x1919.jpg 1440w, https:\/\/www.rogaska.si\/it\/wp-content\/uploads\/sites\/4\/2023\/11\/Woman_Face_DS8-1153x1536.jpg 1153w, https:\/\/www.rogaska.si\/it\/wp-content\/uploads\/sites\/4\/2023\/11\/Woman_Face_DS8-1537x2048.jpg 1537w\" sizes=\"auto, (max-width: 1876px) 100vw, 1876px\" \/>\n                                  <\/picture>\n        <\/div>\n      <\/div>\n    <\/div>\n  <\/div>\n<\/section>\n\n\n<section class=\"wp-block-hotel-sava-col-md-8 py-5\"> <div class=\"container\"> <div class=\"row\"> <div class=\"col-md-8 me-auto ms-auto\">\n<h3 class=\"wp-block-hotel-sava-heading-3\">Trattamenti del viso Rhea<\/h3>\n\n\n\n<div class=\"wp-block-hotel-sava-treatments treatments__wrapper\"> <div class=\"treatments__grid\"> <div> <p class=\"fs-5 mb-2 mt-2 text-muted\">Rhea cosmetics<\/p> <p class=\"mb-2\">Cosmetici medicinali e vegani con formulazione avanzata per tutti i tipi e condizioni di pelle. I trattamenti vengono tarati in base alle condizioni della pelle ed agli obiettivi da raggiungere. Ogni trattamento \u00e8 formulato individualmente, durante il quale vengono immessi complessi intensivi che levigano rughe, migliorano l\u2019elasticit\u00e0, aumentano l\u2019ossigeno, schiariscono la pigmentazione, riducono le occhiaie ed idratano la pelle.<\/p> <\/div> <div>\n<div class=\"wp-block-hotel-sava-treatment-value treatments-value__wrapper\"> <div class=\"text-end treatments-value\"> <p class=\"fs-5 mb-0 mt-sm-2 text-sm-end text-start treatments-time__area\">60 min<\/p> <p class=\"fs-5 mb-0 mt-sm-2  text-end text-muted treatments-price__area\">120 \u20ac<\/p> <\/div> <\/div>\n\n\n\n<div class=\"wp-block-hotel-sava-treatment-value treatments-value__wrapper\"> <div class=\"text-end treatments-value\"> <p class=\"fs-5 mb-0 mt-sm-2 text-sm-end text-start treatments-time__area\">80 min<\/p> <p class=\"fs-5 mb-0 mt-sm-2  text-end text-muted treatments-price__area\">160 \u20ac<\/p> <\/div> <\/div>\n\n\n\n<div class=\"wp-block-hotel-sava-treatment-value treatments-value__wrapper\"> <div class=\"text-end treatments-value\"> <p class=\"fs-5 mb-0 mt-sm-2 text-sm-end text-start treatments-time__area\">100 min<\/p> <p class=\"fs-5 mb-0 mt-sm-2  text-end text-muted treatments-price__area\">200 \u20ac<\/p> <\/div> <\/div>\n\n\n\n<div class=\"wp-block-hotel-sava-treatment-value treatments-value__wrapper\"> <div class=\"text-end treatments-value\"> <p class=\"fs-5 mb-0 mt-sm-2 text-sm-end text-start treatments-time__area\">120 min<\/p> <p class=\"fs-5 mb-0 mt-sm-2  text-end text-muted treatments-price__area\">240 \u20ac<\/p> <\/div> <\/div>\n\n\n\n<div class=\"wp-block-hotel-sava-treatment-value treatments-value__wrapper\"> <div class=\"text-end treatments-value\"> <p class=\"fs-5 mb-0 mt-sm-2 text-sm-end text-start treatments-time__area\">140 min<\/p> <p class=\"fs-5 mb-0 mt-sm-2  text-end text-muted treatments-price__area\">280 \u20ac<\/p> <\/div> <\/div>\n<\/div> <\/div> <\/div>\n\n\n\n<div class=\"wp-block-hotel-sava-treatments treatments__wrapper\"> <div class=\"treatments__grid\"> <div> <p class=\"fs-5 mb-2 mt-2 text-muted\">Age factor premium<\/p> <p class=\"mb-2\">Un trattamento di elevata qualit\u00e0 con un esclusivo complesso di 24 fattori esposomici con protezione totale della pelle dagli effetti dei raggi UV, dello stress, dei cambiamenti ormonali&#8230; Il trattamento \u00e8 volto a combattere i segni dell\u2019invecchiamento, attenuare rughe, illuminare, rassodare, ridurre la couperose e ripristinare la barriera cutane<\/p> <\/div> <div>\n<div class=\"wp-block-hotel-sava-treatment-value treatments-value__wrapper\"> <div class=\"text-end treatments-value\"> <p class=\"fs-5 mb-0 mt-sm-2 text-sm-end text-start treatments-time__area\">60 min<\/p> <p class=\"fs-5 mb-0 mt-sm-2  text-end text-muted treatments-price__area\">140 \u20ac<\/p> <\/div> <\/div>\n\n\n\n<div class=\"wp-block-hotel-sava-treatment-value treatments-value__wrapper\"> <div class=\"text-end treatments-value\"> <p class=\"fs-5 mb-0 mt-sm-2 text-sm-end text-start treatments-time__area\">80 min<\/p> <p class=\"fs-5 mb-0 mt-sm-2  text-end text-muted treatments-price__area\">180 \u20ac<\/p> <\/div> <\/div>\n<\/div> <\/div> <\/div>\n<\/div> <\/div> <\/div> <\/section>\n\n\n\n<section class=\"wp-block-hotel-sava-col-md-8 py-5\"> <div class=\"container\"> <div class=\"row\"> <div class=\"col-md-8 me-auto ms-auto\">\n<h3 class=\"wp-block-hotel-sava-heading-3\">Trattamenti del viso Guinot<\/h3>\n\n\n\n<div class=\"wp-block-hotel-sava-treatments treatments__wrapper\"> <div class=\"treatments__grid\"> <div> <p class=\"fs-5 mb-2 mt-2 text-muted\">Trattamento viso Detoxygene<\/p> <p class=\"mb-2\">Un trattamento innovativo a base di ossigeno, adatto ad epidermidi stanche e disidratate, prive di vitalit\u00e0, di tabagisti esposte ad inquinamento. RISULTATI dopo un trattamento: profondit\u00e0 delle rughe ridotta del 43%, idratazione aumentata del 66%, numero e larghezza dei pori ridotti dell\u201983%.<\/p> <\/div> <div>\n<div class=\"wp-block-hotel-sava-treatment-value treatments-value__wrapper\"> <div class=\"text-end treatments-value\"> <p class=\"fs-5 mb-0 mt-sm-2 text-sm-end text-start treatments-time__area\">50 min<\/p> <p class=\"fs-5 mb-0 mt-sm-2  text-end text-muted treatments-price__area\">95 \u20ac<\/p> <\/div> <\/div>\n<\/div> <\/div> <\/div>\n\n\n\n<div class=\"wp-block-hotel-sava-treatments treatments__wrapper\"> <div class=\"treatments__grid\"> <div> <p class=\"fs-5 mb-2 mt-2 text-muted\">Lift Summum<\/p> <p class=\"mb-2\">Trattamento manuale intensivo antiet\u00e0 per aumentare l\u2019immunit\u00e0 delle cellule che producono il collagene e ridanno elasticit\u00e0. Rid\u00e0 alla pelle elasticit\u00e0 e luce, rende la pelle tesa, riduce le rughe e restituisce un aspetto giovanile.<\/p> <\/div> <div>\n<div class=\"wp-block-hotel-sava-treatment-value treatments-value__wrapper\"> <div class=\"text-end treatments-value\"> <p class=\"fs-5 mb-0 mt-sm-2 text-sm-end text-start treatments-time__area\">50 min<\/p> <p class=\"fs-5 mb-0 mt-sm-2  text-end text-muted treatments-price__area\">85 \u20ac<\/p> <\/div> <\/div>\n<\/div> <\/div> <\/div>\n\n\n\n<div class=\"wp-block-hotel-sava-treatments treatments__wrapper\"> <div class=\"treatments__grid\"> <div> <p class=\"fs-5 mb-2 mt-2 text-muted\">Hydra Peeling<\/p> <p class=\"mb-2\">Il trattamento intensivo tutto in uno a base di acido per ridurre le rughe, ringiovanire, idratare e schiarire le pigmentazioni. La pelle risulta pi\u00f9 elastica gi\u00e0 dopo il primo trattamento, rigenerata, lucente, le rughe si riducono del 23 %, e le pigmentazioni addirittura del 46 %. Il trattamento viene eseguito autonomamente e in base alle necessit\u00e0 e allo stato della pelle, anche assieme ad altre procedure Guinot.<\/p> <\/div> <div>\n<div class=\"wp-block-hotel-sava-treatment-value treatments-value__wrapper\"> <div class=\"text-end treatments-value\"> <p class=\"fs-5 mb-0 mt-sm-2 text-sm-end text-start treatments-time__area\">50 min<\/p> <p class=\"fs-5 mb-0 mt-sm-2  text-end text-muted treatments-price__area\">85 \u20ac<\/p> <\/div> <\/div>\n<\/div> <\/div> <\/div>\n\n\n\n<div class=\"wp-block-hotel-sava-treatments treatments__wrapper\"> <div class=\"treatments__grid\"> <div> <p class=\"fs-5 mb-2 mt-2 text-muted\">Age Summum trattamento viso e mani<\/p> <p class=\"mb-2\">Age Summum il trattamento prestigioso multifunzionale antiet\u00e0 con acido ialuronico e collagene, per rigenerare, rassodare la pelle, in grado di restituirle in appena un\u2019ora la luce e la naturale elasticit\u00e0.<\/p> <\/div> <div>\n<div class=\"wp-block-hotel-sava-treatment-value treatments-value__wrapper\"> <div class=\"text-end treatments-value\"> <p class=\"fs-5 mb-0 mt-sm-2 text-sm-end text-start treatments-time__area\">60 min<\/p> <p class=\"fs-5 mb-0 mt-sm-2  text-end text-muted treatments-price__area\">110 \u20ac<\/p> <\/div> <\/div>\n<\/div> <\/div> <\/div>\n<\/div> <\/div> <\/div> <\/section>\n\n\n\n<section class=\"wp-block-hotel-sava-col-md-8 py-5\"> <div class=\"container\"> <div class=\"row\"> <div class=\"col-md-8 me-auto ms-auto\">\n<h3 class=\"wp-block-hotel-sava-heading-3\">Trattamento viso Pevonia<\/h3>\n\n\n\n<div class=\"wp-block-hotel-sava-treatments treatments__wrapper\"> <div class=\"treatments__grid\"> <div> <p class=\"fs-5 mb-2 mt-2 text-muted\">Cura del viso base<\/p> <p class=\"mb-2\">Trattamento adatto a tutti i tipi di pelle Il trattamento comprende: pulizia della pelle, massaggio del viso con anche il decolt\u00e9, peeling enzimatico, pulizia profonda e applicazione maschera in base al tipo di pelle.<\/p> <\/div> <div>\n<div class=\"wp-block-hotel-sava-treatment-value treatments-value__wrapper\"> <div class=\"text-end treatments-value\"> <p class=\"fs-5 mb-0 mt-sm-2 text-sm-end text-start treatments-time__area\">60 min<\/p> <p class=\"fs-5 mb-0 mt-sm-2  text-end text-muted treatments-price__area\">70 \u20ac<\/p> <\/div> <\/div>\n<\/div> <\/div> <\/div>\n\n\n\n<div class=\"wp-block-hotel-sava-treatments treatments__wrapper\"> <div class=\"treatments__grid\"> <div> <p class=\"fs-5 mb-2 mt-2 text-muted\">Massaggio antistress o maschera linfodrenante per il viso<\/p> <p class=\"mb-2\">Per il massaggio viene utilizzata una miscela di delicati oli pregiati, per ridurre efficacemente la disidratazione e la secchezza della pelle e per rigenerare il benessere e stimolare il relax.<\/p> <\/div> <div>\n<div class=\"wp-block-hotel-sava-treatment-value treatments-value__wrapper\"> <div class=\"text-end treatments-value\"> <p class=\"fs-5 mb-0 mt-sm-2 text-sm-end text-start treatments-time__area\">45 min<\/p> <p class=\"fs-5 mb-0 mt-sm-2  text-end text-muted treatments-price__area\">40 \u20ac<\/p> <\/div> <\/div>\n<\/div> <\/div> <\/div>\n\n\n\n<div class=\"wp-block-hotel-sava-treatments treatments__wrapper\"> <div class=\"treatments__grid\"> <div> <p class=\"fs-5 mb-2 mt-2 text-muted\">Cura del viso per uomini con caviale<\/p> <p class=\"mb-2\">Arrestare il processo di invecchia- mento con la cura efficace, concepi- ta proprio per le necessit\u00e0 della cute maschile. Il caviale con effetti ringio- vanenti ed il ristrutturante Escutox\u00ae convoglieranno alla vostra pelle sostanze efficaci per combattere l\u2019invecchiamento.<\/p> <\/div> <div>\n<div class=\"wp-block-hotel-sava-treatment-value treatments-value__wrapper\"> <div class=\"text-end treatments-value\"> <p class=\"fs-5 mb-0 mt-sm-2 text-sm-end text-start treatments-time__area\">60 min<\/p> <p class=\"fs-5 mb-0 mt-sm-2  text-end text-muted treatments-price__area\">85 \u20ac<\/p> <\/div> <\/div>\n<\/div> <\/div> <\/div>\n\n\n\n<div class=\"wp-block-hotel-sava-treatments treatments__wrapper\"> <div class=\"treatments__grid\"> <div> <p class=\"fs-5 mb-2 mt-2 text-muted\">Trattamento viso speciale Pevonia ad azione mirata<\/p> <p class=\"mb-2\">Durante l\u2019esame dell\u2019epidermide, l\u2019estetista decide il trattamento pi\u00f9 adatto alla vostra pelle: levigante, idratante, lenitivo, nutriente, antiarrossamento o illuminante.<\/p> <\/div> <div>\n<div class=\"wp-block-hotel-sava-treatment-value treatments-value__wrapper\"> <div class=\"text-end treatments-value\"> <p class=\"fs-5 mb-0 mt-sm-2 text-sm-end text-start treatments-time__area\">60 min<\/p> <p class=\"fs-5 mb-0 mt-sm-2  text-end text-muted treatments-price__area\">85 \u20ac<\/p> <\/div> <\/div>\n<\/div> <\/div> <\/div>\n<\/div> <\/div> <\/div> <\/section>\n\n\n\n<section class=\"wp-block-hotel-sava-col-md-8 py-5\"> <div class=\"container\"> <div class=\"row\"> <div class=\"col-md-8 me-auto ms-auto\">\n<h3 class=\"wp-block-hotel-sava-heading-3\">Face care Dal\u00fa<\/h3>\n\n\n\n<div class=\"wp-block-hotel-sava-treatments treatments__wrapper\"> <div class=\"treatments__grid\"> <div> <p class=\"fs-5 mb-2 mt-2 text-muted\">Royal anti-aging radiance beauty ritual Dal\u00fa<\/p> <p class=\"mb-2\">Vitamin C Illuminating and Anti-aging facial treatment.<br>Il rituale maiestatico anti-age ritual rassoda visibilmente la pelle, idratandola e riducendo le rughe. La vitamina C ed i componenti biotecnologici illuminano la pelle, le conferiscono una luce sana ed agiscono da calmante. ActiwhiteTM \u00e8 un complesso sinergico innovativo di saccarosi ed estratto di piselli che rende la pelle pi\u00f9 chiara, riduce le iperpigmentazioni e la creazione di melanina.<\/p> <\/div> <div>\n<div class=\"wp-block-hotel-sava-treatment-value treatments-value__wrapper\"> <div class=\"text-end treatments-value\"> <p class=\"fs-5 mb-0 mt-sm-2 text-sm-end text-start treatments-time__area\">60 min<\/p> <p class=\"fs-5 mb-0 mt-sm-2  text-end text-muted treatments-price__area\">130 \u20ac<\/p> <\/div> <\/div>\n\n\n\n<div class=\"wp-block-hotel-sava-treatment-value treatments-value__wrapper\"> <div class=\"text-end treatments-value\"> <p class=\"fs-5 mb-0 mt-sm-2 text-sm-end text-start treatments-time__area\">90 min<\/p> <p class=\"fs-5 mb-0 mt-sm-2  text-end text-muted treatments-price__area\">160 \u20ac<\/p> <\/div> <\/div>\n<\/div> <\/div> <\/div>\n\n\n\n<div class=\"wp-block-hotel-sava-treatments treatments__wrapper\"> <div class=\"treatments__grid\"> <div> <p class=\"fs-5 mb-2 mt-2 text-muted\">Ultimate intensive hydrating &amp; anti-aging beauty facial ritual Dal\u00fa<\/p> <p class=\"mb-2\">6D Hydra Concept &amp; Anti-Aging facial marine boost treatment.<br>Trattamento intensivo idratante ed anti-et\u00e0 che sfrutta il moderno concetto di idratazione a 6 dimensioni: 3 diverse masse di acido ialuronico combinate con altri ingredienti idratanti ed anti-age ad alta tecnologia: Ectoin\u00ae, Phytospherix\u00ae, AquaxylTM, In-stensylTM idratano la pelle, reintegrando collagene ed elastina. Ed \u00e8 proprio cos\u00ec che le piccole rughe spariscono\u2026 Spirulina boost sprona la remineralizzazione in profondit\u00e0.<\/p> <\/div> <div>\n<div class=\"wp-block-hotel-sava-treatment-value treatments-value__wrapper\"> <div class=\"text-end treatments-value\"> <p class=\"fs-5 mb-0 mt-sm-2 text-sm-end text-start treatments-time__area\">60 min<\/p> <p class=\"fs-5 mb-0 mt-sm-2  text-end text-muted treatments-price__area\">110 \u20ac<\/p> <\/div> <\/div>\n\n\n\n<div class=\"wp-block-hotel-sava-treatment-value treatments-value__wrapper\"> <div class=\"text-end treatments-value\"> <p class=\"fs-5 mb-0 mt-sm-2 text-sm-end text-start treatments-time__area\">90 min<\/p> <p class=\"fs-5 mb-0 mt-sm-2  text-end text-muted treatments-price__area\">130 \u20ac<\/p> <\/div> <\/div>\n<\/div> <\/div> <\/div>\n\n\n\n<div class=\"wp-block-hotel-sava-treatments treatments__wrapper\"> <div class=\"treatments__grid\"> <div> <p class=\"fs-5 mb-2 mt-2 text-muted\">24-karat gold pure luxury lift &amp; firm beauty ritual Dal\u00fa<\/p> <p class=\"mb-2\">24-Karat gold leaf radiance treatment (patch occhi con oro).<br>Restituire alla pelle la luminosit\u00e0 con l&#8217;oro! L&#8217;oro non \u00e8 soltanto accattivante, non \u00e8 solo sinonimo di sfarzo ha, invece, della propriet\u00e0 di bellezza comprovate nei secoli. Elimina le macchie scure sulla pelle (iperpigmentazione) e la schiarisce. \u00c9 una sostanza antinfiammatoria naturale, lenisce le infiammazioni della pelle, riduce i gonfiori ed ha un&#8217;azione lenitiva sui rossori.<\/p> <\/div> <div>\n<div class=\"wp-block-hotel-sava-treatment-value treatments-value__wrapper\"> <div class=\"text-end treatments-value\"> <p class=\"fs-5 mb-0 mt-sm-2 text-sm-end text-start treatments-time__area\">105 min<\/p> <p class=\"fs-5 mb-0 mt-sm-2  text-end text-muted treatments-price__area\">350 \u20ac<\/p> <\/div> <\/div>\n\n\n\n<div class=\"wp-block-hotel-sava-treatment-value treatments-value__wrapper\"> <div class=\"text-end treatments-value\"> <p class=\"fs-5 mb-0 mt-sm-2 text-sm-end text-start treatments-time__area\">115 min<\/p> <p class=\"fs-5 mb-0 mt-sm-2  text-end text-muted treatments-price__area\">410 \u20ac<\/p> <\/div> <\/div>\n<\/div> <\/div> <\/div>\n\n\n\n<div class=\"wp-block-hotel-sava-treatments treatments__wrapper\"> <div class=\"treatments__grid\"> <div> <p class=\"fs-5 mb-2 mt-2 text-muted\">Anti-aging beauty eye ritual<\/p> <p class=\"mb-2\">Antiwrinkle, anti-puffiness and and dark circles eye treatment.<\/p> <\/div> <div>\n<div class=\"wp-block-hotel-sava-treatment-value treatments-value__wrapper\"> <div class=\"text-end treatments-value\"> <p class=\"fs-5 mb-0 mt-sm-2 text-sm-end text-start treatments-time__area\">35 min<\/p> <p class=\"fs-5 mb-0 mt-sm-2  text-end text-muted treatments-price__area\">60 \u20ac<\/p> <\/div> <\/div>\n<\/div> <\/div> <\/div>\n\n\n\n<div class=\"wp-block-hotel-sava-treatments treatments__wrapper\"> <div class=\"treatments__grid\"> <div> <p class=\"fs-5 mb-2 mt-2 text-muted\">4-karat gold eye anti-aging ritual<\/p> <p class=\"mb-2\">I patch all&#8217;oro 24K accelerano la sintesi di elastina e collagene in profondit\u00e0, illuminano la pelle, donandole uno splendore regale.<\/p> <\/div> <div>\n<div class=\"wp-block-hotel-sava-treatment-value treatments-value__wrapper\"> <div class=\"text-end treatments-value\"> <p class=\"fs-5 mb-0 mt-sm-2 text-sm-end text-start treatments-time__area\">45 min<\/p> <p class=\"fs-5 mb-0 mt-sm-2  text-end text-muted treatments-price__area\">180 \u20ac<\/p> <\/div> <\/div>\n<\/div> <\/div> <\/div>\n\n\n\n<div class=\"wp-block-hotel-sava-treatments treatments__wrapper\"> <div class=\"treatments__grid\"> <div> <p class=\"fs-5 mb-2 mt-2 text-muted\">SOS sensitive skin beauty facial ritual Dal\u00fa<\/p> <p class=\"mb-2\">Soothing and calming sensitive skin treatment.<br>Dopo il trattamento, la tua pelle risulter\u00e0 rinata, fresca e radiosa.<\/p> <\/div> <div>\n<div class=\"wp-block-hotel-sava-treatment-value treatments-value__wrapper\"> <div class=\"text-end treatments-value\"> <p class=\"fs-5 mb-0 mt-sm-2 text-sm-end text-start treatments-time__area\">60 min<\/p> <p class=\"fs-5 mb-0 mt-sm-2  text-end text-muted treatments-price__area\">90 \u20ac<\/p> <\/div> <\/div>\n<\/div> <\/div> <\/div>\n\n\n\n<div class=\"wp-block-hotel-sava-treatments treatments__wrapper\"> <div class=\"treatments__grid\"> <div> <p class=\"fs-5 mb-2 mt-2 text-muted\">Anti-aging biotec ritual Dal\u00fa<\/p> <p class=\"mb-2\">Attiva le cellule basali della cute, aumentandone elasticit\u00e0 e tono.<br>Prova il massimo ringiovanimento con un trattamento viso anti-et\u00e0 a radiofrequenza progettato per offrire il lifting perfetto. Ingredienti biotecnologici avanzati idratano in profondit\u00e0, nutrono intensamente la pelle e ne migliorano la compattezza. Questa tecnologia all&#8217;avanguardia a radiofrequenza riduce efficacemente la comparsa delle rughe, lasciando la pelle visibilmente pi\u00f9 liscia e giovane.<\/p> <\/div> <div>\n<div class=\"wp-block-hotel-sava-treatment-value treatments-value__wrapper\"> <div class=\"text-end treatments-value\"> <p class=\"fs-5 mb-0 mt-sm-2 text-sm-end text-start treatments-time__area\">60 min<\/p> <p class=\"fs-5 mb-0 mt-sm-2  text-end text-muted treatments-price__area\">150 \u20ac<\/p> <\/div> <\/div>\n<\/div> <\/div> <\/div>\n\n\n\n<div class=\"wp-block-hotel-sava-treatments treatments__wrapper\"> <div class=\"treatments__grid\"> <div> <p class=\"fs-5 mb-2 mt-2 text-muted\">Anti-aging biotec ritual Dal\u00fa con stimolazione facciale<\/p>  <\/div> <div>\n<div class=\"wp-block-hotel-sava-treatment-value treatments-value__wrapper\"> <div class=\"text-end treatments-value\"> <p class=\"fs-5 mb-0 mt-sm-2 text-sm-end text-start treatments-time__area\">70 min<\/p> <p class=\"fs-5 mb-0 mt-sm-2  text-end text-muted treatments-price__area\">170 \u20ac<\/p> <\/div> <\/div>\n<\/div> <\/div> <\/div>\n<\/div> <\/div> <\/div> <\/section>\n","protected":false},"excerpt":{"rendered":"","protected":false},"author":1,"featured_media":0,"parent":510,"menu_order":0,"comment_status":"closed","ping_status":"closed","template":"","meta":{"_acf_changed":false,"footnotes":""},"class_list":["post-1439","page","type-page","status-publish","hentry"],"acf":[],"publishpress_future_workflow_manual_trigger":{"enabledWorkflows":[]},"_links":{"self":[{"href":"https:\/\/www.rogaska.si\/it\/wp-json\/wp\/v2\/pages\/1439","targetHints":{"allow":["GET"]}}],"collection":[{"href":"https:\/\/www.rogaska.si\/it\/wp-json\/wp\/v2\/pages"}],"about":[{"href":"https:\/\/www.rogaska.si\/it\/wp-json\/wp\/v2\/types\/page"}],"author":[{"embeddable":true,"href":"https:\/\/www.rogaska.si\/it\/wp-json\/wp\/v2\/users\/1"}],"replies":[{"embeddable":true,"href":"https:\/\/www.rogaska.si\/it\/wp-json\/wp\/v2\/comments?post=1439"}],"version-history":[{"count":3,"href":"https:\/\/www.rogaska.si\/it\/wp-json\/wp\/v2\/pages\/1439\/revisions"}],"predecessor-version":[{"id":4773,"href":"https:\/\/www.rogaska.si\/it\/wp-json\/wp\/v2\/pages\/1439\/revisions\/4773"}],"up":[{"embeddable":true,"href":"https:\/\/www.rogaska.si\/it\/wp-json\/wp\/v2\/pages\/510"}],"wp:attachment":[{"href":"https:\/\/www.rogaska.si\/it\/wp-json\/wp\/v2\/media?parent=1439"}],"curies":[{"name":"wp","href":"https:\/\/api.w.org\/{rel}","templated":true}]}}