{"id":1431,"date":"2023-11-19T15:08:28","date_gmt":"2023-11-19T14:08:28","guid":{"rendered":"https:\/\/www.rogaska.si\/it\/?page_id=1431"},"modified":"2026-04-20T18:05:07","modified_gmt":"2026-04-20T16:05:07","slug":"trattamenti-del-corpo","status":"publish","type":"page","link":"https:\/\/www.rogaska.si\/it\/roi-beauty\/trattamenti-del-corpo\/","title":{"rendered":"Trattamenti del corpo"},"content":{"rendered":"<section class=\"py-5 wp-block-hotel-sava-hero-secondary\">\n  <div class=\"container\">\n    <div class=\"d-md-block d-none mt-5 pt-5 row\">\n      <div>\n                                                                                                                                            <nav aria-label=\"breadcrumb\">\n              <ol class=\"breadcrumb\">\n                                <li class=\"breadcrumb-item\"><a href=\"https:\/\/www.rogaska.si\/it\">Home page<\/a>\n                <\/li>\n                                                <li class=\"breadcrumb-item active\" aria-current=\"page\">\n                  ROI Beauty                <\/li>\n              <\/ol>\n            <\/nav>\n                                                                                            <\/div>\n    <\/div>\n    <div class=\"row\">\n      <div>\n        <h1 class=\"display-4 text-center\">Trattamenti del corpo<\/h1>\n      <\/div>\n    <\/div>\n    <div class=\"mt-5 row\">\n      <div class=\"col-lg-10 col-md-11 me-auto ms-auto\">\n        <div class=\"image-wrapper__fit\">\n          <picture>\n                          <img loading=\"lazy\" decoding=\"async\" width=\"2286\" height=\"2500\" src=\"https:\/\/www.rogaska.si\/it\/wp-content\/uploads\/sites\/4\/2023\/11\/SCS_Woman_Body.jpg\" class=\"wp-image-1432 image__fit\" alt=\"\" srcset=\"https:\/\/www.rogaska.si\/it\/wp-content\/uploads\/sites\/4\/2023\/11\/SCS_Woman_Body.jpg 2286w, https:\/\/www.rogaska.si\/it\/wp-content\/uploads\/sites\/4\/2023\/11\/SCS_Woman_Body-274x300.jpg 274w, https:\/\/www.rogaska.si\/it\/wp-content\/uploads\/sites\/4\/2023\/11\/SCS_Woman_Body-936x1024.jpg 936w, https:\/\/www.rogaska.si\/it\/wp-content\/uploads\/sites\/4\/2023\/11\/SCS_Woman_Body-768x840.jpg 768w, https:\/\/www.rogaska.si\/it\/wp-content\/uploads\/sites\/4\/2023\/11\/SCS_Woman_Body-480x525.jpg 480w, https:\/\/www.rogaska.si\/it\/wp-content\/uploads\/sites\/4\/2023\/11\/SCS_Woman_Body-640x700.jpg 640w, https:\/\/www.rogaska.si\/it\/wp-content\/uploads\/sites\/4\/2023\/11\/SCS_Woman_Body-720x787.jpg 720w, https:\/\/www.rogaska.si\/it\/wp-content\/uploads\/sites\/4\/2023\/11\/SCS_Woman_Body-960x1050.jpg 960w, https:\/\/www.rogaska.si\/it\/wp-content\/uploads\/sites\/4\/2023\/11\/SCS_Woman_Body-1168x1277.jpg 1168w, https:\/\/www.rogaska.si\/it\/wp-content\/uploads\/sites\/4\/2023\/11\/SCS_Woman_Body-1440x1575.jpg 1440w, https:\/\/www.rogaska.si\/it\/wp-content\/uploads\/sites\/4\/2023\/11\/SCS_Woman_Body-1920x2100.jpg 1920w, https:\/\/www.rogaska.si\/it\/wp-content\/uploads\/sites\/4\/2023\/11\/SCS_Woman_Body-1405x1536.jpg 1405w, https:\/\/www.rogaska.si\/it\/wp-content\/uploads\/sites\/4\/2023\/11\/SCS_Woman_Body-1873x2048.jpg 1873w\" sizes=\"auto, (max-width: 2286px) 100vw, 2286px\" \/>\n                                  <\/picture>\n        <\/div>\n      <\/div>\n    <\/div>\n  <\/div>\n<\/section>\n\n\n<section class=\"wp-block-hotel-sava-col-md-8 py-5\"> <div class=\"container\"> <div class=\"row\"> <div class=\"col-md-8 me-auto ms-auto\">\n<div class=\"wp-block-hotel-sava-treatments treatments__wrapper\"> <div class=\"treatments__grid\"> <div> <p class=\"fs-5 mb-2 mt-2 text-muted\">Peeling del corpo<\/p> <p class=\"mb-2\">Rimuove le cellule morte, pulisce e leviga la pelle e la prepara al prossimo trattamento.<\/p> <\/div> <div>\n<div class=\"wp-block-hotel-sava-treatment-value treatments-value__wrapper\"> <div class=\"text-end treatments-value\"> <p class=\"fs-5 mb-0 mt-sm-2 text-sm-end text-start treatments-time__area\">20 min<\/p> <p class=\"fs-5 mb-0 mt-sm-2  text-end text-muted treatments-price__area\">30 \u20ac<\/p> <\/div> <\/div>\n<\/div> <\/div> <\/div>\n\n\n\n<div class=\"wp-block-hotel-sava-treatments treatments__wrapper\"> <div class=\"treatments__grid\"> <div> <p class=\"fs-5 mb-2 mt-2 text-muted\">Peeling e massaggio rilassante<\/p> <p class=\"mb-2\">Peeling delicato e massaggio rilassante del corpo per rinnovare la pelle e renderla pi\u00f9 elastica.<\/p> <\/div> <div>\n<div class=\"wp-block-hotel-sava-treatment-value treatments-value__wrapper\"> <div class=\"text-end treatments-value\"> <p class=\"fs-5 mb-0 mt-sm-2 text-sm-end text-start treatments-time__area\">60 min<\/p> <p class=\"fs-5 mb-0 mt-sm-2  text-end text-muted treatments-price__area\">75 \u20ac<\/p> <\/div> <\/div>\n<\/div> <\/div> <\/div>\n\n\n\n<div class=\"wp-block-hotel-sava-treatments treatments__wrapper\"> <div class=\"treatments__grid\"> <div> <p class=\"fs-5 mb-2 mt-2 text-muted\">Trattamento disintossicante con alghe<\/p> <p class=\"mb-2\">Trattamento per ridurre la ritenzione idrica, idratazione della pelle e ritonificare. Consigliata anche per dimagrimenti.<\/p> <\/div> <div>\n<div class=\"wp-block-hotel-sava-treatment-value treatments-value__wrapper\"> <div class=\"text-end treatments-value\"> <p class=\"fs-5 mb-0 mt-sm-2 text-sm-end text-start treatments-time__area\">60 min<\/p> <p class=\"fs-5 mb-0 mt-sm-2  text-end text-muted treatments-price__area\">75 \u20ac<\/p> <\/div> <\/div>\n<\/div> <\/div> <\/div>\n\n\n\n<div class=\"wp-block-hotel-sava-treatments treatments__wrapper\"> <div class=\"treatments__grid\"> <div> <p class=\"fs-5 mb-2 mt-2 text-muted\">Trattamento anticellulite disintossicante con alghe e caff\u00e8 verde.<\/p> <p class=\"mb-2\">Il trattamento riduce la cellulite, stimola il dimagrimento e tonifica la pelle.<\/p> <\/div> <div>\n<div class=\"wp-block-hotel-sava-treatment-value treatments-value__wrapper\"> <div class=\"text-end treatments-value\"> <p class=\"fs-5 mb-0 mt-sm-2 text-sm-end text-start treatments-time__area\">75 min<\/p> <p class=\"fs-5 mb-0 mt-sm-2  text-end text-muted treatments-price__area\">79 \u20ac<\/p> <\/div> <\/div>\n<\/div> <\/div> <\/div>\n\n\n\n<div class=\"wp-block-hotel-sava-treatments treatments__wrapper\"> <div class=\"treatments__grid\"> <div> <p class=\"fs-5 mb-2 mt-2 text-muted\">Lumafirm Body Firm &amp; Glow<\/p> <p class=\"mb-2\">Trattamento del corpo unico, arricchito con una combinazione esclusiva di sostanze contro l\u2019invecchiamento della pelle che la rende visibilmente pi\u00f9 giovane.<\/p> <\/div> <div>\n<div class=\"wp-block-hotel-sava-treatment-value treatments-value__wrapper\"> <div class=\"text-end treatments-value\"> <p class=\"fs-5 mb-0 mt-sm-2 text-sm-end text-start treatments-time__area\">60 min<\/p> <p class=\"fs-5 mb-0 mt-sm-2  text-end text-muted treatments-price__area\">75 \u20ac<\/p> <\/div> <\/div>\n<\/div> <\/div> <\/div>\n\n\n\n<div class=\"wp-block-hotel-sava-treatments treatments__wrapper\"> <div class=\"treatments__grid\"> <div> <p class=\"fs-5 mb-2 mt-2 text-muted\">Trattamento vitaminico contro l\u2019invecchiamento della pelle con frutti tropicali<\/p> <p class=\"mb-2\">Izredna nega, ki u\u010dTrattamento eccezionale che rassoda la pelle e la rende pi\u00f9 soda, turgida e lucente.vrsti ko\u017eo in jo naredi bolj voljno, \u010dvrsto in sijo\u010do.<\/p> <\/div> <div>\n<div class=\"wp-block-hotel-sava-treatment-value treatments-value__wrapper\"> <div class=\"text-end treatments-value\"> <p class=\"fs-5 mb-0 mt-sm-2 text-sm-end text-start treatments-time__area\">60 min<\/p> <p class=\"fs-5 mb-0 mt-sm-2  text-end text-muted treatments-price__area\">75 \u20ac<\/p> <\/div> <\/div>\n<\/div> <\/div> <\/div>\n\n\n\n<div class=\"wp-block-hotel-sava-treatments treatments__wrapper\"> <div class=\"treatments__grid\"> <div> <p class=\"fs-5 mb-2 mt-2 text-muted\">Trattamento modellante per gambe con alghe marine<\/p> <p class=\"mb-2\">Trattamento con effetto drenante, riduce stanchezza e gonfiore, stimolando il sistema linfatico.<\/p> <\/div> <div>\n<div class=\"wp-block-hotel-sava-treatment-value treatments-value__wrapper\"> <div class=\"text-end treatments-value\"> <p class=\"fs-5 mb-0 mt-sm-2 text-sm-end text-start treatments-time__area\">50 min<\/p> <p class=\"fs-5 mb-0 mt-sm-2  text-end text-muted treatments-price__area\">50 \u20ac<\/p> <\/div> <\/div>\n<\/div> <\/div> <\/div>\n\n\n\n<div class=\"wp-block-hotel-sava-treatments treatments__wrapper\"> <div class=\"treatments__grid\"> <div> <p class=\"fs-5 mb-2 mt-2 text-muted\">Trattamento levigante del corpo con peeling<\/p> <p class=\"mb-2\">Trattamento che ammorbidisce e leviga la pelle secca ed irregolare.<\/p> <\/div> <div>\n<div class=\"wp-block-hotel-sava-treatment-value treatments-value__wrapper\"> <div class=\"text-end treatments-value\"> <p class=\"fs-5 mb-0 mt-sm-2 text-sm-end text-start treatments-time__area\">45 min<\/p> <p class=\"fs-5 mb-0 mt-sm-2  text-end text-muted treatments-price__area\">45 \u20ac<\/p> <\/div> <\/div>\n<\/div> <\/div> <\/div>\n\n\n\n<div class=\"wp-block-hotel-sava-treatments treatments__wrapper\"> <div class=\"treatments__grid\"> <div> <p class=\"fs-5 mb-2 mt-2 text-muted\">Indulgenza al cioccolato<\/p> <p class=\"mb-2\">Fuggite in un&#8217;oasi sensuale e concedetevi una deliziosa mousse al cioccolato. Una lussuosa esperienza corpo 3 in 1 che unisce detersione, esfoliazione e maschera con i benefici del cacao e una potente miscela di ingredienti attivi.<\/p> <\/div> <div>\n<div class=\"wp-block-hotel-sava-treatment-value treatments-value__wrapper\"> <div class=\"text-end treatments-value\"> <p class=\"fs-5 mb-0 mt-sm-2 text-sm-end text-start treatments-time__area\">60 min<\/p> <p class=\"fs-5 mb-0 mt-sm-2  text-end text-muted treatments-price__area\">85 \u20ac<\/p> <\/div> <\/div>\n<\/div> <\/div> <\/div>\n\n\n\n<div class=\"wp-block-hotel-sava-treatments treatments__wrapper\"> <div class=\"treatments__grid\"> <div> <p class=\"fs-5 mb-2 mt-2 text-muted\">Indulgenza al cioccolato<br>Combinazione con massaggio<\/p>  <\/div> <div>\n<div class=\"wp-block-hotel-sava-treatment-value treatments-value__wrapper\"> <div class=\"text-end treatments-value\"> <p class=\"fs-5 mb-0 mt-sm-2 text-sm-end text-start treatments-time__area\">100 min<\/p> <p class=\"fs-5 mb-0 mt-sm-2  text-end text-muted treatments-price__area\">110 \u20ac<\/p> <\/div> <\/div>\n<\/div> <\/div> <\/div>\n\n\n\n<div class=\"wp-block-hotel-sava-treatments treatments__wrapper\"> <div class=\"treatments__grid\"> <div> <p class=\"fs-5 mb-2 mt-2 text-muted\">Spazzolatura a secco del corpo con impacchi anti-et\u00e0 + regalo<\/p> <p class=\"mb-2\">Dopo un\u2019accurata tecnica di spazzolatura a secco, si applicano gli impacchi per il corpo per garantire una cura approfondita della pelle che hanno effetti rigeneranti e ristrutturanti e riducono secchezza e ruvidit\u00e0.<\/p> <\/div> <div>\n<div class=\"wp-block-hotel-sava-treatment-value treatments-value__wrapper\"> <div class=\"text-end treatments-value\"> <p class=\"fs-5 mb-0 mt-sm-2 text-sm-end text-start treatments-time__area\">50 min<\/p> <p class=\"fs-5 mb-0 mt-sm-2  text-end text-muted treatments-price__area\">59 \u20ac<\/p> <\/div> <\/div>\n<\/div> <\/div> <\/div>\n\n\n\n<div class=\"wp-block-hotel-sava-treatments treatments__wrapper\"> <div class=\"treatments__grid\"> <div> <p class=\"fs-5 mb-2 mt-2 text-muted\">MASCHERA DETOX PER IL CORPO<\/p> <p class=\"mb-2\">Maschera detox auto-riscaldante per il corpo con t\u00e8 verde. Il calore delicato potenzia l&#8217;efficacia degli ingredienti attivi, aumentando cos\u00ec i benefici per la pelle e il corpo.<\/p> <\/div> <div>\n<div class=\"wp-block-hotel-sava-treatment-value treatments-value__wrapper\"> <div class=\"text-end treatments-value\"> <p class=\"fs-5 mb-0 mt-sm-2 text-sm-end text-start treatments-time__area\">30 min<\/p> <p class=\"fs-5 mb-0 mt-sm-2  text-end text-muted treatments-price__area\">45 \u20ac<\/p> <\/div> <\/div>\n<\/div> <\/div> <\/div>\n\n\n\n<div class=\"wp-block-hotel-sava-treatments treatments__wrapper\"> <div class=\"treatments__grid\"> <div> <p class=\"fs-5 mb-2 mt-2 text-muted\">MASCHERA RASSODANTE PER IL CORPO<\/p> <p class=\"mb-2\">Maschera lussuosa, arricchita con estratti di arancia, zenzero e carota, che rivitalizza e rinnova la pelle. Dopo l&#8217;applicazione, la pelle appare tonica, luminosa e rigenerata.<\/p> <\/div> <div>\n<div class=\"wp-block-hotel-sava-treatment-value treatments-value__wrapper\"> <div class=\"text-end treatments-value\"> <p class=\"fs-5 mb-0 mt-sm-2 text-sm-end text-start treatments-time__area\">30 min<\/p> <p class=\"fs-5 mb-0 mt-sm-2  text-end text-muted treatments-price__area\">45 \u20ac<\/p> <\/div> <\/div>\n<\/div> <\/div> <\/div>\n\n\n\n<div class=\"wp-block-hotel-sava-treatments treatments__wrapper\"> <div class=\"treatments__grid\"> <div> <p class=\"fs-5 mb-2 mt-2 text-muted\">Snellente e anticellulite trattamento con alghe<\/p> <p class=\"mb-2\">Trattamento intensivo snellente e anticellulite con alghe.<\/p> <\/div> <div>\n<div class=\"wp-block-hotel-sava-treatment-value treatments-value__wrapper\"> <div class=\"text-end treatments-value\"> <p class=\"fs-5 mb-0 mt-sm-2 text-sm-end text-start treatments-time__area\">60 min<\/p> <p class=\"fs-5 mb-0 mt-sm-2  text-end text-muted treatments-price__area\">75 \u20ac<\/p> <\/div> <\/div>\n<\/div> <\/div> <\/div>\n\n\n\n<div class=\"wp-block-hotel-sava-treatments treatments__wrapper\"> <div class=\"treatments__grid\"> <div> <p class=\"fs-5 mb-2 mt-2 text-muted\">Cocoa termic body wrap<\/p> <p class=\"mb-2\">Un innovativo trattamento benessere per il corpo che vi invita a sentirvi bene e a rilassarvi. A contatto con l&#8217;acqua, la polvere si trasforma istantaneamente in una schiuma scoppiettante. Emette un calore progressivo che consente un rilassamento completo e lo sfruttamento degli effetti positivi del cacao sull&#8217;organismo.<\/p> <\/div> <div>\n<div class=\"wp-block-hotel-sava-treatment-value treatments-value__wrapper\"> <div class=\"text-end treatments-value\"> <p class=\"fs-5 mb-0 mt-sm-2 text-sm-end text-start treatments-time__area\">60 min<\/p> <p class=\"fs-5 mb-0 mt-sm-2  text-end text-muted treatments-price__area\">65 \u20ac<\/p> <\/div> <\/div>\n<\/div> <\/div> <\/div>\n\n\n\n<div class=\"wp-block-hotel-sava-treatments treatments__wrapper\"> <div class=\"treatments__grid\"> <div> <p class=\"fs-5 mb-2 mt-2 text-muted\">Scrub corpo ai tre sali e oli essenziali rilassanti<\/p> <p class=\"mb-2\">Lo scrub corpo con sale del Mar Morto, sale dell&#8217;Himalaya e sale della Bretagna, arricchito con inebrianti oli essenziali, rimuove efficacemente le cellule morte, rimineralizza e nutre la pelle.<\/p> <\/div> <div>\n<div class=\"wp-block-hotel-sava-treatment-value treatments-value__wrapper\"> <div class=\"text-end treatments-value\"> <p class=\"fs-5 mb-0 mt-sm-2 text-sm-end text-start treatments-time__area\">30 min<\/p> <p class=\"fs-5 mb-0 mt-sm-2  text-end text-muted treatments-price__area\">40 \u20ac<\/p> <\/div> <\/div>\n<\/div> <\/div> <\/div>\n<\/div> <\/div> <\/div> <\/section>\n","protected":false},"excerpt":{"rendered":"","protected":false},"author":1,"featured_media":0,"parent":510,"menu_order":0,"comment_status":"closed","ping_status":"closed","template":"","meta":{"_acf_changed":false,"footnotes":""},"class_list":["post-1431","page","type-page","status-publish","hentry"],"acf":[],"publishpress_future_workflow_manual_trigger":{"enabledWorkflows":[]},"_links":{"self":[{"href":"https:\/\/www.rogaska.si\/it\/wp-json\/wp\/v2\/pages\/1431","targetHints":{"allow":["GET"]}}],"collection":[{"href":"https:\/\/www.rogaska.si\/it\/wp-json\/wp\/v2\/pages"}],"about":[{"href":"https:\/\/www.rogaska.si\/it\/wp-json\/wp\/v2\/types\/page"}],"author":[{"embeddable":true,"href":"https:\/\/www.rogaska.si\/it\/wp-json\/wp\/v2\/users\/1"}],"replies":[{"embeddable":true,"href":"https:\/\/www.rogaska.si\/it\/wp-json\/wp\/v2\/comments?post=1431"}],"version-history":[{"count":2,"href":"https:\/\/www.rogaska.si\/it\/wp-json\/wp\/v2\/pages\/1431\/revisions"}],"predecessor-version":[{"id":7483,"href":"https:\/\/www.rogaska.si\/it\/wp-json\/wp\/v2\/pages\/1431\/revisions\/7483"}],"up":[{"embeddable":true,"href":"https:\/\/www.rogaska.si\/it\/wp-json\/wp\/v2\/pages\/510"}],"wp:attachment":[{"href":"https:\/\/www.rogaska.si\/it\/wp-json\/wp\/v2\/media?parent=1431"}],"curies":[{"name":"wp","href":"https:\/\/api.w.org\/{rel}","templated":true}]}}