{"id":1336,"date":"2023-10-12T23:53:42","date_gmt":"2023-10-12T21:53:42","guid":{"rendered":"https:\/\/www.rogaska.si\/it\/?page_id=1336"},"modified":"2023-12-07T18:15:28","modified_gmt":"2023-12-07T17:15:28","slug":"informazione-legale","status":"publish","type":"page","link":"https:\/\/www.rogaska.si\/it\/informazione-legale\/","title":{"rendered":"Informazione legale"},"content":{"rendered":"<section class=\"py-5 wp-block-hotel-sava-support-page\">\n  <div class=\"container\">\n    <div class=\"d-md-block d-none mt-5 pt-5 row\">\n      <div>\n                                                                        <nav aria-label=\"breadcrumb\">\n              <ol class=\"breadcrumb\">\n                                <li class=\"breadcrumb-item\"><a href=\"https:\/\/www.rogaska.si\/it\">Home page<\/a>\n                <\/li>\n                                                <li class=\"breadcrumb-item active\" aria-current=\"page\">\n                  Home                <\/li>\n              <\/ol>\n            <\/nav>\n                                                                                                                                                                <\/div>\n    <\/div>\n    <div class=\"row\">\n      <div>\n        <h1 class=\"display-4 text-center\">Informazione legale<\/h1>\n      <\/div>\n    <\/div>\n    <div class=\"mt-5 row\">\n        <div class=\"col-lg-10 col-md-11 me-auto ms-auto\" >\n        \n\n<p>Tutti i diritti dei siti web www.rogaska.si sono riservati. Tutte le informazioni e materiali, sia scritti che illustrati sui siti web www.rogaska.si sono nei limiti legali consentiti e oggetto di tutela d&#8217;autore di propriet\u00e0 o di altra forma di tutela di propriet\u00e0 intellettuale dell&#8217;Hotel Sava Roga\u0161ka s.r.l., Zdravili\u0161ki trg 6, 3250 Roga\u0161ka Slatina (di seguito Hotel Sava Roga\u0161ka s.r.l.) e con essi i anche i partner colllegati, di cui contenuti sono compresi sui siti web www.rogaska.si.<\/p>\n\n\n\n<p>L&#8217;utente pu\u00f2 usare i contenuti del sito web www.rogaska.si esclusivamente per uso personale e non per uso commerciale. Qualsiasi altra forma d&#8217;uso di contenuti dei siti web www.rogaska.si per scopi commerciali non \u00e8 conentita. Le informazioni e i materiali pubblicati su tali siti web non possono essere copiati, riprodotti o divulgati in altri modi per scopi commerciali senza esplicito consenso dell&#8217;Hotel Sava Roga\u0161ka s.r.l.<\/p>\n\n\n\n<p>L&#8217;Hotel Sava Roga\u0161ka s.r.l. pu\u00f2 in qualsiasi momento modificare tale Informazione legale che diventa vincolante per gli utenti in ogni sua forma modificata.<\/p>\n\n\n\n<h3 class=\"wp-block-heading\">Privacy e protezione dei dati personali<\/h3>\n\n\n\n<p>L&#8217;Hotel Sava Roga\u0161ka s.r.l. rispetta e tutela la vostra privacy. Mentre consultate il sito web www.rogaska.si, siete anonimi, noi non raccogliamo i dati personali e nemmeno l&#8217;indirizzo IP dei visitatori dei siti. A scopi statistici l&#8217;Hotel Sava Roga\u0161ka d.o.o si riserva il diritto di raccogliere solo i dati dei visitatori del sito web, dai quali non si deducono caratteristiche individuali del singolo.<\/p>\n\n\n\n<p>In alcune sezioni del nostro sito web ci affiderete i vostri dati personali in merito alla corrispondenza, alle brevi informazioni e alla partecipazione ai premi internet ecc. L&#8217;Hotel Sava Roga\u0161ka d.o.o garantisce e si impegna a tutelare i dati personali come dati riservati, conformemente alla legislazione vigente. I dati da voi trasmessi non saranno a disposizione di terzi o di persone non autorizzate e verranno usati esclusivamente allo scopo da voi scelto per trasmetterceli.<\/p>\n\n\n\n<p>Rispetto al perseguimento del funzionamento indisturbato, il sito web contiene i c.d. cookies.<\/p>\n\n\n\n<p>Privacy e tutela dei dati personali da parte degli operatori autorizzati dell&#8217;Hotel Sava Roga\u0161ka s.r.l.<\/p>\n\n\n\n<p>Darmade s.r.l. \u00e8 il market maker del sito web www.rogaska.si e ai sensi del contratto con l&#8217;Hotel Sava Roga\u0161ka s.r.l. e l&#8217;Hotel Sava Roga\u0161ka s.r.l. esegue i compiti relativi alla manutenzione e all&#8217;aggiornamento della piattaforma web. L&#8217;Darmade e le eventuali altre aziende esterne che per l&#8217;Hotel Sava Roga\u0161ka s.r.l. eseguono determinate attivit\u00e0 nell&#8217;ambito del sito web, si impegnano a trattare i dati personali solo in conformit\u00e0 alle autorizzazioni dell&#8217;Hotel Sava Roga\u0161ka s.r.l. e non li trattano e non devono trattarli per nessun altro scopo.<\/p>\n\n\n\n<h3 class=\"wp-block-heading\">Avvertenza relativa all&#8217;uso non autorizzato e inadeguato<\/h3>\n\n\n\n<p>Per motivi di sicurezza e per motivi di garantire l&#8217;uso indisturbato a tutti gli utenti, l&#8217;Hotel Sava Roga\u0161ka s.r.l. adopera programmi per monitorare l&#8217;andamento e per identificare tentativi non autorizzati di caricamento o modifiche di informazioni o di altri modi di causare danni. In caso di indagini legali autorizzate e ai sensi dei procedimenti legali necessari, si possono usare informazioni da queste fonti per l&#8217;identificazione dei singoli.<\/p>\n\n\n\n<h3 class=\"wp-block-heading\">Esclusione di responsabilit\u00e0<\/h3>\n\n\n\n<p>Tutte le informazioni e materiali sul sito web www.rogaska.si sono di natura informativa. L&#8217;Hotel Sava Roga\u0161ka s.r.l. si impegna per l&#8217;esattezza, aggiornamento e completezza dei dati pubblicati, ma per la loro esattezza e integrit\u00e0 non ha nessuna responsabilit\u00e0 relativa appunto a precisione, completezza o applicabilit\u00e0 di qualsiasi informazione, prodotto o procedimento descritto.<\/p>\n\n\n\n<p>L&#8217;Hotel Sava Roga\u0161ka s.r.l. non pu\u00f2 essere responsabile per danni (compresi quelli causati da virus) causati all&#8217;attrezzatura informatica, ai cellulari e a qualsiasi altra applicazione con la quale \u00e8 possibile accedere al sito web www.rogaska.si in seguito alla visita al sito web e a qualsiasi altro uso del sito stesso. L&#8217;Hotel Sava Roga\u0161ka s.r.l. non \u00e8 responsabile per qualsiasi danno di qualsiasi genere, che potrebbe verificarsi a causa dell&#8217;uso e dell&#8217;inpossibilit\u00e0 dell&#8217;uso del sito web www.rogaska.si.<\/p>\n\n\n\n<p>L&#8217;Hotel Sava Roga\u0161ka s.r.l. si riserva il diritto di modificare in qualsiasi momento il contenuto del sito web www.rogaska.si , in qualsiasi modo, senza alcun preavviso e indipendentemente dalla ragione e non ha nessuna responsabilit\u00e0 per qualiasi conseguenza di tali modifiche.<\/p>\n\n\n\n<h3 class=\"wp-block-heading\">Collegamenti esterni<\/h3>\n\n\n\n<p>Al fine di offrire informazioni turistiche complete, alcuni siti o sottositi web www.rogaska.si possono essere collegati a vari siti esterni come per esempio ad altri siti web, a singole parti dei siti e ad altre fonti. Non rispondiamo dell&#8217;accessibilit\u00e0, del contenuto o degli errori dei collegamenti esterni, altres\u00ec gli utenti del sito web www.rogaska.si, non possono presupporre che siti web dei collegamenti esterni rispettino gli stessi principi dell rispetto della privacy e della tutela dei dati personali, nel modo in cui li rispetta l&#8217;Hotel Sava Roga\u0161ka s.r.l. La responsabilit\u00e0 dell&#8217;Hotel Sava Roga\u0161ka s.r.l. \u00e8 esclusa in tutti i casi di visita o di uso dei siti web collegati.<\/p>\n\n\n\n<h3 class=\"wp-block-heading\">Annunci imprevisti<\/h3>\n\n\n\n<p>Durante la visita dei nostri siti web il vostro browser internet produce annunci imprevisti. Tali annunci sono probabilmente prodotti da altri siti web e da altri software, installati sul vostro PC. L&#8217;Hotel Sava Roga\u0161ka s.r.l. non approva e non appoggia prodotti o servizi presentati attraverso annunci inprevisti sul vostro PC durante la visita dei nostri siti web.<\/p>\n\n\n\n<h3 class=\"wp-block-heading\">Diritti d&#8217;Autore\/Copyright<\/h3>\n\n\n\n<p>Questi siti web contengono materiali, protetti dai diritti d&#8217;autore\/copyright. Per tali materiali gli autori partecipanti o altri titolari dei diritti d&#8217;autore\/copyright mantengono il diritto di riproduzione e di ridistribuzione. Per tutti coloro che riproducono o ridistribuiscono tali informazioni, si prevede il rispetto delle condizioni e degli obblighi richiesti dagli autori o dai titolari dei diritti d&#8217;autore\/copyright. Materiali cos\u00ec protetti possono comunque essere citati o usati in buona fede, conformemente alle norme relative ai diritti d&#8217;autore\/copyright, che in generale permettono l&#8217;uso per scopi didattici non commerciali come per esempio per insegnamento, ricerche, critiche, notizie e informazione.<\/p>\n\n      <\/div>\n    <\/div>\n  <\/div>\n<\/section>","protected":false},"excerpt":{"rendered":"","protected":false},"author":1,"featured_media":0,"parent":0,"menu_order":0,"comment_status":"closed","ping_status":"closed","template":"","meta":{"_acf_changed":false,"footnotes":""},"class_list":["post-1336","page","type-page","status-publish","hentry"],"acf":[],"publishpress_future_workflow_manual_trigger":{"enabledWorkflows":[]},"_links":{"self":[{"href":"https:\/\/www.rogaska.si\/it\/wp-json\/wp\/v2\/pages\/1336","targetHints":{"allow":["GET"]}}],"collection":[{"href":"https:\/\/www.rogaska.si\/it\/wp-json\/wp\/v2\/pages"}],"about":[{"href":"https:\/\/www.rogaska.si\/it\/wp-json\/wp\/v2\/types\/page"}],"author":[{"embeddable":true,"href":"https:\/\/www.rogaska.si\/it\/wp-json\/wp\/v2\/users\/1"}],"replies":[{"embeddable":true,"href":"https:\/\/www.rogaska.si\/it\/wp-json\/wp\/v2\/comments?post=1336"}],"version-history":[{"count":2,"href":"https:\/\/www.rogaska.si\/it\/wp-json\/wp\/v2\/pages\/1336\/revisions"}],"predecessor-version":[{"id":1703,"href":"https:\/\/www.rogaska.si\/it\/wp-json\/wp\/v2\/pages\/1336\/revisions\/1703"}],"wp:attachment":[{"href":"https:\/\/www.rogaska.si\/it\/wp-json\/wp\/v2\/media?parent=1336"}],"curies":[{"name":"wp","href":"https:\/\/api.w.org\/{rel}","templated":true}]}}