{"id":1125,"date":"2023-09-12T23:53:52","date_gmt":"2023-09-12T21:53:52","guid":{"rendered":"https:\/\/www.rogaska.si\/it\/?page_id=1125"},"modified":"2023-12-15T22:54:11","modified_gmt":"2023-12-15T21:54:11","slug":"acqua-minerale-termale-rogaska","status":"publish","type":"page","link":"https:\/\/www.rogaska.si\/it\/acqua-minerale-termale-rogaska\/","title":{"rendered":"Acqua minerale termale Roga\u0161ka"},"content":{"rendered":"\n<section class=\"wp-block-hotel-sava-hero-one site-height__main\"> <div class=\"h-100 overflow-hidden position-relative\"> <div> <img loading=\"lazy\" decoding=\"async\" width=\"2500\" height=\"1666\" src=\"https:\/\/www.rogaska.si\/it\/wp-content\/uploads\/sites\/4\/2023\/08\/bazen-lebdenje-01.jpg\" class=\"hero__zoom image__fit wp-image-876\" srcset=\"https:\/\/www.rogaska.si\/it\/wp-content\/uploads\/sites\/4\/2023\/08\/bazen-lebdenje-01.jpg 2500w, https:\/\/www.rogaska.si\/it\/wp-content\/uploads\/sites\/4\/2023\/08\/bazen-lebdenje-01-300x200.jpg 300w, https:\/\/www.rogaska.si\/it\/wp-content\/uploads\/sites\/4\/2023\/08\/bazen-lebdenje-01-1024x682.jpg 1024w, https:\/\/www.rogaska.si\/it\/wp-content\/uploads\/sites\/4\/2023\/08\/bazen-lebdenje-01-768x512.jpg 768w, https:\/\/www.rogaska.si\/it\/wp-content\/uploads\/sites\/4\/2023\/08\/bazen-lebdenje-01-480x320.jpg 480w, https:\/\/www.rogaska.si\/it\/wp-content\/uploads\/sites\/4\/2023\/08\/bazen-lebdenje-01-640x426.jpg 640w, https:\/\/www.rogaska.si\/it\/wp-content\/uploads\/sites\/4\/2023\/08\/bazen-lebdenje-01-720x480.jpg 720w, https:\/\/www.rogaska.si\/it\/wp-content\/uploads\/sites\/4\/2023\/08\/bazen-lebdenje-01-960x640.jpg 960w, https:\/\/www.rogaska.si\/it\/wp-content\/uploads\/sites\/4\/2023\/08\/bazen-lebdenje-01-1168x778.jpg 1168w, https:\/\/www.rogaska.si\/it\/wp-content\/uploads\/sites\/4\/2023\/08\/bazen-lebdenje-01-1440x960.jpg 1440w, https:\/\/www.rogaska.si\/it\/wp-content\/uploads\/sites\/4\/2023\/08\/bazen-lebdenje-01-1920x1279.jpg 1920w, https:\/\/www.rogaska.si\/it\/wp-content\/uploads\/sites\/4\/2023\/08\/bazen-lebdenje-01-1536x1024.jpg 1536w, https:\/\/www.rogaska.si\/it\/wp-content\/uploads\/sites\/4\/2023\/08\/bazen-lebdenje-01-2048x1365.jpg 2048w\" sizes=\"auto, (max-width: 2500px) 100vw, 2500px\" \/> <div class=\"hero__overlay\"> <h1 class=\"display-2 text-center text-white\">Acqua minerale termale Roga\u0161ka<\/h1> <\/div> <\/div> <\/div> <\/section>\n\n\n\n<section class=\"wp-block-hotel-sava-secondary-card\"> <div class=\"container-xxl pt-5\"> <div class=\"bgr-1 row\"> <div class=\"col-md-6  order-md-2 pe-0 ps-0\"> <div> <img loading=\"lazy\" decoding=\"async\" width=\"1168\" height=\"778\" src=\"https:\/\/www.rogaska.si\/it\/wp-content\/uploads\/sites\/4\/2023\/08\/lotus-bazen-l-01-1168x778.jpg\" class=\"img-fluid pb-lg-5 ps-lg-5 pt-lg-5 wp-image-965\" srcset=\"https:\/\/www.rogaska.si\/it\/wp-content\/uploads\/sites\/4\/2023\/08\/lotus-bazen-l-01-1168x778.jpg 1168w, https:\/\/www.rogaska.si\/it\/wp-content\/uploads\/sites\/4\/2023\/08\/lotus-bazen-l-01-300x200.jpg 300w, https:\/\/www.rogaska.si\/it\/wp-content\/uploads\/sites\/4\/2023\/08\/lotus-bazen-l-01-1024x682.jpg 1024w, https:\/\/www.rogaska.si\/it\/wp-content\/uploads\/sites\/4\/2023\/08\/lotus-bazen-l-01-768x512.jpg 768w, https:\/\/www.rogaska.si\/it\/wp-content\/uploads\/sites\/4\/2023\/08\/lotus-bazen-l-01-480x320.jpg 480w, https:\/\/www.rogaska.si\/it\/wp-content\/uploads\/sites\/4\/2023\/08\/lotus-bazen-l-01-640x426.jpg 640w, https:\/\/www.rogaska.si\/it\/wp-content\/uploads\/sites\/4\/2023\/08\/lotus-bazen-l-01-720x480.jpg 720w, https:\/\/www.rogaska.si\/it\/wp-content\/uploads\/sites\/4\/2023\/08\/lotus-bazen-l-01-960x640.jpg 960w, https:\/\/www.rogaska.si\/it\/wp-content\/uploads\/sites\/4\/2023\/08\/lotus-bazen-l-01-1440x960.jpg 1440w, https:\/\/www.rogaska.si\/it\/wp-content\/uploads\/sites\/4\/2023\/08\/lotus-bazen-l-01-1920x1279.jpg 1920w, https:\/\/www.rogaska.si\/it\/wp-content\/uploads\/sites\/4\/2023\/08\/lotus-bazen-l-01-1536x1024.jpg 1536w, https:\/\/www.rogaska.si\/it\/wp-content\/uploads\/sites\/4\/2023\/08\/lotus-bazen-l-01-2048x1365.jpg 2048w\" sizes=\"auto, (max-width: 1168px) 100vw, 1168px\" \/> <\/div>  <\/div> <div class=\"bg-light bgr-1 col-md-6 p-5\"> <div>\n<p class=\"wp-block-hotel-sava-lead lead fs-3\">Acqua termale nelle piscine Lotus &#8211; l&#8217;unica a Roga\u0161ka Slatina<\/p>\n\n\n\n<p>Roga\u0161ka Slatina \u00e8 un&#8217;acqua minerale naturale conosciuta per gli effetti salubri gi\u00e0 da centinaia di anni. A questo dono della natura si \u00e8 aggiunta anche la possibilit\u00e0 di svolgere nuove attivit\u00e0 curativo &#8211; ricreative presso la sorgente artesiana di acqua termominerale di Roga\u0161ka. La sorgente si trova a 1700 m di profondit\u00e0. L&#8217;acqua \u00e8 ipertermale e contiene 5800 mg\/l di sostanze minerali sciolte alla temperatura di 59\u00b0 C all&#8217;origine. L&#8217;acqua termale nella piscina raggiunge una temperatura isoterma compresa tra i 31\u00b0 C ed i 36\u00b0 C.<\/p>\n\n\n\n<p class=\"has-medium-font-size\">Il Grand Hotel Sava Roga\u0161ka **** \u00e8 l&#8217;unico hotel di Roga\u0161ka Slatina con piscine di acqua termale!<\/p>\n<\/div>  <\/div> <\/div> <\/div> <\/section>\n\n\n\n<section class=\"wp-block-hotel-sava-layout-offset-left py-5\"> <div class=\"container\"> <div class=\"row\"> <div class=\"col-md-4 offset-md-1\">  <picture> <img loading=\"lazy\" decoding=\"async\" width=\"960\" height=\"640\" src=\"https:\/\/www.rogaska.si\/it\/wp-content\/uploads\/sites\/4\/2023\/08\/lotus-bazen-l-02-960x640.jpg\" class=\"img-fluid wp-image-968\" srcset=\"https:\/\/www.rogaska.si\/it\/wp-content\/uploads\/sites\/4\/2023\/08\/lotus-bazen-l-02-960x640.jpg 960w, https:\/\/www.rogaska.si\/it\/wp-content\/uploads\/sites\/4\/2023\/08\/lotus-bazen-l-02-300x200.jpg 300w, https:\/\/www.rogaska.si\/it\/wp-content\/uploads\/sites\/4\/2023\/08\/lotus-bazen-l-02-1024x682.jpg 1024w, https:\/\/www.rogaska.si\/it\/wp-content\/uploads\/sites\/4\/2023\/08\/lotus-bazen-l-02-768x512.jpg 768w, https:\/\/www.rogaska.si\/it\/wp-content\/uploads\/sites\/4\/2023\/08\/lotus-bazen-l-02-480x320.jpg 480w, https:\/\/www.rogaska.si\/it\/wp-content\/uploads\/sites\/4\/2023\/08\/lotus-bazen-l-02-640x426.jpg 640w, https:\/\/www.rogaska.si\/it\/wp-content\/uploads\/sites\/4\/2023\/08\/lotus-bazen-l-02-720x480.jpg 720w, https:\/\/www.rogaska.si\/it\/wp-content\/uploads\/sites\/4\/2023\/08\/lotus-bazen-l-02-1168x778.jpg 1168w, https:\/\/www.rogaska.si\/it\/wp-content\/uploads\/sites\/4\/2023\/08\/lotus-bazen-l-02-1440x960.jpg 1440w, https:\/\/www.rogaska.si\/it\/wp-content\/uploads\/sites\/4\/2023\/08\/lotus-bazen-l-02-1920x1279.jpg 1920w, https:\/\/www.rogaska.si\/it\/wp-content\/uploads\/sites\/4\/2023\/08\/lotus-bazen-l-02-1536x1024.jpg 1536w, https:\/\/www.rogaska.si\/it\/wp-content\/uploads\/sites\/4\/2023\/08\/lotus-bazen-l-02-2048x1365.jpg 2048w\" sizes=\"auto, (max-width: 960px) 100vw, 960px\" \/> <\/picture> <\/div> <div class=\"col-md-5 mt-4 mt-md-0\">\n<h4 class=\"wp-block-hotel-sava-heading-4\">Analisi balneochimica<\/h4>\n\n\n\n<p>L\u2019acqua ipertermica con sodio idrogeno carbonato solfato cloruro contiene:<\/p>\n\n\n\n<p>cationi: sodio, potassio, calcio, magnesio, silicio, litio e tracce di bario e stronzio;<br>anioni: idrogeno carbonato, solfato, cloruro, fluoruro, bromuro e ioduro.<\/p>\n\n\n\n<p>Il contenuto di cloruro di sodio (sale comune) conferisce all&#8217;acqua un sapore salato, ma pu\u00f2 essere bevuta tranquillamente perch\u00e9 non \u00e8 nociva.<\/p>\n<\/div> <\/div> <\/div> <\/section>\n\n\n\n<section class=\"wp-block-hotel-sava-layout-offset-right py-5\"> <div class=\"container\"> <div class=\"row\"> <div class=\"col-md-4\">  <picture> <img loading=\"lazy\" decoding=\"async\" width=\"1024\" height=\"682\" src=\"https:\/\/www.rogaska.si\/it\/wp-content\/uploads\/sites\/4\/2023\/08\/lotus-bazen-l-03-1024x682.jpg\" class=\"img-fluid wp-image-969\" srcset=\"https:\/\/www.rogaska.si\/it\/wp-content\/uploads\/sites\/4\/2023\/08\/lotus-bazen-l-03-1024x682.jpg 1024w, https:\/\/www.rogaska.si\/it\/wp-content\/uploads\/sites\/4\/2023\/08\/lotus-bazen-l-03-300x200.jpg 300w, https:\/\/www.rogaska.si\/it\/wp-content\/uploads\/sites\/4\/2023\/08\/lotus-bazen-l-03-768x512.jpg 768w, https:\/\/www.rogaska.si\/it\/wp-content\/uploads\/sites\/4\/2023\/08\/lotus-bazen-l-03-480x320.jpg 480w, https:\/\/www.rogaska.si\/it\/wp-content\/uploads\/sites\/4\/2023\/08\/lotus-bazen-l-03-640x426.jpg 640w, https:\/\/www.rogaska.si\/it\/wp-content\/uploads\/sites\/4\/2023\/08\/lotus-bazen-l-03-720x480.jpg 720w, https:\/\/www.rogaska.si\/it\/wp-content\/uploads\/sites\/4\/2023\/08\/lotus-bazen-l-03-960x640.jpg 960w, https:\/\/www.rogaska.si\/it\/wp-content\/uploads\/sites\/4\/2023\/08\/lotus-bazen-l-03-1168x778.jpg 1168w, https:\/\/www.rogaska.si\/it\/wp-content\/uploads\/sites\/4\/2023\/08\/lotus-bazen-l-03-1440x960.jpg 1440w, https:\/\/www.rogaska.si\/it\/wp-content\/uploads\/sites\/4\/2023\/08\/lotus-bazen-l-03-1920x1279.jpg 1920w, https:\/\/www.rogaska.si\/it\/wp-content\/uploads\/sites\/4\/2023\/08\/lotus-bazen-l-03-1536x1024.jpg 1536w, https:\/\/www.rogaska.si\/it\/wp-content\/uploads\/sites\/4\/2023\/08\/lotus-bazen-l-03-2048x1365.jpg 2048w\" sizes=\"auto, (max-width: 1024px) 100vw, 1024px\" \/> <\/picture> <\/div> <div class=\"col-md-5 mt-4 mt-md-0 offset-md-2 order-md-first\">\n<h4 class=\"wp-block-hotel-sava-heading-4\">L&#8217;acqua termominerale Roga\u0161ka \u00e8 indicata per:<\/h4>\n\n\n\n<ul class=\"wp-block-list\">\n<li>trattamento dei problemi degenerativi cronici a colonna vertebrale, arti ed articolazioni,<\/li>\n\n\n\n<li>trattamento di dolori vertebrali, rigidit\u00e0 articolare, nevralgie,<\/li>\n\n\n\n<li>trattamento di artrosi, spondiloartrosi, spondilite anchilosante (Morbus Bechterew),<\/li>\n\n\n\n<li>miglioramento delle condizioni postoperatorie o in seguito a lesioni ad arti o articolazioni dovute a mancato movimento,<\/li>\n\n\n\n<li>mantenimento e prolungamento della riabilitazione dopo un precedente trattamento termale,<\/li>\n\n\n\n<li>trattamento di distrofia simpatico-riflessa, lassit\u00e0 muscolare dovuta ad attivit\u00e0 fisica insufficiente,<\/li>\n\n\n\n<li>prevenzione di osteoporosi, con esercizi programmati in piscina,<\/li>\n\n\n\n<li>bagni rivitalizzanti e condizionanti, programmi di benessere e fitness,<\/li>\n\n\n\n<li>massaggi subacquei.<\/li>\n<\/ul>\n<\/div> <\/div> <\/div> <\/section>\n\n\n\n<section class=\"wp-block-hotel-sava-secondary-card-right\"> <div class=\"container-xxl\"> <div class=\"bgr-1 row\"> <div class=\"col-md-6 pe-0 ps-0\"> <div> <img loading=\"lazy\" decoding=\"async\" width=\"2500\" height=\"1666\" src=\"https:\/\/www.rogaska.si\/it\/wp-content\/uploads\/sites\/4\/2023\/08\/lotus-bazen-zenska-01.jpg\" class=\"img-fluid pb-lg-5 ps-lg-5 pt-lg-5 wp-image-926\" srcset=\"https:\/\/www.rogaska.si\/it\/wp-content\/uploads\/sites\/4\/2023\/08\/lotus-bazen-zenska-01.jpg 2500w, https:\/\/www.rogaska.si\/it\/wp-content\/uploads\/sites\/4\/2023\/08\/lotus-bazen-zenska-01-300x200.jpg 300w, https:\/\/www.rogaska.si\/it\/wp-content\/uploads\/sites\/4\/2023\/08\/lotus-bazen-zenska-01-1024x682.jpg 1024w, https:\/\/www.rogaska.si\/it\/wp-content\/uploads\/sites\/4\/2023\/08\/lotus-bazen-zenska-01-768x512.jpg 768w, https:\/\/www.rogaska.si\/it\/wp-content\/uploads\/sites\/4\/2023\/08\/lotus-bazen-zenska-01-480x320.jpg 480w, https:\/\/www.rogaska.si\/it\/wp-content\/uploads\/sites\/4\/2023\/08\/lotus-bazen-zenska-01-640x426.jpg 640w, https:\/\/www.rogaska.si\/it\/wp-content\/uploads\/sites\/4\/2023\/08\/lotus-bazen-zenska-01-720x480.jpg 720w, https:\/\/www.rogaska.si\/it\/wp-content\/uploads\/sites\/4\/2023\/08\/lotus-bazen-zenska-01-960x640.jpg 960w, https:\/\/www.rogaska.si\/it\/wp-content\/uploads\/sites\/4\/2023\/08\/lotus-bazen-zenska-01-1168x778.jpg 1168w, https:\/\/www.rogaska.si\/it\/wp-content\/uploads\/sites\/4\/2023\/08\/lotus-bazen-zenska-01-1440x960.jpg 1440w, https:\/\/www.rogaska.si\/it\/wp-content\/uploads\/sites\/4\/2023\/08\/lotus-bazen-zenska-01-1920x1279.jpg 1920w, https:\/\/www.rogaska.si\/it\/wp-content\/uploads\/sites\/4\/2023\/08\/lotus-bazen-zenska-01-1536x1024.jpg 1536w, https:\/\/www.rogaska.si\/it\/wp-content\/uploads\/sites\/4\/2023\/08\/lotus-bazen-zenska-01-2048x1365.jpg 2048w\" sizes=\"auto, (max-width: 2500px) 100vw, 2500px\" \/> <\/div>  <\/div> <div class=\"bg-light bgr-1 col-md-6 p-5\"> <div>\n<h4 class=\"wp-block-hotel-sava-heading-4\">Indicazioni<\/h4>\n\n\n\n<ul class=\"wp-block-list\">\n<li>chronic degenerative spine and musculoskeletal disorders<\/li>\n\n\n\n<li>chronic degenerative rheumatoid arthritis<\/li>\n\n\n\n<li>arthrosis and periarthropathy<\/li>\n\n\n\n<li>post-trauma and post-op musculoskeletal conditions<\/li>\n\n\n\n<li>mild forms of neuralgia<\/li>\n\n\n\n<li>mild forms of neurological impairments<\/li>\n<\/ul>\n<\/div>  <\/div> <\/div> <\/div> <\/section>\n\n\n\n<section class=\"wp-block-hotel-sava-layout-offset-left py-5\"> <div class=\"container\"> <div class=\"row\"> <div class=\"col-md-4 offset-md-1\">  <picture> <img loading=\"lazy\" decoding=\"async\" width=\"1024\" height=\"682\" src=\"https:\/\/www.rogaska.si\/it\/wp-content\/uploads\/sites\/4\/2023\/08\/jaccuzzi-lotus-04-1024x682.jpg\" class=\"img-fluid wp-image-967\" srcset=\"https:\/\/www.rogaska.si\/it\/wp-content\/uploads\/sites\/4\/2023\/08\/jaccuzzi-lotus-04-1024x682.jpg 1024w, https:\/\/www.rogaska.si\/it\/wp-content\/uploads\/sites\/4\/2023\/08\/jaccuzzi-lotus-04-300x200.jpg 300w, https:\/\/www.rogaska.si\/it\/wp-content\/uploads\/sites\/4\/2023\/08\/jaccuzzi-lotus-04-768x512.jpg 768w, https:\/\/www.rogaska.si\/it\/wp-content\/uploads\/sites\/4\/2023\/08\/jaccuzzi-lotus-04-480x320.jpg 480w, https:\/\/www.rogaska.si\/it\/wp-content\/uploads\/sites\/4\/2023\/08\/jaccuzzi-lotus-04-640x426.jpg 640w, https:\/\/www.rogaska.si\/it\/wp-content\/uploads\/sites\/4\/2023\/08\/jaccuzzi-lotus-04-720x480.jpg 720w, https:\/\/www.rogaska.si\/it\/wp-content\/uploads\/sites\/4\/2023\/08\/jaccuzzi-lotus-04-960x640.jpg 960w, https:\/\/www.rogaska.si\/it\/wp-content\/uploads\/sites\/4\/2023\/08\/jaccuzzi-lotus-04-1168x778.jpg 1168w, https:\/\/www.rogaska.si\/it\/wp-content\/uploads\/sites\/4\/2023\/08\/jaccuzzi-lotus-04-1440x960.jpg 1440w, https:\/\/www.rogaska.si\/it\/wp-content\/uploads\/sites\/4\/2023\/08\/jaccuzzi-lotus-04-1920x1279.jpg 1920w, https:\/\/www.rogaska.si\/it\/wp-content\/uploads\/sites\/4\/2023\/08\/jaccuzzi-lotus-04-1536x1024.jpg 1536w, https:\/\/www.rogaska.si\/it\/wp-content\/uploads\/sites\/4\/2023\/08\/jaccuzzi-lotus-04-2048x1365.jpg 2048w\" sizes=\"auto, (max-width: 1024px) 100vw, 1024px\" \/> <\/picture> <\/div> <div class=\"col-md-5 mt-4 mt-md-0\">\n<h3 class=\"wp-block-hotel-sava-heading-3 display-6\">Buono a sapersi<\/h3>\n\n\n\n<p>Per le attivit\u00e0 in piscina \u00e8 necessario prestare attenzione in caso di sforzi eccessivi o controindicazioni in presenza di ipertensione arteriosa, disturbi di ritmo e frequenza cardiaci, insufficienza cardiaca, epatica, renale, chetoacidosi diabetica, vasculite recente, ferite aperte, epilessia, esaurimento fisico e stati febbrili acuti, gravi disturbi nevrotici con ripercussioni fisiche e gravidanza.<\/p>\n\n\n\n<p>In presenza di una delle situazioni di cui sopra, consultate il vostro medico di fiducia o il medico dell&#8217;hotel.<\/p>\n<\/div> <\/div> <\/div> <\/section>\n","protected":false},"excerpt":{"rendered":"","protected":false},"author":1,"featured_media":0,"parent":0,"menu_order":0,"comment_status":"closed","ping_status":"closed","template":"","meta":{"_acf_changed":false,"footnotes":""},"class_list":["post-1125","page","type-page","status-publish","hentry"],"acf":[],"publishpress_future_workflow_manual_trigger":{"enabledWorkflows":[]},"_links":{"self":[{"href":"https:\/\/www.rogaska.si\/it\/wp-json\/wp\/v2\/pages\/1125","targetHints":{"allow":["GET"]}}],"collection":[{"href":"https:\/\/www.rogaska.si\/it\/wp-json\/wp\/v2\/pages"}],"about":[{"href":"https:\/\/www.rogaska.si\/it\/wp-json\/wp\/v2\/types\/page"}],"author":[{"embeddable":true,"href":"https:\/\/www.rogaska.si\/it\/wp-json\/wp\/v2\/users\/1"}],"replies":[{"embeddable":true,"href":"https:\/\/www.rogaska.si\/it\/wp-json\/wp\/v2\/comments?post=1125"}],"version-history":[{"count":2,"href":"https:\/\/www.rogaska.si\/it\/wp-json\/wp\/v2\/pages\/1125\/revisions"}],"predecessor-version":[{"id":1875,"href":"https:\/\/www.rogaska.si\/it\/wp-json\/wp\/v2\/pages\/1125\/revisions\/1875"}],"wp:attachment":[{"href":"https:\/\/www.rogaska.si\/it\/wp-json\/wp\/v2\/media?parent=1125"}],"curies":[{"name":"wp","href":"https:\/\/api.w.org\/{rel}","templated":true}]}}