{"id":563,"date":"2023-07-18T14:48:56","date_gmt":"2023-07-18T12:48:56","guid":{"rendered":"https:\/\/www.rogaska.si\/hr\/?page_id=563"},"modified":"2026-04-20T15:43:51","modified_gmt":"2026-04-20T13:43:51","slug":"masaze","status":"publish","type":"page","link":"https:\/\/www.rogaska.si\/hr\/masaze\/","title":{"rendered":"Masa\u017ee"},"content":{"rendered":"\n<section class=\"wp-block-hotel-sava-hero-one site-height__main\"> <div class=\"h-100 overflow-hidden position-relative\"> <div> <img loading=\"lazy\" decoding=\"async\" width=\"2500\" height=\"1666\" src=\"https:\/\/www.rogaska.si\/hr\/wp-content\/uploads\/sites\/5\/2023\/08\/masaza-moski-01.jpg\" class=\"hero__zoom image__fit wp-image-868\" srcset=\"https:\/\/www.rogaska.si\/hr\/wp-content\/uploads\/sites\/5\/2023\/08\/masaza-moski-01.jpg 2500w, https:\/\/www.rogaska.si\/hr\/wp-content\/uploads\/sites\/5\/2023\/08\/masaza-moski-01-300x200.jpg 300w, https:\/\/www.rogaska.si\/hr\/wp-content\/uploads\/sites\/5\/2023\/08\/masaza-moski-01-1024x682.jpg 1024w, https:\/\/www.rogaska.si\/hr\/wp-content\/uploads\/sites\/5\/2023\/08\/masaza-moski-01-768x512.jpg 768w, https:\/\/www.rogaska.si\/hr\/wp-content\/uploads\/sites\/5\/2023\/08\/masaza-moski-01-480x320.jpg 480w, https:\/\/www.rogaska.si\/hr\/wp-content\/uploads\/sites\/5\/2023\/08\/masaza-moski-01-640x426.jpg 640w, https:\/\/www.rogaska.si\/hr\/wp-content\/uploads\/sites\/5\/2023\/08\/masaza-moski-01-720x480.jpg 720w, https:\/\/www.rogaska.si\/hr\/wp-content\/uploads\/sites\/5\/2023\/08\/masaza-moski-01-960x640.jpg 960w, https:\/\/www.rogaska.si\/hr\/wp-content\/uploads\/sites\/5\/2023\/08\/masaza-moski-01-1168x778.jpg 1168w, https:\/\/www.rogaska.si\/hr\/wp-content\/uploads\/sites\/5\/2023\/08\/masaza-moski-01-1440x960.jpg 1440w, https:\/\/www.rogaska.si\/hr\/wp-content\/uploads\/sites\/5\/2023\/08\/masaza-moski-01-1920x1279.jpg 1920w, https:\/\/www.rogaska.si\/hr\/wp-content\/uploads\/sites\/5\/2023\/08\/masaza-moski-01-1536x1024.jpg 1536w, https:\/\/www.rogaska.si\/hr\/wp-content\/uploads\/sites\/5\/2023\/08\/masaza-moski-01-2048x1365.jpg 2048w\" sizes=\"auto, (max-width: 2500px) 100vw, 2500px\" \/> <div class=\"hero__overlay\"> <h1 class=\"display-2 text-center text-white\">Masa\u017ee<\/h1> <\/div> <\/div> <\/div> <\/section>\n\n\n\n<section class=\"wp-block-hotel-sava-col-md-8 py-5\"> <div class=\"container\"> <div class=\"row\"> <div class=\"col-md-8 me-auto ms-auto\">\n<div class=\"wp-block-hotel-sava-treatments treatments__wrapper\"> <div class=\"treatments__grid\"> <div> <p class=\"fs-5 mb-2 mt-2 text-muted\">Terapeutska masa\u017ea<\/p>  <\/div> <div>\n<div class=\"wp-block-hotel-sava-treatment-value treatments-value__wrapper\"> <div class=\"text-end treatments-value\"> <p class=\"fs-5 mb-0 mt-sm-2 text-sm-end text-start treatments-time__area\">20 min<\/p> <p class=\"fs-5 mb-0 mt-sm-2  text-end text-muted treatments-price__area\">30 &euro;<\/p> <\/div> <\/div>\n\n\n\n<div class=\"wp-block-hotel-sava-treatment-value treatments-value__wrapper\"> <div class=\"text-end treatments-value\"> <p class=\"fs-5 mb-0 mt-sm-2 text-sm-end text-start treatments-time__area\">45 min<\/p> <p class=\"fs-5 mb-0 mt-sm-2  text-end text-muted treatments-price__area\">48 &euro;<\/p> <\/div> <\/div>\n<\/div> <\/div> <\/div>\n\n\n\n<div class=\"wp-block-hotel-sava-treatments treatments__wrapper\"> <div class=\"treatments__grid\"> <div> <p class=\"fs-5 mb-2 mt-2 text-muted\">Aromafitodrena\u017ea<\/p>  <\/div> <div>\n<div class=\"wp-block-hotel-sava-treatment-value treatments-value__wrapper\"> <div class=\"text-end treatments-value\"> <p class=\"fs-5 mb-0 mt-sm-2 text-sm-end text-start treatments-time__area\">30 min<\/p> <p class=\"fs-5 mb-0 mt-sm-2  text-end text-muted treatments-price__area\">40 \u20ac<\/p> <\/div> <\/div>\n\n\n\n<div class=\"wp-block-hotel-sava-treatment-value treatments-value__wrapper\"> <div class=\"text-end treatments-value\"> <p class=\"fs-5 mb-0 mt-sm-2 text-sm-end text-start treatments-time__area\">45 min<\/p> <p class=\"fs-5 mb-0 mt-sm-2  text-end text-muted treatments-price__area\">53 &euro;<\/p> <\/div> <\/div>\n\n\n\n<div class=\"wp-block-hotel-sava-treatment-value treatments-value__wrapper\"> <div class=\"text-end treatments-value\"> <p class=\"fs-5 mb-0 mt-sm-2 text-sm-end text-start treatments-time__area\">60 min<\/p> <p class=\"fs-5 mb-0 mt-sm-2  text-end text-muted treatments-price__area\">63 &euro;<\/p> <\/div> <\/div>\n\n\n\n<div class=\"wp-block-hotel-sava-treatment-value treatments-value__wrapper\"> <div class=\"text-end treatments-value\"> <p class=\"fs-5 mb-0 mt-sm-2 text-sm-end text-start treatments-time__area\">90 min<\/p> <p class=\"fs-5 mb-0 mt-sm-2  text-end text-muted treatments-price__area\">91 \u20ac<\/p> <\/div> <\/div>\n<\/div> <\/div> <\/div>\n\n\n\n<div class=\"wp-block-hotel-sava-treatments treatments__wrapper\"> <div class=\"treatments__grid\"> <div> <p class=\"fs-5 mb-2 mt-2 text-muted\">Masa\u017ea s arganovim uljem<\/p>  <\/div> <div>\n<div class=\"wp-block-hotel-sava-treatment-value treatments-value__wrapper\"> <div class=\"text-end treatments-value\"> <p class=\"fs-5 mb-0 mt-sm-2 text-sm-end text-start treatments-time__area\">30 min<\/p> <p class=\"fs-5 mb-0 mt-sm-2  text-end text-muted treatments-price__area\">50 \u20ac<\/p> <\/div> <\/div>\n\n\n\n<div class=\"wp-block-hotel-sava-treatment-value treatments-value__wrapper\"> <div class=\"text-end treatments-value\"> <p class=\"fs-5 mb-0 mt-sm-2 text-sm-end text-start treatments-time__area\">45 min<\/p> <p class=\"fs-5 mb-0 mt-sm-2  text-end text-muted treatments-price__area\">70 \u20ac<\/p> <\/div> <\/div>\n\n\n\n<div class=\"wp-block-hotel-sava-treatment-value treatments-value__wrapper\"> <div class=\"text-end treatments-value\"> <p class=\"fs-5 mb-0 mt-sm-2 text-sm-end text-start treatments-time__area\">60 min<\/p> <p class=\"fs-5 mb-0 mt-sm-2  text-end text-muted treatments-price__area\">85 \u20ac<\/p> <\/div> <\/div>\n<\/div> <\/div> <\/div>\n\n\n\n<div class=\"wp-block-hotel-sava-treatments treatments__wrapper\"> <div class=\"treatments__grid\"> <div> <p class=\"fs-5 mb-2 mt-2 text-muted\">Masa\u017ea s magnezijevim uljem<\/p>  <\/div> <div>\n<div class=\"wp-block-hotel-sava-treatment-value treatments-value__wrapper\"> <div class=\"text-end treatments-value\"> <p class=\"fs-5 mb-0 mt-sm-2 text-sm-end text-start treatments-time__area\">30 min<\/p> <p class=\"fs-5 mb-0 mt-sm-2  text-end text-muted treatments-price__area\">40 \u20ac<\/p> <\/div> <\/div>\n\n\n\n<div class=\"wp-block-hotel-sava-treatment-value treatments-value__wrapper\"> <div class=\"text-end treatments-value\"> <p class=\"fs-5 mb-0 mt-sm-2 text-sm-end text-start treatments-time__area\">45 min<\/p> <p class=\"fs-5 mb-0 mt-sm-2  text-end text-muted treatments-price__area\">53 &euro;<\/p> <\/div> <\/div>\n\n\n\n<div class=\"wp-block-hotel-sava-treatment-value treatments-value__wrapper\"> <div class=\"text-end treatments-value\"> <p class=\"fs-5 mb-0 mt-sm-2 text-sm-end text-start treatments-time__area\">60 min<\/p> <p class=\"fs-5 mb-0 mt-sm-2  text-end text-muted treatments-price__area\">65 \u20ac<\/p> <\/div> <\/div>\n<\/div> <\/div> <\/div>\n\n\n\n<div class=\"wp-block-hotel-sava-treatments treatments__wrapper\"> <div class=\"treatments__grid\"> <div> <p class=\"fs-5 mb-2 mt-2 text-muted\">Dodatak vakuumske \u010da\u0161ice<\/p>  <\/div> <div>\n<div class=\"wp-block-hotel-sava-treatment-value treatments-value__wrapper\"> <div class=\"text-end treatments-value\">  <p class=\"fs-5 mb-0 mt-sm-2  text-end text-muted treatments-price__area\">10 \u20ac<\/p> <\/div> <\/div>\n<\/div> <\/div> <\/div>\n\n\n\n<div class=\"wp-block-hotel-sava-treatments treatments__wrapper\"> <div class=\"treatments__grid\"> <div> <p class=\"fs-5 mb-2 mt-2 text-muted\">Kineska masa\u017ea Tui-na<\/p>  <\/div> <div>\n<div class=\"wp-block-hotel-sava-treatment-value treatments-value__wrapper\"> <div class=\"text-end treatments-value\"> <p class=\"fs-5 mb-0 mt-sm-2 text-sm-end text-start treatments-time__area\">30 min<\/p> <p class=\"fs-5 mb-0 mt-sm-2  text-end text-muted treatments-price__area\">45 \u20ac<\/p> <\/div> <\/div>\n\n\n\n<div class=\"wp-block-hotel-sava-treatment-value treatments-value__wrapper\"> <div class=\"text-end treatments-value\"> <p class=\"fs-5 mb-0 mt-sm-2 text-sm-end text-start treatments-time__area\">45 min<\/p> <p class=\"fs-5 mb-0 mt-sm-2  text-end text-muted treatments-price__area\">60 \u20ac<\/p> <\/div> <\/div>\n\n\n\n<div class=\"wp-block-hotel-sava-treatment-value treatments-value__wrapper\"> <div class=\"text-end treatments-value\"> <p class=\"fs-5 mb-0 mt-sm-2 text-sm-end text-start treatments-time__area\">60 min<\/p> <p class=\"fs-5 mb-0 mt-sm-2  text-end text-muted treatments-price__area\">71 \u20ac<\/p> <\/div> <\/div>\n<\/div> <\/div> <\/div>\n\n\n\n<div class=\"wp-block-hotel-sava-treatments treatments__wrapper\"> <div class=\"treatments__grid\"> <div> <p class=\"fs-5 mb-2 mt-2 text-muted\">Tui-na<\/p> <p class=\"mb-2\">Piling, aromati\u010dno blato i masa\u017ea<\/p> <\/div> <div>\n<div class=\"wp-block-hotel-sava-treatment-value treatments-value__wrapper\"> <div class=\"text-end treatments-value\"> <p class=\"fs-5 mb-0 mt-sm-2 text-sm-end text-start treatments-time__area\">115 min<\/p> <p class=\"fs-5 mb-0 mt-sm-2  text-end text-muted treatments-price__area\">110 \u20ac<\/p> <\/div> <\/div>\n<\/div> <\/div> <\/div>\n\n\n\n<div class=\"wp-block-hotel-sava-treatments treatments__wrapper\"> <div class=\"treatments__grid\"> <div> <p class=\"fs-5 mb-2 mt-2 text-muted\">Orijentalna masa\u017ea le\u0111a<\/p>  <\/div> <div>\n<div class=\"wp-block-hotel-sava-treatment-value treatments-value__wrapper\"> <div class=\"text-end treatments-value\"> <p class=\"fs-5 mb-0 mt-sm-2 text-sm-end text-start treatments-time__area\">30 min<\/p> <p class=\"fs-5 mb-0 mt-sm-2  text-end text-muted treatments-price__area\">50 \u20ac<\/p> <\/div> <\/div>\n<\/div> <\/div> <\/div>\n\n\n\n<div class=\"wp-block-hotel-sava-treatments treatments__wrapper\"> <div class=\"treatments__grid\"> <div> <p class=\"fs-5 mb-2 mt-2 text-muted\">Orijentalna masa\u017ea le\u0111a + obloga<\/p>  <\/div> <div>\n<div class=\"wp-block-hotel-sava-treatment-value treatments-value__wrapper\"> <div class=\"text-end treatments-value\"> <p class=\"fs-5 mb-0 mt-sm-2 text-sm-end text-start treatments-time__area\">50 min<\/p> <p class=\"fs-5 mb-0 mt-sm-2  text-end text-muted treatments-price__area\">60 \u20ac<\/p> <\/div> <\/div>\n<\/div> <\/div> <\/div>\n\n\n\n<div class=\"wp-block-hotel-sava-treatments treatments__wrapper\"> <div class=\"treatments__grid\"> <div> <p class=\"fs-5 mb-2 mt-2 text-muted\">Terapija protiv bolova<\/p> <p class=\"mb-2\">Tens, masa\u017ea le\u0111a i obloga<\/p> <\/div> <div>\n<div class=\"wp-block-hotel-sava-treatment-value treatments-value__wrapper\"> <div class=\"text-end treatments-value\"> <p class=\"fs-5 mb-0 mt-sm-2 text-sm-end text-start treatments-time__area\">60 min<\/p> <p class=\"fs-5 mb-0 mt-sm-2  text-end text-muted treatments-price__area\">75 \u20ac<\/p> <\/div> <\/div>\n<\/div> <\/div> <\/div>\n\n\n\n<div class=\"wp-block-hotel-sava-treatments treatments__wrapper\"> <div class=\"treatments__grid\"> <div> <p class=\"fs-5 mb-2 mt-2 text-muted\">Antistres masa\u017ea glave<\/p>  <\/div> <div>\n<div class=\"wp-block-hotel-sava-treatment-value treatments-value__wrapper\"> <div class=\"text-end treatments-value\"> <p class=\"fs-5 mb-0 mt-sm-2 text-sm-end text-start treatments-time__area\">30 min<\/p> <p class=\"fs-5 mb-0 mt-sm-2  text-end text-muted treatments-price__area\">40 \u20ac<\/p> <\/div> <\/div>\n<\/div> <\/div> <\/div>\n\n\n\n<div class=\"wp-block-hotel-sava-treatments treatments__wrapper\"> <div class=\"treatments__grid\"> <div> <p class=\"fs-5 mb-2 mt-2 text-muted\">Refleksna masa\u017ea stopala<\/p>  <\/div> <div>\n<div class=\"wp-block-hotel-sava-treatment-value treatments-value__wrapper\"> <div class=\"text-end treatments-value\"> <p class=\"fs-5 mb-0 mt-sm-2 text-sm-end text-start treatments-time__area\">20 min<\/p> <p class=\"fs-5 mb-0 mt-sm-2  text-end text-muted treatments-price__area\">35 \u20ac<\/p> <\/div> <\/div>\n\n\n\n<div class=\"wp-block-hotel-sava-treatment-value treatments-value__wrapper\"> <div class=\"text-end treatments-value\"> <p class=\"fs-5 mb-0 mt-sm-2 text-sm-end text-start treatments-time__area\">30 min<\/p> <p class=\"fs-5 mb-0 mt-sm-2  text-end text-muted treatments-price__area\">40 \u20ac<\/p> <\/div> <\/div>\n<\/div> <\/div> <\/div>\n\n\n\n<div class=\"wp-block-hotel-sava-treatments treatments__wrapper\"> <div class=\"treatments__grid\"> <div> <p class=\"fs-5 mb-2 mt-2 text-muted\">Refleksna masa\u017ea stopala <br>+ parafin<\/p>  <\/div> <div>\n<div class=\"wp-block-hotel-sava-treatment-value treatments-value__wrapper\"> <div class=\"text-end treatments-value\"> <p class=\"fs-5 mb-0 mt-sm-2 text-sm-end text-start treatments-time__area\">40 min<\/p> <p class=\"fs-5 mb-0 mt-sm-2  text-end text-muted treatments-price__area\">46 \u20ac<\/p> <\/div> <\/div>\n<\/div> <\/div> <\/div>\n\n\n\n<div class=\"wp-block-hotel-sava-treatments treatments__wrapper\"> <div class=\"treatments__grid\"> <div> <p class=\"fs-5 mb-2 mt-2 text-muted\">Ru\u010dna limfna drena\u017ea<\/p>  <\/div> <div>\n<div class=\"wp-block-hotel-sava-treatment-value treatments-value__wrapper\"> <div class=\"text-end treatments-value\"> <p class=\"fs-5 mb-0 mt-sm-2 text-sm-end text-start treatments-time__area\">30 min<\/p> <p class=\"fs-5 mb-0 mt-sm-2  text-end text-muted treatments-price__area\">40 \u20ac<\/p> <\/div> <\/div>\n\n\n\n<div class=\"wp-block-hotel-sava-treatment-value treatments-value__wrapper\"> <div class=\"text-end treatments-value\"> <p class=\"fs-5 mb-0 mt-sm-2 text-sm-end text-start treatments-time__area\">45 min<\/p> <p class=\"fs-5 mb-0 mt-sm-2  text-end text-muted treatments-price__area\">53 \u20ac<\/p> <\/div> <\/div>\n\n\n\n<div class=\"wp-block-hotel-sava-treatment-value treatments-value__wrapper\"> <div class=\"text-end treatments-value\"> <p class=\"fs-5 mb-0 mt-sm-2 text-sm-end text-start treatments-time__area\">60 min<\/p> <p class=\"fs-5 mb-0 mt-sm-2  text-end text-muted treatments-price__area\">63 \u20ac<\/p> <\/div> <\/div>\n<\/div> <\/div> <\/div>\n\n\n\n<div class=\"wp-block-hotel-sava-treatments treatments__wrapper\"> <div class=\"treatments__grid\"> <div> <p class=\"fs-5 mb-2 mt-2 text-muted\">Anticelulitna masa\u017ea<\/p>  <\/div> <div>\n<div class=\"wp-block-hotel-sava-treatment-value treatments-value__wrapper\"> <div class=\"text-end treatments-value\"> <p class=\"fs-5 mb-0 mt-sm-2 text-sm-end text-start treatments-time__area\">30 min<\/p> <p class=\"fs-5 mb-0 mt-sm-2  text-end text-muted treatments-price__area\">42 \u20ac<\/p> <\/div> <\/div>\n\n\n\n<div class=\"wp-block-hotel-sava-treatment-value treatments-value__wrapper\"> <div class=\"text-end treatments-value\"> <p class=\"fs-5 mb-0 mt-sm-2 text-sm-end text-start treatments-time__area\">45 min<\/p> <p class=\"fs-5 mb-0 mt-sm-2  text-end text-muted treatments-price__area\">55 \u20ac<\/p> <\/div> <\/div>\n\n\n\n<div class=\"wp-block-hotel-sava-treatment-value treatments-value__wrapper\"> <div class=\"text-end treatments-value\"> <p class=\"fs-5 mb-0 mt-sm-2 text-sm-end text-start treatments-time__area\">60 min<\/p> <p class=\"fs-5 mb-0 mt-sm-2  text-end text-muted treatments-price__area\">65 \u20ac<\/p> <\/div> <\/div>\n<\/div> <\/div> <\/div>\n\n\n\n<div class=\"wp-block-hotel-sava-treatments treatments__wrapper\"> <div class=\"treatments__grid\"> <div> <p class=\"fs-5 mb-2 mt-2 text-muted\">ROI masa\u017ea<\/p> <p class=\"mb-2\">Jedinstvena masa\u017ea po receptu na\u0161e ku\u0107e<\/p> <\/div> <div>\n<div class=\"wp-block-hotel-sava-treatment-value treatments-value__wrapper\"> <div class=\"text-end treatments-value\"> <p class=\"fs-5 mb-0 mt-sm-2 text-sm-end text-start treatments-time__area\">60 min<\/p> <p class=\"fs-5 mb-0 mt-sm-2  text-end text-muted treatments-price__area\">65 \u20ac<\/p> <\/div> <\/div>\n<\/div> <\/div> <\/div>\n\n\n\n<div class=\"wp-block-hotel-sava-treatments treatments__wrapper\"> <div class=\"treatments__grid\"> <div> <p class=\"fs-5 mb-2 mt-2 text-muted\">ROI masa\u017ea s glinenom oblogom i mineralnom vodom<\/p>  <\/div> <div>\n<div class=\"wp-block-hotel-sava-treatment-value treatments-value__wrapper\"> <div class=\"text-end treatments-value\"> <p class=\"fs-5 mb-0 mt-sm-2 text-sm-end text-start treatments-time__area\">80 min<\/p> <p class=\"fs-5 mb-0 mt-sm-2  text-end text-muted treatments-price__area\">85 \u20ac<\/p> <\/div> <\/div>\n<\/div> <\/div> <\/div>\n<\/div> <\/div> <\/div> <\/section>\n\n\n\n<section class=\"wp-block-hotel-sava-col-md-8 py-5\"> <div class=\"container\"> <div class=\"row\"> <div class=\"col-md-8 me-auto ms-auto\">\n<h3 class=\"wp-block-hotel-sava-heading-3 display-6\">Ayurvedske masa\u017ee<\/h3>\n\n\n\n<p class=\"wp-block-hotel-sava-lead lead\">Ayurvedske masa\u017ee Ayurveda je indijska znanost o &#8220;\u017eivotu i dugovje\u010dnosti&#8221;.<\/p>\n\n\n\n<div class=\"wp-block-hotel-sava-treatments treatments__wrapper\"> <div class=\"treatments__grid\"> <div> <p class=\"fs-5 mb-2 mt-2 text-muted\">Abhyanga<\/p> <p class=\"mb-2\">Regulira energiju i olak\u0161ava bolove u zglobovima, vitalizira i opu\u0161ta<\/p> <\/div> <div>\n<div class=\"wp-block-hotel-sava-treatment-value treatments-value__wrapper\"> <div class=\"text-end treatments-value\"> <p class=\"fs-5 mb-0 mt-sm-2 text-sm-end text-start treatments-time__area\">60 min<\/p> <p class=\"fs-5 mb-0 mt-sm-2  text-end text-muted treatments-price__area\">71 \u20ac<\/p> <\/div> <\/div>\n<\/div> <\/div> <\/div>\n\n\n\n<div class=\"wp-block-hotel-sava-treatments treatments__wrapper\"> <div class=\"treatments__grid\"> <div> <p class=\"fs-5 mb-2 mt-2 text-muted\">Udvartana<\/p> <p class=\"mb-2\">Masa\u017ea s mljevenom ka\u0161om i ayurvedskim uljima<\/p> <\/div> <div>\n<div class=\"wp-block-hotel-sava-treatment-value treatments-value__wrapper\"> <div class=\"text-end treatments-value\"> <p class=\"fs-5 mb-0 mt-sm-2 text-sm-end text-start treatments-time__area\">45 min<\/p> <p class=\"fs-5 mb-0 mt-sm-2  text-end text-muted treatments-price__area\">65 \u20ac<\/p> <\/div> <\/div>\n\n\n\n<div class=\"wp-block-hotel-sava-treatment-value treatments-value__wrapper\"> <div class=\"text-end treatments-value\"> <p class=\"fs-5 mb-0 mt-sm-2 text-sm-end text-start treatments-time__area\">60 min<\/p> <p class=\"fs-5 mb-0 mt-sm-2  text-end text-muted treatments-price__area\">71 \u20ac<\/p> <\/div> <\/div>\n<\/div> <\/div> <\/div>\n\n\n\n<div class=\"wp-block-hotel-sava-treatments treatments__wrapper\"> <div class=\"treatments__grid\"> <div> <p class=\"fs-5 mb-2 mt-2 text-muted\">Marma<\/p> <p class=\"mb-2\">Otvara vitalne centre, koje nazivamo \u010dakrama<\/p> <\/div> <div>\n<div class=\"wp-block-hotel-sava-treatment-value treatments-value__wrapper\"> <div class=\"text-end treatments-value\"> <p class=\"fs-5 mb-0 mt-sm-2 text-sm-end text-start treatments-time__area\">45 min<\/p> <p class=\"fs-5 mb-0 mt-sm-2  text-end text-muted treatments-price__area\">65 \u20ac<\/p> <\/div> <\/div>\n<\/div> <\/div> <\/div>\n\n\n\n<div class=\"wp-block-hotel-sava-treatments treatments__wrapper\"> <div class=\"treatments__grid\"> <div> <p class=\"fs-5 mb-2 mt-2 text-muted\">Garshana<\/p> <p class=\"mb-2\">Je aktivna masa\u017ea u procesu \u010di\u0161\u0107enja tijela koja poti\u010de limfu<\/p> <\/div> <div>\n<div class=\"wp-block-hotel-sava-treatment-value treatments-value__wrapper\"> <div class=\"text-end treatments-value\"> <p class=\"fs-5 mb-0 mt-sm-2 text-sm-end text-start treatments-time__area\">30 min<\/p> <p class=\"fs-5 mb-0 mt-sm-2  text-end text-muted treatments-price__area\">45 \u20ac<\/p> <\/div> <\/div>\n\n\n\n<div class=\"wp-block-hotel-sava-treatment-value treatments-value__wrapper\"> <div class=\"text-end treatments-value\"> <p class=\"fs-5 mb-0 mt-sm-2 text-sm-end text-start treatments-time__area\">45 min<\/p> <p class=\"fs-5 mb-0 mt-sm-2  text-end text-muted treatments-price__area\">60 \u20ac<\/p> <\/div> <\/div>\n\n\n\n<div class=\"wp-block-hotel-sava-treatment-value treatments-value__wrapper\"> <div class=\"text-end treatments-value\"> <p class=\"fs-5 mb-0 mt-sm-2 text-sm-end text-start treatments-time__area\">60 min<\/p> <p class=\"fs-5 mb-0 mt-sm-2  text-end text-muted treatments-price__area\">71 \u20ac<\/p> <\/div> <\/div>\n<\/div> <\/div> <\/div>\n\n\n\n<div class=\"wp-block-hotel-sava-treatments treatments__wrapper\"> <div class=\"treatments__grid\"> <div> <p class=\"fs-5 mb-2 mt-2 text-muted\">Mukabhyanga<\/p> <p class=\"mb-2\">Masa\u017ea glave, lica, vrata i ramena<\/p> <\/div> <div>\n<div class=\"wp-block-hotel-sava-treatment-value treatments-value__wrapper\"> <div class=\"text-end treatments-value\"> <p class=\"fs-5 mb-0 mt-sm-2 text-sm-end text-start treatments-time__area\">30 min<\/p> <p class=\"fs-5 mb-0 mt-sm-2  text-end text-muted treatments-price__area\">45 \u20ac<\/p> <\/div> <\/div>\n<\/div> <\/div> <\/div>\n\n\n\n<div class=\"wp-block-hotel-sava-treatments treatments__wrapper\"> <div class=\"treatments__grid\"> <div> <p class=\"fs-5 mb-2 mt-2 text-muted\">Padabhyanga<\/p> <p class=\"mb-2\">Masa\u017ea nogu koja opu\u0161ta napetost i pospje\u0161uje cirkulaciju u nogama i stopalima<\/p> <\/div> <div>\n<div class=\"wp-block-hotel-sava-treatment-value treatments-value__wrapper\"> <div class=\"text-end treatments-value\"> <p class=\"fs-5 mb-0 mt-sm-2 text-sm-end text-start treatments-time__area\">30 min<\/p> <p class=\"fs-5 mb-0 mt-sm-2  text-end text-muted treatments-price__area\">45 \u20ac<\/p> <\/div> <\/div>\n<\/div> <\/div> <\/div>\n\n\n\n<div class=\"wp-block-hotel-sava-treatments treatments__wrapper\"> <div class=\"treatments__grid\"> <div> <p class=\"fs-5 mb-2 mt-2 text-muted\">Ayurvedska masa\u017ea o\u010diju ricinusovim uljem<\/p> <p class=\"mb-2\">Preporu\u010dljiva za ljude s osjetljivim i umornim o\u010dima<\/p> <\/div> <div>\n<div class=\"wp-block-hotel-sava-treatment-value treatments-value__wrapper\"> <div class=\"text-end treatments-value\"> <p class=\"fs-5 mb-0 mt-sm-2 text-sm-end text-start treatments-time__area\">15 min<\/p> <p class=\"fs-5 mb-0 mt-sm-2  text-end text-muted treatments-price__area\">25 \u20ac<\/p> <\/div> <\/div>\n<\/div> <\/div> <\/div>\n\n\n\n<div class=\"wp-block-hotel-sava-treatments treatments__wrapper\"> <div class=\"treatments__grid\"> <div> <p class=\"fs-5 mb-2 mt-2 text-muted\">Aurikoloterapija<\/p> <p class=\"mb-2\">Akupresura<\/p> <\/div> <div>\n<div class=\"wp-block-hotel-sava-treatment-value treatments-value__wrapper\"> <div class=\"text-end treatments-value\">  <p class=\"fs-5 mb-0 mt-sm-2  text-end text-muted treatments-price__area\">15 \u20ac<\/p> <\/div> <\/div>\n<\/div> <\/div> <\/div>\n<\/div> <\/div> <\/div> <\/section>\n","protected":false},"excerpt":{"rendered":"","protected":false},"author":1,"featured_media":0,"parent":0,"menu_order":0,"comment_status":"closed","ping_status":"closed","template":"","meta":{"_acf_changed":false,"footnotes":""},"class_list":["post-563","page","type-page","status-publish","hentry"],"acf":[],"publishpress_future_workflow_manual_trigger":{"enabledWorkflows":[]},"_links":{"self":[{"href":"https:\/\/www.rogaska.si\/hr\/wp-json\/wp\/v2\/pages\/563","targetHints":{"allow":["GET"]}}],"collection":[{"href":"https:\/\/www.rogaska.si\/hr\/wp-json\/wp\/v2\/pages"}],"about":[{"href":"https:\/\/www.rogaska.si\/hr\/wp-json\/wp\/v2\/types\/page"}],"author":[{"embeddable":true,"href":"https:\/\/www.rogaska.si\/hr\/wp-json\/wp\/v2\/users\/1"}],"replies":[{"embeddable":true,"href":"https:\/\/www.rogaska.si\/hr\/wp-json\/wp\/v2\/comments?post=563"}],"version-history":[{"count":3,"href":"https:\/\/www.rogaska.si\/hr\/wp-json\/wp\/v2\/pages\/563\/revisions"}],"predecessor-version":[{"id":2855,"href":"https:\/\/www.rogaska.si\/hr\/wp-json\/wp\/v2\/pages\/563\/revisions\/2855"}],"wp:attachment":[{"href":"https:\/\/www.rogaska.si\/hr\/wp-json\/wp\/v2\/media?parent=563"}],"curies":[{"name":"wp","href":"https:\/\/api.w.org\/{rel}","templated":true}]}}