{"id":561,"date":"2023-07-18T14:46:15","date_gmt":"2023-07-18T12:46:15","guid":{"rendered":"https:\/\/www.rogaska.si\/hr\/?page_id=561"},"modified":"2023-12-08T18:01:44","modified_gmt":"2023-12-08T17:01:44","slug":"potraznja","status":"publish","type":"page","link":"https:\/\/www.rogaska.si\/hr\/potraznja\/","title":{"rendered":"Potra\u017enja"},"content":{"rendered":"\n<p class=\"has-small-font-size\">Polja ozna\u010dena zvjedicom (*) su obavezna. Svi va\u0161i osobni podaci koje \u010dete navesti bit \u0107e za\u0161ti\u0107eni sukladno Zakonu o za\u0161titi osobnih podataka (Ur. List Republike Slovenije br. 59\/1999., 57\/2001., 59\/2001.).<\/p>\n","protected":false},"excerpt":{"rendered":"<p>Polja ozna\u010dena zvjedicom (*) su obavezna. Svi va\u0161i osobni podaci koje \u010dete navesti bit \u0107e za\u0161ti\u0107eni sukladno Zakonu o za\u0161titi osobnih podataka (Ur. List Republike Slovenije br. 59\/1999., 57\/2001., 59\/2001.).<\/p>\n","protected":false},"author":1,"featured_media":0,"parent":0,"menu_order":0,"comment_status":"closed","ping_status":"closed","template":"","meta":{"_acf_changed":false,"footnotes":""},"class_list":["post-561","page","type-page","status-publish","hentry"],"acf":[],"publishpress_future_workflow_manual_trigger":{"enabledWorkflows":[]},"_links":{"self":[{"href":"https:\/\/www.rogaska.si\/hr\/wp-json\/wp\/v2\/pages\/561","targetHints":{"allow":["GET"]}}],"collection":[{"href":"https:\/\/www.rogaska.si\/hr\/wp-json\/wp\/v2\/pages"}],"about":[{"href":"https:\/\/www.rogaska.si\/hr\/wp-json\/wp\/v2\/types\/page"}],"author":[{"embeddable":true,"href":"https:\/\/www.rogaska.si\/hr\/wp-json\/wp\/v2\/users\/1"}],"replies":[{"embeddable":true,"href":"https:\/\/www.rogaska.si\/hr\/wp-json\/wp\/v2\/comments?post=561"}],"version-history":[{"count":3,"href":"https:\/\/www.rogaska.si\/hr\/wp-json\/wp\/v2\/pages\/561\/revisions"}],"predecessor-version":[{"id":1661,"href":"https:\/\/www.rogaska.si\/hr\/wp-json\/wp\/v2\/pages\/561\/revisions\/1661"}],"wp:attachment":[{"href":"https:\/\/www.rogaska.si\/hr\/wp-json\/wp\/v2\/media?parent=561"}],"curies":[{"name":"wp","href":"https:\/\/api.w.org\/{rel}","templated":true}]}}