{"id":551,"date":"2023-07-18T14:40:01","date_gmt":"2023-07-18T12:40:01","guid":{"rendered":"https:\/\/www.rogaska.si\/hr\/?page_id=551"},"modified":"2023-12-08T17:54:27","modified_gmt":"2023-12-08T16:54:27","slug":"grand-hotel-sava-superior","status":"publish","type":"page","link":"https:\/\/www.rogaska.si\/hr\/grand-hotel-sava-superior\/","title":{"rendered":"Grand hotel Sava Superior"},"content":{"rendered":"<section class=\"py-5 wp-block-hotel-sava-hero-secondary\">\n  <div class=\"container\">\n    <div class=\"d-md-block d-none mt-5 pt-5 row\">\n      <div>\n                                                                                                                                                                              <nav aria-label=\"breadcrumb\">\n              <ol class=\"breadcrumb\">\n                                <li class=\"breadcrumb-item\"><a href=\"https:\/\/www.rogaska.si\/hr\">Po\u010detna stranica<\/a>\n                <\/li>\n                                                <li class=\"breadcrumb-item active\" aria-current=\"page\">\n                  Home                <\/li>\n              <\/ol>\n            <\/nav>\n                                                          <\/div>\n    <\/div>\n    <div class=\"row\">\n      <div>\n        <h1 class=\"display-4 text-center\">Grand hotel Sava****<sup>sup<\/sup> &#8211; Superior<\/h1>\n      <\/div>\n    <\/div>\n    <div class=\"mt-5 row\">\n      <div class=\"col-lg-10 col-md-11 me-auto ms-auto\">\n        <div class=\"image-wrapper__fit\">\n          <picture>\n                          <img loading=\"lazy\" decoding=\"async\" width=\"2200\" height=\"1466\" src=\"https:\/\/www.rogaska.si\/hr\/wp-content\/uploads\/sites\/5\/2023\/08\/soba-superior-01-2200x1466.jpg\" class=\"wp-image-838 image__fit\" alt=\"\" srcset=\"https:\/\/www.rogaska.si\/hr\/wp-content\/uploads\/sites\/5\/2023\/08\/soba-superior-01-2200x1466.jpg 2200w, https:\/\/www.rogaska.si\/hr\/wp-content\/uploads\/sites\/5\/2023\/08\/soba-superior-01-300x200.jpg 300w, https:\/\/www.rogaska.si\/hr\/wp-content\/uploads\/sites\/5\/2023\/08\/soba-superior-01-1024x682.jpg 1024w, https:\/\/www.rogaska.si\/hr\/wp-content\/uploads\/sites\/5\/2023\/08\/soba-superior-01-768x512.jpg 768w, https:\/\/www.rogaska.si\/hr\/wp-content\/uploads\/sites\/5\/2023\/08\/soba-superior-01-480x320.jpg 480w, https:\/\/www.rogaska.si\/hr\/wp-content\/uploads\/sites\/5\/2023\/08\/soba-superior-01-640x426.jpg 640w, https:\/\/www.rogaska.si\/hr\/wp-content\/uploads\/sites\/5\/2023\/08\/soba-superior-01-720x480.jpg 720w, https:\/\/www.rogaska.si\/hr\/wp-content\/uploads\/sites\/5\/2023\/08\/soba-superior-01-960x640.jpg 960w, https:\/\/www.rogaska.si\/hr\/wp-content\/uploads\/sites\/5\/2023\/08\/soba-superior-01-1168x778.jpg 1168w, https:\/\/www.rogaska.si\/hr\/wp-content\/uploads\/sites\/5\/2023\/08\/soba-superior-01-1440x960.jpg 1440w, https:\/\/www.rogaska.si\/hr\/wp-content\/uploads\/sites\/5\/2023\/08\/soba-superior-01-1920x1279.jpg 1920w, https:\/\/www.rogaska.si\/hr\/wp-content\/uploads\/sites\/5\/2023\/08\/soba-superior-01-1536x1024.jpg 1536w, https:\/\/www.rogaska.si\/hr\/wp-content\/uploads\/sites\/5\/2023\/08\/soba-superior-01-2048x1365.jpg 2048w\" sizes=\"auto, (max-width: 2200px) 100vw, 2200px\" \/>\n                                  <\/picture>\n        <\/div>\n      <\/div>\n    <\/div>\n  <\/div>\n<\/section>\n\n\n<section class=\"wp-block-hotel-sava-col-md-8 py-5\"> <div class=\"container\"> <div class=\"row\"> <div class=\"col-md-8 me-auto ms-auto\">\n<p class=\"wp-block-hotel-sava-lead lead fs-3\">Roga\u0161ka Slatina je raj za ljubitelje prirode i uga\u0111anja du\u0161i i tijelu.<\/p>\n\n\n\n<p class=\"wp-block-hotel-sava-text-default\">U Superior dijelu hotela o\u010dekuju Vas opu\u0161tanje, udobnost i mir. Mo\u017eete si priu\u0161titi boravak u jednokrevetnim, dvokrevetnim sobama ili u prostranim suitama u umiruju\u0107im tonovima boja. Superiorni smje\u0161taji o\u010daravaju s prekrasnim pogledima na okolinu i glazbenom kulisom pti\u010djeg pjevanja. Pozivamo Vas da i vi do\u017eivite takvo bu\u0111enje \u2026<\/p>\n<\/div> <\/div> <\/div> <\/section>\n\n\n<section class=\"py-5 wp-block-hotel-sava-namestitev-superior\">\n  <div class=\"container\">\n    <div class=\"gy-5 row\">\n                                              <div id=\"post-601\" class=\"col-md-4 post-601 superior type-superior status-publish has-post-thumbnail hentry\"><a href=\"https:\/\/www.rogaska.si\/hr\/superior\/jednokrevetna-soba-superior-balkon\/\" class=\"card__link text-decoration-none\"><div class=\"overflow-hidden\">\n                <div class=\"card-acc__image transition-slow\">\n                  <picture>\n                    <img decoding=\"async\" src=\"https:\/\/www.rogaska.si\/hr\/wp-content\/uploads\/sites\/5\/2023\/07\/superior-enoposteljna-01-768x511.jpg\" class=\"image__fit--cover wp-post-image\" alt=\"\" srcset=\"https:\/\/www.rogaska.si\/hr\/wp-content\/uploads\/sites\/5\/2023\/07\/superior-enoposteljna-01-768x511.jpg 768w, https:\/\/www.rogaska.si\/hr\/wp-content\/uploads\/sites\/5\/2023\/07\/superior-enoposteljna-01-300x200.jpg 300w, https:\/\/www.rogaska.si\/hr\/wp-content\/uploads\/sites\/5\/2023\/07\/superior-enoposteljna-01-1024x682.jpg 1024w, https:\/\/www.rogaska.si\/hr\/wp-content\/uploads\/sites\/5\/2023\/07\/superior-enoposteljna-01-480x319.jpg 480w, https:\/\/www.rogaska.si\/hr\/wp-content\/uploads\/sites\/5\/2023\/07\/superior-enoposteljna-01-640x426.jpg 640w, https:\/\/www.rogaska.si\/hr\/wp-content\/uploads\/sites\/5\/2023\/07\/superior-enoposteljna-01-720x479.jpg 720w, https:\/\/www.rogaska.si\/hr\/wp-content\/uploads\/sites\/5\/2023\/07\/superior-enoposteljna-01-960x639.jpg 960w, https:\/\/www.rogaska.si\/hr\/wp-content\/uploads\/sites\/5\/2023\/07\/superior-enoposteljna-01-1168x777.jpg 1168w, https:\/\/www.rogaska.si\/hr\/wp-content\/uploads\/sites\/5\/2023\/07\/superior-enoposteljna-01-1440x958.jpg 1440w, https:\/\/www.rogaska.si\/hr\/wp-content\/uploads\/sites\/5\/2023\/07\/superior-enoposteljna-01-1920x1278.jpg 1920w, https:\/\/www.rogaska.si\/hr\/wp-content\/uploads\/sites\/5\/2023\/07\/superior-enoposteljna-01-1536x1022.jpg 1536w, https:\/\/www.rogaska.si\/hr\/wp-content\/uploads\/sites\/5\/2023\/07\/superior-enoposteljna-01-2048x1363.jpg 2048w\" sizes=\"(max-width: 768px) 100vw, 768px\" \/>                  <\/picture>\n                <\/div>\n              <\/div><h3 class=\"mt-4\">Jednokrevetna soba superior \u2013 balkon<\/h3><\/a>\n          <\/div>\n                            <div id=\"post-2311\" class=\"col-md-4 post-2311 superior type-superior status-publish has-post-thumbnail hentry\"><a href=\"https:\/\/www.rogaska.si\/hr\/superior\/dvokrevetna-soba-superior-balkon\/\" class=\"card__link text-decoration-none\"><div class=\"overflow-hidden\">\n                <div class=\"card-acc__image transition-slow\">\n                  <picture>\n                    <img decoding=\"async\" src=\"https:\/\/www.rogaska.si\/hr\/wp-content\/uploads\/sites\/5\/2025\/03\/superior-apartma-01-768x573.jpg\" class=\"image__fit--cover wp-post-image\" alt=\"\" srcset=\"https:\/\/www.rogaska.si\/hr\/wp-content\/uploads\/sites\/5\/2025\/03\/superior-apartma-01-768x573.jpg 768w, https:\/\/www.rogaska.si\/hr\/wp-content\/uploads\/sites\/5\/2025\/03\/superior-apartma-01-300x224.jpg 300w, https:\/\/www.rogaska.si\/hr\/wp-content\/uploads\/sites\/5\/2025\/03\/superior-apartma-01-1024x763.jpg 1024w, https:\/\/www.rogaska.si\/hr\/wp-content\/uploads\/sites\/5\/2025\/03\/superior-apartma-01-480x358.jpg 480w, https:\/\/www.rogaska.si\/hr\/wp-content\/uploads\/sites\/5\/2025\/03\/superior-apartma-01-640x477.jpg 640w, https:\/\/www.rogaska.si\/hr\/wp-content\/uploads\/sites\/5\/2025\/03\/superior-apartma-01-720x537.jpg 720w, https:\/\/www.rogaska.si\/hr\/wp-content\/uploads\/sites\/5\/2025\/03\/superior-apartma-01-960x716.jpg 960w, https:\/\/www.rogaska.si\/hr\/wp-content\/uploads\/sites\/5\/2025\/03\/superior-apartma-01-1168x871.jpg 1168w, https:\/\/www.rogaska.si\/hr\/wp-content\/uploads\/sites\/5\/2025\/03\/superior-apartma-01-1440x1074.jpg 1440w, https:\/\/www.rogaska.si\/hr\/wp-content\/uploads\/sites\/5\/2025\/03\/superior-apartma-01-1920x1432.jpg 1920w, https:\/\/www.rogaska.si\/hr\/wp-content\/uploads\/sites\/5\/2025\/03\/superior-apartma-01-1536x1145.jpg 1536w, https:\/\/www.rogaska.si\/hr\/wp-content\/uploads\/sites\/5\/2025\/03\/superior-apartma-01-2048x1527.jpg 2048w\" sizes=\"(max-width: 768px) 100vw, 768px\" \/>                  <\/picture>\n                <\/div>\n              <\/div><h3 class=\"mt-4\">Dvokrevetna soba superior \u2013 balkon<\/h3><\/a>\n          <\/div>\n                            <div id=\"post-602\" class=\"col-md-4 post-602 superior type-superior status-publish has-post-thumbnail hentry\"><a href=\"https:\/\/www.rogaska.si\/hr\/superior\/dvokrevetna-soba-superior-grand-balkon\/\" class=\"card__link text-decoration-none\"><div class=\"overflow-hidden\">\n                <div class=\"card-acc__image transition-slow\">\n                  <picture>\n                    <img decoding=\"async\" src=\"https:\/\/www.rogaska.si\/hr\/wp-content\/uploads\/sites\/5\/2023\/07\/superior-l-01-768x512.jpg\" class=\"image__fit--cover wp-post-image\" alt=\"\" srcset=\"https:\/\/www.rogaska.si\/hr\/wp-content\/uploads\/sites\/5\/2023\/07\/superior-l-01-768x512.jpg 768w, https:\/\/www.rogaska.si\/hr\/wp-content\/uploads\/sites\/5\/2023\/07\/superior-l-01-300x200.jpg 300w, https:\/\/www.rogaska.si\/hr\/wp-content\/uploads\/sites\/5\/2023\/07\/superior-l-01-1024x683.jpg 1024w, https:\/\/www.rogaska.si\/hr\/wp-content\/uploads\/sites\/5\/2023\/07\/superior-l-01-480x320.jpg 480w, https:\/\/www.rogaska.si\/hr\/wp-content\/uploads\/sites\/5\/2023\/07\/superior-l-01-640x427.jpg 640w, https:\/\/www.rogaska.si\/hr\/wp-content\/uploads\/sites\/5\/2023\/07\/superior-l-01-720x480.jpg 720w, https:\/\/www.rogaska.si\/hr\/wp-content\/uploads\/sites\/5\/2023\/07\/superior-l-01-960x641.jpg 960w, https:\/\/www.rogaska.si\/hr\/wp-content\/uploads\/sites\/5\/2023\/07\/superior-l-01-1168x779.jpg 1168w, https:\/\/www.rogaska.si\/hr\/wp-content\/uploads\/sites\/5\/2023\/07\/superior-l-01-1440x961.jpg 1440w, https:\/\/www.rogaska.si\/hr\/wp-content\/uploads\/sites\/5\/2023\/07\/superior-l-01-1920x1281.jpg 1920w, https:\/\/www.rogaska.si\/hr\/wp-content\/uploads\/sites\/5\/2023\/07\/superior-l-01-1536x1025.jpg 1536w, https:\/\/www.rogaska.si\/hr\/wp-content\/uploads\/sites\/5\/2023\/07\/superior-l-01-2048x1366.jpg 2048w\" sizes=\"(max-width: 768px) 100vw, 768px\" \/>                  <\/picture>\n                <\/div>\n              <\/div><h3 class=\"mt-4\">Dvokrevetna soba superior Grand \u2013 balkon<\/h3><\/a>\n          <\/div>\n                            <div id=\"post-603\" class=\"col-md-4 post-603 superior type-superior status-publish has-post-thumbnail hentry\"><a href=\"https:\/\/www.rogaska.si\/hr\/superior\/suita-superior-balkon\/\" class=\"card__link text-decoration-none\"><div class=\"overflow-hidden\">\n                <div class=\"card-acc__image transition-slow\">\n                  <picture>\n                    <img decoding=\"async\" src=\"https:\/\/www.rogaska.si\/hr\/wp-content\/uploads\/sites\/5\/2023\/07\/suita-superior-01-1-768x485.jpg\" class=\"image__fit--cover wp-post-image\" alt=\"\" srcset=\"https:\/\/www.rogaska.si\/hr\/wp-content\/uploads\/sites\/5\/2023\/07\/suita-superior-01-1-768x485.jpg 768w, https:\/\/www.rogaska.si\/hr\/wp-content\/uploads\/sites\/5\/2023\/07\/suita-superior-01-1-300x190.jpg 300w, https:\/\/www.rogaska.si\/hr\/wp-content\/uploads\/sites\/5\/2023\/07\/suita-superior-01-1-1024x647.jpg 1024w, https:\/\/www.rogaska.si\/hr\/wp-content\/uploads\/sites\/5\/2023\/07\/suita-superior-01-1-480x303.jpg 480w, https:\/\/www.rogaska.si\/hr\/wp-content\/uploads\/sites\/5\/2023\/07\/suita-superior-01-1-640x404.jpg 640w, https:\/\/www.rogaska.si\/hr\/wp-content\/uploads\/sites\/5\/2023\/07\/suita-superior-01-1-720x455.jpg 720w, https:\/\/www.rogaska.si\/hr\/wp-content\/uploads\/sites\/5\/2023\/07\/suita-superior-01-1-960x607.jpg 960w, https:\/\/www.rogaska.si\/hr\/wp-content\/uploads\/sites\/5\/2023\/07\/suita-superior-01-1-1168x738.jpg 1168w, https:\/\/www.rogaska.si\/hr\/wp-content\/uploads\/sites\/5\/2023\/07\/suita-superior-01-1-1440x910.jpg 1440w, https:\/\/www.rogaska.si\/hr\/wp-content\/uploads\/sites\/5\/2023\/07\/suita-superior-01-1-1920x1213.jpg 1920w, https:\/\/www.rogaska.si\/hr\/wp-content\/uploads\/sites\/5\/2023\/07\/suita-superior-01-1-1536x971.jpg 1536w, https:\/\/www.rogaska.si\/hr\/wp-content\/uploads\/sites\/5\/2023\/07\/suita-superior-01-1-2048x1294.jpg 2048w\" sizes=\"(max-width: 768px) 100vw, 768px\" \/>                  <\/picture>\n                <\/div>\n              <\/div><h3 class=\"mt-4\">Suita superior \u2013 balkon<\/h3><\/a>\n          <\/div>\n                            <div id=\"post-604\" class=\"col-md-4 post-604 superior type-superior status-publish has-post-thumbnail hentry\"><a href=\"https:\/\/www.rogaska.si\/hr\/superior\/suita-superior-grand-balkon\/\" class=\"card__link text-decoration-none\"><div class=\"overflow-hidden\">\n                <div class=\"card-acc__image transition-slow\">\n                  <picture>\n                    <img decoding=\"async\" src=\"https:\/\/www.rogaska.si\/hr\/wp-content\/uploads\/sites\/5\/2023\/07\/suita-superior-grand-02-768x374.jpg\" class=\"image__fit--cover wp-post-image\" alt=\"\" srcset=\"https:\/\/www.rogaska.si\/hr\/wp-content\/uploads\/sites\/5\/2023\/07\/suita-superior-grand-02-768x374.jpg 768w, https:\/\/www.rogaska.si\/hr\/wp-content\/uploads\/sites\/5\/2023\/07\/suita-superior-grand-02-300x146.jpg 300w, https:\/\/www.rogaska.si\/hr\/wp-content\/uploads\/sites\/5\/2023\/07\/suita-superior-grand-02-1024x498.jpg 1024w, https:\/\/www.rogaska.si\/hr\/wp-content\/uploads\/sites\/5\/2023\/07\/suita-superior-grand-02-480x233.jpg 480w, https:\/\/www.rogaska.si\/hr\/wp-content\/uploads\/sites\/5\/2023\/07\/suita-superior-grand-02-640x311.jpg 640w, https:\/\/www.rogaska.si\/hr\/wp-content\/uploads\/sites\/5\/2023\/07\/suita-superior-grand-02-720x350.jpg 720w, https:\/\/www.rogaska.si\/hr\/wp-content\/uploads\/sites\/5\/2023\/07\/suita-superior-grand-02-960x467.jpg 960w, https:\/\/www.rogaska.si\/hr\/wp-content\/uploads\/sites\/5\/2023\/07\/suita-superior-grand-02-1168x568.jpg 1168w, https:\/\/www.rogaska.si\/hr\/wp-content\/uploads\/sites\/5\/2023\/07\/suita-superior-grand-02-1440x700.jpg 1440w, https:\/\/www.rogaska.si\/hr\/wp-content\/uploads\/sites\/5\/2023\/07\/suita-superior-grand-02-1920x934.jpg 1920w, https:\/\/www.rogaska.si\/hr\/wp-content\/uploads\/sites\/5\/2023\/07\/suita-superior-grand-02-1536x747.jpg 1536w, https:\/\/www.rogaska.si\/hr\/wp-content\/uploads\/sites\/5\/2023\/07\/suita-superior-grand-02-2048x996.jpg 2048w\" sizes=\"(max-width: 768px) 100vw, 768px\" \/>                  <\/picture>\n                <\/div>\n              <\/div><h3 class=\"mt-4\">Suita superior Grand \u2013 balkon<\/h3><\/a>\n          <\/div>\n                          <\/div>\n  <\/div>\n<\/section>","protected":false},"excerpt":{"rendered":"","protected":false},"author":1,"featured_media":0,"parent":0,"menu_order":0,"comment_status":"closed","ping_status":"closed","template":"","meta":{"_acf_changed":false,"footnotes":""},"class_list":["post-551","page","type-page","status-publish","hentry"],"acf":[],"publishpress_future_workflow_manual_trigger":{"enabledWorkflows":[]},"_links":{"self":[{"href":"https:\/\/www.rogaska.si\/hr\/wp-json\/wp\/v2\/pages\/551","targetHints":{"allow":["GET"]}}],"collection":[{"href":"https:\/\/www.rogaska.si\/hr\/wp-json\/wp\/v2\/pages"}],"about":[{"href":"https:\/\/www.rogaska.si\/hr\/wp-json\/wp\/v2\/types\/page"}],"author":[{"embeddable":true,"href":"https:\/\/www.rogaska.si\/hr\/wp-json\/wp\/v2\/users\/1"}],"replies":[{"embeddable":true,"href":"https:\/\/www.rogaska.si\/hr\/wp-json\/wp\/v2\/comments?post=551"}],"version-history":[{"count":2,"href":"https:\/\/www.rogaska.si\/hr\/wp-json\/wp\/v2\/pages\/551\/revisions"}],"predecessor-version":[{"id":1657,"href":"https:\/\/www.rogaska.si\/hr\/wp-json\/wp\/v2\/pages\/551\/revisions\/1657"}],"wp:attachment":[{"href":"https:\/\/www.rogaska.si\/hr\/wp-json\/wp\/v2\/media?parent=551"}],"curies":[{"name":"wp","href":"https:\/\/api.w.org\/{rel}","templated":true}]}}