{"id":531,"date":"2023-07-17T22:34:59","date_gmt":"2023-07-17T20:34:59","guid":{"rendered":"https:\/\/www.rogaska.si\/hr\/?page_id=531"},"modified":"2023-12-09T22:01:30","modified_gmt":"2023-12-09T21:01:30","slug":"o-nama","status":"publish","type":"page","link":"https:\/\/www.rogaska.si\/hr\/o-nama\/","title":{"rendered":"O nama"},"content":{"rendered":"<section class=\"py-5 wp-block-hotel-sava-hero-secondary\">\n  <div class=\"container\">\n    <div class=\"d-md-block d-none mt-5 pt-5 row\">\n      <div>\n                                                                                                                                                                              <nav aria-label=\"breadcrumb\">\n              <ol class=\"breadcrumb\">\n                                <li class=\"breadcrumb-item\"><a href=\"https:\/\/www.rogaska.si\/hr\">Po\u010detna stranica<\/a>\n                <\/li>\n                                                <li class=\"breadcrumb-item active\" aria-current=\"page\">\n                  Home                <\/li>\n              <\/ol>\n            <\/nav>\n                                                          <\/div>\n    <\/div>\n    <div class=\"row\">\n      <div>\n        <h1 class=\"display-4 text-center\">O nama<\/h1>\n      <\/div>\n    <\/div>\n    <div class=\"mt-5 row\">\n      <div class=\"col-lg-10 col-md-11 me-auto ms-auto\">\n        <div class=\"image-wrapper__fit\">\n          <picture>\n                          <img loading=\"lazy\" decoding=\"async\" width=\"2500\" height=\"798\" src=\"https:\/\/www.rogaska.si\/hr\/wp-content\/uploads\/sites\/5\/2023\/09\/grand-hotel-sava-by-night.jpg\" class=\"wp-image-1156 image__fit\" alt=\"\" srcset=\"https:\/\/www.rogaska.si\/hr\/wp-content\/uploads\/sites\/5\/2023\/09\/grand-hotel-sava-by-night.jpg 2500w, https:\/\/www.rogaska.si\/hr\/wp-content\/uploads\/sites\/5\/2023\/09\/grand-hotel-sava-by-night-300x96.jpg 300w, https:\/\/www.rogaska.si\/hr\/wp-content\/uploads\/sites\/5\/2023\/09\/grand-hotel-sava-by-night-1024x327.jpg 1024w, https:\/\/www.rogaska.si\/hr\/wp-content\/uploads\/sites\/5\/2023\/09\/grand-hotel-sava-by-night-768x245.jpg 768w, https:\/\/www.rogaska.si\/hr\/wp-content\/uploads\/sites\/5\/2023\/09\/grand-hotel-sava-by-night-480x153.jpg 480w, https:\/\/www.rogaska.si\/hr\/wp-content\/uploads\/sites\/5\/2023\/09\/grand-hotel-sava-by-night-640x204.jpg 640w, https:\/\/www.rogaska.si\/hr\/wp-content\/uploads\/sites\/5\/2023\/09\/grand-hotel-sava-by-night-720x230.jpg 720w, https:\/\/www.rogaska.si\/hr\/wp-content\/uploads\/sites\/5\/2023\/09\/grand-hotel-sava-by-night-960x306.jpg 960w, https:\/\/www.rogaska.si\/hr\/wp-content\/uploads\/sites\/5\/2023\/09\/grand-hotel-sava-by-night-1168x373.jpg 1168w, https:\/\/www.rogaska.si\/hr\/wp-content\/uploads\/sites\/5\/2023\/09\/grand-hotel-sava-by-night-1440x460.jpg 1440w, https:\/\/www.rogaska.si\/hr\/wp-content\/uploads\/sites\/5\/2023\/09\/grand-hotel-sava-by-night-1920x613.jpg 1920w, https:\/\/www.rogaska.si\/hr\/wp-content\/uploads\/sites\/5\/2023\/09\/grand-hotel-sava-by-night-1536x490.jpg 1536w, https:\/\/www.rogaska.si\/hr\/wp-content\/uploads\/sites\/5\/2023\/09\/grand-hotel-sava-by-night-2048x654.jpg 2048w\" sizes=\"auto, (max-width: 2500px) 100vw, 2500px\" \/>\n                                  <\/picture>\n        <\/div>\n      <\/div>\n    <\/div>\n  <\/div>\n<\/section>\n\n\n<section class=\"wp-block-hotel-sava-col-md-8 py-5\"> <div class=\"container\"> <div class=\"row\"> <div class=\"col-md-8 me-auto ms-auto\">\n<p class=\"wp-block-hotel-sava-lead lead fs-3\">Hotel Sava Roga\u0161ka obiteljski je posao temeljen na vrijednostima kao \u0161to su tradicija, inovacija, individualni odnos prema gostima, brigu o zdravlju gostiju i zaposlenika te odr\u017eivost. Raspola\u017eemo infrastrukturom, koji \u010dine Grand Hotel Sava, Hotel Zagreb, Roi Medico &amp; Spa centar i Kongresni centar Roga\u0161ka. Predstavljamo vode\u0107u pru\u017eateljsku turisti\u010dku uslugu na odredi\u0161tu Roga\u0161ka Slatina. Usko sura\u0111ujemo s lokalnom zajednicom u \u0161irem smislu i razvijamo suvremene odr\u017eive pristupe destinaciji.<\/p>\n\n\n\n<p class=\"wp-block-hotel-sava-text-default\">Uklju\u010dili smo se u provedbu uslu\u017enih aktivnosti vezanih za zdravlje, ljepotu tijela, zdrav stil \u017eivota, bolju kvalitetu \u017eivota i nadogra\u0111eni su luksuznim uslugama i luksuznim proizvodima za zdravlje, ljepotu tijela i zdrav stil \u017eivota.<\/p>\n\n\n\n<p class=\"wp-block-hotel-sava-text-default\">Gostove \u017eelja su nam vrlo va\u017ene, ali istodobno pozdravljamo goste s novim odr\u017eivim proizvodima i uslugama. Usredoto\u010dujemo se na goste koji znaju cijeniti jedinstvenost ponude, sveobuhvatna rje\u0161enja za pobolj\u0161anje zdravlja i stoga smo spremni platiti razumnu cijenu.<\/p>\n<\/div> <\/div> <\/div> <\/section>\n\n\n\n<section class=\"wp-block-hotel-sava-layout-offset-left py-5\"> <div class=\"container\"> <div class=\"row\"> <div class=\"col-md-4 offset-md-1\">  <picture> <img loading=\"lazy\" decoding=\"async\" width=\"1024\" height=\"682\" src=\"https:\/\/www.rogaska.si\/hr\/wp-content\/uploads\/sites\/5\/2023\/09\/stanislav-psenicnik-02-1024x682.jpg\" class=\"img-fluid wp-image-1153\" srcset=\"https:\/\/www.rogaska.si\/hr\/wp-content\/uploads\/sites\/5\/2023\/09\/stanislav-psenicnik-02-1024x682.jpg 1024w, https:\/\/www.rogaska.si\/hr\/wp-content\/uploads\/sites\/5\/2023\/09\/stanislav-psenicnik-02-300x200.jpg 300w, https:\/\/www.rogaska.si\/hr\/wp-content\/uploads\/sites\/5\/2023\/09\/stanislav-psenicnik-02-768x512.jpg 768w, https:\/\/www.rogaska.si\/hr\/wp-content\/uploads\/sites\/5\/2023\/09\/stanislav-psenicnik-02-480x320.jpg 480w, https:\/\/www.rogaska.si\/hr\/wp-content\/uploads\/sites\/5\/2023\/09\/stanislav-psenicnik-02-640x426.jpg 640w, https:\/\/www.rogaska.si\/hr\/wp-content\/uploads\/sites\/5\/2023\/09\/stanislav-psenicnik-02-720x480.jpg 720w, https:\/\/www.rogaska.si\/hr\/wp-content\/uploads\/sites\/5\/2023\/09\/stanislav-psenicnik-02-960x640.jpg 960w, https:\/\/www.rogaska.si\/hr\/wp-content\/uploads\/sites\/5\/2023\/09\/stanislav-psenicnik-02-1168x778.jpg 1168w, https:\/\/www.rogaska.si\/hr\/wp-content\/uploads\/sites\/5\/2023\/09\/stanislav-psenicnik-02-1440x960.jpg 1440w, https:\/\/www.rogaska.si\/hr\/wp-content\/uploads\/sites\/5\/2023\/09\/stanislav-psenicnik-02-1920x1279.jpg 1920w, https:\/\/www.rogaska.si\/hr\/wp-content\/uploads\/sites\/5\/2023\/09\/stanislav-psenicnik-02-1536x1024.jpg 1536w, https:\/\/www.rogaska.si\/hr\/wp-content\/uploads\/sites\/5\/2023\/09\/stanislav-psenicnik-02-2048x1365.jpg 2048w\" sizes=\"auto, (max-width: 1024px) 100vw, 1024px\" \/> <\/picture> <\/div> <div class=\"col-md-5 mt-4 mt-md-0\">\n<h3 class=\"wp-block-hotel-sava-heading-3\">Vizija tajnstvenog razvoja<\/h3>\n\n\n\n<p class=\"has-medium-font-size\">Hotel Sava Roga\u0161ka je vrhunski centar usluga za odr\u017eavanje zdravog stila \u017eivota.<\/p>\n\n\n\n<h3 class=\"wp-block-hotel-sava-heading-3\">Poslanstvo trajnstvenog razvoja<\/h3>\n\n\n\n<p class=\"has-medium-font-size\">Odr\u017eavati zdravlje i punu \u017eivotnu energiju ljudi.<\/p>\n<\/div> <\/div> <\/div> <\/section>\n\n\n\n<section class=\"wp-block-hotel-sava-layout-offset-right py-5 bg-light\"> <div class=\"container\"> <div class=\"row\"> <div class=\"col-md-4\">  <picture> <img loading=\"lazy\" decoding=\"async\" width=\"1024\" height=\"682\" src=\"https:\/\/www.rogaska.si\/hr\/wp-content\/uploads\/sites\/5\/2023\/09\/natasa-psenicnik-02-1024x682.jpg\" class=\"img-fluid wp-image-1154\" srcset=\"https:\/\/www.rogaska.si\/hr\/wp-content\/uploads\/sites\/5\/2023\/09\/natasa-psenicnik-02-1024x682.jpg 1024w, https:\/\/www.rogaska.si\/hr\/wp-content\/uploads\/sites\/5\/2023\/09\/natasa-psenicnik-02-300x200.jpg 300w, https:\/\/www.rogaska.si\/hr\/wp-content\/uploads\/sites\/5\/2023\/09\/natasa-psenicnik-02-768x512.jpg 768w, https:\/\/www.rogaska.si\/hr\/wp-content\/uploads\/sites\/5\/2023\/09\/natasa-psenicnik-02-480x320.jpg 480w, https:\/\/www.rogaska.si\/hr\/wp-content\/uploads\/sites\/5\/2023\/09\/natasa-psenicnik-02-640x426.jpg 640w, https:\/\/www.rogaska.si\/hr\/wp-content\/uploads\/sites\/5\/2023\/09\/natasa-psenicnik-02-720x480.jpg 720w, https:\/\/www.rogaska.si\/hr\/wp-content\/uploads\/sites\/5\/2023\/09\/natasa-psenicnik-02-960x640.jpg 960w, https:\/\/www.rogaska.si\/hr\/wp-content\/uploads\/sites\/5\/2023\/09\/natasa-psenicnik-02-1168x778.jpg 1168w, https:\/\/www.rogaska.si\/hr\/wp-content\/uploads\/sites\/5\/2023\/09\/natasa-psenicnik-02-1440x960.jpg 1440w, https:\/\/www.rogaska.si\/hr\/wp-content\/uploads\/sites\/5\/2023\/09\/natasa-psenicnik-02-1920x1279.jpg 1920w, https:\/\/www.rogaska.si\/hr\/wp-content\/uploads\/sites\/5\/2023\/09\/natasa-psenicnik-02-1536x1024.jpg 1536w, https:\/\/www.rogaska.si\/hr\/wp-content\/uploads\/sites\/5\/2023\/09\/natasa-psenicnik-02-2048x1365.jpg 2048w\" sizes=\"auto, (max-width: 1024px) 100vw, 1024px\" \/> <\/picture> <\/div> <div class=\"col-md-5 mt-4 mt-md-0 offset-md-2 order-md-first\">\n<h3 class=\"wp-block-hotel-sava-heading-3 display-6\">Vrijednosti tajanstvenog razvoja<\/h3>\n\n\n\n<h4 class=\"wp-block-hotel-sava-heading-4\">Tradicija<\/h4>\n\n\n\n<p>Gradimo obiteljsku tradiciju i povijesne temelje Hotela Sava Roga\u0161ka i Roga\u0161ke Slatine kao odredi\u0161ta.<\/p>\n\n\n\n<h4 class=\"wp-block-hotel-sava-heading-4\">Individualni pristup<\/h4>\n\n\n\n<p>Ispunjavamo individualne \u017eelje i potrebe na\u0161ih klijenata i stvaramo zadovoljne goste.<\/p>\n\n\n\n<h4 class=\"wp-block-hotel-sava-heading-4\">Inovativnost<\/h4>\n\n\n\n<p>Razvijamo proizvode i usluge za kupce, koje \u017eele odr\u017eavati zdrav stil \u017eivota.<\/p>\n\n\n\n<h4 class=\"wp-block-hotel-sava-heading-4\">Zdravlje<\/h4>\n\n\n\n<p>Usko smo povezani s prirodom koja nam daje zdrave sirovine za hranu i vodu. Uz zdravu hranu, mineralnu i termalnu vodu i na\u0161e usluge Medico Diabetes, poma\u017eemo na\u0161im gostima da odr\u017eavaju zdrav stil \u017eivota.<\/p>\n\n\n\n<h4 class=\"wp-block-hotel-sava-heading-4\">Odr\u017eivost<\/h4>\n\n\n\n<p>Po\u0161tuju na\u010dela odr\u017eivog razvoja u svim pogledima i predstavljaju prijmer odr\u017eivog razvoja.<\/p>\n\n\n\n<h4 class=\"wp-block-hotel-sava-heading-4\">Odgovornost<\/h4>\n\n\n\n<p>Svatko od nas je odgovoran za svoj rad, rad tima i cijelu organizaciju. Svoju djelatnost obavljamo odgovorno u interesu gostiju i partnera, tvrtke i u\u017eeg i \u0161ire zajednice.<\/p>\n<\/div> <\/div> <\/div> <\/section>\n\n\n\n<section class=\"wp-block-hotel-sava-section-2-col py-5\"> <div class=\"container\"> <div class=\" row\">\n<div class=\"wp-block-hotel-sava-col-md-6 col-md-6\">\n<h3 class=\"wp-block-hotel-sava-heading-3 display-6\">Posjetnica<\/h3>\n\n\n\n<p>HOTEL SAVA ROGA\u0160KA d.o.o.<br>Zdravili\u0161ki trg 6<br>3250 Roga\u0161ka Slatina<br>Slovenija<\/p>\n<\/div>\n\n\n\n<div class=\"wp-block-hotel-sava-col-md-6 col-md-6\">\n<p>Telefonski broj: +386 (0)3 811 40 00<br>Fax: +386 (0)3 811 47 32<br>E-mail: info@rogaska.si<br>ID za PDV: SI29042364<br>Registracija: 1647717<br>Temeljni kapital: 258.763,00<br>IBAN: SI56 0443 0000 1538 049, Nova KBM d.d., SWIFT CODE (BIC) KBMASI2X<br>Ulazak u tvrtku na Okru\u017enom sudu u Celju, vl. Ne. 1\/07383\/00.<\/p>\n<\/div>\n<\/div> <\/div> <\/section>\n","protected":false},"excerpt":{"rendered":"","protected":false},"author":1,"featured_media":0,"parent":0,"menu_order":0,"comment_status":"closed","ping_status":"closed","template":"","meta":{"_acf_changed":false,"footnotes":""},"class_list":["post-531","page","type-page","status-publish","hentry"],"acf":[],"publishpress_future_workflow_manual_trigger":{"enabledWorkflows":[]},"_links":{"self":[{"href":"https:\/\/www.rogaska.si\/hr\/wp-json\/wp\/v2\/pages\/531","targetHints":{"allow":["GET"]}}],"collection":[{"href":"https:\/\/www.rogaska.si\/hr\/wp-json\/wp\/v2\/pages"}],"about":[{"href":"https:\/\/www.rogaska.si\/hr\/wp-json\/wp\/v2\/types\/page"}],"author":[{"embeddable":true,"href":"https:\/\/www.rogaska.si\/hr\/wp-json\/wp\/v2\/users\/1"}],"replies":[{"embeddable":true,"href":"https:\/\/www.rogaska.si\/hr\/wp-json\/wp\/v2\/comments?post=531"}],"version-history":[{"count":2,"href":"https:\/\/www.rogaska.si\/hr\/wp-json\/wp\/v2\/pages\/531\/revisions"}],"predecessor-version":[{"id":1718,"href":"https:\/\/www.rogaska.si\/hr\/wp-json\/wp\/v2\/pages\/531\/revisions\/1718"}],"wp:attachment":[{"href":"https:\/\/www.rogaska.si\/hr\/wp-json\/wp\/v2\/media?parent=531"}],"curies":[{"name":"wp","href":"https:\/\/api.w.org\/{rel}","templated":true}]}}