{"id":359,"date":"2023-07-05T23:55:04","date_gmt":"2023-07-05T21:55:04","guid":{"rendered":"https:\/\/www.rogaska.si\/hr\/?page_id=359"},"modified":"2024-02-29T21:39:46","modified_gmt":"2024-02-29T20:39:46","slug":"rogaska-mineralna-voda","status":"publish","type":"page","link":"https:\/\/www.rogaska.si\/hr\/rogaska-mineralna-voda\/","title":{"rendered":"Roga\u0161ka Mineralna voda"},"content":{"rendered":"\n<section class=\"wp-block-hotel-sava-hero-one site-height__main\"> <div class=\"h-100 overflow-hidden position-relative\"> <div> <img loading=\"lazy\" decoding=\"async\" width=\"2500\" height=\"1666\" src=\"https:\/\/www.rogaska.si\/hr\/wp-content\/uploads\/sites\/5\/2023\/09\/pitje-vode-o-01.jpg\" class=\"hero__zoom image__fit wp-image-1128\" srcset=\"https:\/\/www.rogaska.si\/hr\/wp-content\/uploads\/sites\/5\/2023\/09\/pitje-vode-o-01.jpg 2500w, https:\/\/www.rogaska.si\/hr\/wp-content\/uploads\/sites\/5\/2023\/09\/pitje-vode-o-01-300x200.jpg 300w, https:\/\/www.rogaska.si\/hr\/wp-content\/uploads\/sites\/5\/2023\/09\/pitje-vode-o-01-1024x682.jpg 1024w, https:\/\/www.rogaska.si\/hr\/wp-content\/uploads\/sites\/5\/2023\/09\/pitje-vode-o-01-768x512.jpg 768w, https:\/\/www.rogaska.si\/hr\/wp-content\/uploads\/sites\/5\/2023\/09\/pitje-vode-o-01-480x320.jpg 480w, https:\/\/www.rogaska.si\/hr\/wp-content\/uploads\/sites\/5\/2023\/09\/pitje-vode-o-01-640x426.jpg 640w, https:\/\/www.rogaska.si\/hr\/wp-content\/uploads\/sites\/5\/2023\/09\/pitje-vode-o-01-720x480.jpg 720w, https:\/\/www.rogaska.si\/hr\/wp-content\/uploads\/sites\/5\/2023\/09\/pitje-vode-o-01-960x640.jpg 960w, https:\/\/www.rogaska.si\/hr\/wp-content\/uploads\/sites\/5\/2023\/09\/pitje-vode-o-01-1168x778.jpg 1168w, https:\/\/www.rogaska.si\/hr\/wp-content\/uploads\/sites\/5\/2023\/09\/pitje-vode-o-01-1440x960.jpg 1440w, https:\/\/www.rogaska.si\/hr\/wp-content\/uploads\/sites\/5\/2023\/09\/pitje-vode-o-01-1920x1279.jpg 1920w, https:\/\/www.rogaska.si\/hr\/wp-content\/uploads\/sites\/5\/2023\/09\/pitje-vode-o-01-1536x1024.jpg 1536w, https:\/\/www.rogaska.si\/hr\/wp-content\/uploads\/sites\/5\/2023\/09\/pitje-vode-o-01-2048x1365.jpg 2048w\" sizes=\"auto, (max-width: 2500px) 100vw, 2500px\" \/> <div class=\"hero__overlay\"> <h1 class=\"display-2 text-center text-white\">Roga\u0161ka Mineralna voda<\/h1> <\/div> <\/div> <\/div> <\/section>\n\n\n\n<section class=\"wp-block-hotel-sava-col-md-8 py-5\"> <div class=\"container\"> <div class=\"row\"> <div class=\"col-md-8 me-auto ms-auto\">\n<p class=\"wp-block-hotel-sava-lead lead fs-3\">Ponovno se pove\u017eite s prirodom. Do\u017eivite posebno wellness putovanje s na\u0161om jedinstvenom mineralnom vodom i osjetite vitalni \u017eivotni element svim osjetilima.<\/p>\n\n\n\n<p class=\"wp-block-hotel-sava-text-default\">Mineralna voda iz Roga\u0161ke Slatine dragocjeni je dar prirode. Jedinstvena po svojim u\u010dincima i rijetka po svom sastavu.<\/p>\n<\/div> <\/div> <\/div> <\/section>\n\n\n\n<section class=\"wp-block-hotel-sava-main-card mt-5\"> <div class=\"container-xxl pt-5\"> <div class=\"bgr-1 max-width__row row\"> <div class=\"col-md-6 mt-md-n5 order-md-2 pe-0 ps-0\"> <div class=\"image-wrapper__fit\"> <img loading=\"lazy\" decoding=\"async\" width=\"1666\" height=\"2500\" src=\"https:\/\/www.rogaska.si\/hr\/wp-content\/uploads\/sites\/5\/2023\/08\/09_pitje_vode-_1289.jpg\" class=\"image__fit wp-image-823\" alt=\"\u017denska pije mineralno vodo\" srcset=\"https:\/\/www.rogaska.si\/hr\/wp-content\/uploads\/sites\/5\/2023\/08\/09_pitje_vode-_1289.jpg 1666w, https:\/\/www.rogaska.si\/hr\/wp-content\/uploads\/sites\/5\/2023\/08\/09_pitje_vode-_1289-200x300.jpg 200w, https:\/\/www.rogaska.si\/hr\/wp-content\/uploads\/sites\/5\/2023\/08\/09_pitje_vode-_1289-682x1024.jpg 682w, https:\/\/www.rogaska.si\/hr\/wp-content\/uploads\/sites\/5\/2023\/08\/09_pitje_vode-_1289-768x1152.jpg 768w, https:\/\/www.rogaska.si\/hr\/wp-content\/uploads\/sites\/5\/2023\/08\/09_pitje_vode-_1289-480x720.jpg 480w, https:\/\/www.rogaska.si\/hr\/wp-content\/uploads\/sites\/5\/2023\/08\/09_pitje_vode-_1289-640x960.jpg 640w, https:\/\/www.rogaska.si\/hr\/wp-content\/uploads\/sites\/5\/2023\/08\/09_pitje_vode-_1289-720x1080.jpg 720w, https:\/\/www.rogaska.si\/hr\/wp-content\/uploads\/sites\/5\/2023\/08\/09_pitje_vode-_1289-960x1441.jpg 960w, https:\/\/www.rogaska.si\/hr\/wp-content\/uploads\/sites\/5\/2023\/08\/09_pitje_vode-_1289-1168x1753.jpg 1168w, https:\/\/www.rogaska.si\/hr\/wp-content\/uploads\/sites\/5\/2023\/08\/09_pitje_vode-_1289-1440x2161.jpg 1440w, https:\/\/www.rogaska.si\/hr\/wp-content\/uploads\/sites\/5\/2023\/08\/09_pitje_vode-_1289-1024x1536.jpg 1024w, https:\/\/www.rogaska.si\/hr\/wp-content\/uploads\/sites\/5\/2023\/08\/09_pitje_vode-_1289-1365x2048.jpg 1365w\" sizes=\"auto, (max-width: 1666px) 100vw, 1666px\" \/> <\/div>  <\/div> <div class=\"bgr-1 col-md-6 p-5\"> <div>\n<h3 class=\"wp-block-hotel-sava-heading-3 has-white-color has-text-color\">Izvor zdravlja i dobrog op\u0107eg stanja<\/h3>\n\n\n\n<p class=\"has-white-color has-text-color\">Sve dobre stvari dolaze iz dubine. Jedinstveni geolo\u0161ki sastav u okolici Roga\u0161ke poma\u017ee u stvaranju mineralne vode, koja sadr\u017ei najvi\u0161e magnezija na svijetu. Roga\u0161ka mineralna voda Roitschocrene izvire iz sredi\u0161ta tektonski najraznolikijih podru\u010dja u Sloveniji, gdje se nalaze tri regionalne prijelomnice. Taj jedinstveni geolo\u0161ki i hidrogeolo\u0161ki sastav neprocjenjiv je izvor dvaju prirodnih vrela mineralne i termalne vode, koji izviru u dubini od pribli\u017eno 600 i 1700 metara. Iz topivih minerala bogatih magnezijem, kalcijem, sulfatima, bikarbonatima, uz pomo\u0107 prirodnog plina izvire termalna voda, koja se u lje\u010dili\u0161tu Roga\u0161ka koristi ve\u0107 stolje\u0107ima i mineralna voda koja je osobito bogata magnezijem i drugim korisnim mineralima.<\/p>\n<\/div>  <\/div> <\/div> <\/div> <\/section>\n\n\n\n<section class=\"wp-block-hotel-sava-layout-image-left py-5\"> <div class=\"container\"> <div class=\"row\"> <div class=\"col-md-6\">  <picture> <img loading=\"lazy\" decoding=\"async\" width=\"1024\" height=\"682\" src=\"https:\/\/www.rogaska.si\/hr\/wp-content\/uploads\/sites\/5\/2023\/08\/pitje-roi-voda-01-1024x682.jpg\" class=\"img-fluid wp-image-925\" srcset=\"https:\/\/www.rogaska.si\/hr\/wp-content\/uploads\/sites\/5\/2023\/08\/pitje-roi-voda-01-1024x682.jpg 1024w, https:\/\/www.rogaska.si\/hr\/wp-content\/uploads\/sites\/5\/2023\/08\/pitje-roi-voda-01-300x200.jpg 300w, https:\/\/www.rogaska.si\/hr\/wp-content\/uploads\/sites\/5\/2023\/08\/pitje-roi-voda-01-768x511.jpg 768w, https:\/\/www.rogaska.si\/hr\/wp-content\/uploads\/sites\/5\/2023\/08\/pitje-roi-voda-01-480x319.jpg 480w, https:\/\/www.rogaska.si\/hr\/wp-content\/uploads\/sites\/5\/2023\/08\/pitje-roi-voda-01-640x426.jpg 640w, https:\/\/www.rogaska.si\/hr\/wp-content\/uploads\/sites\/5\/2023\/08\/pitje-roi-voda-01-720x479.jpg 720w, https:\/\/www.rogaska.si\/hr\/wp-content\/uploads\/sites\/5\/2023\/08\/pitje-roi-voda-01-960x639.jpg 960w, https:\/\/www.rogaska.si\/hr\/wp-content\/uploads\/sites\/5\/2023\/08\/pitje-roi-voda-01-1168x777.jpg 1168w, https:\/\/www.rogaska.si\/hr\/wp-content\/uploads\/sites\/5\/2023\/08\/pitje-roi-voda-01-1440x958.jpg 1440w, https:\/\/www.rogaska.si\/hr\/wp-content\/uploads\/sites\/5\/2023\/08\/pitje-roi-voda-01-1920x1278.jpg 1920w, https:\/\/www.rogaska.si\/hr\/wp-content\/uploads\/sites\/5\/2023\/08\/pitje-roi-voda-01-1536x1022.jpg 1536w, https:\/\/www.rogaska.si\/hr\/wp-content\/uploads\/sites\/5\/2023\/08\/pitje-roi-voda-01-2048x1363.jpg 2048w\" sizes=\"auto, (max-width: 1024px) 100vw, 1024px\" \/> <\/picture> <\/div> <div class=\"col-md-6 d-flex flex-column justify-content-center mt-4 mt-md-0\">\n<h3 class=\"wp-block-hotel-sava-heading-3\">Roga\u0161ka mineralna voda Roitschecrene: legenda i dalje \u017eivi<\/h3>\n\n\n\n<p>Legendarna prilikom stvaranja i jo\u0161 uvijek legendarna. Pegaz, mitolo\u0161ko bi\u0107e stvaratelj je ovog neprocjenjivog izvora. Po legendi vrelo Roitschocrene stvorio je krilati konj iz gr\u010dke mitologije, Pegaz. Legenda govori da je Pegaz prema Apolonovoj uputi kopitom udario u zemlju u Roga\u0161koj te tako otvorio vrelo Roitschocrene. Iz njega je po\u010dela izvirati mineralna voda, koja sadr\u017ei najvi\u0161e magnezija me\u0111u svim mineralnim vodama na svijetu. U tom sve\u010danom trenutku Apolon je izgovorio sada slavne rije\u010di: \u00bbTu, gdje stoji\u0161, izvor je zdravlja i istinska snaga bo\u017eja. Umjesto Hippocrene pij Roitschocrene, roga\u0161ki izvor, koji je pred tobom!\u00ab Mudar savjet koji dolazi od boga ljekovitosti, sunca i poezije.<\/p>\n\n\n\n<p>Mineralna voda iz Roga\u0161ke Slatine ima jedan od najvi\u0161ih sadr\u017eaja minerala me\u0111u svim vodama na svijetu, \u0161to ga ozna\u010davamo s TDS, brojem ukupnih rastopljenih \u010dvrstih \u010destica. Zbog tog izda\u0161nog sadr\u017eaja minerala voda donosi na stol karakteristi\u010dan bogat okus. Svi su elementi u vodi u harmoni\u010dnoj ravnote\u017ei te u topivom obliku, \u0161to ga Va\u0161e tijelo s lako\u0107om apsorbira. Va\u0161 metabolizam s lako\u0107om rastapa minerale i brzo ih odnosi u stanice spremne na djelovanje.<\/p>\n<\/div> <\/div> <\/div> <\/section>\n\n\n\n<section class=\"wp-block-hotel-sava-layout-image-md4-right py-5\"> <div class=\"container\"> <div class=\"row\"> <div class=\"col-md-4 ms-md-auto\">  <picture> <img loading=\"lazy\" decoding=\"async\" width=\"1024\" height=\"682\" src=\"https:\/\/www.rogaska.si\/hr\/wp-content\/uploads\/sites\/5\/2023\/09\/pitje-vode-o-05-1024x682.jpg\" class=\"img-fluid wp-image-1131\" srcset=\"https:\/\/www.rogaska.si\/hr\/wp-content\/uploads\/sites\/5\/2023\/09\/pitje-vode-o-05-1024x682.jpg 1024w, https:\/\/www.rogaska.si\/hr\/wp-content\/uploads\/sites\/5\/2023\/09\/pitje-vode-o-05-300x200.jpg 300w, https:\/\/www.rogaska.si\/hr\/wp-content\/uploads\/sites\/5\/2023\/09\/pitje-vode-o-05-768x512.jpg 768w, https:\/\/www.rogaska.si\/hr\/wp-content\/uploads\/sites\/5\/2023\/09\/pitje-vode-o-05-480x320.jpg 480w, https:\/\/www.rogaska.si\/hr\/wp-content\/uploads\/sites\/5\/2023\/09\/pitje-vode-o-05-640x426.jpg 640w, https:\/\/www.rogaska.si\/hr\/wp-content\/uploads\/sites\/5\/2023\/09\/pitje-vode-o-05-720x480.jpg 720w, https:\/\/www.rogaska.si\/hr\/wp-content\/uploads\/sites\/5\/2023\/09\/pitje-vode-o-05-960x640.jpg 960w, https:\/\/www.rogaska.si\/hr\/wp-content\/uploads\/sites\/5\/2023\/09\/pitje-vode-o-05-1168x778.jpg 1168w, https:\/\/www.rogaska.si\/hr\/wp-content\/uploads\/sites\/5\/2023\/09\/pitje-vode-o-05-1440x960.jpg 1440w, https:\/\/www.rogaska.si\/hr\/wp-content\/uploads\/sites\/5\/2023\/09\/pitje-vode-o-05-1920x1279.jpg 1920w, https:\/\/www.rogaska.si\/hr\/wp-content\/uploads\/sites\/5\/2023\/09\/pitje-vode-o-05-1536x1024.jpg 1536w, https:\/\/www.rogaska.si\/hr\/wp-content\/uploads\/sites\/5\/2023\/09\/pitje-vode-o-05-2048x1365.jpg 2048w\" sizes=\"auto, (max-width: 1024px) 100vw, 1024px\" \/> <\/picture> <\/div> <div class=\"col-md-6 mt-4 mt-md-0 order-md-first\">\n<h2 class=\"wp-block-hotel-sava-heading-2 display-3\">Koristi za zdravlje<\/h2>\n\n\n\n<h3 class=\"wp-block-hotel-sava-heading-3\">\u017divite raznolikim i dugim \u017eivotom<\/h3>\n\n\n\n<p>Sa svojom bogatom tradicijom analiza blagotvornih u\u010dinaka na zdravlje te priznatim vladarima i kraljevima, koji su iskoristili ljekovite u\u010dinke njenih minerala, mineralna voda iz Roga\u0161ke Slatine je jedinstveni protuotrov za Va\u0161 u\u017eurbani stil \u017eivota. Roga\u0161ka Mineralna voda ima iscrpnu, dugu povijest analiza ljekovitih svojstava i bila je me\u0111u prvim mineralnim vodama na svijetu, za koju je bila sastavljena znanstvena monografija. s naslovom Roitschocrene (latinski naziv za Roga\u0161ko vrelo) bila je objavljena jo\u0161 1685.godine, a napisao ju je dr. Johann Benedikt Gr\u00fcnde. Omiljenost mineralne vode, \u0161to su ju koristili jo\u0161 Kelti i Rimljani te joj dali naziv Roitschocrene, pove\u0107ao je Paul de Sorbait, jer ju je predstavo habsbur\u0161kom dvoru. Slijedilo je \u0161ire kori\u0161tenje mineralne vode u svijetu, kada je grof Petar Zrinski pro\u0161irio slavu o njenim ljekovitim svojstvima, tako da je u kasnom 19. stolje\u0107u postala tre\u0107a najprodavanija voda na svijetu.<\/p>\n<\/div> <\/div> <\/div> <\/section>\n\n\n\n<section class=\"wp-block-hotel-sava-secondary-card\"> <div class=\"container-xxl pt-5\"> <div class=\"bgr-1 row\"> <div class=\"col-md-6  order-md-2 pe-0 ps-0\"> <div> <img loading=\"lazy\" decoding=\"async\" width=\"2500\" height=\"1664\" src=\"https:\/\/www.rogaska.si\/hr\/wp-content\/uploads\/sites\/5\/2023\/08\/pitje-roi-voda-01.jpg\" class=\"img-fluid pb-lg-5 ps-lg-5 pt-lg-5 wp-image-925\" srcset=\"https:\/\/www.rogaska.si\/hr\/wp-content\/uploads\/sites\/5\/2023\/08\/pitje-roi-voda-01.jpg 2500w, https:\/\/www.rogaska.si\/hr\/wp-content\/uploads\/sites\/5\/2023\/08\/pitje-roi-voda-01-300x200.jpg 300w, https:\/\/www.rogaska.si\/hr\/wp-content\/uploads\/sites\/5\/2023\/08\/pitje-roi-voda-01-1024x682.jpg 1024w, https:\/\/www.rogaska.si\/hr\/wp-content\/uploads\/sites\/5\/2023\/08\/pitje-roi-voda-01-768x511.jpg 768w, https:\/\/www.rogaska.si\/hr\/wp-content\/uploads\/sites\/5\/2023\/08\/pitje-roi-voda-01-480x319.jpg 480w, https:\/\/www.rogaska.si\/hr\/wp-content\/uploads\/sites\/5\/2023\/08\/pitje-roi-voda-01-640x426.jpg 640w, https:\/\/www.rogaska.si\/hr\/wp-content\/uploads\/sites\/5\/2023\/08\/pitje-roi-voda-01-720x479.jpg 720w, https:\/\/www.rogaska.si\/hr\/wp-content\/uploads\/sites\/5\/2023\/08\/pitje-roi-voda-01-960x639.jpg 960w, https:\/\/www.rogaska.si\/hr\/wp-content\/uploads\/sites\/5\/2023\/08\/pitje-roi-voda-01-1168x777.jpg 1168w, https:\/\/www.rogaska.si\/hr\/wp-content\/uploads\/sites\/5\/2023\/08\/pitje-roi-voda-01-1440x958.jpg 1440w, https:\/\/www.rogaska.si\/hr\/wp-content\/uploads\/sites\/5\/2023\/08\/pitje-roi-voda-01-1920x1278.jpg 1920w, https:\/\/www.rogaska.si\/hr\/wp-content\/uploads\/sites\/5\/2023\/08\/pitje-roi-voda-01-1536x1022.jpg 1536w, https:\/\/www.rogaska.si\/hr\/wp-content\/uploads\/sites\/5\/2023\/08\/pitje-roi-voda-01-2048x1363.jpg 2048w\" sizes=\"auto, (max-width: 2500px) 100vw, 2500px\" \/> <\/div>  <\/div> <div class=\"bg-light bgr-1 col-md-6 p-5\"> <div>\n<h3 class=\"wp-block-hotel-sava-heading-3\">Roga\u0161ka prirodna mineralna voda<\/h3>\n\n\n\n<p>Roga\u0161ka mineralna voda je druga\u010dija od svih drugih mineralnih voda na svijetu. Kao mineralna voda koja sadr\u017ei najvi\u0161e magnezija me\u0111u svim mineralnim vodama pru\u017ea brojne koristi &#8211; ali samo ako ju pijemo umjereno. Nau\u010dite kako pravilno piti mineralnu vodu obzirom na razli\u010dite okolnosti. Jedinstvena mineralna voda osigurava brojne povoljne utjecaje na zdravlje, u skladu s na\u010dinima ispijanja vode. Ako toplu Roga\u0161ku mineralnu vodu pijete brzo, ubrzat \u0107ete djelovanje probavnog sustava. Ako hladnu mineralnu vodu iz Roga\u0161ke Slatine pijete polako, pove\u0107at \u0107ete ponovnu apsorpciju minerala.<\/p>\n\n\n\n<p>Najzna\u010dajniji element ljekovite naravne mineralne vode u Roga\u0161koj Slatini je magnezij koji se u vodi nalazi u najizvornijem prirodnom obliku.<\/p>\n\n\n\n<h4 class=\"wp-block-hotel-sava-heading-4\">Indikacije<\/h4>\n\n\n\n<ul class=\"wp-block-list\">\n<li>bolesti jetre, \u017eu\u010dnog mjehura, gu\u0161tera\u010de<\/li>\n\n\n\n<li>kroni\u010dni gastritis, meteorizam, zatvor<\/li>\n\n\n\n<li>debljina<\/li>\n\n\n\n<li>\u0161e\u0107erna bolest tip ll, povi\u0161eni kolesterol<\/li>\n\n\n\n<li>povi\u0161eni krvni tlak<\/li>\n\n\n\n<li>nedostatak magnezija<\/li>\n\n\n\n<li>stanja pri pove\u0107anim fizi\u010dkim i psihi\u010dkim optere\u0107enjima<\/li>\n<\/ul>\n<\/div>  <\/div> <\/div> <\/div> <\/section>\n\n\n\n<section class=\"wp-block-hotel-sava-section-2-col py-5\"> <div class=\"container\"> <div class=\" row\">\n<div class=\"wp-block-hotel-sava-col-md-6 col-md-6\">\n<h3 class=\"wp-block-hotel-sava-heading-3\">Ljekoviti u\u010dinci<\/h3>\n\n\n\n<p class=\"wp-block-hotel-sava-lead lead\">Ljekovite u\u010dinke Roga\u0161ke mineralne vode mo\u017eemo podijeliti u dvije kategorije:<\/p>\n\n\n\n<h4 class=\"wp-block-hotel-sava-heading-4\">Preventivni ljekoviti u\u010dinci<\/h4>\n\n\n\n<p>Redovito ispijanje Roga\u0161ke ljekovite vode preporu\u010dujemo svim zdravim pojedincima, osobito onima s intenzivnim stilom \u017eivota, \u0161to dugoro\u010dno neizostavno zahtijeva svoj danak u zdravlju i dobrom op\u0107em stanju.<\/p>\n\n\n\n<p>Zbog suvremenih metoda proizvodnje hrane, koje plja\u010dkaju magnezij iz zemlje, na\u0161a hrana sadr\u017ei sve manje ovog zna\u010dajnog minerala. Osim toga konzumiranje masne i nezdrave hrane, redovito ispijanje alkohola, pu\u0161enje i \u010deste stresne situacije uzrokuju daljnji nedostatak magnezija u tijelu.<br>Budu\u0107i da magnezij sudjeluje pri cjelovitom reguliranju nervnog sistema i mi\u0161i\u0107nog sistema, mineralna voda koja sadr\u017ei najvi\u0161e magnezija me\u0111u mineralnim vodama na svijetu idealno je rje\u0161enje za Va\u0161 raznoliki stil \u017eivota. Ako ju koristite preventivno, tri do \u010detiri \u010da\u0161e mineralne vode dnevno osigurat \u0107e dovoljno magnezija, da \u0107ete mo\u0107i u\u017eivati u \u017eivotu, a da ne morate brinuti o u\u010dincima magnezija na Va\u0161e zdravlje. Roga\u0161ka mineralna voda je u\u010dinkovita na sljede\u0107im podru\u010djima preventive:<\/p>\n\n\n\n<ul class=\"wp-block-list\">\n<li>poti\u010de probavu,<\/li>\n\n\n\n<li>osna\u017euje stezanje mi\u0161ica,<\/li>\n\n\n\n<li>poma\u017ee sprije\u010diti sr\u010danu kap,<\/li>\n\n\n\n<li>ubrzava obnavljanje jetre,<\/li>\n\n\n\n<li>sni\u017eava povi\u0161enu razinu kolesterola,<\/li>\n\n\n\n<li>pobolj\u0161ava metabolizam,<\/li>\n\n\n\n<li>poma\u017ee u sprje\u010davanju stresa,<\/li>\n\n\n\n<li>poma\u017ee sprje\u010davati stvaranje bubre\u017enih kamenaca,<\/li>\n\n\n\n<li>poma\u017ee u sprje\u010davanju osteoporoze.<\/li>\n<\/ul>\n<\/div>\n\n\n\n<div class=\"wp-block-hotel-sava-col-md-6 col-md-6\">\n<h4 class=\"wp-block-hotel-sava-heading-4\">Kurativni ljekoviti u\u010dinci<\/h4>\n\n\n\n<p>Mineralnu vodu iz Roga\u0161ke Slatine, koja me\u0111u svim mineralnim vodama na svijetu sadr\u017ei najvi\u0161e magnezija, marljivo koristimo zbog njenih ljekovitih u\u010dinaka na na\u0161e zdravlje.<\/p>\n\n\n\n<p>Ako ju propi\u0161e lije\u010dnik, mo\u017eemo ju koristiti kao lijek za:<\/p>\n\n\n\n<ul class=\"wp-block-list\">\n<li>\u0161e\u0107ernu bolest i probavne smetnje,<\/li>\n\n\n\n<li>bolesti probavnog sustava,<\/li>\n\n\n\n<li>reguliranje razine \u0161e\u0107era u krvi, kolesterola i visokog krvnog tlaka,<\/li>\n\n\n\n<li>sprje\u010davanje i otklanjanje zatvora,<\/li>\n\n\n\n<li>lije\u010denje \u017egaravice,<\/li>\n\n\n\n<li>lije\u010denje prekomjernog izlu\u010divanja \u017eelu\u010dane kiseline,<\/li>\n\n\n\n<li>otklanjanje gr\u010deva u mi\u0161i\u0107ima,<\/li>\n\n\n\n<li>otklanjanje glavobolja.<\/li>\n<\/ul>\n\n\n\n<p class=\"has-light-background-color has-background\">Potrebna koli\u010dina magnezija u na\u0161em tijelu precizno je odre\u0111ena. Ako u stanicama do\u0111e do nedostatka magnezija, organizam nedostaju\u0107u koli\u010dinu po\u010dne nadokna\u0111ivati iz vlastitih rezervi \u2013 iz kosti i jetre. Roga\u0161ka mineralna voda je zato neprocjenjivo ljekovito sredstvo i za postizanje kurativnih u\u010dinaka.<\/p>\n<\/div>\n<\/div> <\/div> <\/section>\n","protected":false},"excerpt":{"rendered":"","protected":false},"author":1,"featured_media":0,"parent":0,"menu_order":0,"comment_status":"closed","ping_status":"closed","template":"","meta":{"_acf_changed":false,"footnotes":""},"class_list":["post-359","page","type-page","status-publish","hentry"],"acf":[],"publishpress_future_workflow_manual_trigger":{"enabledWorkflows":[]},"_links":{"self":[{"href":"https:\/\/www.rogaska.si\/hr\/wp-json\/wp\/v2\/pages\/359","targetHints":{"allow":["GET"]}}],"collection":[{"href":"https:\/\/www.rogaska.si\/hr\/wp-json\/wp\/v2\/pages"}],"about":[{"href":"https:\/\/www.rogaska.si\/hr\/wp-json\/wp\/v2\/types\/page"}],"author":[{"embeddable":true,"href":"https:\/\/www.rogaska.si\/hr\/wp-json\/wp\/v2\/users\/1"}],"replies":[{"embeddable":true,"href":"https:\/\/www.rogaska.si\/hr\/wp-json\/wp\/v2\/comments?post=359"}],"version-history":[{"count":3,"href":"https:\/\/www.rogaska.si\/hr\/wp-json\/wp\/v2\/pages\/359\/revisions"}],"predecessor-version":[{"id":2068,"href":"https:\/\/www.rogaska.si\/hr\/wp-json\/wp\/v2\/pages\/359\/revisions\/2068"}],"wp:attachment":[{"href":"https:\/\/www.rogaska.si\/hr\/wp-json\/wp\/v2\/media?parent=359"}],"curies":[{"name":"wp","href":"https:\/\/api.w.org\/{rel}","templated":true}]}}