{"id":2020,"date":"2024-01-17T23:09:09","date_gmt":"2024-01-17T22:09:09","guid":{"rendered":"https:\/\/www.rogaska.si\/hr\/?page_id=2020"},"modified":"2026-02-05T14:49:12","modified_gmt":"2026-02-05T13:49:12","slug":"opci-uvjeti-poslovanja","status":"publish","type":"page","link":"https:\/\/www.rogaska.si\/hr\/opci-uvjeti-poslovanja\/","title":{"rendered":"Op\u0107i uvjeti poslovanja"},"content":{"rendered":"<section class=\"py-5 wp-block-hotel-sava-support-page\">\n  <div class=\"container\">\n    <div class=\"d-md-block d-none mt-5 pt-5 row\">\n      <div>\n                                                                                                                                                                              <nav aria-label=\"breadcrumb\">\n              <ol class=\"breadcrumb\">\n                                <li class=\"breadcrumb-item\"><a href=\"https:\/\/www.rogaska.si\/hr\">Po\u010detna stranica<\/a>\n                <\/li>\n                                                <li class=\"breadcrumb-item active\" aria-current=\"page\">\n                  Home                <\/li>\n              <\/ol>\n            <\/nav>\n                                                          <\/div>\n    <\/div>\n    <div class=\"row\">\n      <div>\n        <h1 class=\"display-4 text-center\">Op\u0107i uvjeti poslovanja<\/h1>\n      <\/div>\n    <\/div>\n    <div class=\"mt-5 row\">\n        <div class=\"col-lg-10 col-md-11 me-auto ms-auto\" >\n        \n\n<h3 class=\"wp-block-hotel-sava-heading-3\">Potvrda rezervacije<\/h3>\n\n\n\n<p>Za potvrdu rezervacije potrebna je avansna uplata<strong> u iznosu od 30 % ukupne vrijednosti rezervacije.<\/strong> Avans je mogu\u0107e uplatiti na jedan od sljede\u0107ih na\u010dina:<\/p>\n\n\n\n<ul class=\"wp-block-list\">\n<li><strong>uplatom na transakcijski ra\u010dun hotela<\/strong> do dogovorenog roka va\u017eenja ponude, <\/li>\n<\/ul>\n\n\n\n<p>ili<\/p>\n\n\n\n<ul class=\"wp-block-list\">\n<li><strong>autorizacijom va\u017ee\u0107e kreditne kartice u iznosu od 30 %<\/strong> vrijednosti rezervacije.<\/li>\n<\/ul>\n\n\n\n<p>Upute za sigurno dostavljanje podataka o kreditnoj kartici ili podatke za uplatu primit \u0107ete prilikom potvrde ponude.<\/p>\n\n\n\n<p>U slu\u010daju uplate na ra\u010dun,<strong> upla\u0107eni avans ne vra\u0107amo<\/strong>. U slu\u010daju otkaza rezervacije<strong> izdajemo vrijednosni bon u visini upla\u0107enog avansa<\/strong>, sukladno uvjetima otkaza.<\/p>\n\n\n\n<p>U slu\u010daju autorizacije kreditne kartice, hotel \u0107e karticu teretiti isklju\u010divo <strong>u skladu s dolje navedenim uvjetima otkaza<\/strong>.<\/p>\n\n\n\n<h3 class=\"wp-block-hotel-sava-heading-3\">Uvjeti otkaza<\/h3>\n\n\n\n<ul class=\"wp-block-list\">\n<li>Otkazivanje rezervacije do 7 dana prije dolaska &#8211; besplatno ili izdavanje vouchera, u slu\u010daju uplate akontacije.<\/li>\n\n\n\n<li>Otkazivanje 7 do 1 dan prije dolaska &#8211; 30% od vrijednosti rezervacije.<\/li>\n\n\n\n<li>Otkazivanje 1 dan prije dolaska ili nedolazak &#8211; 50% vrijednosti rezervacije.<\/li>\n\n\n\n<li>U slu\u010daju ranijeg odlaska napla\u0107uje se puna cijena (100%), osim u slu\u010daju vi\u0161e sile.<\/li>\n\n\n\n<li>Zahvate u ROI medico &amp; spa centru potrebno je otkazati najmanje 24 sata prije dogovorenog termina, u protivnom se napla\u0107uje 50% cijene zahvata.<\/li>\n\n\n\n<li>Otkazivanje rezerviranog transfera besplatno je do 24 sata prije predvi\u0111enog polaska; u slu\u010daju kasnijeg otkazivanja ili nedolaska napla\u0107uje se 100% vrijednosti transfera.<\/li>\n<\/ul>\n\n\n\n<h3 class=\"wp-block-hotel-sava-heading-3\">Pla\u0107anje usluga<\/h3>\n\n\n\n<ul class=\"wp-block-list\">\n<li>Cjelokupni iznos pla\u0107ate na dan dolaska, na recepciji hotela ili osiguravate pla\u0107anje kreditnom karticom.<\/li>\n\n\n\n<li>Usluge se mogu platiti gotovinom u EUR ili Mastercard, Visa, Diners bankovnim karticama.<\/li>\n\n\n\n<li>Ne vr\u0161imo povrat uplata &#8211; izdajemo voucher koji mo\u017eete iskoristiti prilikom sljede\u0107eg posjeta.<\/li>\n<\/ul>\n\n\n\n<h3 class=\"wp-block-hotel-sava-heading-3\">Obvezne dodatne naknade<\/h3>\n\n\n\n<ul class=\"wp-block-list\">\n<li>Boravi\u0161na pristojba: 3 EUR po osobi po danu.<\/li>\n\n\n\n<li>Kotizacija: 3 EUR po osobi.<\/li>\n<\/ul>\n\n\n\n<h3 class=\"wp-block-hotel-sava-heading-3\">Smje\u0161taj u hotelske sobe<\/h3>\n\n\n\n<ul class=\"wp-block-list\">\n<li>Dolazak: od 14 sati<\/li>\n\n\n\n<li>Polazak: do 11 sati<\/li>\n\n\n\n<li>Kori\u0161tenje uklju\u010denih hotelskih usluga dostupno je od prijave do odjave.<\/li>\n\n\n\n<li>Rani dolazak (smje\u0161taj do 14 sati) napla\u0107uje se 60 EUR\/soba ili 160 EUR\/apartman.<\/li>\n\n\n\n<li>Produ\u017eenje boravka na dan odlaska mogu\u0107e je uz prethodni dogovor i ovisno o raspolo\u017eivosti kapaciteta. Nadoplata za kasnu odjavu (do 18 sati) iznosi 60 EUR odn 160 EUR u apartmanima.<\/li>\n\n\n\n<li>Na dan odlaska hotelska kartica vrijedi do 11 sati nakon \u010dega ulazak u sobu vi\u0161e nije mogu\u0107. Gubitak ili o\u0161te\u0107enje kartice napla\u0107uje se 10 EUR.<\/li>\n<\/ul>\n\n\n\n<h3 class=\"wp-block-hotel-sava-heading-3\">Smje\u0161taj u hotel<\/h3>\n\n\n\n<ul class=\"wp-block-list\">\n<li>Usluga polupansiona uklju\u010duje buffet doru\u010dak (8:00-10:00 sati) i ve\u010deru (18:00-20:00 sati) u restoranu Kristal.<\/li>\n\n\n\n<li>Hotel ima besplatnu Wi-Fi vezu u svim sobama objekta.<\/li>\n\n\n\n<li>Za goste hotela uklju\u010den je vanjski parking u blizini hotela.<\/li>\n\n\n\n<li>Ku\u0107ni ljubimci: mogu\u0107 smje\u0161taj na prvom katu (Premium ili Superior), nadoplata 25 EUR\/dan.<\/li>\n\n\n\n<li>Pomo\u0107ni le\u017eaj i dje\u010dji le\u017eaj u sobi mogu se pripremiti uz prethodnu najavu i samo u odre\u0111enim tipovima soba. Cijena najma dje\u010djeg kreveti\u0107a iznosi 15 EUR po danu.<\/li>\n\n\n\n<li>Djeca do 5 godina borave besplatno. Od 5 do 12 godina ostvaruju popust od 30% na cijenu odabranog tipa sobe. Djeca od 12 godina ili starija pla\u0107aju punu cijenu smje\u0161taja.<\/li>\n\n\n\n<li>Organiziramo prijevoz od zra\u010dnih luka, \u017eeljezni\u010dkih i autobusnih kolodvora, te drugih gradova do hotela i natrag.<\/li>\n<\/ul>\n\n\n\n<p>Zadr\u017eavamo pravo promjene rezervacija, programa i cijena.<\/p>\n\n      <\/div>\n    <\/div>\n  <\/div>\n<\/section>","protected":false},"excerpt":{"rendered":"","protected":false},"author":1,"featured_media":0,"parent":0,"menu_order":0,"comment_status":"closed","ping_status":"closed","template":"","meta":{"_acf_changed":false,"footnotes":""},"class_list":["post-2020","page","type-page","status-publish","hentry"],"acf":[],"publishpress_future_workflow_manual_trigger":{"enabledWorkflows":[]},"_links":{"self":[{"href":"https:\/\/www.rogaska.si\/hr\/wp-json\/wp\/v2\/pages\/2020","targetHints":{"allow":["GET"]}}],"collection":[{"href":"https:\/\/www.rogaska.si\/hr\/wp-json\/wp\/v2\/pages"}],"about":[{"href":"https:\/\/www.rogaska.si\/hr\/wp-json\/wp\/v2\/types\/page"}],"author":[{"embeddable":true,"href":"https:\/\/www.rogaska.si\/hr\/wp-json\/wp\/v2\/users\/1"}],"replies":[{"embeddable":true,"href":"https:\/\/www.rogaska.si\/hr\/wp-json\/wp\/v2\/comments?post=2020"}],"version-history":[{"count":2,"href":"https:\/\/www.rogaska.si\/hr\/wp-json\/wp\/v2\/pages\/2020\/revisions"}],"predecessor-version":[{"id":2792,"href":"https:\/\/www.rogaska.si\/hr\/wp-json\/wp\/v2\/pages\/2020\/revisions\/2792"}],"wp:attachment":[{"href":"https:\/\/www.rogaska.si\/hr\/wp-json\/wp\/v2\/media?parent=2020"}],"curies":[{"name":"wp","href":"https:\/\/api.w.org\/{rel}","templated":true}]}}