{"id":2002,"date":"2024-01-09T21:41:45","date_gmt":"2024-01-09T20:41:45","guid":{"rendered":"https:\/\/www.rogaska.si\/hr\/?page_id=2002"},"modified":"2024-01-09T21:42:19","modified_gmt":"2024-01-09T20:42:19","slug":"opci-uvjeti-poslovanja-sa-sava-club-karticom","status":"publish","type":"page","link":"https:\/\/www.rogaska.si\/hr\/sava-club-loyalty-program\/opci-uvjeti-poslovanja-sa-sava-club-karticom\/","title":{"rendered":"Op\u0107i uvjeti poslovanja sa Sava club karticom"},"content":{"rendered":"<section class=\"py-5 wp-block-hotel-sava-support-page\">\n  <div class=\"container\">\n    <div class=\"d-md-block d-none mt-5 pt-5 row\">\n      <div>\n                                                                                                                                                                              <nav aria-label=\"breadcrumb\">\n              <ol class=\"breadcrumb\">\n                                <li class=\"breadcrumb-item\"><a href=\"https:\/\/www.rogaska.si\/hr\">Po\u010detna stranica<\/a>\n                <\/li>\n                                                <li class=\"breadcrumb-item active\" aria-current=\"page\">\n                  Sava Club &#8211; program vjernosti                <\/li>\n              <\/ol>\n            <\/nav>\n                                                          <\/div>\n    <\/div>\n    <div class=\"row\">\n      <div>\n        <h1 class=\"display-4 text-center\">Op\u0107i uvjeti poslovanja sa Sava club karticom<\/h1>\n      <\/div>\n    <\/div>\n    <div class=\"mt-5 row\">\n        <div class=\"col-lg-10 col-md-11 me-auto ms-auto\" >\n        \n\n<p>I<strong>zdavanje kartica: <\/strong>Izdavatelj kartice SAVA CLUB je dru\u0161tvo Hotel Sava Roga\u0161ka, d.o.o., Zdravili\u0161ki trg 6, 3250 Roga\u0161ka Slatina.<\/p>\n\n\n\n<p>Karticu mogu dobiti fizi\u010dke osobe starije od 15 godina, koje pravilno ispune obrazac za izdavanje kartice. Izdavanje kartice pravnim osobama nije mogu\u0107e. Karticu mo\u017ee koristiti samo njezin imatelj i nije prenosiva. Karticu je mogu\u0107e besplatno dobiti putem pismenog zahtjeva na recepciji Grand hotela Sava****sup u Roga\u0161koj Slatini ili na internetskoj stranici www.rogaska.si.<\/p>\n\n\n\n<p><strong>Uporaba: <\/strong>Imatelj kartice mo\u017ee putem kartice ostvariti povoljnosti i popuste koji mu pripadaju u odre\u0111enom razdoblju i za odre\u0111ene usluge. Imatelj kartice pri svakoj kupnji u Hotelu Sava Roga\u0161ka d.o.o. u vrijednosti najmanje jednog eura, uz podno\u0161enje kartice na blagajni i nakon uspje\u0161no provedenog pla\u0107anja, dobiva odre\u0111eni broj bodova, koji mu donose povoljnosti (bodovi se skupljaju pri kupnji usluga iz redovitih cjenika ugostiteljskih, wellness i smje\u0161tajnih usluga). Skupljanje bodova i kori\u0161tenje povoljnosti mogu\u0107i su isklju\u010divo uz podno\u0161enje kartice. Broj dobivenih bodova ovisi o vrijednosti kupnje: za svaki napunjeni euro kupnje, imatelj kartice primi jedan bod. Dobiveni bodovi upisuju se u karti\u010dni sustav, dok se povoljnosti dodijele na kraju razdoblja povlastica. Povoljnosti u obliku elektronskog bona mogu\u0107e je unov\u010diti pri sljede\u0107oj kupovini do kraja razdoblja povlastica. Povoljnosti na koje imatelj kartice ima pravo, ovise o broju bodova prikupljenih na kartici. Pojedine povoljnosti i broj bodova potrebnih za njihovo dobivanje, objavljeni su u bro\u0161uri Sava Club i na internetskoj stranici www.rogaska.si.<\/p>\n\n\n\n<p>Na kraju svakog razdoblja povlastica, imatelji kartice primaju stanje bodova prema odre\u0111enim kriterijima i elektronski vrijednosni bon (povlastice u odre\u0111enoj vrijednosti, upisane na karticu), koje primatelji mogu iskoristiti u sljede\u0107em razdoblju povlastica. Iznos kupnje s bonom mora biti ve\u0107i od vrijednosti bona. Vrijednost bona ne ubraja se u zbroj kupnji za sljede\u0107e obra\u010dunsko razdoblje. Prikupljeni bodovi prenose se u sljede\u0107e razdoblje povlastica samo kod \u010dlanova, koji nisu prikupili dovoljno bodova da bi imali pravo na nagradu. Prijenos bodova mogu\u0107 je samo jednom. U slu\u010daju da \u010dlan ni do kraja drugog obra\u010dunskog razdoblja ne sakupi dovoljno bodova koji mu daju pravo na nagrade u obliku bona, broj prikupljenih bodova poni\u0161tava se. Kod svih ostalih, odmah nakon izdavanja poklon bona, broj bodova vrati se na 0. Ukupni broj prikupljenih bodova pri svakoj se kupnji ispi\u0161e na dokazu o kupnji. Imatelj ima mogu\u0107nost da svoje stanje bodova provjeri i putem internetske stranice www.rogaska.si. Povoljnosti je mogu\u0107e unov\u010diti prije provedbe pla\u0107anja uz podno\u0161enje kartice i bodova prikupljenih na njezinoj osnovi. Zamjena povoljnosti na kartici s gotovinom nije mogu\u0107a. Razdoblja povoljnosti: od 1. 1. do 30.6. i od 1.7. do 31.12. Povoljnosti na koje imatelj kartice ima pravo, mogu\u0107e je unov\u010diti isklju\u010divo u Hotelu Sava Roga\u0161ka d.o.o.<\/p>\n\n\n\n<p>Sava Club popust na wellness usluge priznaje se samo za pojedine usluge prema redovito va\u017ee\u0107em cjeniku.<\/p>\n\n\n\n<p><strong>Postupanje u slu\u010daju gubitka kartice: <\/strong>U slu\u010daju gubitka ili o\u0161te\u0107enja kartice, mogu\u0107a je zamjena uz podno\u0161enje bilo kojeg slu\u017ebenog dokumenta sa slikom i ispunjenog obrasca za izdavanje nove kartice. Imatelj za izdavanje nove kartice pla\u0107a iznos tro\u0161kova za izdavanje nove kartice.<\/p>\n\n\n\n<p><strong>Otkaz: <\/strong>Kartica se izdaje na neodre\u0111eno vrijeme, a imatelj je u svako vrijeme i bez navo\u0111enja razloga mo\u017ee pismeno otkazati. Karticu mora otkazati preporu\u010denom po\u0161tom, a s pismenim otkazom mora vratiti i karticu. Otkaz stupa na snagu kada Hotel Sava Roga\u0161ka, d.o.o. primi pisani otkaz i karticu. Hotel Sava Roga\u0161ka, d.o.o. mo\u017ee karticu u bilo kojem trenutku i bez navo\u0111enja razloga pismeno otkazati obi\u010dnom po\u0161tom. Ako karticu otka\u017ee Hotel Sava Roga\u0161ka, d.o.o., imatelj kartice ima pravo na sve povoljnosti koje je prikupio do datuma pisanog otkaza.<\/p>\n\n\n\n<p><strong>Adresa za primanje po\u0161te: <\/strong>Imatelj kartice obvezuje se da \u0107e Hotel Savu Roga\u0161ka, d.o.o. redovito obavje\u0161tavati o eventualnim promjenama adrese, imena i drugih podataka, va\u017enih za uporabu kartice.<\/p>\n\n\n\n<p><strong>Promjene op\u0107ih uvjeta poslovanja: <\/strong>Hotel Sava Roga\u0161ka, d.o.o. pridr\u017eava pravo na promjenu uvjeta poslovanja i ostalih povoljnosti bez posebnog pismenog obavje\u0161tavanja imatelja. Uvjeti poslovanja objavljeni su na internetskoj stranici https:\/\/www.rogaska.si\/hr\/sava-club-loyalty-program\/opci-uvjeti-poslovanja-sa-sava-club-karticom\/<\/p>\n\n\n\n<p><strong>Za\u0161tita osobnih podataka: <\/strong>S unosom svojih osobnih podataka na pisanu prijavnicu i s potpisom izjave ili s potvrdom na internetskom obrascu koji se odnosi na suglasnost za uporabu osobnih podataka, imatelj kartice daje svoje osobno slaganje i suglasnost, da se svi osobni podaci koji se odnose na njega ili mu postanu poznati u okviru poslovanja s karticom, od strane upravitelja osobnih podataka, t.j. dru\u0161tva Hotel Sava Roga\u0161ka, d.o.o., Zdravili\u0161ki trg 6, 3250 Roga\u0161ka Slatina, mogu formirati, prikupljati, voditi, koristiti, obra\u0111ivati i pohranjivati u svrhu obavljanja marketin\u0161kih usluga, promotivnih aktivnosti, uklju\u010duju\u0107i neposredno trgovanje i provedbe analize poslovanja s karticom te analize pojedinih kupovnih navika. Time imatelj kartice ujedno daje osobnu suglasnost i slaganje da se od strane upravitelja osobnih podataka za potrebe neposrednog trgovanja mogu koristiti svi osobni podaci, koji se odnose na nj ili su postali poznati upravitelju u okviru poslovanja s karticom, izuzev osjetljivih osobnih podataka. Osobni podaci \u0107e se obra\u0111ivati na podru\u010dju EU i dr\u017eava nekada\u0161njeg Sovjetskog saveza. Svaki imatelj kartice mo\u017ee s pisanim zahtjevom na adresu upravitelja osobnih podataka ili putem elektronske po\u0161te na adresu: info@rogaska.si, u bilo kojem trenutku i bez obrazlo\u017eenja, zahtjevati da upravitelj trajno ili privremeno prestane koristiti njegove osobne podatke i podatke o izvr\u0161enim kupnjama. U tom \u0107e slu\u010daju upravitelj u roku od 15 dana od primitka zahtjeva sprije\u010diti uporabu osobnih podataka i podataka o kupnji navedene svrhe te o tome u sljede\u0107ih pet dana obavijestiti imatelja kartice, koji je to zahtijevao. Mjerodavno pravo: Za ocjenu pravnih odnosa izme\u0111u Hotela Sava Roga\u0161ka, d.o.o. i imatelja kartice koristi se slovensko pravo.<\/p>\n\n      <\/div>\n    <\/div>\n  <\/div>\n<\/section>","protected":false},"excerpt":{"rendered":"","protected":false},"author":1,"featured_media":0,"parent":1581,"menu_order":0,"comment_status":"closed","ping_status":"closed","template":"","meta":{"_acf_changed":false,"footnotes":""},"class_list":["post-2002","page","type-page","status-publish","hentry"],"acf":[],"publishpress_future_workflow_manual_trigger":{"enabledWorkflows":[]},"_links":{"self":[{"href":"https:\/\/www.rogaska.si\/hr\/wp-json\/wp\/v2\/pages\/2002","targetHints":{"allow":["GET"]}}],"collection":[{"href":"https:\/\/www.rogaska.si\/hr\/wp-json\/wp\/v2\/pages"}],"about":[{"href":"https:\/\/www.rogaska.si\/hr\/wp-json\/wp\/v2\/types\/page"}],"author":[{"embeddable":true,"href":"https:\/\/www.rogaska.si\/hr\/wp-json\/wp\/v2\/users\/1"}],"replies":[{"embeddable":true,"href":"https:\/\/www.rogaska.si\/hr\/wp-json\/wp\/v2\/comments?post=2002"}],"version-history":[{"count":2,"href":"https:\/\/www.rogaska.si\/hr\/wp-json\/wp\/v2\/pages\/2002\/revisions"}],"predecessor-version":[{"id":2004,"href":"https:\/\/www.rogaska.si\/hr\/wp-json\/wp\/v2\/pages\/2002\/revisions\/2004"}],"up":[{"embeddable":true,"href":"https:\/\/www.rogaska.si\/hr\/wp-json\/wp\/v2\/pages\/1581"}],"wp:attachment":[{"href":"https:\/\/www.rogaska.si\/hr\/wp-json\/wp\/v2\/media?parent=2002"}],"curies":[{"name":"wp","href":"https:\/\/api.w.org\/{rel}","templated":true}]}}