{"id":1902,"date":"2023-12-19T18:31:51","date_gmt":"2023-12-19T17:31:51","guid":{"rendered":"https:\/\/www.rogaska.si\/hr\/?page_id=1902"},"modified":"2023-12-20T02:03:18","modified_gmt":"2023-12-20T01:03:18","slug":"shop-inquiry","status":"publish","type":"page","link":"https:\/\/www.rogaska.si\/hr\/shop-inquiry\/","title":{"rendered":"Potra\u017enja poklon boni"},"content":{"rendered":"\n<p class=\"wp-block-hotel-sava-lead lead\">Ovdje mo\u017eete naru\u010diti poklon bon. Ispunite obrazac u nastavku i kontaktirat \u0107emo vas i pomo\u0107i vam u odabiru.<\/p>\n","protected":false},"excerpt":{"rendered":"","protected":false},"author":1,"featured_media":0,"parent":0,"menu_order":0,"comment_status":"closed","ping_status":"closed","template":"","meta":{"_acf_changed":false,"footnotes":""},"class_list":["post-1902","page","type-page","status-publish","hentry"],"acf":[],"publishpress_future_workflow_manual_trigger":{"enabledWorkflows":[]},"_links":{"self":[{"href":"https:\/\/www.rogaska.si\/hr\/wp-json\/wp\/v2\/pages\/1902","targetHints":{"allow":["GET"]}}],"collection":[{"href":"https:\/\/www.rogaska.si\/hr\/wp-json\/wp\/v2\/pages"}],"about":[{"href":"https:\/\/www.rogaska.si\/hr\/wp-json\/wp\/v2\/types\/page"}],"author":[{"embeddable":true,"href":"https:\/\/www.rogaska.si\/hr\/wp-json\/wp\/v2\/users\/1"}],"replies":[{"embeddable":true,"href":"https:\/\/www.rogaska.si\/hr\/wp-json\/wp\/v2\/comments?post=1902"}],"version-history":[{"count":2,"href":"https:\/\/www.rogaska.si\/hr\/wp-json\/wp\/v2\/pages\/1902\/revisions"}],"predecessor-version":[{"id":1904,"href":"https:\/\/www.rogaska.si\/hr\/wp-json\/wp\/v2\/pages\/1902\/revisions\/1904"}],"wp:attachment":[{"href":"https:\/\/www.rogaska.si\/hr\/wp-json\/wp\/v2\/media?parent=1902"}],"curies":[{"name":"wp","href":"https:\/\/api.w.org\/{rel}","templated":true}]}}