{"id":1900,"date":"2023-12-19T18:30:51","date_gmt":"2023-12-19T17:30:51","guid":{"rendered":"https:\/\/www.rogaska.si\/hr\/?page_id=1900"},"modified":"2023-12-19T18:30:51","modified_gmt":"2023-12-19T17:30:51","slug":"shop","status":"publish","type":"page","link":"https:\/\/www.rogaska.si\/hr\/shop\/","title":{"rendered":"Poklon boni"},"content":{"rendered":"\n<p class=\"wp-block-hotel-sava-lead lead\">Kada nam netko puno zna\u010di, darujemo ga najljep\u0161im poklonom. A \u0161to mo\u017ee biti bolje od opu\u0161tanja za du\u0161e i tijela u ovom brzom tempu \u017eivota i stresnom vremenom. Prepustite se u netaknutoj prirodi, udobnosti, wellnessu i kulinarskim u\u017eicima. Najljep\u0161i darovi su iz srca.<\/p>\n","protected":false},"excerpt":{"rendered":"","protected":false},"author":1,"featured_media":0,"parent":0,"menu_order":0,"comment_status":"closed","ping_status":"closed","template":"","meta":{"_acf_changed":false,"footnotes":""},"class_list":["post-1900","page","type-page","status-publish","hentry"],"acf":[],"publishpress_future_workflow_manual_trigger":{"enabledWorkflows":[]},"_links":{"self":[{"href":"https:\/\/www.rogaska.si\/hr\/wp-json\/wp\/v2\/pages\/1900","targetHints":{"allow":["GET"]}}],"collection":[{"href":"https:\/\/www.rogaska.si\/hr\/wp-json\/wp\/v2\/pages"}],"about":[{"href":"https:\/\/www.rogaska.si\/hr\/wp-json\/wp\/v2\/types\/page"}],"author":[{"embeddable":true,"href":"https:\/\/www.rogaska.si\/hr\/wp-json\/wp\/v2\/users\/1"}],"replies":[{"embeddable":true,"href":"https:\/\/www.rogaska.si\/hr\/wp-json\/wp\/v2\/comments?post=1900"}],"version-history":[{"count":1,"href":"https:\/\/www.rogaska.si\/hr\/wp-json\/wp\/v2\/pages\/1900\/revisions"}],"predecessor-version":[{"id":1901,"href":"https:\/\/www.rogaska.si\/hr\/wp-json\/wp\/v2\/pages\/1900\/revisions\/1901"}],"wp:attachment":[{"href":"https:\/\/www.rogaska.si\/hr\/wp-json\/wp\/v2\/media?parent=1900"}],"curies":[{"name":"wp","href":"https:\/\/api.w.org\/{rel}","templated":true}]}}