{"id":1581,"date":"2023-11-26T21:23:38","date_gmt":"2023-11-26T20:23:38","guid":{"rendered":"https:\/\/www.rogaska.si\/hr\/?page_id=1581"},"modified":"2024-01-09T21:42:56","modified_gmt":"2024-01-09T20:42:56","slug":"sava-club-loyalty-program","status":"publish","type":"page","link":"https:\/\/www.rogaska.si\/hr\/sava-club-loyalty-program\/","title":{"rendered":"Sava Club &#8211; program vjernosti"},"content":{"rendered":"<section class=\"py-5 wp-block-hotel-sava-hero-secondary\">\n  <div class=\"container\">\n    <div class=\"d-md-block d-none mt-5 pt-5 row\">\n      <div>\n                                                                                                                                                                              <nav aria-label=\"breadcrumb\">\n              <ol class=\"breadcrumb\">\n                                <li class=\"breadcrumb-item\"><a href=\"https:\/\/www.rogaska.si\/hr\">Po\u010detna stranica<\/a>\n                <\/li>\n                                                <li class=\"breadcrumb-item active\" aria-current=\"page\">\n                  Home                <\/li>\n              <\/ol>\n            <\/nav>\n                                                          <\/div>\n    <\/div>\n    <div class=\"row\">\n      <div>\n        <h1 class=\"display-4 text-center\">Sava Club &#8211; program vjernosti<\/h1>\n      <\/div>\n    <\/div>\n    <div class=\"mt-5 row\">\n      <div class=\"col-lg-10 col-md-11 me-auto ms-auto\">\n        <div class=\"image-wrapper__fit\">\n          <picture>\n                          <img loading=\"lazy\" decoding=\"async\" width=\"2200\" height=\"1414\" src=\"https:\/\/www.rogaska.si\/hr\/wp-content\/uploads\/sites\/5\/2024\/01\/club-sava-card-1a-2200x1414.jpg\" class=\"wp-image-1999 image__fit\" alt=\"\" srcset=\"https:\/\/www.rogaska.si\/hr\/wp-content\/uploads\/sites\/5\/2024\/01\/club-sava-card-1a-2200x1414.jpg 2200w, https:\/\/www.rogaska.si\/hr\/wp-content\/uploads\/sites\/5\/2024\/01\/club-sava-card-1a-300x193.jpg 300w, https:\/\/www.rogaska.si\/hr\/wp-content\/uploads\/sites\/5\/2024\/01\/club-sava-card-1a-1024x658.jpg 1024w, https:\/\/www.rogaska.si\/hr\/wp-content\/uploads\/sites\/5\/2024\/01\/club-sava-card-1a-768x494.jpg 768w, https:\/\/www.rogaska.si\/hr\/wp-content\/uploads\/sites\/5\/2024\/01\/club-sava-card-1a-480x309.jpg 480w, https:\/\/www.rogaska.si\/hr\/wp-content\/uploads\/sites\/5\/2024\/01\/club-sava-card-1a-640x411.jpg 640w, https:\/\/www.rogaska.si\/hr\/wp-content\/uploads\/sites\/5\/2024\/01\/club-sava-card-1a-720x463.jpg 720w, https:\/\/www.rogaska.si\/hr\/wp-content\/uploads\/sites\/5\/2024\/01\/club-sava-card-1a-960x617.jpg 960w, https:\/\/www.rogaska.si\/hr\/wp-content\/uploads\/sites\/5\/2024\/01\/club-sava-card-1a-1168x751.jpg 1168w, https:\/\/www.rogaska.si\/hr\/wp-content\/uploads\/sites\/5\/2024\/01\/club-sava-card-1a-1440x926.jpg 1440w, https:\/\/www.rogaska.si\/hr\/wp-content\/uploads\/sites\/5\/2024\/01\/club-sava-card-1a-1920x1234.jpg 1920w, https:\/\/www.rogaska.si\/hr\/wp-content\/uploads\/sites\/5\/2024\/01\/club-sava-card-1a-1536x987.jpg 1536w, https:\/\/www.rogaska.si\/hr\/wp-content\/uploads\/sites\/5\/2024\/01\/club-sava-card-1a-2048x1316.jpg 2048w\" sizes=\"auto, (max-width: 2200px) 100vw, 2200px\" \/>\n                                  <\/picture>\n        <\/div>\n      <\/div>\n    <\/div>\n  <\/div>\n<\/section>\n\n\n<section class=\"wp-block-hotel-sava-col-md-8 py-5\"> <div class=\"container\"> <div class=\"row\"> <div class=\"col-md-8 me-auto ms-auto\">\n<p class=\"wp-block-hotel-sava-lead lead fs-3\">U \u017eelji da nagradimo va\u0161e povjerenje i vjernost, oblikovali smo koncept kluba unutar kojega vas s privla\u010dnim popustima ve\u0107 pri prvom posjetu poti\u010demo da \u010de\u0161\u0107e u\u010dinite ne\u0161to za sebe.<\/p>\n\n\n\n<a href=\"https:\/\/www.fidelityhotel.net\/sava\/login.aspx?card=SAVAEU&amp;language=HRV\" target=\"_blank\" rel=\"noopener\" class=\"wp-block-hotel-sava-sava-button me-3\"><button type=\"button\" class=\"btn link-dark mt-3 rounded-0 text-white  btn-info\">PRIJAVA<\/button><\/a>\n\n\n\n<a href=\"https:\/\/www.rogaska.si\/hr\/sava-club-loyalty-program\/opci-uvjeti-poslovanja-sa-sava-club-karticom\/\" class=\"wp-block-hotel-sava-sava-button me-3\"><button type=\"button\" class=\"btn link-dark mt-3 rounded-0 text-white  btn-primary\">UVJETI<\/button><\/a>\n\n\n\n<a href=\"https:\/\/www.fidelityhotel.net\/sava\/register\/start.aspx?card=SAVAEU&amp;language=HRV\" target=\"_blank\" rel=\"noopener\" class=\"wp-block-hotel-sava-sava-button\"><button type=\"button\" class=\"btn link-dark mt-3 rounded-0 text-white  btn-secondary\">PRIJAVNI OBRAZAC<\/button><\/a>\n\n\n\n<h3 class=\"wp-block-hotel-sava-heading-3  mt-4\">Tko mo\u017ee postati \u010dlan?<\/h3>\n\n\n\n<p>\u010clanom mo\u017ee postati svatko kome je va\u017ean zdrav na\u010din \u017eivota i tko brine za o\u010duvanje zdravlja te redovito koristi \u0161iroku ponudu usluga dru\u0161tva Hotel Sava Roga\u0161ka d.o.o. i usluge Sava Cluba.<br>Karticu vjernosti i \u010dlanstvo u Sava Clubu mo\u017ee dobiti osoba starija od 15 godina koja pravilno ispuni pristupnicu te tako dobije povoljnosti neposredno pri upisu. \u010clanstvo u klubu je besplatno.<\/p>\n\n\n\n<h4 class=\"wp-block-hotel-sava-heading-4\">Posebne povoljnosti za imatelje Sava Club kartice:<\/h4>\n\n\n\n<ul class=\"wp-block-list\">\n<li>20% popusta na redovite, sezonske i odre\u0111ene akcijske cijene pansiona i programa. <\/li>\n\n\n\n<li>Odre\u0111en popust na va\u017ee\u0107e cijene wellness i zdravstvenih usluga u ROI Medico &amp; Spa centru:\n<ul class=\"wp-block-list\">\n<li>3% pri kori\u0161tenju usluga u iznosu 300 \u20ac &#8211; 499 \u20ac<\/li>\n\n\n\n<li>5% pri kori\u0161tenju usluga u iznosu 500 \u20ac &#8211; 999 \u20ac<\/li>\n\n\n\n<li>110% pri kori\u0161tenju usluga u iznosu 1000 \u20ac i vi\u0161e<\/li>\n<\/ul>\n<\/li>\n\n\n\n<li>5 % popusta na kupnju poklon bonova za kori\u0161tenje usluga unutar hotela.<\/li>\n\n\n\n<li>5 % popusta na ugostiteljske usluge (kod jednokratne kupnje u minimalnom iznosu 200 EUR).<\/li>\n\n\n\n<li>S prikupljanjem bodova stje\u010dete pravo na nagrade za vjernost: svaka kupnja ugostititeljskih, wellness ili hotelskih usluga iz redovitog cjenika donosi bonus bodove na va\u0161oj kartici.<\/li>\n\n\n\n<li>Povoljnosti zahvaljuju\u0107i preporukama: nagrada za svakog prijatelja, koji u Hotel Sava Roga\u0161ka d.o.o. do\u0111e na va\u0161u preporuku.<\/li>\n\n\n\n<li>Mogu\u0107nost kori\u0161tenja posebnih povoljnosti za \u010dlanove kluba.<\/li>\n\n\n\n<li>Primanje redovitih i besplatnih informacija o programima i uslugama Hotela Sava Roga\u0161ka d.o.o. te informacije o novostima.<\/li>\n\n\n\n<li>Mogu\u0107nost sudjelovanja u nagradnim igrama.<\/li>\n\n\n\n<li>Godi\u0161nje dru\u017eenje imatelja kartica.<\/li>\n<\/ul>\n\n\n\n<p class=\"has-medium-font-size\">Popusti vrijede za imatelja kartice i \u010dlanove njegove u\u017ee obitelji (supru\u017enici, djeca).<\/p>\n\n\n\n<h3 class=\"wp-block-hotel-sava-heading-3\">S bodovima do jo\u0161 vi\u0161e u\u017eivanja<\/h3>\n\n\n\n<p>Kori\u0161tenjem na\u0161ih usluga, u odre\u0111enom \u0107ete razdoblju primiti bodove koji vam donose dodatne povoljnosti. Razdoblje povlastica vremenski je ograni\u010deno na \u0161est mjeseci (od 1. sije\u010dnja do 30. lipnja i od 1. srpnja do 31. prosinca). Boduje se svaka kupnja iznad 1 EUR. 1 EUR donosi 1 bod. Na kraju svakog obra\u010dunskog razdoblja, zbrojit \u0107emo sve kupnje te vam u odgovaraju\u0107em iznosu izdati vrijednosni bon, kojega mo\u017eete upotrijebiti za bilo koju uslugu Hotela Sava Roga\u0161ka d.o.o.<\/p>\n\n\n\n<figure class=\"wp-block-table is-style-regular\"><table><thead><tr><th>Broj bodova<\/th><th>Bon u vrijednosti<\/th><\/tr><\/thead><tbody><tr><td>Do 499 bodova<\/td><td>Bodovi se prenose u sljede\u0107e obra\u010dunsko razdoblje<\/td><\/tr><tr><td>Od 500 bodova<\/td><td>3 % iznos od vrijednosti bodova<\/td><\/tr><\/tbody><\/table><\/figure>\n\n\n\n<h3 class=\"wp-block-hotel-sava-heading-3\">Gdje mo\u017eete dobiti klupsku karticu?<\/h3>\n\n\n\n<p>Klupsku karticu mo\u017eete besplatno dobiti na pojedinim prodajnim mjestima:<\/p>\n\n\n\n<ul class=\"wp-block-list\">\n<li>na hotelskoj recepciji Grand hotela Sava****superior,<\/li>\n\n\n\n<li>na recepciji ROI Spa &amp; Medico Centra,<\/li>\n\n\n\n<li>na internetskoj stranici www.rogaska.si<\/li>\n<\/ul>\n<\/div> <\/div> <\/div> <\/section>\n","protected":false},"excerpt":{"rendered":"","protected":false},"author":1,"featured_media":0,"parent":0,"menu_order":0,"comment_status":"closed","ping_status":"closed","template":"","meta":{"_acf_changed":false,"footnotes":""},"class_list":["post-1581","page","type-page","status-publish","hentry"],"acf":[],"publishpress_future_workflow_manual_trigger":{"enabledWorkflows":[]},"_links":{"self":[{"href":"https:\/\/www.rogaska.si\/hr\/wp-json\/wp\/v2\/pages\/1581","targetHints":{"allow":["GET"]}}],"collection":[{"href":"https:\/\/www.rogaska.si\/hr\/wp-json\/wp\/v2\/pages"}],"about":[{"href":"https:\/\/www.rogaska.si\/hr\/wp-json\/wp\/v2\/types\/page"}],"author":[{"embeddable":true,"href":"https:\/\/www.rogaska.si\/hr\/wp-json\/wp\/v2\/users\/1"}],"replies":[{"embeddable":true,"href":"https:\/\/www.rogaska.si\/hr\/wp-json\/wp\/v2\/comments?post=1581"}],"version-history":[{"count":3,"href":"https:\/\/www.rogaska.si\/hr\/wp-json\/wp\/v2\/pages\/1581\/revisions"}],"predecessor-version":[{"id":2005,"href":"https:\/\/www.rogaska.si\/hr\/wp-json\/wp\/v2\/pages\/1581\/revisions\/2005"}],"wp:attachment":[{"href":"https:\/\/www.rogaska.si\/hr\/wp-json\/wp\/v2\/media?parent=1581"}],"curies":[{"name":"wp","href":"https:\/\/api.w.org\/{rel}","templated":true}]}}