{"id":1457,"date":"2023-11-19T17:26:01","date_gmt":"2023-11-19T16:26:01","guid":{"rendered":"https:\/\/www.rogaska.si\/hr\/?page_id=1457"},"modified":"2025-02-28T22:50:12","modified_gmt":"2025-02-28T21:50:12","slug":"roi-njega-ruku-i-stopala","status":"publish","type":"page","link":"https:\/\/www.rogaska.si\/hr\/roi-beauty\/roi-njega-ruku-i-stopala\/","title":{"rendered":"ROI njega ruku i stopala"},"content":{"rendered":"<section class=\"py-5 wp-block-hotel-sava-hero-secondary\">\n  <div class=\"container\">\n    <div class=\"d-md-block d-none mt-5 pt-5 row\">\n      <div>\n                                                                                                                                                                              <nav aria-label=\"breadcrumb\">\n              <ol class=\"breadcrumb\">\n                                <li class=\"breadcrumb-item\"><a href=\"https:\/\/www.rogaska.si\/hr\">Po\u010detna stranica<\/a>\n                <\/li>\n                                                <li class=\"breadcrumb-item active\" aria-current=\"page\">\n                  ROI Beauty                <\/li>\n              <\/ol>\n            <\/nav>\n                                                          <\/div>\n    <\/div>\n    <div class=\"row\">\n      <div>\n        <h1 class=\"display-4 text-center\">ROI njega ruku i stopala<\/h1>\n      <\/div>\n    <\/div>\n    <div class=\"mt-5 row\">\n      <div class=\"col-lg-10 col-md-11 me-auto ms-auto\">\n        <div class=\"image-wrapper__fit\">\n          <picture>\n                          <img loading=\"lazy\" decoding=\"async\" width=\"2500\" height=\"1876\" src=\"https:\/\/www.rogaska.si\/hr\/wp-content\/uploads\/sites\/5\/2023\/11\/woman-hands-feet.jpg\" class=\"wp-image-1398 image__fit\" alt=\"\" srcset=\"https:\/\/www.rogaska.si\/hr\/wp-content\/uploads\/sites\/5\/2023\/11\/woman-hands-feet.jpg 2500w, https:\/\/www.rogaska.si\/hr\/wp-content\/uploads\/sites\/5\/2023\/11\/woman-hands-feet-300x225.jpg 300w, https:\/\/www.rogaska.si\/hr\/wp-content\/uploads\/sites\/5\/2023\/11\/woman-hands-feet-1024x768.jpg 1024w, https:\/\/www.rogaska.si\/hr\/wp-content\/uploads\/sites\/5\/2023\/11\/woman-hands-feet-768x576.jpg 768w, https:\/\/www.rogaska.si\/hr\/wp-content\/uploads\/sites\/5\/2023\/11\/woman-hands-feet-480x360.jpg 480w, https:\/\/www.rogaska.si\/hr\/wp-content\/uploads\/sites\/5\/2023\/11\/woman-hands-feet-640x480.jpg 640w, https:\/\/www.rogaska.si\/hr\/wp-content\/uploads\/sites\/5\/2023\/11\/woman-hands-feet-720x540.jpg 720w, https:\/\/www.rogaska.si\/hr\/wp-content\/uploads\/sites\/5\/2023\/11\/woman-hands-feet-960x720.jpg 960w, https:\/\/www.rogaska.si\/hr\/wp-content\/uploads\/sites\/5\/2023\/11\/woman-hands-feet-1168x876.jpg 1168w, https:\/\/www.rogaska.si\/hr\/wp-content\/uploads\/sites\/5\/2023\/11\/woman-hands-feet-1440x1081.jpg 1440w, https:\/\/www.rogaska.si\/hr\/wp-content\/uploads\/sites\/5\/2023\/11\/woman-hands-feet-1920x1441.jpg 1920w, https:\/\/www.rogaska.si\/hr\/wp-content\/uploads\/sites\/5\/2023\/11\/woman-hands-feet-1536x1153.jpg 1536w, https:\/\/www.rogaska.si\/hr\/wp-content\/uploads\/sites\/5\/2023\/11\/woman-hands-feet-2048x1537.jpg 2048w\" sizes=\"auto, (max-width: 2500px) 100vw, 2500px\" \/>\n                                  <\/picture>\n        <\/div>\n      <\/div>\n    <\/div>\n  <\/div>\n<\/section>\n\n\n<section class=\"wp-block-hotel-sava-col-md-8 py-5\"> <div class=\"container\"> <div class=\"row\"> <div class=\"col-md-8 me-auto ms-auto\">\n<h3 class=\"wp-block-hotel-sava-heading-3\">ROI NJEGE RUKU<\/h3>\n\n\n\n<div class=\"wp-block-hotel-sava-treatments treatments__wrapper\"> <div class=\"treatments__grid\"> <div> <p class=\"fs-5 mb-2 mt-2 text-muted\">KLASI\u010cNA MANIKURA<\/p> <p class=\"mb-2\">Oblikovanje noktiju, \u010di\u0161\u0107enje ko\u017eice oko noktiju, poliranje, lak<\/p> <\/div> <div>\n<div class=\"wp-block-hotel-sava-treatment-value treatments-value__wrapper\"> <div class=\"text-end treatments-value\"> <p class=\"fs-5 mb-0 mt-sm-2 text-sm-end text-start treatments-time__area\">30 min<\/p> <p class=\"fs-5 mb-0 mt-sm-2  text-end text-muted treatments-price__area\">30 \u20ac<\/p> <\/div> <\/div>\n<\/div> <\/div> <\/div>\n\n\n\n<div class=\"wp-block-hotel-sava-treatments treatments__wrapper\"> <div class=\"treatments__grid\"> <div> <p class=\"fs-5 mb-2 mt-2 text-muted\">ROI MANIKURA<\/p> <p class=\"mb-2\">Piling ruku, oblikovanje noktiju, \u010di\u0161\u0107enje ko\u017eice oko noktiju, masa\u017ea parafinskom maskom, lakiranje<\/p> <\/div> <div>\n<div class=\"wp-block-hotel-sava-treatment-value treatments-value__wrapper\"> <div class=\"text-end treatments-value\"> <p class=\"fs-5 mb-0 mt-sm-2 text-sm-end text-start treatments-time__area\">60 min<\/p> <p class=\"fs-5 mb-0 mt-sm-2  text-end text-muted treatments-price__area\">44 \u20ac<\/p> <\/div> <\/div>\n<\/div> <\/div> <\/div>\n\n\n\n<div class=\"wp-block-hotel-sava-treatments treatments__wrapper\"> <div class=\"treatments__grid\"> <div> <p class=\"fs-5 mb-2 mt-2 text-muted\">MU\u0160KA MANIKURA<\/p> <p class=\"mb-2\">Oblikovanje noktiju, \u010di\u0161\u0107enje ko\u017eice oko noktiju i poliranje noktiju<\/p> <\/div> <div>\n<div class=\"wp-block-hotel-sava-treatment-value treatments-value__wrapper\"> <div class=\"text-end treatments-value\"> <p class=\"fs-5 mb-0 mt-sm-2 text-sm-end text-start treatments-time__area\">25 min<\/p> <p class=\"fs-5 mb-0 mt-sm-2  text-end text-muted treatments-price__area\">25 \u20ac<\/p> <\/div> <\/div>\n<\/div> <\/div> <\/div>\n\n\n\n<div class=\"wp-block-hotel-sava-treatments treatments__wrapper\"> <div class=\"treatments__grid\"> <div> <p class=\"fs-5 mb-2 mt-2 text-muted\">LAKIRANJE NOKTIJU NA RUKAMA<\/p>  <\/div> <div>\n<div class=\"wp-block-hotel-sava-treatment-value treatments-value__wrapper\"> <div class=\"text-end treatments-value\">  <p class=\"fs-5 mb-0 mt-sm-2  text-end text-muted treatments-price__area\">6 \u20ac<\/p> <\/div> <\/div>\n<\/div> <\/div> <\/div>\n\n\n\n<h3 class=\"wp-block-hotel-sava-heading-3  mt-5\">ROI NJEGA NOGU<\/h3>\n\n\n\n<div class=\"wp-block-hotel-sava-treatments treatments__wrapper\"> <div class=\"treatments__grid\"> <div> <p class=\"fs-5 mb-2 mt-2 text-muted\">ROI pedikura<\/p> <p class=\"mb-2\">Pedikura, refleksna masa\u017ea stopala s aromati\u010dnim balzamima, maska<\/p> <\/div> <div>\n<div class=\"wp-block-hotel-sava-treatment-value treatments-value__wrapper\"> <div class=\"text-end treatments-value\">  <p class=\"fs-5 mb-0 mt-sm-2  text-end text-muted treatments-price__area\">68 \u20ac<\/p> <\/div> <\/div>\n<\/div> <\/div> <\/div>\n\n\n\n<div class=\"wp-block-hotel-sava-treatments treatments__wrapper\"> <div class=\"treatments__grid\"> <div> <p class=\"fs-5 mb-2 mt-2 text-muted\">Osnovna ROI pedikura<\/p> <p class=\"mb-2\">\u010ci\u0161\u0107enje ko\u017ee s aparatom, oblikovanje i \u010di\u0161\u0107enje ko\u017eice oko noktiju te lakiranje noktiju<\/p> <\/div> <div>\n<div class=\"wp-block-hotel-sava-treatment-value treatments-value__wrapper\"> <div class=\"text-end treatments-value\">  <p class=\"fs-5 mb-0 mt-sm-2  text-end text-muted treatments-price__area\">35 \u20ac<\/p> <\/div> <\/div>\n<\/div> <\/div> <\/div>\n\n\n\n<div class=\"wp-block-hotel-sava-treatments treatments__wrapper\"> <div class=\"treatments__grid\"> <div> <p class=\"fs-5 mb-2 mt-2 text-muted\">SPECIJALNA MEDICO PEDIKURA<\/p> <p class=\"mb-2\">Uklanjanje tvrde ko\u017ee skalpelom i aparatom, oblikovanje noktju, \u010di\u0161\u0107enje ko\u017ee oko noktiju te rje\u0161avanje pote\u0161ko\u0107a (kurjih o\u010diju, uraslih noktiju i natisaka)<\/p> <\/div> <div>\n<div class=\"wp-block-hotel-sava-treatment-value treatments-value__wrapper\"> <div class=\"text-end treatments-value\">  <p class=\"fs-5 mb-0 mt-sm-2  text-end text-muted treatments-price__area\">41 \u20ac<\/p> <\/div> <\/div>\n<\/div> <\/div> <\/div>\n\n\n\n<h3 class=\"wp-block-hotel-sava-heading-3  mt-5\">DODATNE USLUGE<\/h3>\n\n\n\n<div class=\"wp-block-hotel-sava-treatments treatments__wrapper\"> <div class=\"treatments__grid\"> <div> <p class=\"fs-5 mb-2 mt-2 text-muted\">\u010cupanje i oblikovanje obrva<\/p>  <\/div> <div>\n<div class=\"wp-block-hotel-sava-treatment-value treatments-value__wrapper\"> <div class=\"text-end treatments-value\">  <p class=\"fs-5 mb-0 mt-sm-2  text-end text-muted treatments-price__area\">9 \u20ac<\/p> <\/div> <\/div>\n<\/div> <\/div> <\/div>\n\n\n\n<div class=\"wp-block-hotel-sava-treatments treatments__wrapper\"> <div class=\"treatments__grid\"> <div> <p class=\"fs-5 mb-2 mt-2 text-muted\">Bojanje obrva<\/p>  <\/div> <div>\n<div class=\"wp-block-hotel-sava-treatment-value treatments-value__wrapper\"> <div class=\"text-end treatments-value\">  <p class=\"fs-5 mb-0 mt-sm-2  text-end text-muted treatments-price__area\">9 \u20ac<\/p> <\/div> <\/div>\n<\/div> <\/div> <\/div>\n\n\n\n<div class=\"wp-block-hotel-sava-treatments treatments__wrapper\"> <div class=\"treatments__grid\"> <div> <p class=\"fs-5 mb-2 mt-2 text-muted\">Bojanje trepavica<\/p>  <\/div> <div>\n<div class=\"wp-block-hotel-sava-treatment-value treatments-value__wrapper\"> <div class=\"text-end treatments-value\">  <p class=\"fs-5 mb-0 mt-sm-2  text-end text-muted treatments-price__area\">9 \u20ac<\/p> <\/div> <\/div>\n<\/div> <\/div> <\/div>\n\n\n\n<div class=\"wp-block-hotel-sava-treatments treatments__wrapper\"> <div class=\"treatments__grid\"> <div> <p class=\"fs-5 mb-2 mt-2 text-muted\">Depilacija lica (djelomi\u010dna)<\/p>  <\/div> <div>\n<div class=\"wp-block-hotel-sava-treatment-value treatments-value__wrapper\"> <div class=\"text-end treatments-value\">  <p class=\"fs-5 mb-0 mt-sm-2  text-end text-muted treatments-price__area\">9 \u20ac<\/p> <\/div> <\/div>\n<\/div> <\/div> <\/div>\n\n\n\n<div class=\"wp-block-hotel-sava-treatments treatments__wrapper\"> <div class=\"treatments__grid\"> <div> <p class=\"fs-5 mb-2 mt-2 text-muted\">Depilacija lica (cjelokupna)<\/p>  <\/div> <div>\n<div class=\"wp-block-hotel-sava-treatment-value treatments-value__wrapper\"> <div class=\"text-end treatments-value\">  <p class=\"fs-5 mb-0 mt-sm-2  text-end text-muted treatments-price__area\">11 \u20ac<\/p> <\/div> <\/div>\n<\/div> <\/div> <\/div>\n\n\n\n<div class=\"wp-block-hotel-sava-treatments treatments__wrapper\"> <div class=\"treatments__grid\"> <div> <p class=\"fs-5 mb-2 mt-2 text-muted\">Depilacija nogu (djelomi\u010dna)<\/p>  <\/div> <div>\n<div class=\"wp-block-hotel-sava-treatment-value treatments-value__wrapper\"> <div class=\"text-end treatments-value\">  <p class=\"fs-5 mb-0 mt-sm-2  text-end text-muted treatments-price__area\">19 \u20ac<\/p> <\/div> <\/div>\n<\/div> <\/div> <\/div>\n\n\n\n<div class=\"wp-block-hotel-sava-treatments treatments__wrapper\"> <div class=\"treatments__grid\"> <div> <p class=\"fs-5 mb-2 mt-2 text-muted\">Depilacija nogu (cjelokupna)<\/p>  <\/div> <div>\n<div class=\"wp-block-hotel-sava-treatment-value treatments-value__wrapper\"> <div class=\"text-end treatments-value\">  <p class=\"fs-5 mb-0 mt-sm-2  text-end text-muted treatments-price__area\">29 \u20ac<\/p> <\/div> <\/div>\n<\/div> <\/div> <\/div>\n\n\n\n<div class=\"wp-block-hotel-sava-treatments treatments__wrapper\"> <div class=\"treatments__grid\"> <div> <p class=\"fs-5 mb-2 mt-2 text-muted\">Depilacija bikini zone<\/p>  <\/div> <div>\n<div class=\"wp-block-hotel-sava-treatment-value treatments-value__wrapper\"> <div class=\"text-end treatments-value\">  <p class=\"fs-5 mb-0 mt-sm-2  text-end text-muted treatments-price__area\">14 \u20ac<\/p> <\/div> <\/div>\n<\/div> <\/div> <\/div>\n\n\n\n<div class=\"wp-block-hotel-sava-treatments treatments__wrapper\"> <div class=\"treatments__grid\"> <div> <p class=\"fs-5 mb-2 mt-2 text-muted\">Depilacija ruku<\/p>  <\/div> <div>\n<div class=\"wp-block-hotel-sava-treatment-value treatments-value__wrapper\"> <div class=\"text-end treatments-value\">  <p class=\"fs-5 mb-0 mt-sm-2  text-end text-muted treatments-price__area\">17 \u20ac<\/p> <\/div> <\/div>\n<\/div> <\/div> <\/div>\n<\/div> <\/div> <\/div> <\/section>\n","protected":false},"excerpt":{"rendered":"","protected":false},"author":1,"featured_media":0,"parent":510,"menu_order":0,"comment_status":"closed","ping_status":"closed","template":"","meta":{"_acf_changed":false,"footnotes":""},"class_list":["post-1457","page","type-page","status-publish","hentry"],"acf":[],"publishpress_future_workflow_manual_trigger":{"enabledWorkflows":[]},"_links":{"self":[{"href":"https:\/\/www.rogaska.si\/hr\/wp-json\/wp\/v2\/pages\/1457","targetHints":{"allow":["GET"]}}],"collection":[{"href":"https:\/\/www.rogaska.si\/hr\/wp-json\/wp\/v2\/pages"}],"about":[{"href":"https:\/\/www.rogaska.si\/hr\/wp-json\/wp\/v2\/types\/page"}],"author":[{"embeddable":true,"href":"https:\/\/www.rogaska.si\/hr\/wp-json\/wp\/v2\/users\/1"}],"replies":[{"embeddable":true,"href":"https:\/\/www.rogaska.si\/hr\/wp-json\/wp\/v2\/comments?post=1457"}],"version-history":[{"count":3,"href":"https:\/\/www.rogaska.si\/hr\/wp-json\/wp\/v2\/pages\/1457\/revisions"}],"predecessor-version":[{"id":2329,"href":"https:\/\/www.rogaska.si\/hr\/wp-json\/wp\/v2\/pages\/1457\/revisions\/2329"}],"up":[{"embeddable":true,"href":"https:\/\/www.rogaska.si\/hr\/wp-json\/wp\/v2\/pages\/510"}],"wp:attachment":[{"href":"https:\/\/www.rogaska.si\/hr\/wp-json\/wp\/v2\/media?parent=1457"}],"curies":[{"name":"wp","href":"https:\/\/api.w.org\/{rel}","templated":true}]}}