{"id":1448,"date":"2023-11-19T15:46:34","date_gmt":"2023-11-19T14:46:34","guid":{"rendered":"https:\/\/www.rogaska.si\/hr\/?page_id=1448"},"modified":"2026-04-20T17:51:09","modified_gmt":"2026-04-20T15:51:09","slug":"njega-lica-aparatima","status":"publish","type":"page","link":"https:\/\/www.rogaska.si\/hr\/roi-beauty\/njega-lica-aparatima\/","title":{"rendered":"Njega lica aparatima"},"content":{"rendered":"<section class=\"py-5 wp-block-hotel-sava-hero-secondary\">\n  <div class=\"container\">\n    <div class=\"d-md-block d-none mt-5 pt-5 row\">\n      <div>\n                                                                                                                                                                              <nav aria-label=\"breadcrumb\">\n              <ol class=\"breadcrumb\">\n                                <li class=\"breadcrumb-item\"><a href=\"https:\/\/www.rogaska.si\/hr\">Po\u010detna stranica<\/a>\n                <\/li>\n                                                <li class=\"breadcrumb-item active\" aria-current=\"page\">\n                  ROI Beauty                <\/li>\n              <\/ol>\n            <\/nav>\n                                                          <\/div>\n    <\/div>\n    <div class=\"row\">\n      <div>\n        <h1 class=\"display-4 text-center\">Njega lica aparatima<\/h1>\n      <\/div>\n    <\/div>\n    <div class=\"mt-5 row\">\n      <div class=\"col-lg-10 col-md-11 me-auto ms-auto\">\n        <div class=\"image-wrapper__fit\">\n          <picture>\n                          <img loading=\"lazy\" decoding=\"async\" width=\"2500\" height=\"1646\" src=\"https:\/\/www.rogaska.si\/hr\/wp-content\/uploads\/sites\/5\/2023\/11\/guinot-aparat-obraz.jpg\" class=\"wp-image-1450 image__fit\" alt=\"\" srcset=\"https:\/\/www.rogaska.si\/hr\/wp-content\/uploads\/sites\/5\/2023\/11\/guinot-aparat-obraz.jpg 2500w, https:\/\/www.rogaska.si\/hr\/wp-content\/uploads\/sites\/5\/2023\/11\/guinot-aparat-obraz-300x198.jpg 300w, https:\/\/www.rogaska.si\/hr\/wp-content\/uploads\/sites\/5\/2023\/11\/guinot-aparat-obraz-1024x674.jpg 1024w, https:\/\/www.rogaska.si\/hr\/wp-content\/uploads\/sites\/5\/2023\/11\/guinot-aparat-obraz-768x506.jpg 768w, https:\/\/www.rogaska.si\/hr\/wp-content\/uploads\/sites\/5\/2023\/11\/guinot-aparat-obraz-480x316.jpg 480w, https:\/\/www.rogaska.si\/hr\/wp-content\/uploads\/sites\/5\/2023\/11\/guinot-aparat-obraz-640x421.jpg 640w, https:\/\/www.rogaska.si\/hr\/wp-content\/uploads\/sites\/5\/2023\/11\/guinot-aparat-obraz-720x474.jpg 720w, https:\/\/www.rogaska.si\/hr\/wp-content\/uploads\/sites\/5\/2023\/11\/guinot-aparat-obraz-960x632.jpg 960w, https:\/\/www.rogaska.si\/hr\/wp-content\/uploads\/sites\/5\/2023\/11\/guinot-aparat-obraz-1168x769.jpg 1168w, https:\/\/www.rogaska.si\/hr\/wp-content\/uploads\/sites\/5\/2023\/11\/guinot-aparat-obraz-1440x948.jpg 1440w, https:\/\/www.rogaska.si\/hr\/wp-content\/uploads\/sites\/5\/2023\/11\/guinot-aparat-obraz-1920x1264.jpg 1920w, https:\/\/www.rogaska.si\/hr\/wp-content\/uploads\/sites\/5\/2023\/11\/guinot-aparat-obraz-1536x1011.jpg 1536w, https:\/\/www.rogaska.si\/hr\/wp-content\/uploads\/sites\/5\/2023\/11\/guinot-aparat-obraz-2048x1348.jpg 2048w\" sizes=\"auto, (max-width: 2500px) 100vw, 2500px\" \/>\n                                  <\/picture>\n        <\/div>\n      <\/div>\n    <\/div>\n  <\/div>\n<\/section>\n\n\n<section class=\"wp-block-hotel-sava-col-md-8 py-5\"> <div class=\"container\"> <div class=\"row\"> <div class=\"col-md-8 me-auto ms-auto\">\n<h3 class=\"wp-block-hotel-sava-heading-3\">Hydradermie 1000 \u2013 Alternativa estetskoj medicini<\/h3>\n\n\n\n<p>POSTUPCI NA LICU KOJI SU PRIKLADNI ZA SVE TIPOVE I STANJA KO\u017dE.<\/p>\n\n\n\n<p>OBAVLJAMO VI\u0160E POSTUPAKA:<\/p>\n\n\n\n<ul class=\"wp-block-list\">\n<li>DVOSTRUKA IONIZACIJA &#8211; blaga elektroterapija s nje\u017enim pokretima rolera, koji omogu\u0107uje bolju penetraciju serum gelova u dubinu ko\u017ee.<\/li>\n\n\n\n<li>TERMALNA ELEKTRODA\u2013 termalni u\u010dinek aplikatorja spodbuja prodiranje hialuronske kisline v<\/li>\n\n\n\n<li>STIMULACIJA MI\u0160I\u0106A &#8211; niskof rekventna stimulativna mikrostruja za stimuliranje stezanja mi\u0161i\u0107ne strukture.<\/li>\n<\/ul>\n\n\n\n<div class=\"wp-block-hotel-sava-treatments treatments__wrapper\"> <div class=\"treatments__grid\"> <div> <p class=\"fs-5 mb-2 mt-2 text-muted\">HYDRADERMIE 1000 1u1<\/p> <p class=\"mb-2\">Dinami\u010dna ionizacija + temperatura. Pove\u0107ava stani\u010dnu biolo\u0161ku aktivnost.<\/p> <\/div> <div>\n<div class=\"wp-block-hotel-sava-treatment-value treatments-value__wrapper\"> <div class=\"text-end treatments-value\"> <p class=\"fs-5 mb-0 mt-sm-2 text-sm-end text-start treatments-time__area\">50 min<\/p> <p class=\"fs-5 mb-0 mt-sm-2  text-end text-muted treatments-price__area\">110 \u20ac<\/p> <\/div> <\/div>\n<\/div> <\/div> <\/div>\n\n\n\n<div class=\"wp-block-hotel-sava-treatments treatments__wrapper\"> <div class=\"treatments__grid\"> <div> <p class=\"fs-5 mb-2 mt-2 text-muted\">HYDRADERMIE 1000 &#8211; LIFT 1u1<\/p> <p class=\"mb-2\">Termalna infuzija hijaluronske kiseline \u2013 termalni u\u010dinak aplikatora poti\u010de prodiranje hijaluronske kiseline u epidermu. Mi\u0161i\u0107na stimulacija pomo\u0107u posebne elektri\u010dne struje poti\u010de ja\u010danje mi\u0161i\u0107a. Vidljivo pomla\u0111uje crte lica pove\u0107avaju\u0107i mi\u0161i\u0107ni tonus.<\/p> <\/div> <div>\n<div class=\"wp-block-hotel-sava-treatment-value treatments-value__wrapper\"> <div class=\"text-end treatments-value\"> <p class=\"fs-5 mb-0 mt-sm-2 text-sm-end text-start treatments-time__area\">50 min<\/p> <p class=\"fs-5 mb-0 mt-sm-2  text-end text-muted treatments-price__area\">130 \u20ac<\/p> <\/div> <\/div>\n<\/div> <\/div> <\/div>\n\n\n\n<div class=\"wp-block-hotel-sava-treatments treatments__wrapper\"> <div class=\"treatments__grid\"> <div> <p class=\"fs-5 mb-2 mt-2 text-muted\">EYE LOGIC \u2013 POTPUNI TRETMAN ZA O\u010cI<\/p> <p class=\"mb-2\">Intenzivni tretman za podru\u010dje oko o\u010diju EYE LOGIC je cjeloviti tretman, s kojim istovremeno djelujemo protiv bora, podo\u010dnjaka i podbulih o\u010diju.<\/p> <\/div> <div>\n<div class=\"wp-block-hotel-sava-treatment-value treatments-value__wrapper\"> <div class=\"text-end treatments-value\"> <p class=\"fs-5 mb-0 mt-sm-2 text-sm-end text-start treatments-time__area\">40 min<\/p> <p class=\"fs-5 mb-0 mt-sm-2  text-end text-muted treatments-price__area\">65 \u20ac<\/p> <\/div> <\/div>\n<\/div> <\/div> <\/div>\n\n\n\n<div class=\"wp-block-hotel-sava-treatments treatments__wrapper\"> <div class=\"treatments__grid\"> <div> <p class=\"fs-5 mb-2 mt-2 text-muted\">HYDRADERMIE 1000 &#8211; DELUX 2u1<\/p> <p class=\"mb-2\">Hydradermie 1000 \u2013 Deluxe je njega 2 u 1. U tretmanu su objedinjeni Hydradermie 1000 i Hydradermie 1000-Lift. Njega daje vrhunske rezultate ve\u0107 nakon prvog tretmana. Zahvaljuju\u0107i trima specifi\u010dnim funkcijama, crte lica i ko\u017ea vidljivo su pomla\u0111ene.<\/p> <\/div> <div>\n<div class=\"wp-block-hotel-sava-treatment-value treatments-value__wrapper\"> <div class=\"text-end treatments-value\"> <p class=\"fs-5 mb-0 mt-sm-2 text-sm-end text-start treatments-time__area\">80 min<\/p> <p class=\"fs-5 mb-0 mt-sm-2  text-end text-muted treatments-price__area\">160 \u20ac<\/p> <\/div> <\/div>\n<\/div> <\/div> <\/div>\n\n\n\n<div class=\"wp-block-hotel-sava-treatments treatments__wrapper\"> <div class=\"treatments__grid\"> <div> <p class=\"fs-5 mb-2 mt-2 text-muted\">HYDRADERMIE 1000 &#8211; DELUX 3u1<\/p> <p class=\"mb-2\">S kombinacijom specijalne maske ili s kombinacijom specijalne njege za o\u010di EYE LOGIC ili s HYDRA- CLEAN-OM.<\/p> <\/div> <div>\n<div class=\"wp-block-hotel-sava-treatment-value treatments-value__wrapper\"> <div class=\"text-end treatments-value\"> <p class=\"fs-5 mb-0 mt-sm-2 text-sm-end text-start treatments-time__area\">100 min<\/p> <p class=\"fs-5 mb-0 mt-sm-2  text-end text-muted treatments-price__area\">190 \u20ac<\/p> <\/div> <\/div>\n<\/div> <\/div> <\/div>\n\n\n\n<div class=\"wp-block-hotel-sava-treatments treatments__wrapper\"> <div class=\"treatments__grid\"> <div> <p class=\"fs-5 mb-2 mt-2 text-muted\">VIP-GUINOT njega lica 4u1<\/p> <p class=\"mb-2\">Individualno tretiranje ko\u017ee s kozmetikom Guinot.<\/p> <\/div> <div>\n<div class=\"wp-block-hotel-sava-treatment-value treatments-value__wrapper\"> <div class=\"text-end treatments-value\"> <p class=\"fs-5 mb-0 mt-sm-2 text-sm-end text-start treatments-time__area\">120 min<\/p> <p class=\"fs-5 mb-0 mt-sm-2  text-end text-muted treatments-price__area\">220 \u20ac<\/p> <\/div> <\/div>\n<\/div> <\/div> <\/div>\n\n\n\n<div class=\"wp-block-hotel-sava-treatments treatments__wrapper\"> <div class=\"treatments__grid\"> <div> <p class=\"fs-5 mb-2 mt-2 text-muted\">Hydra Clean<\/p> <p class=\"mb-2\">Aparat za dubinsko \u010di\u0161\u0107enje lica. Ekskluzivni tretman za dubinsko \u010di\u0161\u0107enje i hidratiziranje lica. Nakon samo jednog tretmana ko\u017ea prodi\u0161e, a razina vlage u ko\u017ei i prihva\u0107anje aktivnih tvari iz proizvoda pove\u0107ava se za \u010dak 40 %, a razvoj akni se smanjuje za 97 %. Postupak \u010di\u0161\u0107enja lica u kombinaciji s masa\u017eom i maskom.<\/p> <\/div> <div>\n<div class=\"wp-block-hotel-sava-treatment-value treatments-value__wrapper\"> <div class=\"text-end treatments-value\"> <p class=\"fs-5 mb-0 mt-sm-2 text-sm-end text-start treatments-time__area\">40 min<\/p> <p class=\"fs-5 mb-0 mt-sm-2  text-end text-muted treatments-price__area\">60 \u20ac<\/p> <\/div> <\/div>\n<\/div> <\/div> <\/div>\n\n\n\n<div class=\"wp-block-hotel-sava-treatments treatments__wrapper\"> <div class=\"treatments__grid\"> <div> <p class=\"fs-5 mb-2 mt-2 text-muted\">Hydraclean Special<\/p> <p class=\"mb-2\">Njega je prikladna za sve tipove ko\u017ee. Kombinacija mehani\u010dkog i ru\u010dnog \u010di\u0161\u0107enja lica, masa\u017ea, maska.<\/p> <\/div> <div>\n<div class=\"wp-block-hotel-sava-treatment-value treatments-value__wrapper\"> <div class=\"text-end treatments-value\"> <p class=\"fs-5 mb-0 mt-sm-2 text-sm-end text-start treatments-time__area\">70 min<\/p> <p class=\"fs-5 mb-0 mt-sm-2  text-end text-muted treatments-price__area\">85 \u20ac<\/p> <\/div> <\/div>\n<\/div> <\/div> <\/div>\n<\/div> <\/div> <\/div> <\/section>\n\n\n\n<section class=\"wp-block-hotel-sava-col-md-8 py-5\"> <div class=\"container\"> <div class=\"row\"> <div class=\"col-md-8 me-auto ms-auto\">\n<h3 class=\"wp-block-hotel-sava-heading-3\">Radiage &#8211; njega lica<\/h3>\n\n\n\n<p>Radiofrekvencija je neinvazivna tehnika, kod koje pomo\u0107u radiofrekvencijske energije zagrijavamo dublje slojeve ko\u017ee. Radiage je jedna od najnovijih metoda pomla\u0111ivanja ko\u017ee lica, vrata i dekoltea. Dugotrajno u\u010dvr\u0161\u0107uje i zate\u017ee ko\u017eu, rezultati su vidljivi ve\u0107 nakon prvog postupka.<\/p>\n\n\n\n<div class=\"wp-block-hotel-sava-treatments treatments__wrapper\"> <div class=\"treatments__grid\"> <div> <p class=\"fs-5 mb-2 mt-2 text-muted\">Radiofrekvencija<\/p> <p class=\"mb-2\">Radiage lica<\/p> <\/div> <div>\n<div class=\"wp-block-hotel-sava-treatment-value treatments-value__wrapper\"> <div class=\"text-end treatments-value\"> <p class=\"fs-5 mb-0 mt-sm-2 text-sm-end text-start treatments-time__area\">60 min<\/p> <p class=\"fs-5 mb-0 mt-sm-2  text-end text-muted treatments-price__area\">140 \u20ac<\/p> <\/div> <\/div>\n<\/div> <\/div> <\/div>\n\n\n\n<h3 class=\"wp-block-hotel-sava-heading-3  mt-4\">Cluederm<\/h3>\n\n\n\n<p>PAMETAN SISTEM ZA POMLA\u0110IVANJE LICA (VACUUM \/ RF \/ LED SVJETLOST)<\/p>\n\n\n\n<ul class=\"wp-block-list\">\n<li>Lifting &amp; U\u010dvr\u0161\u0107ivanje<\/li>\n\n\n\n<li>Smanjivanje bora &amp; anti aging<\/li>\n\n\n\n<li>MULTIPOLARNA RF &#8211; RF energija dovodi toplinsku energiju u dermis i potko\u017eno tkivo, potic\u030ce ubrzavanje metabolizma ko\u017ee, ojac\u030cava kolagenske lance i pobolj- \u0161ava elastic\u030cnost ko\u017ee.&nbsp;<\/li>\n\n\n\n<li>VAKUUM pove\u0107ava prokrvljenost, smanjuje kontakte veziva me\u0111u nakupinama masnih stanica i zbog toga preoblikuje tijelo. Dodatno poma\u017ee pri u\u010dinkovitijoj penetraciji RF-energije u dublje slojeve ko\u017ee.<\/li>\n\n\n\n<li>LED &#8211; Posebno odabrane valne du\u017eine od 640 nm i 460 nm pove\u0107avaju prokrvljenost i pobolj\u0161avaju tonus ko\u017ee.<\/li>\n<\/ul>\n\n\n\n<div class=\"wp-block-hotel-sava-treatments treatments__wrapper\"> <div class=\"treatments__grid\"> <div> <p class=\"fs-5 mb-2 mt-2 text-muted\">LICE, VRAT I DEKOLTE<\/p> <p class=\"mb-2\">Postupak s aparatom i specijalnom maskom za lice.<\/p> <\/div> <div>\n<div class=\"wp-block-hotel-sava-treatment-value treatments-value__wrapper\"> <div class=\"text-end treatments-value\"> <p class=\"fs-5 mb-0 mt-sm-2 text-sm-end text-start treatments-time__area\">50 min<\/p> <p class=\"fs-5 mb-0 mt-sm-2  text-end text-muted treatments-price__area\">150 \u20ac<\/p> <\/div> <\/div>\n<\/div> <\/div> <\/div>\n\n\n\n<h3 class=\"wp-block-hotel-sava-heading-3  mt-4\">CooLifting<\/h3>\n\n\n\n<p>Cool lifting pi\u0161tolj na tkivo lica uz vrlo nisku temperaturu i s velikim pritiskom ispaljuje sna\u017ean protok CO2 udru\u017een s ekstremno visokom koncentracijom atomiziranih aktivnih tvari. Rije\u010d je o najspektakularnijem brzom postupku od svih ikada vi\u0111enih u izazivanju protoka vremena (stimulacija, CooLifting, maska ili kisik).<\/p>\n\n\n\n<div class=\"wp-block-hotel-sava-treatments treatments__wrapper\"> <div class=\"treatments__grid\"> <div> <p class=\"fs-5 mb-2 mt-2 text-muted\">CooLifting<\/p>  <\/div> <div>\n<div class=\"wp-block-hotel-sava-treatment-value treatments-value__wrapper\"> <div class=\"text-end treatments-value\"> <p class=\"fs-5 mb-0 mt-sm-2 text-sm-end text-start treatments-time__area\">50 min<\/p> <p class=\"fs-5 mb-0 mt-sm-2  text-end text-muted treatments-price__area\">150 \u20ac<\/p> <\/div> <\/div>\n<\/div> <\/div> <\/div>\n\n\n\n<h3 class=\"wp-block-hotel-sava-heading-3  mt-4\">Ultrazvu\u010dna terapija lica<\/h3>\n\n\n\n<p>Njega prikladna za sve tipove ko\u017ee. Njega uklju\u010duje \u010di\u0161\u0107enje ko\u017ee, masa\u017eu lica s dekolteom, enzimski piling, dubinsko \u010di\u0161\u0107enje, nano\u0161enje ampule i maske u odnosu na tip ko\u017ee te nano\u0161enje maske oko o\u010diju. Njega je prava rasko\u0161 za ko\u017eu koja \u0107e nakon njege biti svje\u017ea, blistava i bogato nahranjena.<\/p>\n\n\n\n<div class=\"wp-block-hotel-sava-treatments treatments__wrapper\"> <div class=\"treatments__grid\"> <div> <p class=\"fs-5 mb-2 mt-2 text-muted\">Ultrazvu\u010dna terapija lica<\/p>  <\/div> <div>\n<div class=\"wp-block-hotel-sava-treatment-value treatments-value__wrapper\"> <div class=\"text-end treatments-value\"> <p class=\"fs-5 mb-0 mt-sm-2 text-sm-end text-start treatments-time__area\">60 min<\/p> <p class=\"fs-5 mb-0 mt-sm-2  text-end text-muted treatments-price__area\">90 \u20ac<\/p> <\/div> <\/div>\n<\/div> <\/div> <\/div>\n<\/div> <\/div> <\/div> <\/section>\n","protected":false},"excerpt":{"rendered":"","protected":false},"author":1,"featured_media":0,"parent":510,"menu_order":0,"comment_status":"closed","ping_status":"closed","template":"","meta":{"_acf_changed":false,"footnotes":""},"class_list":["post-1448","page","type-page","status-publish","hentry"],"acf":[],"publishpress_future_workflow_manual_trigger":{"enabledWorkflows":[]},"_links":{"self":[{"href":"https:\/\/www.rogaska.si\/hr\/wp-json\/wp\/v2\/pages\/1448","targetHints":{"allow":["GET"]}}],"collection":[{"href":"https:\/\/www.rogaska.si\/hr\/wp-json\/wp\/v2\/pages"}],"about":[{"href":"https:\/\/www.rogaska.si\/hr\/wp-json\/wp\/v2\/types\/page"}],"author":[{"embeddable":true,"href":"https:\/\/www.rogaska.si\/hr\/wp-json\/wp\/v2\/users\/1"}],"replies":[{"embeddable":true,"href":"https:\/\/www.rogaska.si\/hr\/wp-json\/wp\/v2\/comments?post=1448"}],"version-history":[{"count":3,"href":"https:\/\/www.rogaska.si\/hr\/wp-json\/wp\/v2\/pages\/1448\/revisions"}],"predecessor-version":[{"id":2863,"href":"https:\/\/www.rogaska.si\/hr\/wp-json\/wp\/v2\/pages\/1448\/revisions\/2863"}],"up":[{"embeddable":true,"href":"https:\/\/www.rogaska.si\/hr\/wp-json\/wp\/v2\/pages\/510"}],"wp:attachment":[{"href":"https:\/\/www.rogaska.si\/hr\/wp-json\/wp\/v2\/media?parent=1448"}],"curies":[{"name":"wp","href":"https:\/\/api.w.org\/{rel}","templated":true}]}}