{"id":1439,"date":"2023-11-19T15:26:34","date_gmt":"2023-11-19T14:26:34","guid":{"rendered":"https:\/\/www.rogaska.si\/hr\/?page_id=1439"},"modified":"2025-03-01T18:47:23","modified_gmt":"2025-03-01T17:47:23","slug":"njega-lica","status":"publish","type":"page","link":"https:\/\/www.rogaska.si\/hr\/roi-beauty\/njega-lica\/","title":{"rendered":"Njega lica"},"content":{"rendered":"<section class=\"py-5 wp-block-hotel-sava-hero-secondary\">\n  <div class=\"container\">\n    <div class=\"d-md-block d-none mt-5 pt-5 row\">\n      <div>\n                                                                                                                                                                              <nav aria-label=\"breadcrumb\">\n              <ol class=\"breadcrumb\">\n                                <li class=\"breadcrumb-item\"><a href=\"https:\/\/www.rogaska.si\/hr\">Po\u010detna stranica<\/a>\n                <\/li>\n                                                <li class=\"breadcrumb-item active\" aria-current=\"page\">\n                  ROI Beauty                <\/li>\n              <\/ol>\n            <\/nav>\n                                                          <\/div>\n    <\/div>\n    <div class=\"row\">\n      <div>\n        <h1 class=\"display-4 text-center\">Njega lica<\/h1>\n      <\/div>\n    <\/div>\n    <div class=\"mt-5 row\">\n      <div class=\"col-lg-10 col-md-11 me-auto ms-auto\">\n        <div class=\"image-wrapper__fit\">\n          <picture>\n                          <img loading=\"lazy\" decoding=\"async\" width=\"1876\" height=\"2500\" src=\"https:\/\/www.rogaska.si\/hr\/wp-content\/uploads\/sites\/5\/2023\/11\/Woman_Face_DS8.jpg\" class=\"wp-image-1443 image__fit\" alt=\"\" srcset=\"https:\/\/www.rogaska.si\/hr\/wp-content\/uploads\/sites\/5\/2023\/11\/Woman_Face_DS8.jpg 1876w, https:\/\/www.rogaska.si\/hr\/wp-content\/uploads\/sites\/5\/2023\/11\/Woman_Face_DS8-225x300.jpg 225w, https:\/\/www.rogaska.si\/hr\/wp-content\/uploads\/sites\/5\/2023\/11\/Woman_Face_DS8-768x1023.jpg 768w, https:\/\/www.rogaska.si\/hr\/wp-content\/uploads\/sites\/5\/2023\/11\/Woman_Face_DS8-480x640.jpg 480w, https:\/\/www.rogaska.si\/hr\/wp-content\/uploads\/sites\/5\/2023\/11\/Woman_Face_DS8-640x853.jpg 640w, https:\/\/www.rogaska.si\/hr\/wp-content\/uploads\/sites\/5\/2023\/11\/Woman_Face_DS8-720x959.jpg 720w, https:\/\/www.rogaska.si\/hr\/wp-content\/uploads\/sites\/5\/2023\/11\/Woman_Face_DS8-960x1279.jpg 960w, https:\/\/www.rogaska.si\/hr\/wp-content\/uploads\/sites\/5\/2023\/11\/Woman_Face_DS8-1168x1557.jpg 1168w, https:\/\/www.rogaska.si\/hr\/wp-content\/uploads\/sites\/5\/2023\/11\/Woman_Face_DS8-1440x1919.jpg 1440w, https:\/\/www.rogaska.si\/hr\/wp-content\/uploads\/sites\/5\/2023\/11\/Woman_Face_DS8-1153x1536.jpg 1153w, https:\/\/www.rogaska.si\/hr\/wp-content\/uploads\/sites\/5\/2023\/11\/Woman_Face_DS8-1537x2048.jpg 1537w\" sizes=\"auto, (max-width: 1876px) 100vw, 1876px\" \/>\n                                  <\/picture>\n        <\/div>\n      <\/div>\n    <\/div>\n  <\/div>\n<\/section>\n\n\n<section class=\"wp-block-hotel-sava-col-md-8 py-5\"> <div class=\"container\"> <div class=\"row\"> <div class=\"col-md-8 me-auto ms-auto\">\n<h3 class=\"wp-block-hotel-sava-heading-3\">Njega lica Rhea<\/h3>\n\n\n\n<div class=\"wp-block-hotel-sava-treatments treatments__wrapper\"> <div class=\"treatments__grid\"> <div> <p class=\"fs-5 mb-2 mt-2 text-muted\">Rhea cosmetics<\/p> <p class=\"mb-2\">Napredna medicinska i veganska kozmetika, pomo\u0107u koje se prilago\u0111avamo svim stanjima i tipovima ko\u017ee. Tretman sastavljamo u odnosu na problematiku ko\u017ee i ciljeve koje \u017eelimo posti\u0107i. Svaki postupak je individualno sastavljen, a u njega unosimo intenzivne komplekse koji zagla\u0111uju bore, pobolj\u0161avaju elasti\u010dnost, pove\u0107avaju dotok kisika, posvjetljuju pigmentacije, ubla\u017eavaju podo\u010dnjake, navla\u017euju ko\u017eu.<\/p> <\/div> <div>\n<div class=\"wp-block-hotel-sava-treatment-value treatments-value__wrapper\"> <div class=\"text-end treatments-value\"> <p class=\"fs-5 mb-0 mt-sm-2 text-sm-end text-start treatments-time__area\">60 min<\/p> <p class=\"fs-5 mb-0 mt-sm-2  text-end text-muted treatments-price__area\">120 \u20ac<\/p> <\/div> <\/div>\n\n\n\n<div class=\"wp-block-hotel-sava-treatment-value treatments-value__wrapper\"> <div class=\"text-end treatments-value\"> <p class=\"fs-5 mb-0 mt-sm-2 text-sm-end text-start treatments-time__area\">80 min<\/p> <p class=\"fs-5 mb-0 mt-sm-2  text-end text-muted treatments-price__area\">160 \u20ac<\/p> <\/div> <\/div>\n\n\n\n<div class=\"wp-block-hotel-sava-treatment-value treatments-value__wrapper\"> <div class=\"text-end treatments-value\"> <p class=\"fs-5 mb-0 mt-sm-2 text-sm-end text-start treatments-time__area\">100 min<\/p> <p class=\"fs-5 mb-0 mt-sm-2  text-end text-muted treatments-price__area\">200 \u20ac<\/p> <\/div> <\/div>\n\n\n\n<div class=\"wp-block-hotel-sava-treatment-value treatments-value__wrapper\"> <div class=\"text-end treatments-value\"> <p class=\"fs-5 mb-0 mt-sm-2 text-sm-end text-start treatments-time__area\">120 min<\/p> <p class=\"fs-5 mb-0 mt-sm-2  text-end text-muted treatments-price__area\">240 \u20ac<\/p> <\/div> <\/div>\n\n\n\n<div class=\"wp-block-hotel-sava-treatment-value treatments-value__wrapper\"> <div class=\"text-end treatments-value\"> <p class=\"fs-5 mb-0 mt-sm-2 text-sm-end text-start treatments-time__area\">140 min<\/p> <p class=\"fs-5 mb-0 mt-sm-2  text-end text-muted treatments-price__area\">280 \u20ac<\/p> <\/div> <\/div>\n<\/div> <\/div> <\/div>\n\n\n\n<div class=\"wp-block-hotel-sava-treatments treatments__wrapper\"> <div class=\"treatments__grid\"> <div> <p class=\"fs-5 mb-2 mt-2 text-muted\">Age factor premium<\/p> <p class=\"mb-2\">Premium tretman s ekskluzivnim kompleksom od 24 faktora ekspozoma, koji u potpunosti \u0161titi ko\u017eu od utjecaja UV zra\u010denja, stresa, hormonskih promjena&#8230; Ovim postupkom djelujemo protiv nastanka znakova starenja, a istovremeno izuzetno dobro zagla\u0111ujemo bore, posvjetljujemo, u\u010dvr\u0161\u0107ujemo ko\u017eu, smanjujemo vidljivost sitnih \u017eilica i obnavljamo ko\u017enu barijeru.<\/p> <\/div> <div>\n<div class=\"wp-block-hotel-sava-treatment-value treatments-value__wrapper\"> <div class=\"text-end treatments-value\"> <p class=\"fs-5 mb-0 mt-sm-2 text-sm-end text-start treatments-time__area\">60 min<\/p> <p class=\"fs-5 mb-0 mt-sm-2  text-end text-muted treatments-price__area\">140 \u20ac<\/p> <\/div> <\/div>\n\n\n\n<div class=\"wp-block-hotel-sava-treatment-value treatments-value__wrapper\"> <div class=\"text-end treatments-value\"> <p class=\"fs-5 mb-0 mt-sm-2 text-sm-end text-start treatments-time__area\">80 min<\/p> <p class=\"fs-5 mb-0 mt-sm-2  text-end text-muted treatments-price__area\">180 \u20ac<\/p> <\/div> <\/div>\n<\/div> <\/div> <\/div>\n<\/div> <\/div> <\/div> <\/section>\n\n\n\n<section class=\"wp-block-hotel-sava-col-md-8 py-5\"> <div class=\"container\"> <div class=\"row\"> <div class=\"col-md-8 me-auto ms-auto\">\n<h3 class=\"wp-block-hotel-sava-heading-3\">Njega lica Guinot<\/h3>\n\n\n\n<div class=\"wp-block-hotel-sava-treatments treatments__wrapper\"> <div class=\"treatments__grid\"> <div> <p class=\"fs-5 mb-2 mt-2 text-muted\">Njega lica Detoxygene<\/p> <p class=\"mb-2\">Inovativni tretman s kisikom i za umornu i isu\u0161enu ko\u017eu bez \u017eivota, ko\u017eu pu\u0161a\u010da i svih koji su izlo\u017eeni one\u010di\u0161\u0107enjima okoli\u0161a. REZULTATI nakon jednog tretmana: dubina bora se smanjuje za 43%, vla\u017enost pove\u0107ava za 66%, a broj i \u0161irina pora se smanjuje za 83%.<\/p> <\/div> <div>\n<div class=\"wp-block-hotel-sava-treatment-value treatments-value__wrapper\"> <div class=\"text-end treatments-value\"> <p class=\"fs-5 mb-0 mt-sm-2 text-sm-end text-start treatments-time__area\">50 min<\/p> <p class=\"fs-5 mb-0 mt-sm-2  text-end text-muted treatments-price__area\">95 \u20ac<\/p> <\/div> <\/div>\n<\/div> <\/div> <\/div>\n\n\n\n<div class=\"wp-block-hotel-sava-treatments treatments__wrapper\"> <div class=\"treatments__grid\"> <div> <p class=\"fs-5 mb-2 mt-2 text-muted\">Lift Summum<\/p> <p class=\"mb-2\">Intenzivni anti-age ru\u010dni postupci, s kojima pove\u0107avamo imunitet stanica koje vode brigu o stvaranju kolagena i elasti\u010dnosti. Rezultat je \u010dvrstina, napetost, blistavost, zagla\u0111ene borice i pomla\u0111en izgled.<\/p> <\/div> <div>\n<div class=\"wp-block-hotel-sava-treatment-value treatments-value__wrapper\"> <div class=\"text-end treatments-value\"> <p class=\"fs-5 mb-0 mt-sm-2 text-sm-end text-start treatments-time__area\">50 min<\/p> <p class=\"fs-5 mb-0 mt-sm-2  text-end text-muted treatments-price__area\">85 \u20ac<\/p> <\/div> <\/div>\n<\/div> <\/div> <\/div>\n\n\n\n<div class=\"wp-block-hotel-sava-treatments treatments__wrapper\"> <div class=\"treatments__grid\"> <div> <p class=\"fs-5 mb-2 mt-2 text-muted\">Hydra Peeling<\/p> <p class=\"mb-2\">Intenzivni all-in one tretman kiselinom za zagla\u0111ivanje bora, pomla\u0111ivanje, hidratiziranje, izbjeljivanje pigmentnih mrlja. Ko\u017ea je ve\u0107 nakon jednog postupka napeta, regenerirana, blistava, bore su za 23 % manje, a pigmentacije manje vidljive za \u010dak 46 %. Postupak se mo\u017ee obavljati samostalno ili u odnosu na potrebe i stanje ko\u017ee u kombinaciji s drugim postupcima Guinot.<\/p> <\/div> <div>\n<div class=\"wp-block-hotel-sava-treatment-value treatments-value__wrapper\"> <div class=\"text-end treatments-value\"> <p class=\"fs-5 mb-0 mt-sm-2 text-sm-end text-start treatments-time__area\">50 min<\/p> <p class=\"fs-5 mb-0 mt-sm-2  text-end text-muted treatments-price__area\">85 \u20ac<\/p> <\/div> <\/div>\n<\/div> <\/div> <\/div>\n\n\n\n<div class=\"wp-block-hotel-sava-treatments treatments__wrapper\"> <div class=\"treatments__grid\"> <div> <p class=\"fs-5 mb-2 mt-2 text-muted\">Age Summum njega lica i ruku<\/p> <p class=\"mb-2\">Age Summum je presti\u017ena multifunkcionalna antiage njega s hijaluronom i kolagenom, pomo\u0107u koje regeneriramo i u\u010dvr\u0161\u0107ujemo ko\u017eu te joj u roku od jednog sata vra\u0107amo blistav izgled i tonus.<\/p> <\/div> <div>\n<div class=\"wp-block-hotel-sava-treatment-value treatments-value__wrapper\"> <div class=\"text-end treatments-value\"> <p class=\"fs-5 mb-0 mt-sm-2 text-sm-end text-start treatments-time__area\">60 min<\/p> <p class=\"fs-5 mb-0 mt-sm-2  text-end text-muted treatments-price__area\">110 \u20ac<\/p> <\/div> <\/div>\n<\/div> <\/div> <\/div>\n<\/div> <\/div> <\/div> <\/section>\n\n\n\n<section class=\"wp-block-hotel-sava-col-md-8 py-5\"> <div class=\"container\"> <div class=\"row\"> <div class=\"col-md-8 me-auto ms-auto\">\n<h3 class=\"wp-block-hotel-sava-heading-3\">Njega lica Pevonia<\/h3>\n\n\n\n<div class=\"wp-block-hotel-sava-treatments treatments__wrapper\"> <div class=\"treatments__grid\"> <div> <p class=\"fs-5 mb-2 mt-2 text-muted\">Osnovna njega lica<\/p> <p class=\"mb-2\">Njega obuhva\u0107a: osnovno \u010di\u0161\u0107enje, piling, dubinsko \u010di\u0161\u0107enje, masa\u017eu i masku u obliku kreme.<\/p> <\/div> <div>\n<div class=\"wp-block-hotel-sava-treatment-value treatments-value__wrapper\"> <div class=\"text-end treatments-value\"> <p class=\"fs-5 mb-0 mt-sm-2 text-sm-end text-start treatments-time__area\">60 min<\/p> <p class=\"fs-5 mb-0 mt-sm-2  text-end text-muted treatments-price__area\">70 \u20ac<\/p> <\/div> <\/div>\n<\/div> <\/div> <\/div>\n\n\n\n<div class=\"wp-block-hotel-sava-treatments treatments__wrapper\"> <div class=\"treatments__grid\"> <div> <p class=\"fs-5 mb-2 mt-2 text-muted\">Antistresna masa\u017ea ili limfna drena\u017ea lica s maskom<\/p> <p class=\"mb-2\">Kod masa\u017ee se koristi mje\u0161avina izuzetno kvalitetnih i nje\u017enih ulja, pomo\u0107u kojih u\u010dinkovito smanjujemo dehidraciju i osje\u0107aj suhe ko\u017ee te poti\u010demo dobro stanje organizma i op\u0107u opu\u0161tenost.<\/p> <\/div> <div>\n<div class=\"wp-block-hotel-sava-treatment-value treatments-value__wrapper\"> <div class=\"text-end treatments-value\"> <p class=\"fs-5 mb-0 mt-sm-2 text-sm-end text-start treatments-time__area\">45 min<\/p> <p class=\"fs-5 mb-0 mt-sm-2  text-end text-muted treatments-price__area\">40 \u20ac<\/p> <\/div> <\/div>\n<\/div> <\/div> <\/div>\n\n\n\n<div class=\"wp-block-hotel-sava-treatments treatments__wrapper\"> <div class=\"treatments__grid\"> <div> <p class=\"fs-5 mb-2 mt-2 text-muted\">Njega lica s kavijarom za mu\u0161karce<\/p> <p class=\"mb-2\">Zaustavite proces starenja s dokazano u\u010dinkovitom njegom, osmi\u0161ljenom posebno za potrebe mu\u0161ke ko\u017ee. Kavijar s u\u010dinkom pomla\u0111ivanja i Escutox\u00ae za regeneriranje va\u0161u \u0107e ko\u017eu obogatiti izuzetno aktivnim tvarima protiv starenja.<\/p> <\/div> <div>\n<div class=\"wp-block-hotel-sava-treatment-value treatments-value__wrapper\"> <div class=\"text-end treatments-value\"> <p class=\"fs-5 mb-0 mt-sm-2 text-sm-end text-start treatments-time__area\">60 min<\/p> <p class=\"fs-5 mb-0 mt-sm-2  text-end text-muted treatments-price__area\">85 \u20ac<\/p> <\/div> <\/div>\n<\/div> <\/div> <\/div>\n\n\n\n<div class=\"wp-block-hotel-sava-treatments treatments__wrapper\"> <div class=\"treatments__grid\"> <div> <p class=\"fs-5 mb-2 mt-2 text-muted\">Specijalna njega lica Pevonia s ciljanim djelovanjem<\/p> <p class=\"mb-2\">Prilikom pregleda va\u0161e ko\u017ee kozmeti\u010darka odlu\u010duje koju njegu treba va\u0161a ko\u017ea: zagla\u0111ivanje, vla\u017eenje, smirivanje, hranjenje, protiv crvenila ili za blistavost ko\u017ee.<\/p> <\/div> <div>\n<div class=\"wp-block-hotel-sava-treatment-value treatments-value__wrapper\"> <div class=\"text-end treatments-value\"> <p class=\"fs-5 mb-0 mt-sm-2 text-sm-end text-start treatments-time__area\">60 min<\/p> <p class=\"fs-5 mb-0 mt-sm-2  text-end text-muted treatments-price__area\">85 \u20ac<\/p> <\/div> <\/div>\n<\/div> <\/div> <\/div>\n<\/div> <\/div> <\/div> <\/section>\n\n\n\n<section class=\"wp-block-hotel-sava-col-md-8 py-5\"> <div class=\"container\"> <div class=\"row\"> <div class=\"col-md-8 me-auto ms-auto\">\n<h3 class=\"wp-block-hotel-sava-heading-3\">Njega lica Dal\u00fa<\/h3>\n\n\n\n<div class=\"wp-block-hotel-sava-treatments treatments__wrapper\"> <div class=\"treatments__grid\"> <div> <p class=\"fs-5 mb-2 mt-2 text-muted\">Royal anti-aging radiance beauty ritual<\/p> <p class=\"mb-2\">Vitamin C Illuminating and Anti-aging facial treatment<br>Kraljevski anti-age ritual vidljivo zategne ko\u017eu, hidratizira ju i umanji borice. Vitamin C i biotehnolo\u0161ki sastojci izbjeljuju ko\u017eu, \u010dine\u0107i ju zdravo blistavom i pomla\u0111enog izgleda. ActiwhiteTM je inovativan sinergijski kompleks saharoze i ekstrakta gra\u0161ka, koji omogu\u0107ava izbjeljivanje ko\u017ee i smanjivanje hiperpigmentacija te umanjuje stvaranje melanina.<\/p> <\/div> <div>\n<div class=\"wp-block-hotel-sava-treatment-value treatments-value__wrapper\"> <div class=\"text-end treatments-value\"> <p class=\"fs-5 mb-0 mt-sm-2 text-sm-end text-start treatments-time__area\">60 min<\/p> <p class=\"fs-5 mb-0 mt-sm-2  text-end text-muted treatments-price__area\">130 \u20ac<\/p> <\/div> <\/div>\n\n\n\n<div class=\"wp-block-hotel-sava-treatment-value treatments-value__wrapper\"> <div class=\"text-end treatments-value\"> <p class=\"fs-5 mb-0 mt-sm-2 text-sm-end text-start treatments-time__area\">90 min<\/p> <p class=\"fs-5 mb-0 mt-sm-2  text-end text-muted treatments-price__area\">160 \u20ac<\/p> <\/div> <\/div>\n<\/div> <\/div> <\/div>\n\n\n\n<div class=\"wp-block-hotel-sava-treatments treatments__wrapper\"> <div class=\"treatments__grid\"> <div> <p class=\"fs-5 mb-2 mt-2 text-muted\">Ultimate intensive hydrating &amp; anti-aging beauty facial ritual<\/p> <p class=\"mb-2\">6D Hydra Concept &amp; Anti-Aging facial marine boost treatment<br>Intenzivna hidratantna i anti-age njega uz uporabu suvremenog 6- dimenzionalnog koncepta hidratacije: 3 razli\u010dite mase hijaluronske kiseline u kombinaciji s drugim visokotehnolo\u0161kim ovla\u017eiva\u010dima i anti-age sastojcima- Ectoin\u00ae, Phytospherix\u00ae, AquaxylTM, InstensylTM hidratizraju ko\u017eu i obnavljaju kolagen i elastin. Posljedica toga je nestanak sitnih borica\u2026 Spirulina boost vodi brigu o dubinskoj remineralizaciji.<\/p> <\/div> <div>\n<div class=\"wp-block-hotel-sava-treatment-value treatments-value__wrapper\"> <div class=\"text-end treatments-value\"> <p class=\"fs-5 mb-0 mt-sm-2 text-sm-end text-start treatments-time__area\">60 min<\/p> <p class=\"fs-5 mb-0 mt-sm-2  text-end text-muted treatments-price__area\">110 \u20ac<\/p> <\/div> <\/div>\n\n\n\n<div class=\"wp-block-hotel-sava-treatment-value treatments-value__wrapper\"> <div class=\"text-end treatments-value\"> <p class=\"fs-5 mb-0 mt-sm-2 text-sm-end text-start treatments-time__area\">90 min<\/p> <p class=\"fs-5 mb-0 mt-sm-2  text-end text-muted treatments-price__area\">130 \u20ac<\/p> <\/div> <\/div>\n<\/div> <\/div> <\/div>\n\n\n\n<div class=\"wp-block-hotel-sava-treatments treatments__wrapper\"> <div class=\"treatments__grid\"> <div> <p class=\"fs-5 mb-2 mt-2 text-muted\">24-karat gold pure luxury lift &amp; firm beauty ritual<\/p> <p class=\"mb-2\">24- karat gold leaf radiance tratment (dodatno zlatni flasteri za o\u010di)<br>Vratite blistavost svojoj ko\u017ei pomo\u0107u zlata! Zlato je ne samo na pogled vrlo privla\u010dno jer pru\u017ea notu rasko\u0161i, ve\u0107 ima i provjerene prednosti vezane uz ljepotu, koje se\u017eu vi\u0161e stolje\u0107a unatrag. Uklanja tamne mrlje na ko\u017ei (hiperpigmentacije) i izbjeljuje ko\u017eu. Prirodno je protuupalno sredstvo, zacjeljuje upale ko\u017ee, umanjuje otekline i umiruje crvenilo ko\u017ee. Aktivira bazalne stanice u ko\u017ei i pove\u0107ava njenu elasti\u010dnost i tonus.<\/p> <\/div> <div>\n<div class=\"wp-block-hotel-sava-treatment-value treatments-value__wrapper\"> <div class=\"text-end treatments-value\"> <p class=\"fs-5 mb-0 mt-sm-2 text-sm-end text-start treatments-time__area\">105 min<\/p> <p class=\"fs-5 mb-0 mt-sm-2  text-end text-muted treatments-price__area\">350 \u20ac<\/p> <\/div> <\/div>\n\n\n\n<div class=\"wp-block-hotel-sava-treatment-value treatments-value__wrapper\"> <div class=\"text-end treatments-value\"> <p class=\"fs-5 mb-0 mt-sm-2 text-sm-end text-start treatments-time__area\">115 min<\/p> <p class=\"fs-5 mb-0 mt-sm-2  text-end text-muted treatments-price__area\">410 \u20ac<\/p> <\/div> <\/div>\n<\/div> <\/div> <\/div>\n\n\n\n<div class=\"wp-block-hotel-sava-treatments treatments__wrapper\"> <div class=\"treatments__grid\"> <div> <p class=\"fs-5 mb-2 mt-2 text-muted\">Anti-aging beauty eye ritual<\/p> <p class=\"mb-2\">Tretman protiv bora, nate\u010denosti i podo\u010dnjaka<\/p> <\/div> <div>\n<div class=\"wp-block-hotel-sava-treatment-value treatments-value__wrapper\"> <div class=\"text-end treatments-value\"> <p class=\"fs-5 mb-0 mt-sm-2 text-sm-end text-start treatments-time__area\">35 min<\/p> <p class=\"fs-5 mb-0 mt-sm-2  text-end text-muted treatments-price__area\">60 \u20ac<\/p> <\/div> <\/div>\n<\/div> <\/div> <\/div>\n\n\n\n<div class=\"wp-block-hotel-sava-treatments treatments__wrapper\"> <div class=\"treatments__grid\"> <div> <p class=\"fs-5 mb-2 mt-2 text-muted\">24-karat gold eye anti-aging ritual<\/p> <p class=\"mb-2\">Tretman protiv starenja od 24-karatnog zlata<br>24-karatno zlato u obliku flastera dubinski pospje\u0161uje sintezu elastina i kolagena te izbjeljuje ko\u017eu, daju\u0107i joj kraljevsku blistavost.<\/p> <\/div> <div>\n<div class=\"wp-block-hotel-sava-treatment-value treatments-value__wrapper\"> <div class=\"text-end treatments-value\"> <p class=\"fs-5 mb-0 mt-sm-2 text-sm-end text-start treatments-time__area\">45 min<\/p> <p class=\"fs-5 mb-0 mt-sm-2  text-end text-muted treatments-price__area\">180 \u20ac<\/p> <\/div> <\/div>\n<\/div> <\/div> <\/div>\n\n\n\n<div class=\"wp-block-hotel-sava-treatments treatments__wrapper\"> <div class=\"treatments__grid\"> <div> <p class=\"fs-5 mb-2 mt-2 text-muted\">SOS sensitive skin beauty facial ritual Dal\u00fa<\/p> <p class=\"mb-2\">Tretman za umirivanje osjetljive ko\u017ee<\/p> <\/div> <div>\n<div class=\"wp-block-hotel-sava-treatment-value treatments-value__wrapper\"> <div class=\"text-end treatments-value\"> <p class=\"fs-5 mb-0 mt-sm-2 text-sm-end text-start treatments-time__area\">60 min<\/p> <p class=\"fs-5 mb-0 mt-sm-2  text-end text-muted treatments-price__area\">90 \u20ac<\/p> <\/div> <\/div>\n<\/div> <\/div> <\/div>\n\n\n\n<div class=\"wp-block-hotel-sava-treatments treatments__wrapper\"> <div class=\"treatments__grid\"> <div> <p class=\"fs-5 mb-2 mt-2 text-muted\">Anti-aging biotec ritual Dal\u00fa<\/p> <p class=\"mb-2\">Do\u017eivite ultimativno pomla\u0111ivanje uz radiofrekvencijsku njegu lica protiv starenja dizajniranu za potpuni lifting. Napredni biotehnolo\u0161ki sastojci dubinski vla\u017ee, intenzivno hrane ko\u017eu i pove\u0107avaju njezinu \u010dvrsto\u0107u. Suvremena radiofrekvencijska tehnologija u\u010dinkovito smanjuje pojavu bora i vra\u0107a va\u0161oj ko\u017ei glatko\u0107u i mladena\u010dki izgled.<\/p> <\/div> <div>\n<div class=\"wp-block-hotel-sava-treatment-value treatments-value__wrapper\"> <div class=\"text-end treatments-value\"> <p class=\"fs-5 mb-0 mt-sm-2 text-sm-end text-start treatments-time__area\">60 min<\/p> <p class=\"fs-5 mb-0 mt-sm-2  text-end text-muted treatments-price__area\">150 \u20ac<\/p> <\/div> <\/div>\n<\/div> <\/div> <\/div>\n\n\n\n<div class=\"wp-block-hotel-sava-treatments treatments__wrapper\"> <div class=\"treatments__grid\"> <div> <p class=\"fs-5 mb-2 mt-2 text-muted\">Anti-aging biotec ritual Dal\u00fa uz stimulaciju lica <\/p>  <\/div> <div>\n<div class=\"wp-block-hotel-sava-treatment-value treatments-value__wrapper\"> <div class=\"text-end treatments-value\"> <p class=\"fs-5 mb-0 mt-sm-2 text-sm-end text-start treatments-time__area\">70 min<\/p> <p class=\"fs-5 mb-0 mt-sm-2  text-end text-muted treatments-price__area\">170 \u20ac<\/p> <\/div> <\/div>\n<\/div> <\/div> <\/div>\n<\/div> <\/div> <\/div> <\/section>\n","protected":false},"excerpt":{"rendered":"","protected":false},"author":1,"featured_media":0,"parent":510,"menu_order":0,"comment_status":"closed","ping_status":"closed","template":"","meta":{"_acf_changed":false,"footnotes":""},"class_list":["post-1439","page","type-page","status-publish","hentry"],"acf":[],"publishpress_future_workflow_manual_trigger":{"enabledWorkflows":[]},"_links":{"self":[{"href":"https:\/\/www.rogaska.si\/hr\/wp-json\/wp\/v2\/pages\/1439","targetHints":{"allow":["GET"]}}],"collection":[{"href":"https:\/\/www.rogaska.si\/hr\/wp-json\/wp\/v2\/pages"}],"about":[{"href":"https:\/\/www.rogaska.si\/hr\/wp-json\/wp\/v2\/types\/page"}],"author":[{"embeddable":true,"href":"https:\/\/www.rogaska.si\/hr\/wp-json\/wp\/v2\/users\/1"}],"replies":[{"embeddable":true,"href":"https:\/\/www.rogaska.si\/hr\/wp-json\/wp\/v2\/comments?post=1439"}],"version-history":[{"count":2,"href":"https:\/\/www.rogaska.si\/hr\/wp-json\/wp\/v2\/pages\/1439\/revisions"}],"predecessor-version":[{"id":2347,"href":"https:\/\/www.rogaska.si\/hr\/wp-json\/wp\/v2\/pages\/1439\/revisions\/2347"}],"up":[{"embeddable":true,"href":"https:\/\/www.rogaska.si\/hr\/wp-json\/wp\/v2\/pages\/510"}],"wp:attachment":[{"href":"https:\/\/www.rogaska.si\/hr\/wp-json\/wp\/v2\/media?parent=1439"}],"curies":[{"name":"wp","href":"https:\/\/api.w.org\/{rel}","templated":true}]}}