{"id":1407,"date":"2023-11-16T22:53:18","date_gmt":"2023-11-16T21:53:18","guid":{"rendered":"https:\/\/www.rogaska.si\/hr\/?page_id=1407"},"modified":"2026-04-20T15:50:58","modified_gmt":"2026-04-20T13:50:58","slug":"roi-spa-i-preoblikovanje-tijela","status":"publish","type":"page","link":"https:\/\/www.rogaska.si\/hr\/roi-beauty\/roi-spa-i-preoblikovanje-tijela\/","title":{"rendered":"ROI Spa i preoblikovanje tijela"},"content":{"rendered":"<section class=\"py-5 wp-block-hotel-sava-hero-secondary\">\n  <div class=\"container\">\n    <div class=\"d-md-block d-none mt-5 pt-5 row\">\n      <div>\n                                                                                                                                                                              <nav aria-label=\"breadcrumb\">\n              <ol class=\"breadcrumb\">\n                                <li class=\"breadcrumb-item\"><a href=\"https:\/\/www.rogaska.si\/hr\">Po\u010detna stranica<\/a>\n                <\/li>\n                                                <li class=\"breadcrumb-item active\" aria-current=\"page\">\n                  ROI Beauty                <\/li>\n              <\/ol>\n            <\/nav>\n                                                          <\/div>\n    <\/div>\n    <div class=\"row\">\n      <div>\n        <h1 class=\"display-4 text-center\">ROI Spa i preoblikovanje tijela<\/h1>\n      <\/div>\n    <\/div>\n    <div class=\"mt-5 row\">\n      <div class=\"col-lg-10 col-md-11 me-auto ms-auto\">\n        <div class=\"image-wrapper__fit\">\n          <picture>\n                          <img loading=\"lazy\" decoding=\"async\" width=\"2500\" height=\"1880\" src=\"https:\/\/www.rogaska.si\/hr\/wp-content\/uploads\/sites\/5\/2023\/08\/vodna-postelja-roi-01.jpg\" class=\"wp-image-913 image__fit\" alt=\"\" srcset=\"https:\/\/www.rogaska.si\/hr\/wp-content\/uploads\/sites\/5\/2023\/08\/vodna-postelja-roi-01.jpg 2500w, https:\/\/www.rogaska.si\/hr\/wp-content\/uploads\/sites\/5\/2023\/08\/vodna-postelja-roi-01-300x226.jpg 300w, https:\/\/www.rogaska.si\/hr\/wp-content\/uploads\/sites\/5\/2023\/08\/vodna-postelja-roi-01-1024x770.jpg 1024w, https:\/\/www.rogaska.si\/hr\/wp-content\/uploads\/sites\/5\/2023\/08\/vodna-postelja-roi-01-768x578.jpg 768w, https:\/\/www.rogaska.si\/hr\/wp-content\/uploads\/sites\/5\/2023\/08\/vodna-postelja-roi-01-480x361.jpg 480w, https:\/\/www.rogaska.si\/hr\/wp-content\/uploads\/sites\/5\/2023\/08\/vodna-postelja-roi-01-640x481.jpg 640w, https:\/\/www.rogaska.si\/hr\/wp-content\/uploads\/sites\/5\/2023\/08\/vodna-postelja-roi-01-720x541.jpg 720w, https:\/\/www.rogaska.si\/hr\/wp-content\/uploads\/sites\/5\/2023\/08\/vodna-postelja-roi-01-960x722.jpg 960w, https:\/\/www.rogaska.si\/hr\/wp-content\/uploads\/sites\/5\/2023\/08\/vodna-postelja-roi-01-1168x878.jpg 1168w, https:\/\/www.rogaska.si\/hr\/wp-content\/uploads\/sites\/5\/2023\/08\/vodna-postelja-roi-01-1440x1083.jpg 1440w, https:\/\/www.rogaska.si\/hr\/wp-content\/uploads\/sites\/5\/2023\/08\/vodna-postelja-roi-01-1920x1444.jpg 1920w, https:\/\/www.rogaska.si\/hr\/wp-content\/uploads\/sites\/5\/2023\/08\/vodna-postelja-roi-01-1536x1155.jpg 1536w, https:\/\/www.rogaska.si\/hr\/wp-content\/uploads\/sites\/5\/2023\/08\/vodna-postelja-roi-01-2048x1540.jpg 2048w\" sizes=\"auto, (max-width: 2500px) 100vw, 2500px\" \/>\n                                  <\/picture>\n        <\/div>\n      <\/div>\n    <\/div>\n  <\/div>\n<\/section>\n\n\n<section class=\"wp-block-hotel-sava-col-md-8 py-5\"> <div class=\"container\"> <div class=\"row\"> <div class=\"col-md-8 me-auto ms-auto\">\n<h3 class=\"wp-block-hotel-sava-heading-3\">ROI Aemotion i Dream Spa<\/h3>\n\n\n\n<p>Opu\u0161tanje na vodenom krevetu u kombinaciji sa saunom i kromoterapijom.<\/p>\n\n\n\n<h4 class=\"wp-block-hotel-sava-heading-4\">ROI Aemotion<\/h4>\n\n\n\n<div class=\"wp-block-hotel-sava-treatments treatments__wrapper\"> <div class=\"treatments__grid\"> <div> <p class=\"fs-5 mb-2 mt-2 text-muted\">ROI celulit<\/p>  <\/div> <div>\n<div class=\"wp-block-hotel-sava-treatment-value treatments-value__wrapper\"> <div class=\"text-end treatments-value\"> <p class=\"fs-5 mb-0 mt-sm-2 text-sm-end text-start treatments-time__area\">90 min<\/p> <p class=\"fs-5 mb-0 mt-sm-2  text-end text-muted treatments-price__area\">110 \u20ac<\/p> <\/div> <\/div>\n<\/div> <\/div> <\/div>\n\n\n\n<div class=\"wp-block-hotel-sava-treatments treatments__wrapper\"> <div class=\"treatments__grid\"> <div> <p class=\"fs-5 mb-2 mt-2 text-muted\">ROI tonus\/anti-age<\/p>  <\/div> <div>\n<div class=\"wp-block-hotel-sava-treatment-value treatments-value__wrapper\"> <div class=\"text-end treatments-value\"> <p class=\"fs-5 mb-0 mt-sm-2 text-sm-end text-start treatments-time__area\">60 min<\/p> <p class=\"fs-5 mb-0 mt-sm-2  text-end text-muted treatments-price__area\">90 \u20ac<\/p> <\/div> <\/div>\n<\/div> <\/div> <\/div>\n\n\n\n<div class=\"wp-block-hotel-sava-treatments treatments__wrapper\"> <div class=\"treatments__grid\"> <div> <p class=\"fs-5 mb-2 mt-2 text-muted\">ROI detox<\/p>  <\/div> <div>\n<div class=\"wp-block-hotel-sava-treatment-value treatments-value__wrapper\"> <div class=\"text-end treatments-value\"> <p class=\"fs-5 mb-0 mt-sm-2 text-sm-end text-start treatments-time__area\">60 min<\/p> <p class=\"fs-5 mb-0 mt-sm-2  text-end text-muted treatments-price__area\">90 \u20ac<\/p> <\/div> <\/div>\n<\/div> <\/div> <\/div>\n\n\n\n<h4 class=\"wp-block-hotel-sava-heading-4  mt-3\">ROI Dream spa<\/h4>\n\n\n\n<div class=\"wp-block-hotel-sava-treatments treatments__wrapper\"> <div class=\"treatments__grid\"> <div> <p class=\"fs-5 mb-2 mt-2 text-muted\">ROI ritual<\/p> <p class=\"mb-2\">Ritual koji udru\u017euje odabrane protokole za njegu lica i tijela pomo\u0107u razli\u010ditih masa\u017enih tehnika za opu\u0161tanje tijela, uma i duha.<\/p> <\/div> <div>\n<div class=\"wp-block-hotel-sava-treatment-value treatments-value__wrapper\"> <div class=\"text-end treatments-value\"> <p class=\"fs-5 mb-0 mt-sm-2 text-sm-end text-start treatments-time__area\">100 min<\/p> <p class=\"fs-5 mb-0 mt-sm-2  text-end text-muted treatments-price__area\">135 \u20ac<\/p> <\/div> <\/div>\n<\/div> <\/div> <\/div>\n<\/div> <\/div> <\/div> <\/section>\n\n\n\n<section class=\"wp-block-hotel-sava-col-md-8 py-5\"> <div class=\"container\"> <div class=\"row\"> <div class=\"col-md-8 me-auto ms-auto\">\n<h3 class=\"wp-block-hotel-sava-heading-3\">Preoblikovanje tijela<\/h3>\n\n\n\n<h4 class=\"wp-block-hotel-sava-heading-4\">Technispa<\/h4>\n\n\n\n<p>Preoblikovanje tijela, anticelulitni postupci, u\u010dvr\u0161\u0107ivanje i napetost ko\u017ee<br>(vakuum + dubinska toplina + dvostruka ionizacija)<\/p>\n\n\n\n<div class=\"wp-block-hotel-sava-treatments treatments__wrapper\"> <div class=\"treatments__grid\"> <div> <p class=\"fs-5 mb-2 mt-2 text-muted\">CIJELO TIJELO<\/p>  <\/div> <div>\n<div class=\"wp-block-hotel-sava-treatment-value treatments-value__wrapper\"> <div class=\"text-end treatments-value\"> <p class=\"fs-5 mb-0 mt-sm-2 text-sm-end text-start treatments-time__area\">60 min<\/p> <p class=\"fs-5 mb-0 mt-sm-2  text-end text-muted treatments-price__area\">110 \u20ac<\/p> <\/div> <\/div>\n<\/div> <\/div> <\/div>\n\n\n\n<div class=\"wp-block-hotel-sava-treatments treatments__wrapper\"> <div class=\"treatments__grid\"> <div> <p class=\"fs-5 mb-2 mt-2 text-muted\">THERMO RELAX TRETMAN ZA U\u010cVR\u0160\u0106IVANJE<\/p>  <\/div> <div>\n<div class=\"wp-block-hotel-sava-treatment-value treatments-value__wrapper\"> <div class=\"text-end treatments-value\"> <p class=\"fs-5 mb-0 mt-sm-2 text-sm-end text-start treatments-time__area\">45 min<\/p> <p class=\"fs-5 mb-0 mt-sm-2  text-end text-muted treatments-price__area\">90 \u20ac<\/p> <\/div> <\/div>\n<\/div> <\/div> <\/div>\n\n\n\n<div class=\"wp-block-hotel-sava-treatments treatments__wrapper\"> <div class=\"treatments__grid\"> <div> <p class=\"fs-5 mb-2 mt-2 text-muted\">ANTI-CELULITNI TRETMAN ZA MR\u0160AVLJENJE<\/p>  <\/div> <div>\n<div class=\"wp-block-hotel-sava-treatment-value treatments-value__wrapper\"> <div class=\"text-end treatments-value\"> <p class=\"fs-5 mb-0 mt-sm-2 text-sm-end text-start treatments-time__area\">45 min<\/p> <p class=\"fs-5 mb-0 mt-sm-2  text-end text-muted treatments-price__area\">90 \u20ac<\/p> <\/div> <\/div>\n<\/div> <\/div> <\/div>\n\n\n\n<div class=\"wp-block-hotel-sava-treatments treatments__wrapper\"> <div class=\"treatments__grid\"> <div> <p class=\"fs-5 mb-2 mt-2 text-muted\">TRETMAN ZA LAGANE NOGE<\/p>  <\/div> <div>\n<div class=\"wp-block-hotel-sava-treatment-value treatments-value__wrapper\"> <div class=\"text-end treatments-value\"> <p class=\"fs-5 mb-0 mt-sm-2 text-sm-end text-start treatments-time__area\">30 min<\/p> <p class=\"fs-5 mb-0 mt-sm-2  text-end text-muted treatments-price__area\">65 \u20ac<\/p> <\/div> <\/div>\n<\/div> <\/div> <\/div>\n\n\n\n<div class=\"wp-block-hotel-sava-treatments treatments__wrapper\"> <div class=\"treatments__grid\"> <div> <p class=\"fs-5 mb-2 mt-2 text-muted\">DJELOMI\u010cNI TRETMAN &#8211; le\u0111a, trbuh<\/p>  <\/div> <div>\n<div class=\"wp-block-hotel-sava-treatment-value treatments-value__wrapper\"> <div class=\"text-end treatments-value\"> <p class=\"fs-5 mb-0 mt-sm-2 text-sm-end text-start treatments-time__area\">30 min<\/p> <p class=\"fs-5 mb-0 mt-sm-2  text-end text-muted treatments-price__area\">65 \u20ac<\/p> <\/div> <\/div>\n<\/div> <\/div> <\/div>\n\n\n\n<h4 class=\"wp-block-hotel-sava-heading-4  mt-3\">Fusiomed<\/h4>\n\n\n\n<p>Nekirur\u0161ka ultrazvu\u010dna liposukcija<\/p>\n\n\n\n<div class=\"wp-block-hotel-sava-treatments treatments__wrapper\"> <div class=\"treatments__grid\"> <div> <p class=\"fs-5 mb-2 mt-2 text-muted\">Kavitacija<\/p>  <\/div> <div>\n<div class=\"wp-block-hotel-sava-treatment-value treatments-value__wrapper\"> <div class=\"text-end treatments-value\"> <p class=\"fs-5 mb-0 mt-sm-2 text-sm-end text-start treatments-time__area\">60 min<\/p> <p class=\"fs-5 mb-0 mt-sm-2  text-end text-muted treatments-price__area\">150 \u20ac<\/p> <\/div> <\/div>\n<\/div> <\/div> <\/div>\n\n\n\n<div class=\"wp-block-hotel-sava-treatments treatments__wrapper\"> <div class=\"treatments__grid\"> <div> <p class=\"fs-5 mb-2 mt-2 text-muted\">CRYO \u2013 ZAMRZAVANJE<\/p>  <\/div> <div>\n<div class=\"wp-block-hotel-sava-treatment-value treatments-value__wrapper\"> <div class=\"text-end treatments-value\"> <p class=\"fs-5 mb-0 mt-sm-2 text-sm-end text-start treatments-time__area\">60 min<\/p> <p class=\"fs-5 mb-0 mt-sm-2  text-end text-muted treatments-price__area\">150 \u20ac<\/p> <\/div> <\/div>\n<\/div> <\/div> <\/div>\n\n\n\n<h4 class=\"wp-block-hotel-sava-heading-4  mt-3\">Ultratone Futura\u00ae Pro<\/h4>\n\n\n\n<p>Stimulacija mi\u0161i\u0107a, oblikovanje tijela<\/p>\n\n\n\n<p>Jedinstveno rje\u0161enje za oblikovanje tijela i pomla\u0111ivanje lica.<\/p>\n\n\n\n<p>Terapije se koriste za:<\/p>\n\n\n\n<ul class=\"wp-block-list\">\n<li>Gubitak opsega i mr\u0161avljenje.<\/li>\n\n\n\n<li>Oblikovanje i podizanje stra\u017enjice.<\/li>\n\n\n\n<li>Smanjenje i gubitak celulita.<\/li>\n\n\n\n<li>Oblikovanje i podizanje prsiju.<\/li>\n\n\n\n<li>Pomla\u0111ivanje i pobolj\u0161anje tonusa ko\u017ee.<\/li>\n\n\n\n<li>Detoksifikaciju.<\/li>\n<\/ul>\n\n\n\n<div class=\"wp-block-hotel-sava-treatments treatments__wrapper\"> <div class=\"treatments__grid\"> <div> <p class=\"fs-5 mb-2 mt-2 text-muted\">BIOSTIMULACIJSKI TRETMAN Ultratone Futura\u00ae PRO<\/p>  <\/div> <div>\n<div class=\"wp-block-hotel-sava-treatment-value treatments-value__wrapper\"> <div class=\"text-end treatments-value\"> <p class=\"fs-5 mb-0 mt-sm-2 text-sm-end text-start treatments-time__area\">30min<\/p> <p class=\"fs-5 mb-0 mt-sm-2  text-end text-muted treatments-price__area\">60 \u20ac<\/p> <\/div> <\/div>\n<\/div> <\/div> <\/div>\n\n\n\n<h4 class=\"wp-block-hotel-sava-heading-4  mt-3\">LIJE\u010cENJE ULTRAZVUKOM I KAVITACIJOM<\/h4>\n\n\n\n<p>Podru\u010dja s prekomjernom masno\u0107om ili celulitom mo\u017eete u\u010dinkovito preoblikovati. Kombinacija ultrazvuka i kavitacije predstavlja naju\u010dinkovitiji prirodni postupak liposukcije. Zalihe masno\u0107e najprije se smanjuju, a zatim kroz limfni sistem potpuno nestanu (zahvaljuju\u0107i ultrazvuku).<\/p>\n\n\n\n<p>(preporu\u010dujemo 3x na tjedan)<\/p>\n\n\n\n<div class=\"wp-block-hotel-sava-treatments treatments__wrapper\"> <div class=\"treatments__grid\"> <div> <p class=\"fs-5 mb-2 mt-2 text-muted\">ULTRAZVU\u010cNA KAVITACIJA<\/p> <p class=\"mb-2\">Prirodni postupak liposukcije<\/p> <\/div> <div>\n<div class=\"wp-block-hotel-sava-treatment-value treatments-value__wrapper\"> <div class=\"text-end treatments-value\"> <p class=\"fs-5 mb-0 mt-sm-2 text-sm-end text-start treatments-time__area\">10 min<\/p> <p class=\"fs-5 mb-0 mt-sm-2  text-end text-muted treatments-price__area\">45 \u20ac<\/p> <\/div> <\/div>\n<\/div> <\/div> <\/div>\n\n\n\n<div class=\"wp-block-hotel-sava-treatments treatments__wrapper\"> <div class=\"treatments__grid\"> <div> <p class=\"fs-5 mb-2 mt-2 text-muted\">ULTRAZVU\u010cNA KAVITACIJA TIJELA S BIOSTIMULACIJOM<\/p>  <\/div> <div>\n<div class=\"wp-block-hotel-sava-treatment-value treatments-value__wrapper\"> <div class=\"text-end treatments-value\"> <p class=\"fs-5 mb-0 mt-sm-2 text-sm-end text-start treatments-time__area\">50 min<\/p> <p class=\"fs-5 mb-0 mt-sm-2  text-end text-muted treatments-price__area\">95 \u20ac<\/p> <\/div> <\/div>\n<\/div> <\/div> <\/div>\n\n\n\n<h4 class=\"wp-block-hotel-sava-heading-4  mt-3\">Cluederm<\/h4>\n\n\n\n<p>VACUUM \/ RF \/ LED SVJETLO<br>PAMETAN SISTEM ZA PREOBLIKOVANJE TIJELA<\/p>\n\n\n\n<ul class=\"wp-block-list\">\n<li>Preoblikovanje tijela.<\/li>\n\n\n\n<li>Smanjenje celulita.<\/li>\n\n\n\n<li>U\u010dvr\u0161\u0107ivanje.<\/li>\n<\/ul>\n\n\n\n<p>Refit, najnovija radiofrekvencija, predstavlja sinergiju multipolarne RF, vakuumske sukcije i LED-tehnologije kako bi se kompetentno postigla kontrakcija i proizvod- nja kolagena, u\u010dinak liftinga i u\u010dvr\u0161\u0107ivanja te smanjenje celulita.<\/p>\n\n\n\n<p>Postupci se obavljaju individualno, prema \u017eelji klijenta i potrebama terapije.<\/p>\n\n\n\n<div class=\"wp-block-hotel-sava-treatments treatments__wrapper\"> <div class=\"treatments__grid\"> <div> <p class=\"fs-5 mb-2 mt-2 text-muted\">Ruke ili trbuh<\/p>  <\/div> <div>\n<div class=\"wp-block-hotel-sava-treatment-value treatments-value__wrapper\"> <div class=\"text-end treatments-value\"> <p class=\"fs-5 mb-0 mt-sm-2 text-sm-end text-start treatments-time__area\">20 min<\/p> <p class=\"fs-5 mb-0 mt-sm-2  text-end text-muted treatments-price__area\">75 \u20ac<\/p> <\/div> <\/div>\n<\/div> <\/div> <\/div>\n\n\n\n<div class=\"wp-block-hotel-sava-treatments treatments__wrapper\"> <div class=\"treatments__grid\"> <div> <p class=\"fs-5 mb-2 mt-2 text-muted\">Le\u0111a ili noge<\/p>  <\/div> <div>\n<div class=\"wp-block-hotel-sava-treatment-value treatments-value__wrapper\"> <div class=\"text-end treatments-value\"> <p class=\"fs-5 mb-0 mt-sm-2 text-sm-end text-start treatments-time__area\">30 min<\/p> <p class=\"fs-5 mb-0 mt-sm-2  text-end text-muted treatments-price__area\">80 \u20ac<\/p> <\/div> <\/div>\n<\/div> <\/div> <\/div>\n<\/div> <\/div> <\/div> <\/section>\n","protected":false},"excerpt":{"rendered":"","protected":false},"author":1,"featured_media":0,"parent":510,"menu_order":0,"comment_status":"closed","ping_status":"closed","template":"","meta":{"_acf_changed":false,"footnotes":""},"class_list":["post-1407","page","type-page","status-publish","hentry"],"acf":[],"publishpress_future_workflow_manual_trigger":{"enabledWorkflows":[]},"_links":{"self":[{"href":"https:\/\/www.rogaska.si\/hr\/wp-json\/wp\/v2\/pages\/1407","targetHints":{"allow":["GET"]}}],"collection":[{"href":"https:\/\/www.rogaska.si\/hr\/wp-json\/wp\/v2\/pages"}],"about":[{"href":"https:\/\/www.rogaska.si\/hr\/wp-json\/wp\/v2\/types\/page"}],"author":[{"embeddable":true,"href":"https:\/\/www.rogaska.si\/hr\/wp-json\/wp\/v2\/users\/1"}],"replies":[{"embeddable":true,"href":"https:\/\/www.rogaska.si\/hr\/wp-json\/wp\/v2\/comments?post=1407"}],"version-history":[{"count":3,"href":"https:\/\/www.rogaska.si\/hr\/wp-json\/wp\/v2\/pages\/1407\/revisions"}],"predecessor-version":[{"id":2856,"href":"https:\/\/www.rogaska.si\/hr\/wp-json\/wp\/v2\/pages\/1407\/revisions\/2856"}],"up":[{"embeddable":true,"href":"https:\/\/www.rogaska.si\/hr\/wp-json\/wp\/v2\/pages\/510"}],"wp:attachment":[{"href":"https:\/\/www.rogaska.si\/hr\/wp-json\/wp\/v2\/media?parent=1407"}],"curies":[{"name":"wp","href":"https:\/\/api.w.org\/{rel}","templated":true}]}}