{"id":1336,"date":"2023-10-12T23:53:42","date_gmt":"2023-10-12T21:53:42","guid":{"rendered":"https:\/\/www.rogaska.si\/hr\/?page_id=1336"},"modified":"2023-12-10T16:00:45","modified_gmt":"2023-12-10T15:00:45","slug":"pravna-napomena","status":"publish","type":"page","link":"https:\/\/www.rogaska.si\/hr\/pravna-napomena\/","title":{"rendered":"Pravna napomena"},"content":{"rendered":"<section class=\"py-5 wp-block-hotel-sava-support-page\">\n  <div class=\"container\">\n    <div class=\"d-md-block d-none mt-5 pt-5 row\">\n      <div>\n                                                                                                                                                                              <nav aria-label=\"breadcrumb\">\n              <ol class=\"breadcrumb\">\n                                <li class=\"breadcrumb-item\"><a href=\"https:\/\/www.rogaska.si\/hr\">Po\u010detna stranica<\/a>\n                <\/li>\n                                                <li class=\"breadcrumb-item active\" aria-current=\"page\">\n                  Home                <\/li>\n              <\/ol>\n            <\/nav>\n                                                          <\/div>\n    <\/div>\n    <div class=\"row\">\n      <div>\n        <h1 class=\"display-4 text-center\">Pravna napomena<\/h1>\n      <\/div>\n    <\/div>\n    <div class=\"mt-5 row\">\n        <div class=\"col-lg-10 col-md-11 me-auto ms-auto\" >\n        \n\n<p>Sva su prava na svim web stranicama www.rogaska.si pridr\u017eana. Sve informacije i materijali, pisani i slikovni, na web stranicama www.rogaska.siu zakonski dopu\u0161tenom okviru podlije\u017eu za\u0161titi autorskih prava ili drugim oblicima za\u0161tite intelektualnog vlasni\u0161tva Hotela Sava Roga\u0161ka d.o.o., Zdravili\u0161ki trg 6, 3250 Roga\u0161ka Slatina (u daljnjem tekstu: Hotel Sava Roga\u0161ka d.o.o.) i s njime povezanih partnera, \u010diji su sadr\u017eaji uklju\u010deni u sadr\u017eaj web stranice www.rogaska.si.<\/p>\n\n\n\n<p>Korisnik mo\u017ee koristiti sadr\u017eaje na web-lokaciji www.rogaska.si isklju\u010divo za svoju osobnu, to jest nekomercijalnu uporabu. Bilo koji drugi oblik kori\u0161tenja sadr\u017eaja web stranice www.rogaska.si u komercijalne svrhe nije dopu\u0161ten. Informacije i materijali objavljeni na ovim web stranicama ne smiju se kopirati, reproducirati ili na drugi na\u010din distribuirati u komercijalne svrhe bez izri\u010ditog pismenog dopu\u0161tenja Hotela Sava Roga\u0161ka d.o.o.<\/p>\n\n\n\n<p>Hotel Sava Roga\u0161ka d.o.o. mo\u017ee u bilo koje vrijeme Pravnu napomenu izmijeniti i ona je za korisnike obvezuju\u0107a u svakom izmijenjenom obliku.<\/p>\n\n\n\n<h3 class=\"wp-block-heading\">Privatnost i za\u0161tita osobnih podataka<\/h3>\n\n\n\n<p>Hotel Sava Roga\u0161ka d.o.o.&nbsp; po\u0161tuje i \u0161titi va\u0161u privatnost. Prilikom pregledavanja web stranice www.rogaska.si, ostajete anonimni. Ne prikupljamo osobne podatke, kao ni IP adrese posjetitelja internetskih stranica. Za potrebe statistike, Hotel Sava Roga\u0161ka d.o.o. zadr\u017eava pravo pridobivanja samo onih podataka posjetitelja web stranice, iz kojih ne proizlaze pojedina\u010dna obilje\u017eja pojedinca.<br>U okviru odre\u0111enih odjeljaka na\u0161e web stranice, povjerit \u0107ete nam svoje osobne podatke u svrhu korespondencije, primanja kratkih poruka ili sudjelovanja u online nagradnim igrama i sl. Hotel Sava Roga\u0161ka d.o.o. obvezuje se i jam\u010di za\u0161tititi osobne podatke kao povjerljive, u skladu s odredbama va\u017ee\u0107eg zakonodavstva. Podatke koje ste nam proslijedili ne\u0107emo otkrivati tre\u0107im stranama ili neovla\u0161tenim osobama te \u0107emo ih koristiti isklju\u010divo u svrhu, u koju su nam bili proslije\u0111eni.<br>U svrhu nesmetanog funkcioniranja, internetska stranica sadr\u017ei kola\u010di\u0107e (Cookies).<\/p>\n\n\n\n<p>Privatnost i sigurnost osobnih podataka ovla\u0161tenih izvo\u0111a\u010da Hotela Sava Roga\u0161ka d.o.o.<br>Darmade d.o.o. tvrtka je zadu\u017eena za odr\u017eavanje web stranice www.rogaska.si te sukladno ugovoru s Hotelom Sava Roga\u0161ka d.o.o. i za Hotel Sava Roga\u0161ka d.o.o. &nbsp;obavlja poslove odr\u017eavanja i nadogradnje internetske stranice. Darmade i bilo koje druge vanjske tvrtke, koje Hotelu Sava Roga\u0161ka d.o.o. pru\u017eaju odre\u0111ene aktivnosti u okviru web stranice,&nbsp; obvezuju se osobne podatke obra\u0111ivati isklju\u010divo u okviru ovla\u0161tenja Hotela Sava Roga\u0161ka d.o.o. te ih ne obra\u0111uju i ne smiju obra\u0111ivati u bilo koju drugu svrhu.<\/p>\n\n\n\n<h3 class=\"wp-block-heading\">Upozorenje o neovla\u0161tenoj ili neispravnoj uporabi<\/h3>\n\n\n\n<p>Iz sigurnosnih razloga, kao i u svrhu osiguranja nesmetanog kori\u0161tenja od strane svih korisnika, Hotel Sava Roga\u0161ka d.o.o. koristi programe pra\u0107enja prometa i identifikacije neovla\u0161tenih poku\u0161aja u\u010ditavanja ili izmjene informacija ili bilo kojeg drugog na\u010dina nano\u0161enja \u0161tete. U slu\u010daju ovla\u0161tenih pravnih istraga i u skladu s potrebnim zakonskim postupcima, informacije iz ovih izvora mogu se koristiti za identifikaciju pojedinaca.<\/p>\n\n\n\n<h3 class=\"wp-block-heading\">Isklju\u010denje iz odgovornosti<\/h3>\n\n\n\n<p>Sve informacije i materijali na web-lokaciji www.rogaska.si informativne su naravi. Hotel Sava Roga\u0161ka d.o.o. nastoji osigurati to\u010dnost, a\u017eurnost i cjelovitost objavljenih podataka, ali ne preuzima nikakvu pravnu odgovornost za njihovu to\u010dnost i cjelovitost, \u0161to se odnosi na to\u010dnost, cjelovitost ili primjenjivost bilo koje informacije, proizvoda ili opisanog postupka.<\/p>\n\n\n\n<p>Hotel Sava Roga\u0161ka d.o.o. ne mo\u017ee biti odgovoran za \u0161tete (uklju\u010duju\u0107i one uzrokovane virusima) na ra\u010dunalnoj opremi, mobilnim telefonima ili bilo kojoj drugoj aplikaciji s koje je mogu\u0107e pristupiti web stranici www.rogaska.siuslijed pristupa korisnika web stranici ili bilo kakvog oblika njezine uporabe. Hotel Sava Roga\u0161ka d.o.o. nije odgovoran za bilo kakvu \u0161tetu koja bi mogla nastati zbog kori\u0161tenja ili nemogu\u0107nosti kori\u0161tenja internetske stranice www.rogaska.si.<\/p>\n\n\n\n<p>Hotel Sava Roga\u0161ka d.o.o. zadr\u017eava pravo izmjene sadr\u017eaja internetske stranice www.rogaska.sibez prethodne najave, u bilo koje vrijeme, na bilo koji na\u010din i bez obzira na razlog te ne preuzima nikakvu odgovornost za bilo kakve posljedice takvih izmjena.<\/p>\n\n\n\n<h3 class=\"wp-block-heading\">Vanjski linkovi<\/h3>\n\n\n\n<p>Iz prakti\u010dnih razloga, neke web stranice ili podstranice www.rogaska.si, u svrhu pru\u017eanja sveobuhvatnih turisti\u010dkih informacija, mogu sadr\u017eavati linkove na razli\u010dite vanjske stranice, kao \u0161to su, na primjer, druga web-mjesta, pojedina\u010dne stranice ili drugi izvori. Ne odgovaramo za dostupnost, sadr\u017eaj ili pogre\u0161ke vanjskih linkova, a korisnici web stranice www.rogaska.si ne mogu pretpostaviti da internetske stranice vanjskih linkova po\u0161tuju ista na\u010dela u pogledu po\u0161tivanja privatnosti i za\u0161tite osobnih podataka, kojih se pridr\u017eava Hotel Sava Roga\u0161ka d.o.o. Prilikom posjete i kori\u0161tenja povezanih web-lokacija, odgovornost Hotela Sava Roga\u0161ka d.o.o. za sve je slu\u010dajeve isklju\u010dena.<\/p>\n\n\n\n<h3 class=\"wp-block-heading\">Neo\u010dekivani oglasi<\/h3>\n\n\n\n<p>Prilikom posjeta na\u0161im web stranicama, va\u0161 internetski preglednik mo\u017ee proizvesti neo\u010dekivane oglase. Ove oglase najvjerojatnije reproduciraju druge internetske stranice ili drugi softver instaliran na va\u0161em ra\u010dunalu. Hotel Sava Roga\u0161ka d.o.o. ne odobrava i ne preporu\u010duje proizvode ili usluge koji se tijekom posjeta na\u0161im web stranicama prikazuju na va\u0161em ra\u010dunalu putem neo\u010dekivanih oglasa.<\/p>\n\n\n\n<h3 class=\"wp-block-heading\">Autorska prava \/ Copyright<\/h3>\n\n\n\n<p>Ove web stranice sadr\u017ee materijale za\u0161ti\u0107ene autorskim pravima \/ Copyright. Za ove materijale autori-suradnici ili drugi nositelji autorskih prava \/ Copyright, zadr\u017eavaju prava na reprodukciju ili redistribuciju. Od svake osobe koja reproducira ili redistribuira ove informacije o\u010dekuje se da po\u0161tuje uvjete i obveze koje zahtijevaju autori, odnosno nositelji autorskih prava \/ Copyright. Me\u0111utim, ovako za\u0161ti\u0107eni materijali mogu se, unato\u010d tome, citirati i koristiti u dobroj vjeri, u skladu s propisima o autorskim pravima \/ Copyright, koji op\u0107enito dopu\u0161taju uporabu u nekomercijalne obrazovne svrhe, kao \u0161to su, na primjer, u\u010denje, istra\u017eivanje, kritike, vijesti i izvje\u0161\u0107ivanje.<\/p>\n\n      <\/div>\n    <\/div>\n  <\/div>\n<\/section>","protected":false},"excerpt":{"rendered":"","protected":false},"author":1,"featured_media":0,"parent":0,"menu_order":0,"comment_status":"closed","ping_status":"closed","template":"","meta":{"_acf_changed":false,"footnotes":""},"class_list":["post-1336","page","type-page","status-publish","hentry"],"acf":[],"publishpress_future_workflow_manual_trigger":{"enabledWorkflows":[]},"_links":{"self":[{"href":"https:\/\/www.rogaska.si\/hr\/wp-json\/wp\/v2\/pages\/1336","targetHints":{"allow":["GET"]}}],"collection":[{"href":"https:\/\/www.rogaska.si\/hr\/wp-json\/wp\/v2\/pages"}],"about":[{"href":"https:\/\/www.rogaska.si\/hr\/wp-json\/wp\/v2\/types\/page"}],"author":[{"embeddable":true,"href":"https:\/\/www.rogaska.si\/hr\/wp-json\/wp\/v2\/users\/1"}],"replies":[{"embeddable":true,"href":"https:\/\/www.rogaska.si\/hr\/wp-json\/wp\/v2\/comments?post=1336"}],"version-history":[{"count":3,"href":"https:\/\/www.rogaska.si\/hr\/wp-json\/wp\/v2\/pages\/1336\/revisions"}],"predecessor-version":[{"id":1725,"href":"https:\/\/www.rogaska.si\/hr\/wp-json\/wp\/v2\/pages\/1336\/revisions\/1725"}],"wp:attachment":[{"href":"https:\/\/www.rogaska.si\/hr\/wp-json\/wp\/v2\/media?parent=1336"}],"curies":[{"name":"wp","href":"https:\/\/api.w.org\/{rel}","templated":true}]}}