{"id":531,"date":"2023-07-17T22:34:59","date_gmt":"2023-07-17T20:34:59","guid":{"rendered":"https:\/\/www.rogaska.si\/en\/?page_id=531"},"modified":"2023-12-05T00:22:01","modified_gmt":"2023-12-04T23:22:01","slug":"about-us","status":"publish","type":"page","link":"https:\/\/www.rogaska.si\/en\/about-us\/","title":{"rendered":"About us"},"content":{"rendered":"<section class=\"py-5 wp-block-hotel-sava-hero-secondary\">\n  <div class=\"container\">\n    <div class=\"d-md-block d-none mt-5 pt-5 row\">\n      <div>\n                                                                        <nav aria-label=\"breadcrumb\">\n              <ol class=\"breadcrumb\">\n                                <li class=\"breadcrumb-item\"><a href=\"https:\/\/www.rogaska.si\/en\">Homepage<\/a>\n                <\/li>\n                                                <li class=\"breadcrumb-item active\" aria-current=\"page\">\n                  Home                <\/li>\n              <\/ol>\n            <\/nav>\n                                                                                                                                                                <\/div>\n    <\/div>\n    <div class=\"row\">\n      <div>\n        <h1 class=\"display-4 text-center\">About us<\/h1>\n      <\/div>\n    <\/div>\n    <div class=\"mt-5 row\">\n      <div class=\"col-lg-10 col-md-11 me-auto ms-auto\">\n        <div class=\"image-wrapper__fit\">\n          <picture>\n                          <img loading=\"lazy\" decoding=\"async\" width=\"2500\" height=\"798\" src=\"https:\/\/www.rogaska.si\/en\/wp-content\/uploads\/sites\/2\/2023\/09\/grand-hotel-sava-by-night.jpg\" class=\"wp-image-1156 image__fit\" alt=\"\" srcset=\"https:\/\/www.rogaska.si\/en\/wp-content\/uploads\/sites\/2\/2023\/09\/grand-hotel-sava-by-night.jpg 2500w, https:\/\/www.rogaska.si\/en\/wp-content\/uploads\/sites\/2\/2023\/09\/grand-hotel-sava-by-night-300x96.jpg 300w, https:\/\/www.rogaska.si\/en\/wp-content\/uploads\/sites\/2\/2023\/09\/grand-hotel-sava-by-night-1024x327.jpg 1024w, https:\/\/www.rogaska.si\/en\/wp-content\/uploads\/sites\/2\/2023\/09\/grand-hotel-sava-by-night-768x245.jpg 768w, https:\/\/www.rogaska.si\/en\/wp-content\/uploads\/sites\/2\/2023\/09\/grand-hotel-sava-by-night-480x153.jpg 480w, https:\/\/www.rogaska.si\/en\/wp-content\/uploads\/sites\/2\/2023\/09\/grand-hotel-sava-by-night-640x204.jpg 640w, https:\/\/www.rogaska.si\/en\/wp-content\/uploads\/sites\/2\/2023\/09\/grand-hotel-sava-by-night-720x230.jpg 720w, https:\/\/www.rogaska.si\/en\/wp-content\/uploads\/sites\/2\/2023\/09\/grand-hotel-sava-by-night-960x306.jpg 960w, https:\/\/www.rogaska.si\/en\/wp-content\/uploads\/sites\/2\/2023\/09\/grand-hotel-sava-by-night-1168x373.jpg 1168w, https:\/\/www.rogaska.si\/en\/wp-content\/uploads\/sites\/2\/2023\/09\/grand-hotel-sava-by-night-1440x460.jpg 1440w, https:\/\/www.rogaska.si\/en\/wp-content\/uploads\/sites\/2\/2023\/09\/grand-hotel-sava-by-night-1920x613.jpg 1920w, https:\/\/www.rogaska.si\/en\/wp-content\/uploads\/sites\/2\/2023\/09\/grand-hotel-sava-by-night-1536x490.jpg 1536w, https:\/\/www.rogaska.si\/en\/wp-content\/uploads\/sites\/2\/2023\/09\/grand-hotel-sava-by-night-2048x654.jpg 2048w\" sizes=\"auto, (max-width: 2500px) 100vw, 2500px\" \/>\n                                  <\/picture>\n        <\/div>\n      <\/div>\n    <\/div>\n  <\/div>\n<\/section>\n\n\n<section class=\"wp-block-hotel-sava-col-md-8 py-5\"> <div class=\"container\"> <div class=\"row\"> <div class=\"col-md-8 me-auto ms-auto\">\n<p class=\"wp-block-hotel-sava-lead lead fs-3\">The Sava Roga\u0161ka Hotel is a family business based on values, such as tradition, innovation, individual attitude to guests, care for the health of guests and employees and sustainability. Our facilities include the Grand Hotel Sava, Zagreb Hotel, Roi Medico &amp; Spa Center and the Roga\u0161ka Congress Center. We are the leading provider of tourist services at the destination of Roga\u0161ka Slatina and we work closely with the local community in a broad sense, as well as develop modern sustainable approaches of the destination.<\/p>\n\n\n\n<p class=\"wp-block-hotel-sava-text-default\">We implement service activities related to health, beauty of the body, healthy lifestyle and higher quality of life. These activities are enriched with luxurious service and luxury health products, as well as products related to body beauty and healthy lifestyle.<\/p>\n\n\n\n<p class=\"wp-block-hotel-sava-text-default\">Guest\u2019s wishes are very important to us, furthermore, we are also addressing guests with new sustainable products and services. We focus on guests who know how to appreciate the uniqueness of the offer, comprehensive solutions to improve their health and, consequently, are willing to pay a reasonable price.<\/p>\n<\/div> <\/div> <\/div> <\/section>\n\n\n\n<section class=\"wp-block-hotel-sava-layout-offset-left py-5\"> <div class=\"container\"> <div class=\"row\"> <div class=\"col-md-4 offset-md-1\">  <picture> <img loading=\"lazy\" decoding=\"async\" width=\"1024\" height=\"682\" src=\"https:\/\/www.rogaska.si\/en\/wp-content\/uploads\/sites\/2\/2023\/09\/stanislav-psenicnik-02-1024x682.jpg\" class=\"img-fluid wp-image-1153\" srcset=\"https:\/\/www.rogaska.si\/en\/wp-content\/uploads\/sites\/2\/2023\/09\/stanislav-psenicnik-02-1024x682.jpg 1024w, https:\/\/www.rogaska.si\/en\/wp-content\/uploads\/sites\/2\/2023\/09\/stanislav-psenicnik-02-300x200.jpg 300w, https:\/\/www.rogaska.si\/en\/wp-content\/uploads\/sites\/2\/2023\/09\/stanislav-psenicnik-02-768x512.jpg 768w, https:\/\/www.rogaska.si\/en\/wp-content\/uploads\/sites\/2\/2023\/09\/stanislav-psenicnik-02-480x320.jpg 480w, https:\/\/www.rogaska.si\/en\/wp-content\/uploads\/sites\/2\/2023\/09\/stanislav-psenicnik-02-640x426.jpg 640w, https:\/\/www.rogaska.si\/en\/wp-content\/uploads\/sites\/2\/2023\/09\/stanislav-psenicnik-02-720x480.jpg 720w, https:\/\/www.rogaska.si\/en\/wp-content\/uploads\/sites\/2\/2023\/09\/stanislav-psenicnik-02-960x640.jpg 960w, https:\/\/www.rogaska.si\/en\/wp-content\/uploads\/sites\/2\/2023\/09\/stanislav-psenicnik-02-1168x778.jpg 1168w, https:\/\/www.rogaska.si\/en\/wp-content\/uploads\/sites\/2\/2023\/09\/stanislav-psenicnik-02-1440x960.jpg 1440w, https:\/\/www.rogaska.si\/en\/wp-content\/uploads\/sites\/2\/2023\/09\/stanislav-psenicnik-02-1920x1279.jpg 1920w, https:\/\/www.rogaska.si\/en\/wp-content\/uploads\/sites\/2\/2023\/09\/stanislav-psenicnik-02-1536x1024.jpg 1536w, https:\/\/www.rogaska.si\/en\/wp-content\/uploads\/sites\/2\/2023\/09\/stanislav-psenicnik-02-2048x1365.jpg 2048w\" sizes=\"auto, (max-width: 1024px) 100vw, 1024px\" \/> <\/picture> <\/div> <div class=\"col-md-5 mt-4 mt-md-0\">\n<h3 class=\"wp-block-hotel-sava-heading-3\">Vision of sustainable development<\/h3>\n\n\n\n<p class=\"has-medium-font-size\">The Sava Roga\u0161ka Hotel is a top-level service center for maintaining a healthy lifestyle.<\/p>\n\n\n\n<h3 class=\"wp-block-hotel-sava-heading-3\">Mission of sustainable development<\/h3>\n\n\n\n<p class=\"has-medium-font-size\">To maintain health and full life energy of people.<\/p>\n<\/div> <\/div> <\/div> <\/section>\n\n\n\n<section class=\"wp-block-hotel-sava-layout-offset-right py-5 bg-light\"> <div class=\"container\"> <div class=\"row\"> <div class=\"col-md-4\">  <picture> <img loading=\"lazy\" decoding=\"async\" width=\"1024\" height=\"682\" src=\"https:\/\/www.rogaska.si\/en\/wp-content\/uploads\/sites\/2\/2023\/09\/natasa-psenicnik-02-1024x682.jpg\" class=\"img-fluid wp-image-1154\" srcset=\"https:\/\/www.rogaska.si\/en\/wp-content\/uploads\/sites\/2\/2023\/09\/natasa-psenicnik-02-1024x682.jpg 1024w, https:\/\/www.rogaska.si\/en\/wp-content\/uploads\/sites\/2\/2023\/09\/natasa-psenicnik-02-300x200.jpg 300w, https:\/\/www.rogaska.si\/en\/wp-content\/uploads\/sites\/2\/2023\/09\/natasa-psenicnik-02-768x512.jpg 768w, https:\/\/www.rogaska.si\/en\/wp-content\/uploads\/sites\/2\/2023\/09\/natasa-psenicnik-02-480x320.jpg 480w, https:\/\/www.rogaska.si\/en\/wp-content\/uploads\/sites\/2\/2023\/09\/natasa-psenicnik-02-640x426.jpg 640w, https:\/\/www.rogaska.si\/en\/wp-content\/uploads\/sites\/2\/2023\/09\/natasa-psenicnik-02-720x480.jpg 720w, https:\/\/www.rogaska.si\/en\/wp-content\/uploads\/sites\/2\/2023\/09\/natasa-psenicnik-02-960x640.jpg 960w, https:\/\/www.rogaska.si\/en\/wp-content\/uploads\/sites\/2\/2023\/09\/natasa-psenicnik-02-1168x778.jpg 1168w, https:\/\/www.rogaska.si\/en\/wp-content\/uploads\/sites\/2\/2023\/09\/natasa-psenicnik-02-1440x960.jpg 1440w, https:\/\/www.rogaska.si\/en\/wp-content\/uploads\/sites\/2\/2023\/09\/natasa-psenicnik-02-1920x1279.jpg 1920w, https:\/\/www.rogaska.si\/en\/wp-content\/uploads\/sites\/2\/2023\/09\/natasa-psenicnik-02-1536x1024.jpg 1536w, https:\/\/www.rogaska.si\/en\/wp-content\/uploads\/sites\/2\/2023\/09\/natasa-psenicnik-02-2048x1365.jpg 2048w\" sizes=\"auto, (max-width: 1024px) 100vw, 1024px\" \/> <\/picture> <\/div> <div class=\"col-md-5 mt-4 mt-md-0 offset-md-2 order-md-first\">\n<h3 class=\"wp-block-hotel-sava-heading-3 display-6\">Values of sustainable development<\/h3>\n\n\n\n<h4 class=\"wp-block-hotel-sava-heading-4\">Tradition<\/h4>\n\n\n\n<p>We are building on the family tradition and historical foundations of the Sava Roga\u0161ka Hotel and Roga\u0161ka Slatina as a destination.<\/p>\n\n\n\n<h4 class=\"wp-block-hotel-sava-heading-4\">Individual approach<\/h4>\n\n\n\n<p>We fulfill individual wishes and needs of our clients and maintain satisfied guests.<\/p>\n\n\n\n<h4 class=\"wp-block-hotel-sava-heading-4\">Innovation<\/h4>\n\n\n\n<p>We develop products and services for customers who want to maintain a healthy lifestyle.<\/p>\n\n\n\n<h4 class=\"wp-block-hotel-sava-heading-4\">Health<\/h4>\n\n\n\n<p>We are closely connected with nature, which provides us with healthy raw materials for food and water. With healthy food, mineral and thermal water and our Medico Diabetes services, we help our guests maintain a healthy lifestyle.<\/p>\n\n\n\n<h4 class=\"wp-block-hotel-sava-heading-4\">Sustainability<\/h4>\n\n\n\n<p>We respect the principles of sustainable development in all respects and represent an example of sustainable development.<\/p>\n\n\n\n<h4 class=\"wp-block-hotel-sava-heading-4\">Responsibility<\/h4>\n\n\n\n<p>Each of us is responsible for his work, the work of the team and the entire organization. We carry out our work responsibly in the interests of guests and partners, the company and the narrower and wider community.<\/p>\n<\/div> <\/div> <\/div> <\/section>\n\n\n\n<section class=\"wp-block-hotel-sava-section-2-col py-5\"> <div class=\"container\"> <div class=\" row\">\n<div class=\"wp-block-hotel-sava-col-md-6 col-md-6\">\n<h3 class=\"wp-block-hotel-sava-heading-3 display-6\">Business card<\/h3>\n\n\n\n<p>HOTEL SAVA ROGA\u0160KA d.o.o.<br>Zdravili\u0161ki trg 6<br>3250 Roga\u0161ka Slatina<br>Slovenia<\/p>\n<\/div>\n\n\n\n<div class=\"wp-block-hotel-sava-col-md-6 col-md-6\">\n<p>Tel.: +386 (0)3 811 40 00<br>Fax: +386 (0)3 811 47 32<br>E-mail: info@rogaska.si<br>ID no. for VAT: SI29042364<br>Registration number: 1647717<br>Capital: 258.763,00<br>IBAN: SI56 0443 0000 1538 049, Nova KBM d.d., SWIFT CODE (BIC) KBMASI2X<br>Entering the company at the District Court in Celje, vl. no. 1\/07383\/00.<\/p>\n<\/div>\n<\/div> <\/div> <\/section>\n","protected":false},"excerpt":{"rendered":"","protected":false},"author":1,"featured_media":0,"parent":0,"menu_order":0,"comment_status":"closed","ping_status":"closed","template":"","meta":{"_acf_changed":false,"footnotes":""},"class_list":["post-531","page","type-page","status-publish","hentry"],"acf":[],"publishpress_future_workflow_manual_trigger":{"enabledWorkflows":[]},"_links":{"self":[{"href":"https:\/\/www.rogaska.si\/en\/wp-json\/wp\/v2\/pages\/531","targetHints":{"allow":["GET"]}}],"collection":[{"href":"https:\/\/www.rogaska.si\/en\/wp-json\/wp\/v2\/pages"}],"about":[{"href":"https:\/\/www.rogaska.si\/en\/wp-json\/wp\/v2\/types\/page"}],"author":[{"embeddable":true,"href":"https:\/\/www.rogaska.si\/en\/wp-json\/wp\/v2\/users\/1"}],"replies":[{"embeddable":true,"href":"https:\/\/www.rogaska.si\/en\/wp-json\/wp\/v2\/comments?post=531"}],"version-history":[{"count":2,"href":"https:\/\/www.rogaska.si\/en\/wp-json\/wp\/v2\/pages\/531\/revisions"}],"predecessor-version":[{"id":1674,"href":"https:\/\/www.rogaska.si\/en\/wp-json\/wp\/v2\/pages\/531\/revisions\/1674"}],"wp:attachment":[{"href":"https:\/\/www.rogaska.si\/en\/wp-json\/wp\/v2\/media?parent=531"}],"curies":[{"name":"wp","href":"https:\/\/api.w.org\/{rel}","templated":true}]}}