{"id":559,"date":"2023-07-18T14:45:32","date_gmt":"2023-07-18T12:45:32","guid":{"rendered":"https:\/\/www.rogaska.si\/de\/?page_id=559"},"modified":"2024-11-30T18:25:43","modified_gmt":"2024-11-30T17:25:43","slug":"kontakt","status":"publish","type":"page","link":"https:\/\/www.rogaska.si\/de\/kontakt\/","title":{"rendered":"Kontakt"},"content":{"rendered":"<section class=\"py-5 wp-block-hotel-sava-support-page\">\n  <div class=\"container\">\n    <div class=\"d-md-block d-none mt-5 pt-5 row\">\n      <div>\n                                                                                                          <nav aria-label=\"breadcrumb\">\n              <ol class=\"breadcrumb\">\n                                <li class=\"breadcrumb-item\"><a href=\"https:\/\/www.rogaska.si\/de\">Startseite<\/a>\n                <\/li>\n                                                <li class=\"breadcrumb-item active\" aria-current=\"page\">\n                  Home                <\/li>\n              <\/ol>\n            <\/nav>\n                                                                                                                              <\/div>\n    <\/div>\n    <div class=\"row\">\n      <div>\n        <h1 class=\"display-4 text-center\">Kontakt<\/h1>\n      <\/div>\n    <\/div>\n    <div class=\"mt-5 row\">\n        <div class=\"col-lg-10 col-md-11 me-auto ms-auto\" >\n              <\/div>\n    <\/div>\n  <\/div>\n<\/section>\n\n\n<section class=\"wp-block-hotel-sava-kontakt-hotel py-5\"> <div class=\"container\"> <div class=\"gy-4 mt-4 row\">\n<div class=\"wp-block-hotel-sava-vizitka-hotel col-lg-4 col-md-4\"> <div class=\"border-2 border-bottom border-primary h-100\"> <div class=\"contact-card__grid\"> <h4>Hotel<\/h4> <p class=\"fs-4\">Hotel SAVA Roga\u0161ka d.o.o.<\/p> <p>Zdravili\u0161ki trg 6<br>3250 Roga\u0161ka Slatina<br>Slovenia<\/p> <p><a href=\"tel:+38638114000\" class=\"link-dark text-decoration-none\">T +386 3 811 40 00<\/a><\/p> <p><a href=\"mailto:info@rogaska.si\">info@rogaska.si<\/a><\/p> <\/div> <\/div> <\/div>\n\n\n\n<div class=\"wp-block-hotel-sava-vizitka-recepcija col-lg-4 col-md-4\"> <div class=\"border-2 border-bottom border-primary h-100\"> <div class=\"contact-card__grid\"> <h4>Rezeption<\/h4> <p><a href=\"tel:+38638114702\" class=\"link-dark text-decoration-none\">T +386 3 811 47 02<\/a><\/p> <p><a href=\"mailto:info@rogaska.si\">info@rogaska.si<\/a><\/p> <\/div> <\/div> <\/div>\n\n\n\n<div class=\"wp-block-hotel-sava-vizitka-rezervacije col-lg-4 col-md-4\"> <div class=\"border-2 border-bottom border-primary h-100\"> <div class=\"contact-card__grid\"> <h4>Abteilung f\u00fcr Reservierungen<\/h4> <p><a href=\"tel:+38638114000\" class=\"link-dark text-decoration-none\">T +386 3 811 40 00<\/a><\/p> <p><a href=\"mailto:info@rogaska.si\">info@rogaska.si<\/a><\/p> <p class=\"fs-4\">Arbeitszeit<\/p> <p>Montag &#8211; Freitag: 08:00 &#8211; 18:00<\/p> <p>Samstag: 08:00 bis 13:00<\/p> <p>Sonntag: \/<\/p> <\/div> <\/div> <\/div>\n<\/div> <\/div> <\/section>\n\n\n\n<section class=\"wp-block-hotel-sava-kontakt-vizitke py-5\"> <div class=\"container\"> <div class=\"row\"> <h2 class=\"display-5\">Hotelverwaltung<\/h2> <\/div> <div class=\"gy-4 mt-4 row\">\n<div class=\"wp-block-hotel-sava-vizitka col-lg-4 col-md-4\"> <div class=\"border-2 border-bottom border-primary h-100\"> <div class=\"contact-card__grid\"> <h4>Gesch\u00e4ftsf\u00fchrung<\/h4> <p class=\"fs-4 mb-0\">Stanislav P\u0161eni\u010dnik<\/p> <p class=\"fst-italic\">Direktor und Eigent\u00fcmer<\/p> <p><a href=\"tel:+38638114000\" class=\"link-dark text-decoration-none\">T +386 3 811 47 00<\/a><\/p> <p><\/p> <p><a href=\"mailto:psenicnik.plod@siol.net\">psenicnik.plod@siol.net<\/a><\/p> <p>\n\n\n<a href=\"mailto:uprava@rogaska.si\" class=\"wp-block-hotel-sava-dodatni-email\">uprava@rogaska.si<\/a>\n<\/p> <\/div> <\/div>  <\/div>\n\n\n\n<div class=\"wp-block-hotel-sava-vizitka col-lg-4 col-md-4\"> <div class=\"border-2 border-bottom border-primary h-100\"> <div class=\"contact-card__grid\"> <h4>Gesch\u00e4ftsf\u00fchrung<\/h4> <p class=\"fs-4 mb-0\">Nata\u0161a P\u0161eni\u010dnik<\/p> <p class=\"fst-italic\">Assistentin der Gesch\u00e4ftsf\u00fchrung<\/p> <p><a href=\"tel:+38638114155\" class=\"link-dark text-decoration-none\">T +386 3 811 41 55<\/a><\/p> <p><\/p> <p><a href=\"mailto:natasa@rogaska.si\">natasa@rogaska.si<\/a><\/p> <p><\/p> <\/div> <\/div>  <\/div>\n\n\n\n<div class=\"wp-block-hotel-sava-vizitka col-lg-4 col-md-4\"> <div class=\"border-2 border-bottom border-primary h-100\"> <div class=\"contact-card__grid\"> <h4>Marketing<\/h4> <p class=\"fs-4 mb-0\">Ale\u0161 Topol\u0161ek<\/p> <p class=\"fst-italic\">Marketingmanager<\/p> <p><a href=\"tel:+38638114739\" class=\"link-dark text-decoration-none\">T +386 3 811 47 39<\/a><\/p> <p><a href=\"tel:+38631494894\" class=\"link-dark text-decoration-none\">M +386 31 494 894<\/a><\/p> <p><a href=\"mailto:ales@rogaska.si\">ales@rogaska.si<\/a><\/p> <p><\/p> <\/div> <\/div>  <\/div>\n\n\n\n<div class=\"wp-block-hotel-sava-vizitka col-lg-4 col-md-4\"> <div class=\"border-2 border-bottom border-primary h-100\"> <div class=\"contact-card__grid\"> <h4>Hotel<\/h4> <p class=\"fs-4 mb-0\">Barbara Polak Tom\u0161i\u010d<\/p> <p class=\"fst-italic\">Hotel manager<\/p> <p><a href=\"tel:+38638114706\" class=\"link-dark text-decoration-none\">T +3863 811 47 06<\/a><\/p> <p><a href=\"tel:+38651377089\" class=\"link-dark text-decoration-none\">M +386 51 377 089<\/a><\/p> <p><a href=\"mailto:barbara@rogaska.si\">barbara@rogaska.si<\/a><\/p> <p><\/p> <\/div> <\/div>  <\/div>\n\n\n\n<div class=\"wp-block-hotel-sava-vizitka col-lg-4 col-md-4\"> <div class=\"border-2 border-bottom border-primary h-100\"> <div class=\"contact-card__grid\"> <h4>Rezeption<\/h4> <p class=\"fs-4 mb-0\">Lea Matko<\/p> <p class=\"fst-italic\">Rezeptionsleiterin<\/p> <p><a href=\"tel:+38638114711\" class=\"link-dark text-decoration-none\">T +386 3 811 47 11<\/a><\/p> <p><\/p> <p><a href=\"mailto:brigita@rogaska.si\">lea.matko@rogaska.si<\/a><\/p> <p><\/p> <\/div> <\/div>  <\/div>\n\n\n\n<div class=\"wp-block-hotel-sava-vizitka col-lg-4 col-md-4\"> <div class=\"border-2 border-bottom border-primary h-100\"> <div class=\"contact-card__grid\"> <h4>Wellness<\/h4> <p class=\"fs-4 mb-0\">Darja \u0160umak-Lon\u010darec<\/p> <p class=\"fst-italic\">Wellnessleiterin<\/p> <p><a href=\"tel:+38638114160\" class=\"link-dark text-decoration-none\">T +386 3 811 41 60<\/a><\/p> <p><\/p> <p><a href=\"mailto:lotus@rogaska.si\">lotus@rogaska.si<\/a><\/p> <p><\/p> <\/div> <\/div>  <\/div>\n<\/div> <\/div> <\/section>\n\n\n\n<section class=\"wp-block-hotel-sava-kontakt-vizitke-podrocje py-5\"> <div class=\"container\"> <div class=\"row\"> <h2 class=\"display-5\">Marketing<\/h2> <\/div> <div class=\"gy-4 mt-4 row\">\n<div class=\"wp-block-hotel-sava-vizitka-podrocje col-lg-4 col-md-4\"> <div class=\"border-2 border-bottom border-primary h-100\"> <div class=\"contact-card__grid\"> <h4>Sport Tourismus<\/h4> <p class=\"fs-4\">Ale\u0161 Topol\u0161ek<\/p> <p><a href=\"tel:+38638114739\" class=\"link-dark text-decoration-none\">T +386 3 811 47 39<\/a><\/p> <p><a href=\"tel:+38631494894\" class=\"link-dark text-decoration-none\">M +386 31 494 894<\/a><\/p> <p><a href=\"mailto:ales@rogaska.si\">ales@rogaska.si<\/a><\/p> <\/div> <\/div>  <\/div>\n\n\n\n<div class=\"wp-block-hotel-sava-vizitka-podrocje col-lg-4 col-md-4\"> <div class=\"border-2 border-bottom border-primary h-100\"> <div class=\"contact-card__grid\"> <h4>Deutscher und \u00d6sterreichischer Markt<\/h4> <p class=\"fs-4\">Jasmina Jurgec<\/p> <p><a href=\"tel:+38638114393\" class=\"link-dark text-decoration-none\">T \u202d+386 3 811 43 93\u202c<\/a><\/p> <p><a href=\"tel:+38631302331\" class=\"link-dark text-decoration-none\">M \u202d+386 31 302 331\u202c<\/a><\/p> <p><a href=\"mailto:jasmina@rogaska.si\">jasmina@rogaska.si<\/a><\/p> <\/div> <\/div>  <\/div>\n\n\n\n<div class=\"wp-block-hotel-sava-vizitka-podrocje col-lg-4 col-md-4\"> <div class=\"border-2 border-bottom border-primary h-100\"> <div class=\"contact-card__grid\"> <h4>Italienischer Markt<\/h4> <p class=\"fs-4\">Jasmina Jurgec<\/p> <p><a href=\"tel:+38638114393\" class=\"link-dark text-decoration-none\">T \u202d+386 3 811 43 93\u202c<\/a><\/p> <p><a href=\"tel:+38631302331\" class=\"link-dark text-decoration-none\">M \u202d+386 31 302 331\u202c<\/a><\/p> <p><a href=\"mailto:jasmina@rogaska.si\">jasmina@rogaska.si<\/a><\/p> <\/div> <\/div>  <\/div>\n\n\n\n<div class=\"wp-block-hotel-sava-vizitka-podrocje col-lg-4 col-md-4\"> <div class=\"border-2 border-bottom border-primary h-100\"> <div class=\"contact-card__grid\"> <h4>Russischer und \u00fcbrige ausl\u00e4ndische M\u00e4rkte<\/h4> <p class=\"fs-4\">Fabrizio Butolen<\/p> <p><a href=\"tel:+38638114391\" class=\"link-dark text-decoration-none\">T +386 3 811 43 91<\/a><\/p> <p><a href=\"tel:+38641741273\" class=\"link-dark text-decoration-none\">M +386 41 741 273<\/a><\/p> <p><a href=\"mailto:fabio@rogaska.si\">fabio@rogaska.si<\/a><\/p> <\/div> <\/div>  <\/div>\n\n\n\n<div class=\"wp-block-hotel-sava-vizitka-podrocje col-lg-4 col-md-4\"> <div class=\"border-2 border-bottom border-primary h-100\"> <div class=\"contact-card__grid\"> <h4>Kongresstourismus<\/h4> <p class=\"fs-4\">Ale\u0161 Topol\u0161ek<\/p> <p><a href=\"tel:+38638114739\" class=\"link-dark text-decoration-none\">T +386 3 811 47 39<\/a><\/p> <p><a href=\"tel:+38631494894\" class=\"link-dark text-decoration-none\">M +386 31 494 894<\/a><\/p> <p><a href=\"mailto:ales@rogaska.si\">ales@rogaska.si<\/a><\/p> <\/div> <\/div>  <\/div>\n<\/div> <\/div> <\/section>\n\n\n<section class=\"py-5 wp-block-hotel-sava-map py-5 wp-block-hotel-sava-map\">\n  <div class=\"container map-height\">\n    <picture><a href=\"https:\/\/www.google.com\/maps\/place\/Grand+Hotel+Sava+Roga%C5%A1ka\/@46.2388025,15.6365531,17z\/data=!3m1!4b1!4m9!3m8!1s0x47658f896f72dee9:0xed9f4063e7fd73b0!5m2!4m1!1i2!8m2!3d46.2388025!4d15.6391334!16s%2Fg%2F1tmpcqq4?entry=ttu\" target=\"_blank\"><img loading=\"lazy\" decoding=\"async\" width=\"2737\" height=\"1414\" src=\"https:\/\/www.rogaska.si\/de\/wp-content\/uploads\/sites\/3\/2023\/08\/zemljevid-osm.png\" class=\"wp-image-729 image__map\" alt=\"\" srcset=\"https:\/\/www.rogaska.si\/de\/wp-content\/uploads\/sites\/3\/2023\/08\/zemljevid-osm.png 2737w, https:\/\/www.rogaska.si\/de\/wp-content\/uploads\/sites\/3\/2023\/08\/zemljevid-osm-300x155.png 300w, https:\/\/www.rogaska.si\/de\/wp-content\/uploads\/sites\/3\/2023\/08\/zemljevid-osm-1024x529.png 1024w, https:\/\/www.rogaska.si\/de\/wp-content\/uploads\/sites\/3\/2023\/08\/zemljevid-osm-768x397.png 768w, https:\/\/www.rogaska.si\/de\/wp-content\/uploads\/sites\/3\/2023\/08\/zemljevid-osm-480x248.png 480w, https:\/\/www.rogaska.si\/de\/wp-content\/uploads\/sites\/3\/2023\/08\/zemljevid-osm-640x331.png 640w, https:\/\/www.rogaska.si\/de\/wp-content\/uploads\/sites\/3\/2023\/08\/zemljevid-osm-720x372.png 720w, https:\/\/www.rogaska.si\/de\/wp-content\/uploads\/sites\/3\/2023\/08\/zemljevid-osm-960x496.png 960w, https:\/\/www.rogaska.si\/de\/wp-content\/uploads\/sites\/3\/2023\/08\/zemljevid-osm-1168x603.png 1168w, https:\/\/www.rogaska.si\/de\/wp-content\/uploads\/sites\/3\/2023\/08\/zemljevid-osm-1440x744.png 1440w, https:\/\/www.rogaska.si\/de\/wp-content\/uploads\/sites\/3\/2023\/08\/zemljevid-osm-1920x992.png 1920w, https:\/\/www.rogaska.si\/de\/wp-content\/uploads\/sites\/3\/2023\/08\/zemljevid-osm-1536x794.png 1536w, https:\/\/www.rogaska.si\/de\/wp-content\/uploads\/sites\/3\/2023\/08\/zemljevid-osm-2048x1058.png 2048w\" sizes=\"auto, (max-width: 2737px) 100vw, 2737px\" \/><\/a>\n    <\/picture>\n  <\/div>\n<\/section>","protected":false},"excerpt":{"rendered":"","protected":false},"author":1,"featured_media":0,"parent":0,"menu_order":0,"comment_status":"closed","ping_status":"closed","template":"","meta":{"_acf_changed":false,"footnotes":""},"class_list":["post-559","page","type-page","status-publish","hentry"],"acf":[],"publishpress_future_workflow_manual_trigger":{"enabledWorkflows":[]},"_links":{"self":[{"href":"https:\/\/www.rogaska.si\/de\/wp-json\/wp\/v2\/pages\/559","targetHints":{"allow":["GET"]}}],"collection":[{"href":"https:\/\/www.rogaska.si\/de\/wp-json\/wp\/v2\/pages"}],"about":[{"href":"https:\/\/www.rogaska.si\/de\/wp-json\/wp\/v2\/types\/page"}],"author":[{"embeddable":true,"href":"https:\/\/www.rogaska.si\/de\/wp-json\/wp\/v2\/users\/1"}],"replies":[{"embeddable":true,"href":"https:\/\/www.rogaska.si\/de\/wp-json\/wp\/v2\/comments?post=559"}],"version-history":[{"count":3,"href":"https:\/\/www.rogaska.si\/de\/wp-json\/wp\/v2\/pages\/559\/revisions"}],"predecessor-version":[{"id":2429,"href":"https:\/\/www.rogaska.si\/de\/wp-json\/wp\/v2\/pages\/559\/revisions\/2429"}],"wp:attachment":[{"href":"https:\/\/www.rogaska.si\/de\/wp-json\/wp\/v2\/media?parent=559"}],"curies":[{"name":"wp","href":"https:\/\/api.w.org\/{rel}","templated":true}]}}