{"id":553,"date":"2023-07-18T14:40:29","date_gmt":"2023-07-18T12:40:29","guid":{"rendered":"https:\/\/www.rogaska.si\/de\/?page_id=553"},"modified":"2023-12-10T18:43:14","modified_gmt":"2023-12-10T17:43:14","slug":"hotel-zagreb","status":"publish","type":"page","link":"https:\/\/www.rogaska.si\/de\/hotel-zagreb\/","title":{"rendered":"Hotel Zagreb"},"content":{"rendered":"<section class=\"py-5 wp-block-hotel-sava-hero-secondary\">\n  <div class=\"container\">\n    <div class=\"d-md-block d-none mt-5 pt-5 row\">\n      <div>\n                                                                                                          <nav aria-label=\"breadcrumb\">\n              <ol class=\"breadcrumb\">\n                                <li class=\"breadcrumb-item\"><a href=\"https:\/\/www.rogaska.si\/de\">Startseite<\/a>\n                <\/li>\n                                                <li class=\"breadcrumb-item active\" aria-current=\"page\">\n                  Home                <\/li>\n              <\/ol>\n            <\/nav>\n                                                                                                                              <\/div>\n    <\/div>\n    <div class=\"row\">\n      <div>\n        <h1 class=\"display-4 text-center\">Hotel Zagreb****<\/h1>\n      <\/div>\n    <\/div>\n    <div class=\"mt-5 row\">\n      <div class=\"col-lg-10 col-md-11 me-auto ms-auto\">\n        <div class=\"image-wrapper__fit\">\n          <picture>\n                          <img loading=\"lazy\" decoding=\"async\" width=\"2200\" height=\"1464\" src=\"https:\/\/www.rogaska.si\/de\/wp-content\/uploads\/sites\/3\/2023\/08\/soba-zagreb-01-2200x1464.jpg\" class=\"wp-image-840 image__fit\" alt=\"\" srcset=\"https:\/\/www.rogaska.si\/de\/wp-content\/uploads\/sites\/3\/2023\/08\/soba-zagreb-01-2200x1464.jpg 2200w, https:\/\/www.rogaska.si\/de\/wp-content\/uploads\/sites\/3\/2023\/08\/soba-zagreb-01-300x200.jpg 300w, https:\/\/www.rogaska.si\/de\/wp-content\/uploads\/sites\/3\/2023\/08\/soba-zagreb-01-1024x682.jpg 1024w, https:\/\/www.rogaska.si\/de\/wp-content\/uploads\/sites\/3\/2023\/08\/soba-zagreb-01-768x511.jpg 768w, https:\/\/www.rogaska.si\/de\/wp-content\/uploads\/sites\/3\/2023\/08\/soba-zagreb-01-480x319.jpg 480w, https:\/\/www.rogaska.si\/de\/wp-content\/uploads\/sites\/3\/2023\/08\/soba-zagreb-01-640x426.jpg 640w, https:\/\/www.rogaska.si\/de\/wp-content\/uploads\/sites\/3\/2023\/08\/soba-zagreb-01-720x479.jpg 720w, https:\/\/www.rogaska.si\/de\/wp-content\/uploads\/sites\/3\/2023\/08\/soba-zagreb-01-960x639.jpg 960w, https:\/\/www.rogaska.si\/de\/wp-content\/uploads\/sites\/3\/2023\/08\/soba-zagreb-01-1168x777.jpg 1168w, https:\/\/www.rogaska.si\/de\/wp-content\/uploads\/sites\/3\/2023\/08\/soba-zagreb-01-1440x958.jpg 1440w, https:\/\/www.rogaska.si\/de\/wp-content\/uploads\/sites\/3\/2023\/08\/soba-zagreb-01-1920x1278.jpg 1920w, https:\/\/www.rogaska.si\/de\/wp-content\/uploads\/sites\/3\/2023\/08\/soba-zagreb-01-1536x1022.jpg 1536w, https:\/\/www.rogaska.si\/de\/wp-content\/uploads\/sites\/3\/2023\/08\/soba-zagreb-01-2048x1363.jpg 2048w\" sizes=\"auto, (max-width: 2200px) 100vw, 2200px\" \/>\n                                  <\/picture>\n        <\/div>\n      <\/div>\n    <\/div>\n  <\/div>\n<\/section>\n\n\n<section class=\"wp-block-hotel-sava-col-md-8 py-5\"> <div class=\"container\"> <div class=\"row\"> <div class=\"col-md-8 me-auto ms-auto\">\n<p class=\"wp-block-hotel-sava-lead lead fs-3\">Angenehme und entspannte Atmosph\u00e4re in einem Hotel mit Tradition.<\/p>\n\n\n\n<p>G\u00e4ste des Hotels Zagreb k\u00f6nnen alle Leistungen des Grand Hotel Sava**** Superior nutzen, au\u00dfer \u00dcbernachtung. Beide Hotels sind miteinander und \u00fcber einen Gang mit der Heilwasser-Trinkhalle und den \u00fcbrigen Hotels im Blumenpark verbunden. Die Geschichte des Hotels Zagreb reicht bis in die Bl\u00fctezeit des aufstrebenden Kurortes Roga\u0161ka Slatina zur\u00fcck. Die Zimmer sind ger\u00e4umig, modern und bequem und bieten ein hohes Niveau an Funktionalit\u00e4t.<\/p>\n\n\n\n<p>F\u00fcr Liebhaber erstklassiger Kulinarik befindet sich im Hotel das \u00c0-la-carte-Restaurant Kaiser, in dem jeder Besuch eine neue authentische Geschichte verspricht.<\/p>\n<\/div> <\/div> <\/div> <\/section>\n\n\n<section class=\"py-5 wp-block-hotel-sava-namestitev-zagreb\">\n  <div class=\"container\">\n    <div class=\"gy-5 row\">\n                                              <div id=\"post-575\" class=\"col-md-4 post-575 zagreb type-zagreb status-publish has-post-thumbnail hentry\"><a href=\"https:\/\/www.rogaska.si\/de\/zagreb\/double-bed-premium-room\/\" class=\"card__link text-decoration-none\"><div class=\"overflow-hidden\">\n                <div class=\"card-acc__image transition-slow\">\n                  <picture>\n                    <img decoding=\"async\" src=\"https:\/\/www.rogaska.si\/de\/wp-content\/uploads\/sites\/3\/2023\/07\/soba-premium-zagreb-01-768x511.jpg\" class=\"image__fit--cover wp-post-image\" alt=\"\" srcset=\"https:\/\/www.rogaska.si\/de\/wp-content\/uploads\/sites\/3\/2023\/07\/soba-premium-zagreb-01-768x511.jpg 768w, https:\/\/www.rogaska.si\/de\/wp-content\/uploads\/sites\/3\/2023\/07\/soba-premium-zagreb-01-300x200.jpg 300w, https:\/\/www.rogaska.si\/de\/wp-content\/uploads\/sites\/3\/2023\/07\/soba-premium-zagreb-01-1024x682.jpg 1024w, https:\/\/www.rogaska.si\/de\/wp-content\/uploads\/sites\/3\/2023\/07\/soba-premium-zagreb-01-480x319.jpg 480w, https:\/\/www.rogaska.si\/de\/wp-content\/uploads\/sites\/3\/2023\/07\/soba-premium-zagreb-01-640x426.jpg 640w, https:\/\/www.rogaska.si\/de\/wp-content\/uploads\/sites\/3\/2023\/07\/soba-premium-zagreb-01-720x479.jpg 720w, https:\/\/www.rogaska.si\/de\/wp-content\/uploads\/sites\/3\/2023\/07\/soba-premium-zagreb-01-960x639.jpg 960w, https:\/\/www.rogaska.si\/de\/wp-content\/uploads\/sites\/3\/2023\/07\/soba-premium-zagreb-01-1168x777.jpg 1168w, https:\/\/www.rogaska.si\/de\/wp-content\/uploads\/sites\/3\/2023\/07\/soba-premium-zagreb-01-1440x958.jpg 1440w, https:\/\/www.rogaska.si\/de\/wp-content\/uploads\/sites\/3\/2023\/07\/soba-premium-zagreb-01-1920x1278.jpg 1920w, https:\/\/www.rogaska.si\/de\/wp-content\/uploads\/sites\/3\/2023\/07\/soba-premium-zagreb-01-1536x1022.jpg 1536w, https:\/\/www.rogaska.si\/de\/wp-content\/uploads\/sites\/3\/2023\/07\/soba-premium-zagreb-01-2048x1363.jpg 2048w\" sizes=\"(max-width: 768px) 100vw, 768px\" \/>                  <\/picture>\n                <\/div>\n              <\/div><h3 class=\"mt-4\">Doppelzimmer Premium<\/h3><\/a>\n          <\/div>\n                            <div id=\"post-576\" class=\"col-md-4 post-576 zagreb type-zagreb status-publish has-post-thumbnail hentry\"><a href=\"https:\/\/www.rogaska.si\/de\/zagreb\/suite\/\" class=\"card__link text-decoration-none\"><div class=\"overflow-hidden\">\n                <div class=\"card-acc__image transition-slow\">\n                  <picture>\n                    <img decoding=\"async\" src=\"https:\/\/www.rogaska.si\/de\/wp-content\/uploads\/sites\/3\/2023\/07\/apartma-239-zagreb-768x511.jpg\" class=\"image__fit--cover wp-post-image\" alt=\"\" srcset=\"https:\/\/www.rogaska.si\/de\/wp-content\/uploads\/sites\/3\/2023\/07\/apartma-239-zagreb-768x511.jpg 768w, https:\/\/www.rogaska.si\/de\/wp-content\/uploads\/sites\/3\/2023\/07\/apartma-239-zagreb-300x200.jpg 300w, https:\/\/www.rogaska.si\/de\/wp-content\/uploads\/sites\/3\/2023\/07\/apartma-239-zagreb-1024x682.jpg 1024w, https:\/\/www.rogaska.si\/de\/wp-content\/uploads\/sites\/3\/2023\/07\/apartma-239-zagreb-480x319.jpg 480w, https:\/\/www.rogaska.si\/de\/wp-content\/uploads\/sites\/3\/2023\/07\/apartma-239-zagreb-640x426.jpg 640w, https:\/\/www.rogaska.si\/de\/wp-content\/uploads\/sites\/3\/2023\/07\/apartma-239-zagreb-720x479.jpg 720w, https:\/\/www.rogaska.si\/de\/wp-content\/uploads\/sites\/3\/2023\/07\/apartma-239-zagreb-960x639.jpg 960w, https:\/\/www.rogaska.si\/de\/wp-content\/uploads\/sites\/3\/2023\/07\/apartma-239-zagreb-1168x777.jpg 1168w, https:\/\/www.rogaska.si\/de\/wp-content\/uploads\/sites\/3\/2023\/07\/apartma-239-zagreb-1440x958.jpg 1440w, https:\/\/www.rogaska.si\/de\/wp-content\/uploads\/sites\/3\/2023\/07\/apartma-239-zagreb-1920x1278.jpg 1920w, https:\/\/www.rogaska.si\/de\/wp-content\/uploads\/sites\/3\/2023\/07\/apartma-239-zagreb-1536x1022.jpg 1536w, https:\/\/www.rogaska.si\/de\/wp-content\/uploads\/sites\/3\/2023\/07\/apartma-239-zagreb-2048x1363.jpg 2048w\" sizes=\"(max-width: 768px) 100vw, 768px\" \/>                  <\/picture>\n                <\/div>\n              <\/div><h3 class=\"mt-4\">Suite<\/h3><\/a>\n          <\/div>\n                            <div id=\"post-578\" class=\"col-md-4 post-578 zagreb type-zagreb status-publish has-post-thumbnail hentry\"><a href=\"https:\/\/www.rogaska.si\/de\/zagreb\/suite-premium\/\" class=\"card__link text-decoration-none\"><div class=\"overflow-hidden\">\n                <div class=\"card-acc__image transition-slow\">\n                  <picture>\n                    <img decoding=\"async\" src=\"https:\/\/www.rogaska.si\/de\/wp-content\/uploads\/sites\/3\/2023\/07\/apartma-premium-zagreb-01-768x511.jpg\" class=\"image__fit--cover wp-post-image\" alt=\"\" srcset=\"https:\/\/www.rogaska.si\/de\/wp-content\/uploads\/sites\/3\/2023\/07\/apartma-premium-zagreb-01-768x511.jpg 768w, https:\/\/www.rogaska.si\/de\/wp-content\/uploads\/sites\/3\/2023\/07\/apartma-premium-zagreb-01-300x200.jpg 300w, https:\/\/www.rogaska.si\/de\/wp-content\/uploads\/sites\/3\/2023\/07\/apartma-premium-zagreb-01-1024x682.jpg 1024w, https:\/\/www.rogaska.si\/de\/wp-content\/uploads\/sites\/3\/2023\/07\/apartma-premium-zagreb-01-480x319.jpg 480w, https:\/\/www.rogaska.si\/de\/wp-content\/uploads\/sites\/3\/2023\/07\/apartma-premium-zagreb-01-640x426.jpg 640w, https:\/\/www.rogaska.si\/de\/wp-content\/uploads\/sites\/3\/2023\/07\/apartma-premium-zagreb-01-720x479.jpg 720w, https:\/\/www.rogaska.si\/de\/wp-content\/uploads\/sites\/3\/2023\/07\/apartma-premium-zagreb-01-960x639.jpg 960w, https:\/\/www.rogaska.si\/de\/wp-content\/uploads\/sites\/3\/2023\/07\/apartma-premium-zagreb-01-1168x777.jpg 1168w, https:\/\/www.rogaska.si\/de\/wp-content\/uploads\/sites\/3\/2023\/07\/apartma-premium-zagreb-01-1440x958.jpg 1440w, https:\/\/www.rogaska.si\/de\/wp-content\/uploads\/sites\/3\/2023\/07\/apartma-premium-zagreb-01-1920x1278.jpg 1920w, https:\/\/www.rogaska.si\/de\/wp-content\/uploads\/sites\/3\/2023\/07\/apartma-premium-zagreb-01-1536x1022.jpg 1536w, https:\/\/www.rogaska.si\/de\/wp-content\/uploads\/sites\/3\/2023\/07\/apartma-premium-zagreb-01-2048x1363.jpg 2048w\" sizes=\"(max-width: 768px) 100vw, 768px\" \/>                  <\/picture>\n                <\/div>\n              <\/div><h3 class=\"mt-4\">Suite Premium<\/h3><\/a>\n          <\/div>\n                          <\/div>\n  <\/div>\n<\/section>","protected":false},"excerpt":{"rendered":"","protected":false},"author":1,"featured_media":0,"parent":0,"menu_order":0,"comment_status":"closed","ping_status":"closed","template":"","meta":{"_acf_changed":false,"footnotes":""},"class_list":["post-553","page","type-page","status-publish","hentry"],"acf":[],"publishpress_future_workflow_manual_trigger":{"enabledWorkflows":[]},"_links":{"self":[{"href":"https:\/\/www.rogaska.si\/de\/wp-json\/wp\/v2\/pages\/553","targetHints":{"allow":["GET"]}}],"collection":[{"href":"https:\/\/www.rogaska.si\/de\/wp-json\/wp\/v2\/pages"}],"about":[{"href":"https:\/\/www.rogaska.si\/de\/wp-json\/wp\/v2\/types\/page"}],"author":[{"embeddable":true,"href":"https:\/\/www.rogaska.si\/de\/wp-json\/wp\/v2\/users\/1"}],"replies":[{"embeddable":true,"href":"https:\/\/www.rogaska.si\/de\/wp-json\/wp\/v2\/comments?post=553"}],"version-history":[{"count":3,"href":"https:\/\/www.rogaska.si\/de\/wp-json\/wp\/v2\/pages\/553\/revisions"}],"predecessor-version":[{"id":1759,"href":"https:\/\/www.rogaska.si\/de\/wp-json\/wp\/v2\/pages\/553\/revisions\/1759"}],"wp:attachment":[{"href":"https:\/\/www.rogaska.si\/de\/wp-json\/wp\/v2\/media?parent=553"}],"curies":[{"name":"wp","href":"https:\/\/api.w.org\/{rel}","templated":true}]}}