{"id":359,"date":"2023-07-05T23:55:04","date_gmt":"2023-07-05T21:55:04","guid":{"rendered":"https:\/\/www.rogaska.si\/de\/?page_id=359"},"modified":"2024-02-29T18:57:07","modified_gmt":"2024-02-29T17:57:07","slug":"mineralwasser-aus-rogaska","status":"publish","type":"page","link":"https:\/\/www.rogaska.si\/de\/mineralwasser-aus-rogaska\/","title":{"rendered":"Mineralwasser aus Roga\u0161ka"},"content":{"rendered":"\n<section class=\"wp-block-hotel-sava-hero-one site-height__main\"> <div class=\"h-100 overflow-hidden position-relative\"> <div> <img loading=\"lazy\" decoding=\"async\" width=\"2500\" height=\"1666\" src=\"https:\/\/www.rogaska.si\/de\/wp-content\/uploads\/sites\/3\/2023\/09\/pitje-vode-o-01.jpg\" class=\"hero__zoom image__fit wp-image-1128\" srcset=\"https:\/\/www.rogaska.si\/de\/wp-content\/uploads\/sites\/3\/2023\/09\/pitje-vode-o-01.jpg 2500w, https:\/\/www.rogaska.si\/de\/wp-content\/uploads\/sites\/3\/2023\/09\/pitje-vode-o-01-300x200.jpg 300w, https:\/\/www.rogaska.si\/de\/wp-content\/uploads\/sites\/3\/2023\/09\/pitje-vode-o-01-1024x682.jpg 1024w, https:\/\/www.rogaska.si\/de\/wp-content\/uploads\/sites\/3\/2023\/09\/pitje-vode-o-01-768x512.jpg 768w, https:\/\/www.rogaska.si\/de\/wp-content\/uploads\/sites\/3\/2023\/09\/pitje-vode-o-01-480x320.jpg 480w, https:\/\/www.rogaska.si\/de\/wp-content\/uploads\/sites\/3\/2023\/09\/pitje-vode-o-01-640x426.jpg 640w, https:\/\/www.rogaska.si\/de\/wp-content\/uploads\/sites\/3\/2023\/09\/pitje-vode-o-01-720x480.jpg 720w, https:\/\/www.rogaska.si\/de\/wp-content\/uploads\/sites\/3\/2023\/09\/pitje-vode-o-01-960x640.jpg 960w, https:\/\/www.rogaska.si\/de\/wp-content\/uploads\/sites\/3\/2023\/09\/pitje-vode-o-01-1168x778.jpg 1168w, https:\/\/www.rogaska.si\/de\/wp-content\/uploads\/sites\/3\/2023\/09\/pitje-vode-o-01-1440x960.jpg 1440w, https:\/\/www.rogaska.si\/de\/wp-content\/uploads\/sites\/3\/2023\/09\/pitje-vode-o-01-1920x1279.jpg 1920w, https:\/\/www.rogaska.si\/de\/wp-content\/uploads\/sites\/3\/2023\/09\/pitje-vode-o-01-1536x1024.jpg 1536w, https:\/\/www.rogaska.si\/de\/wp-content\/uploads\/sites\/3\/2023\/09\/pitje-vode-o-01-2048x1365.jpg 2048w\" sizes=\"auto, (max-width: 2500px) 100vw, 2500px\" \/> <div class=\"hero__overlay\"> <h1 class=\"display-2 text-center text-white\">Mineralwasser aus Roga\u0161ka<\/h1> <\/div> <\/div> <\/div> <\/section>\n\n\n\n<section class=\"wp-block-hotel-sava-col-md-8 py-5\"> <div class=\"container\"> <div class=\"row\"> <div class=\"col-md-8 me-auto ms-auto\">\n<p class=\"wp-block-hotel-sava-lead lead fs-3\">Stellen Sie Ihre Verbindung mit der Natur wieder her. Erleben Sie eine besondere Wellness-Reise mit unserem einzigartigen Mineralwasser und sp\u00fcren Sie das vitale Lebenselement mit allen Sinnen.<\/p>\n\n\n\n<p class=\"wp-block-hotel-sava-text-default\">Das Mineralwasser aus Roga\u0161ka Slatina ist ein unbezahlbares Geschenk der Natur. Es ist einzigartig in seiner Wirkung und selten in seiner Zusammensetzung.<\/p>\n<\/div> <\/div> <\/div> <\/section>\n\n\n\n<section class=\"wp-block-hotel-sava-main-card mt-5\"> <div class=\"container-xxl pt-5\"> <div class=\"bgr-1 max-width__row row\"> <div class=\"col-md-6 mt-md-n5 order-md-2 pe-0 ps-0\"> <div class=\"image-wrapper__fit\"> <img loading=\"lazy\" decoding=\"async\" width=\"1666\" height=\"2500\" src=\"https:\/\/www.rogaska.si\/de\/wp-content\/uploads\/sites\/3\/2023\/08\/09_pitje_vode-_1289.jpg\" class=\"image__fit wp-image-823\" alt=\"\u017denska pije mineralno vodo\" srcset=\"https:\/\/www.rogaska.si\/de\/wp-content\/uploads\/sites\/3\/2023\/08\/09_pitje_vode-_1289.jpg 1666w, https:\/\/www.rogaska.si\/de\/wp-content\/uploads\/sites\/3\/2023\/08\/09_pitje_vode-_1289-200x300.jpg 200w, https:\/\/www.rogaska.si\/de\/wp-content\/uploads\/sites\/3\/2023\/08\/09_pitje_vode-_1289-682x1024.jpg 682w, https:\/\/www.rogaska.si\/de\/wp-content\/uploads\/sites\/3\/2023\/08\/09_pitje_vode-_1289-768x1152.jpg 768w, https:\/\/www.rogaska.si\/de\/wp-content\/uploads\/sites\/3\/2023\/08\/09_pitje_vode-_1289-480x720.jpg 480w, https:\/\/www.rogaska.si\/de\/wp-content\/uploads\/sites\/3\/2023\/08\/09_pitje_vode-_1289-640x960.jpg 640w, https:\/\/www.rogaska.si\/de\/wp-content\/uploads\/sites\/3\/2023\/08\/09_pitje_vode-_1289-720x1080.jpg 720w, https:\/\/www.rogaska.si\/de\/wp-content\/uploads\/sites\/3\/2023\/08\/09_pitje_vode-_1289-960x1441.jpg 960w, https:\/\/www.rogaska.si\/de\/wp-content\/uploads\/sites\/3\/2023\/08\/09_pitje_vode-_1289-1168x1753.jpg 1168w, https:\/\/www.rogaska.si\/de\/wp-content\/uploads\/sites\/3\/2023\/08\/09_pitje_vode-_1289-1440x2161.jpg 1440w, https:\/\/www.rogaska.si\/de\/wp-content\/uploads\/sites\/3\/2023\/08\/09_pitje_vode-_1289-1024x1536.jpg 1024w, https:\/\/www.rogaska.si\/de\/wp-content\/uploads\/sites\/3\/2023\/08\/09_pitje_vode-_1289-1365x2048.jpg 1365w\" sizes=\"auto, (max-width: 1666px) 100vw, 1666px\" \/> <\/div>  <\/div> <div class=\"bgr-1 col-md-6 p-5\"> <div>\n<h3 class=\"wp-block-hotel-sava-heading-3 has-white-color has-text-color\">Ursprung von Gesundheit und Wohlbefinden<\/h3>\n\n\n\n<p class=\"has-white-color has-text-color has-link-color wp-elements-7257ff1ab32a91dc724d88200ad9d28a\">Alle guten Dinge kommen von innen. Die einzigartige geologische Zusammensetzung in der Umgebung von Roga\u0161ka Slatina tr\u00e4gt dazu bei, dass man hier \u00fcber ein Mineralwasser verf\u00fcgt, das den h\u00f6chsten Magnesiumanteil der Welt hat.<br>Das Roga\u0161ka-Mineralwasser Roitschocrene entspringt im Zentrum des tektonisch vielf\u00e4ltigsten Gebietes in Slowenien, in dem sich drei regionale Verwerfungslinien befinden. Diese einzigartige geologische und hydrologische Zusammensetzung ist der unsch\u00e4tzbare Ursprung zweier nat\u00fcrlicher Quellen \u2013 von Mineral- und Thermalwasser \u2013 in einer Tiefe von etwa 600 und 1.700 Metern. Aus l\u00f6slichen Gesteinen, die reich an Magnesium, Kalzium, Sulfaten und Bicarbonaten sind, entspringen mithilfe nat\u00fcrlichen Gases ein Thermalwasser, das im Kurort Roga\u0161ka bereits seit Jahrhunderten verwendet wird, und ein Mineralwasser, das zus\u00e4tzlich noch reich an Magnesium und anderen n\u00fctzlichen Mineralien ist.<\/p>\n<\/div>  <\/div> <\/div> <\/div> <\/section>\n\n\n\n<section class=\"wp-block-hotel-sava-layout-image-left py-5\"> <div class=\"container\"> <div class=\"row\"> <div class=\"col-md-6\">  <picture> <img loading=\"lazy\" decoding=\"async\" width=\"1024\" height=\"682\" src=\"https:\/\/www.rogaska.si\/de\/wp-content\/uploads\/sites\/3\/2023\/08\/pitje-roi-voda-01-1024x682.jpg\" class=\"img-fluid wp-image-925\" srcset=\"https:\/\/www.rogaska.si\/de\/wp-content\/uploads\/sites\/3\/2023\/08\/pitje-roi-voda-01-1024x682.jpg 1024w, https:\/\/www.rogaska.si\/de\/wp-content\/uploads\/sites\/3\/2023\/08\/pitje-roi-voda-01-300x200.jpg 300w, https:\/\/www.rogaska.si\/de\/wp-content\/uploads\/sites\/3\/2023\/08\/pitje-roi-voda-01-768x511.jpg 768w, https:\/\/www.rogaska.si\/de\/wp-content\/uploads\/sites\/3\/2023\/08\/pitje-roi-voda-01-480x319.jpg 480w, https:\/\/www.rogaska.si\/de\/wp-content\/uploads\/sites\/3\/2023\/08\/pitje-roi-voda-01-640x426.jpg 640w, https:\/\/www.rogaska.si\/de\/wp-content\/uploads\/sites\/3\/2023\/08\/pitje-roi-voda-01-720x479.jpg 720w, https:\/\/www.rogaska.si\/de\/wp-content\/uploads\/sites\/3\/2023\/08\/pitje-roi-voda-01-960x639.jpg 960w, https:\/\/www.rogaska.si\/de\/wp-content\/uploads\/sites\/3\/2023\/08\/pitje-roi-voda-01-1168x777.jpg 1168w, https:\/\/www.rogaska.si\/de\/wp-content\/uploads\/sites\/3\/2023\/08\/pitje-roi-voda-01-1440x958.jpg 1440w, https:\/\/www.rogaska.si\/de\/wp-content\/uploads\/sites\/3\/2023\/08\/pitje-roi-voda-01-1920x1278.jpg 1920w, https:\/\/www.rogaska.si\/de\/wp-content\/uploads\/sites\/3\/2023\/08\/pitje-roi-voda-01-1536x1022.jpg 1536w, https:\/\/www.rogaska.si\/de\/wp-content\/uploads\/sites\/3\/2023\/08\/pitje-roi-voda-01-2048x1363.jpg 2048w\" sizes=\"auto, (max-width: 1024px) 100vw, 1024px\" \/> <\/picture> <\/div> <div class=\"col-md-6 d-flex flex-column justify-content-center mt-4 mt-md-0\">\n<h3 class=\"wp-block-hotel-sava-heading-3\">Roga\u0161ka-Mineralwasser Roitschocrene: die Legende lebt weiter<\/h3>\n\n\n\n<p>Legend\u00e4r seit seiner Erschaffung bis heute: Pegasus, ein Fabelwesen, ist der Sch\u00f6pfer dieser kostbaren Quelle. Der Legende nach wurde die Quelle Roitschocrene von Pegasus, dem gefl\u00fcgelten Pferd aus der griechischen Mythologie, erschaffen. Pegasus schlug auf Apollos Anweisung hin mit einem Huf auf die Erde in Roga\u0161ka und \u00f6ffnete so die Quelle Roitschocrene. Aus ihr sprudelte ein Mineralwasser hervor, das den h\u00f6chsten Magnesiumgehalt von allen Mineralw\u00e4ssern der Welt hat. In diesem feierlichen Moment sprach Apollo die ber\u00fchmten Worte: \u00bbHier, wo du stehst, ist die Quelle der Gesundheit und wahrer Gotteskraft. Anstatt Hippocrene trink Roitschocrene, die Quelle von Roga\u0161ka, die vor dir ist!\u00ab Ein weiser Rat, der vom Gott der Heilung, der Sonne und der Poesie stammt.<\/p>\n\n\n\n<p>Das Mineralwasser aus Roga\u0161ka Slatina geh\u00f6rt zu den W\u00e4ssern mit dem h\u00f6chsten Mineraliengehalt weltweit, der durch den TDS-Wert \u2013 die Summe der gel\u00f6sten Feststoffe \u2013 beschrieben wird. Dieser hohe Gehalt an Mineralien verleiht dem Wasser seinen charakteristischen gehaltvollen Geschmack.<br>Alle Elemente dieses Wassers befinden sich in einem harmonischen Gleichgewicht und in l\u00f6slicher Form, sodass unser K\u00f6rper sie gut aufnehmen kann. Unser Stoffwechsel l\u00f6st die Mineralien anschlie\u00dfend leicht auf und leitet sie rasch an unsere Zellen weiter.<\/p>\n<\/div> <\/div> <\/div> <\/section>\n\n\n\n<section class=\"wp-block-hotel-sava-layout-image-md4-right py-5\"> <div class=\"container\"> <div class=\"row\"> <div class=\"col-md-4 ms-md-auto\">  <picture> <img loading=\"lazy\" decoding=\"async\" width=\"1024\" height=\"682\" src=\"https:\/\/www.rogaska.si\/de\/wp-content\/uploads\/sites\/3\/2023\/09\/pitje-vode-o-05-1024x682.jpg\" class=\"img-fluid wp-image-1131\" srcset=\"https:\/\/www.rogaska.si\/de\/wp-content\/uploads\/sites\/3\/2023\/09\/pitje-vode-o-05-1024x682.jpg 1024w, https:\/\/www.rogaska.si\/de\/wp-content\/uploads\/sites\/3\/2023\/09\/pitje-vode-o-05-300x200.jpg 300w, https:\/\/www.rogaska.si\/de\/wp-content\/uploads\/sites\/3\/2023\/09\/pitje-vode-o-05-768x512.jpg 768w, https:\/\/www.rogaska.si\/de\/wp-content\/uploads\/sites\/3\/2023\/09\/pitje-vode-o-05-480x320.jpg 480w, https:\/\/www.rogaska.si\/de\/wp-content\/uploads\/sites\/3\/2023\/09\/pitje-vode-o-05-640x426.jpg 640w, https:\/\/www.rogaska.si\/de\/wp-content\/uploads\/sites\/3\/2023\/09\/pitje-vode-o-05-720x480.jpg 720w, https:\/\/www.rogaska.si\/de\/wp-content\/uploads\/sites\/3\/2023\/09\/pitje-vode-o-05-960x640.jpg 960w, https:\/\/www.rogaska.si\/de\/wp-content\/uploads\/sites\/3\/2023\/09\/pitje-vode-o-05-1168x778.jpg 1168w, https:\/\/www.rogaska.si\/de\/wp-content\/uploads\/sites\/3\/2023\/09\/pitje-vode-o-05-1440x960.jpg 1440w, https:\/\/www.rogaska.si\/de\/wp-content\/uploads\/sites\/3\/2023\/09\/pitje-vode-o-05-1920x1279.jpg 1920w, https:\/\/www.rogaska.si\/de\/wp-content\/uploads\/sites\/3\/2023\/09\/pitje-vode-o-05-1536x1024.jpg 1536w, https:\/\/www.rogaska.si\/de\/wp-content\/uploads\/sites\/3\/2023\/09\/pitje-vode-o-05-2048x1365.jpg 2048w\" sizes=\"auto, (max-width: 1024px) 100vw, 1024px\" \/> <\/picture> <\/div> <div class=\"col-md-6 mt-4 mt-md-0 order-md-first\">\n<h2 class=\"wp-block-hotel-sava-heading-2 display-3\">Vorteile f\u00fcr unsere Gesundheit<\/h2>\n\n\n\n<h3 class=\"wp-block-hotel-sava-heading-3\">Leben Sie ein vielf\u00e4ltiges und langes Leben<\/h3>\n\n\n\n<p>Mit der reichen Tradition der Analyse seiner wohltuenden Wirkungen auf die Gesundheit und mit der langen Tradition von Herrschern und K\u00f6nigen, die die Heilwirkung seiner Mineralien erfahren haben, ist das Mineralwasser von Roga\u0161ka Slatina ein einzigartiges Mittel, um Ihr abwechslungsreiches Leben in Balance zu halten. Das Mineralwasser aus Roga\u0161ka blickt auf eine umfangreiche und lange Geschichte der Analyse seiner gesundheitsf\u00f6rdernden Eigenschaften zur\u00fcck und war eines der ersten Mineralw\u00e4sser der Welt, \u00fcber das eine wissenschaftliche Monografie verfasst wurde. Sie wurde unter dem Titel \u00bbRoitschocrene\u00ab (der lateinische Name f\u00fcr die Roga\u0161ka-Quelle) im Jahr 1685 ver\u00f6ffentlicht; geschrieben hat sie Dr. Johann Benedikt Gr\u00fcnde. Zur Beliebtheit des Mineralwassers, das bereits die Kelten und die R\u00f6mer nutzten, die ihm auch den Namen Roitschocrene gaben, trug Paul de Sorbait, der es am Habsburger Hof einf\u00fchrte, wesentlich bei. Als Graf Petar Zrinski den guten Ruf der gesundheitsf\u00f6rdernden Eigenschaften der Quelle verbreitete, folgte die Nutzung des Mineralwassers auf der ganzen Welt. Im sp\u00e4ten 19. Jahrhundert stand das Wasser aus Roga\u0161ka auf dem dritten Platz unter den meistverkauften W\u00e4ssern der Welt.<\/p>\n<\/div> <\/div> <\/div> <\/section>\n\n\n\n<section class=\"wp-block-hotel-sava-secondary-card\"> <div class=\"container-xxl pt-5\"> <div class=\"bgr-1 row\"> <div class=\"col-md-6  order-md-2 pe-0 ps-0\"> <div> <img loading=\"lazy\" decoding=\"async\" width=\"2500\" height=\"1664\" src=\"https:\/\/www.rogaska.si\/de\/wp-content\/uploads\/sites\/3\/2023\/08\/pitje-roi-voda-01.jpg\" class=\"img-fluid pb-lg-5 ps-lg-5 pt-lg-5 wp-image-925\" srcset=\"https:\/\/www.rogaska.si\/de\/wp-content\/uploads\/sites\/3\/2023\/08\/pitje-roi-voda-01.jpg 2500w, https:\/\/www.rogaska.si\/de\/wp-content\/uploads\/sites\/3\/2023\/08\/pitje-roi-voda-01-300x200.jpg 300w, https:\/\/www.rogaska.si\/de\/wp-content\/uploads\/sites\/3\/2023\/08\/pitje-roi-voda-01-1024x682.jpg 1024w, https:\/\/www.rogaska.si\/de\/wp-content\/uploads\/sites\/3\/2023\/08\/pitje-roi-voda-01-768x511.jpg 768w, https:\/\/www.rogaska.si\/de\/wp-content\/uploads\/sites\/3\/2023\/08\/pitje-roi-voda-01-480x319.jpg 480w, https:\/\/www.rogaska.si\/de\/wp-content\/uploads\/sites\/3\/2023\/08\/pitje-roi-voda-01-640x426.jpg 640w, https:\/\/www.rogaska.si\/de\/wp-content\/uploads\/sites\/3\/2023\/08\/pitje-roi-voda-01-720x479.jpg 720w, https:\/\/www.rogaska.si\/de\/wp-content\/uploads\/sites\/3\/2023\/08\/pitje-roi-voda-01-960x639.jpg 960w, https:\/\/www.rogaska.si\/de\/wp-content\/uploads\/sites\/3\/2023\/08\/pitje-roi-voda-01-1168x777.jpg 1168w, https:\/\/www.rogaska.si\/de\/wp-content\/uploads\/sites\/3\/2023\/08\/pitje-roi-voda-01-1440x958.jpg 1440w, https:\/\/www.rogaska.si\/de\/wp-content\/uploads\/sites\/3\/2023\/08\/pitje-roi-voda-01-1920x1278.jpg 1920w, https:\/\/www.rogaska.si\/de\/wp-content\/uploads\/sites\/3\/2023\/08\/pitje-roi-voda-01-1536x1022.jpg 1536w, https:\/\/www.rogaska.si\/de\/wp-content\/uploads\/sites\/3\/2023\/08\/pitje-roi-voda-01-2048x1363.jpg 2048w\" sizes=\"auto, (max-width: 2500px) 100vw, 2500px\" \/> <\/div>  <\/div> <div class=\"bg-light bgr-1 col-md-6 p-5\"> <div>\n<h3 class=\"wp-block-hotel-sava-heading-3\">Das nat\u00fcrliche Mineralwasser aus Roga\u0161ka<\/h3>\n\n\n\n<p>Das Mineralwasser aus Roga\u0161ka ist anders als alle anderen Mineralw\u00e4sser der Welt. Durch den weltweit h\u00f6chsten Magnesiumgehalt bietet das Wasser zahlreiche Vorteile, allerdings nur, wenn Sie es in Ma\u00dfen genie\u00dfen. Erfahren Sie hier, wie Sie es unter unterschiedlichen Umst\u00e4nden richtig zu sich nehmen. Dieses einzigartige Mineralwasser gew\u00e4hrt viele verschiedene vorteilhafte Einfl\u00fcsse auf Ihre Gesundheit \u2013 je nach Art und Weise, wie Sie es trinken. Wenn Sie das Mineralwasser aus Roga\u0161ka warm und schnell trinken, werden Sie Ihre Verdauung f\u00f6rdern. Wenn Sie es kalt und langsam trinken, werden Sie die erneute Absorption der Mineralien erh\u00f6hen.<\/p>\n\n\n\n<p>Das wichtigste Element des Mineralheilwassers in Roga\u0161ka Slatina ist Magnesium, das im Wasser in seiner urspr\u00fcnglichen Form enthalten ist.<\/p>\n\n\n\n<h4 class=\"wp-block-hotel-sava-heading-4\">Indikationen<\/h4>\n\n\n\n<ul class=\"wp-block-list\">\n<li>Erkrankungen der Nieren, Gallenblase, Bauchspeicheldr\u00fcse<\/li>\n\n\n\n<li>Chronische Gastritis, Meteorismus, Verstopfung<\/li>\n\n\n\n<li>Dickleibigkeit<\/li>\n\n\n\n<li>Diabetes Typ ll, erh\u00f6hter Cholesterinspiegel<\/li>\n\n\n\n<li>erh\u00f6hter Blutdruck<\/li>\n\n\n\n<li>Magnesiummangel<\/li>\n\n\n\n<li>Zust\u00e4nde bei einer erh\u00f6hten physischen oder psychischen Belastung<\/li>\n<\/ul>\n<\/div>  <\/div> <\/div> <\/div> <\/section>\n\n\n\n<section class=\"wp-block-hotel-sava-section-2-col py-5\"> <div class=\"container\"> <div class=\" row\">\n<div class=\"wp-block-hotel-sava-col-md-6 col-md-6\">\n<h3 class=\"wp-block-hotel-sava-heading-3\">Gesundheitsf\u00f6rdernde Wirkung<\/h3>\n\n\n\n<p class=\"wp-block-hotel-sava-lead lead\">Die gesundheitsf\u00f6rdernden Eigenschaften des Mineralwassers aus Roga\u0161ka kann man in zwei Kategorien einteilen:<\/p>\n\n\n\n<h4 class=\"wp-block-hotel-sava-heading-4\">Pr\u00e4ventive gesundheitsf\u00f6rdernde Wirkung<\/h4>\n\n\n\n<p>Das regelm\u00e4\u00dfige Trinken des Heilwassers aus Roga\u0161ka empfehlen wir allen gesunden Menschen, insbesondere jenen mit einem abwechslungsreichen, fordernden Lebensstil, der langfristig unausweichlich seinen Preis in Bezug auf Gesundheit und Wohlbefinden hat.<\/p>\n\n\n\n<p>Aufgrund der modernen Methoden der Nahrungsmittelproduktion, die dem Boden Magnesium entziehen, enth\u00e4lt unser Essen immer weniger von diesem wichtigen Mineral. Au\u00dferdem verursachen fettes und ungesundes Essen, regelm\u00e4\u00dfiger Alkoholkonsum, Rauchen und h\u00e4ufige Stresssituationen einen permanenten Magnesiummangel im K\u00f6rper.<br>Da Magnesium \u00fcberall bei der Regulation des Nerven- und Muskelsystems zugegen ist, stellt das Mineralwasser, das den h\u00f6chsten Magnesiumgehalt aller Mineralw\u00e4sser der Welt hat, eine ideale L\u00f6sung f\u00fcr Ihren abwechslungsreichen Lebensstil dar. Wenn Sie es pr\u00e4ventiv anwenden, garantieren Ihnen drei bis vier Gl\u00e4ser Mineralwasser t\u00e4glich ausreichend Magnesium, sodass Sie Ihr Leben genie\u00dfen k\u00f6nnen, ohne sich Sorgen um Ihre Gesundheit machen zu m\u00fcssen. Das Mineralwasser aus Roga\u0161ka ist auf folgenden Gebieten pr\u00e4ventiv wirksam:<\/p>\n\n\n\n<ul class=\"wp-block-list\">\n<li>Anregung der Verdauung,<\/li>\n\n\n\n<li>St\u00e4rkung der Muskelkontraktion,<\/li>\n\n\n\n<li>Unterst\u00fctzung bei der Vorbeugung von Herzinfarkt,<\/li>\n\n\n\n<li>Beschleunigung der Leberregenerierung,<\/li>\n\n\n\n<li>Senkung von erh\u00f6htem Cholesterinspiegel,<\/li>\n\n\n\n<li>Stoffwechselverbesserung,<\/li>\n\n\n\n<li>Unterst\u00fctzung bei der Stressvermeidung,<\/li>\n\n\n\n<li>Unterst\u00fctzung bei der Vorbeugung der Nierensteinbildung,<\/li>\n\n\n\n<li>Unterst\u00fctzung bei der Vorbeugung von Osteoporose.<\/li>\n<\/ul>\n<\/div>\n\n\n\n<div class=\"wp-block-hotel-sava-col-md-6 col-md-6\">\n<h4 class=\"wp-block-hotel-sava-heading-4\">Kurative gesundheitsf\u00f6rdernde Wirkung<\/h4>\n\n\n\n<p>Das Mineralwasser von Roga\u0161ka Slatina, das unter allen Mineralw\u00e4ssern weltweit den h\u00f6chsten Magnesiumgehalt hat, machen wir uns wegen seiner gesundheitsf\u00f6rdernden Effekte zunutze.<\/p>\n\n\n\n<p>Wenn uns dieses Mineralwasser vom Arzt verordnet wird, k\u00f6nnen wir seine positiven Wirkungen bei folgenden Beschwerden nutzen:<\/p>\n\n\n\n<ul class=\"wp-block-list\">\n<li>Zuckerkrankheit und Verdauungsst\u00f6rungen,<\/li>\n\n\n\n<li>Erkrankungen der Verdauungsorgane,<\/li>\n\n\n\n<li>zur Regulierung des Blutzucker- und Cholesterinspiegels sowie bei Bluthochdruck,<\/li>\n\n\n\n<li>Vorbeugung und Beseitigung von Verstopfung,<\/li>\n\n\n\n<li>Heilung von Sodbrennen,<\/li>\n\n\n\n<li>Heilung einer \u00fcberm\u00e4\u00dfigen Produktion von Magens\u00e4ure,<\/li>\n\n\n\n<li>Beseitigung von Muskelkr\u00e4mpfen,<\/li>\n\n\n\n<li>Beseitigung von Kopfschmerzen.<\/li>\n<\/ul>\n\n\n\n<p class=\"has-light-background-color has-background\">Die notwendige Menge an Magnesium in unserem K\u00f6rper ist genau festgelegt. Wenn es in den Zellen zu einem Magnesiummangel kommt, beginnt der Organismus, die fehlende Menge aus den eigenen Reserven zu ersetzen \u2013 aus den Knochen und aus der Leber. Das Mineralwasser aus Roga\u0161ka ist deshalb auch zur Erzielung heilsamer Effekte ein unsch\u00e4tzbares Mittel.<\/p>\n<\/div>\n<\/div> <\/div> <\/section>\n","protected":false},"excerpt":{"rendered":"","protected":false},"author":1,"featured_media":0,"parent":0,"menu_order":0,"comment_status":"closed","ping_status":"closed","template":"","meta":{"_acf_changed":false,"footnotes":""},"class_list":["post-359","page","type-page","status-publish","hentry"],"acf":[],"publishpress_future_workflow_manual_trigger":{"enabledWorkflows":[]},"_links":{"self":[{"href":"https:\/\/www.rogaska.si\/de\/wp-json\/wp\/v2\/pages\/359","targetHints":{"allow":["GET"]}}],"collection":[{"href":"https:\/\/www.rogaska.si\/de\/wp-json\/wp\/v2\/pages"}],"about":[{"href":"https:\/\/www.rogaska.si\/de\/wp-json\/wp\/v2\/types\/page"}],"author":[{"embeddable":true,"href":"https:\/\/www.rogaska.si\/de\/wp-json\/wp\/v2\/users\/1"}],"replies":[{"embeddable":true,"href":"https:\/\/www.rogaska.si\/de\/wp-json\/wp\/v2\/comments?post=359"}],"version-history":[{"count":3,"href":"https:\/\/www.rogaska.si\/de\/wp-json\/wp\/v2\/pages\/359\/revisions"}],"predecessor-version":[{"id":2126,"href":"https:\/\/www.rogaska.si\/de\/wp-json\/wp\/v2\/pages\/359\/revisions\/2126"}],"wp:attachment":[{"href":"https:\/\/www.rogaska.si\/de\/wp-json\/wp\/v2\/media?parent=359"}],"curies":[{"name":"wp","href":"https:\/\/api.w.org\/{rel}","templated":true}]}}