{"id":2057,"date":"2024-01-17T22:48:50","date_gmt":"2024-01-17T21:48:50","guid":{"rendered":"https:\/\/www.rogaska.si\/de\/?page_id=2057"},"modified":"2026-02-05T14:51:27","modified_gmt":"2026-02-05T13:51:27","slug":"allgemeine-geschaeftsbedingungen","status":"publish","type":"page","link":"https:\/\/www.rogaska.si\/de\/allgemeine-geschaeftsbedingungen\/","title":{"rendered":"Allgemeine Gesch\u00e4ftsbedingungen"},"content":{"rendered":"<section class=\"py-5 wp-block-hotel-sava-support-page\">\n  <div class=\"container\">\n    <div class=\"d-md-block d-none mt-5 pt-5 row\">\n      <div>\n                                                                                                          <nav aria-label=\"breadcrumb\">\n              <ol class=\"breadcrumb\">\n                                <li class=\"breadcrumb-item\"><a href=\"https:\/\/www.rogaska.si\/de\">Startseite<\/a>\n                <\/li>\n                                                <li class=\"breadcrumb-item active\" aria-current=\"page\">\n                  Home                <\/li>\n              <\/ol>\n            <\/nav>\n                                                                                                                              <\/div>\n    <\/div>\n    <div class=\"row\">\n      <div>\n        <h1 class=\"display-4 text-center\">Allgemeine Gesch\u00e4ftsbedingungen<\/h1>\n      <\/div>\n    <\/div>\n    <div class=\"mt-5 row\">\n        <div class=\"col-lg-10 col-md-11 me-auto ms-auto\" >\n        \n\n<h3 class=\"wp-block-hotel-sava-heading-3\">Best\u00e4tigung einer Reservierung<\/h3>\n\n\n\n<p>Zur Best\u00e4tigung der Reservierung ist <strong>eine Anzahlung in H\u00f6he von 30 % des Gesamtbetrags<\/strong> der Reservierung erforderlich. Die Anzahlung kann auf eine der folgenden Arten geleistet werden:<\/p>\n\n\n\n<ul class=\"wp-block-list\">\n<li><strong>\u00dcberweisung auf das Bankkonto des Hotels <\/strong>bis zum vereinbarten G\u00fcltigkeitsdatum des Angebots <\/li>\n<\/ul>\n\n\n\n<p>oder<\/p>\n\n\n\n<ul class=\"wp-block-list\">\n<li><strong>Autorisierung einer g\u00fcltigen Kreditkarte in H\u00f6he von 30 %<\/strong> des Reservierungswertes.<\/li>\n<\/ul>\n\n\n\n<p>Die Anweisungen zur sicheren \u00dcbermittlung der Kreditkartendaten oder die Zahlungsinformationen erhalten Sie bei Best\u00e4tigung des Angebots.<\/p>\n\n\n\n<p>Im Falle einer \u00dcberweisung wird <strong>die geleistete Anzahlung nicht r\u00fcckerstattet<\/strong>. Bei einer Stornierung der Reservierung stellen wir gem\u00e4\u00df den Stornobedingungen<strong> einen Wertgutschein in H\u00f6he der geleisteten Anzahlung aus<\/strong>.<\/p>\n\n\n\n<p>Im Falle einer Kreditkartenautorisierung wird das Hotel die Karte ausschlie\u00dflich gem\u00e4\u00df den <strong>unten angef\u00fchrten Stornobedingungen belasten<\/strong>.<\/p>\n\n\n\n<h3 class=\"wp-block-hotel-sava-heading-3\">Stornobedingungen<\/h3>\n\n\n\n<ul class=\"wp-block-list\">\n<li>Stornierung der Reservierung bis 7 Tage vor Anreise kostenfrei oder Ausstellung eines Vouchers bei Vorauszahlung.<\/li>\n\n\n\n<li>Stornierung 7 bis 1 Tag vor Anreise \u2013 30 % des Reservierungswertes.<\/li>\n\n\n\n<li>Stornierung 1 Tag vor Anreise oder Nichtanreise \u2013 50 % des Reservierungswertes.<\/li>\n\n\n\n<li>Bei vorzeitiger Abreise wird der volle Preis (100 %) berechnet, au\u00dfer im Falle h\u00f6herer Gewalt.<\/li>\n\n\n\n<li>Eingriffe im Zentrum ROI medico &amp; spa m\u00fcssen mindestens 24 Stunden vor dem vereinbarten Termin abgesagt werden, andernfalls werden 50 % des Eingriffspreises berechnet.<\/li>\n\n\n\n<li>Die Stornierung eines gebuchten Transfers ist bis 24 Stunden vor der geplanten Abfahrt kostenlos; bei sp\u00e4terer Stornierung oder Nichterscheinen werden 100 % des Transferpreises berechnet.<\/li>\n<\/ul>\n\n\n\n<h3 class=\"wp-block-hotel-sava-heading-3\">Zahlung f\u00fcr Dienstleistungen<\/h3>\n\n\n\n<ul class=\"wp-block-list\">\n<li>Sie bezahlen den gesamten Betrag am Anreisetag an der Hotelrezeption oder sichern die Zahlung per Kreditkarte.<\/li>\n\n\n\n<li>Dienstleistungen k\u00f6nnen bar in EUR oder mit Mastercard-, Visa- und Diners-Bankkarten bezahlt werden.<\/li>\n\n\n\n<li>Wir erstatten keine Zahlungen \u2013 wir stellen einen Gutschein aus, den Sie bei Ihrem n\u00e4chsten Besuch einl\u00f6sen k\u00f6nnen.<\/li>\n<\/ul>\n\n\n\n<h3 class=\"wp-block-hotel-sava-heading-3\">Obligatorische Zus\u00e4tzliche Geb\u00fchren<\/h3>\n\n\n\n<ul class=\"wp-block-list\">\n<li>Kurtaxe: 3 EUR pro Person und Nacht.<\/li>\n\n\n\n<li>Anmeldegeb\u00fchr: 3 EUR pro Person.<\/li>\n<\/ul>\n\n\n\n<h3 class=\"wp-block-hotel-sava-heading-3\">Unterkunft in Hotelzimmern<\/h3>\n\n\n\n<ul class=\"wp-block-list\">\n<li>Anreise: ab 14:00 Uhr<\/li>\n\n\n\n<li>Abreise: bis 11 Uhr<\/li>\n\n\n\n<li>Die Nutzung der inkludierten Hotelleistungen ist vom Check-in bis zum Check-out m\u00f6glich.<\/li>\n\n\n\n<li>Bei vorzeitiger Anreise (Unterkunft vor 14:00 Uhr) werden 60 EUR\/Zimmer berechnet bzw 160 EUR\/Suite.<\/li>\n\n\n\n<li>Eine Verl\u00e4ngerung des Aufenthalts am Abreisetag ist nach vorheriger Absprache und je nach Kapazit\u00e4tsverf\u00fcgbarkeit m\u00f6glich. Der Aufpreis f\u00fcr einen sp\u00e4ten Check-out (bis 18:00 Uhr) betr\u00e4gt EUR 60,- bzw 160 EUR in Suiten.<\/li>\n\n\n\n<li>Am Abreisetag ist die Hotelkarte bis 11.00 Uhr g\u00fcltig, danach ist der Zutritt zum Zimmer nicht mehr m\u00f6glich. Bei Verlust oder Besch\u00e4digung der Karte werden 10 EUR berechnet.<\/li>\n<\/ul>\n\n\n\n<h3 class=\"wp-block-hotel-sava-heading-3\">Unterkunft in einem Hotel<\/h3>\n\n\n\n<ul class=\"wp-block-list\">\n<li>Die Halbpension beinhaltet ein Fr\u00fchst\u00fccksbuffet (8:00\u201310:00 Uhr) und Abendessen (18:00\u201320:00 Uhr) im Restaurant Kristal.<\/li>\n\n\n\n<li>Das Hotel verf\u00fcgt \u00fcber eine kostenlose WLAN-Verbindung in allen Zimmern der Anlage.<\/li>\n\n\n\n<li>F\u00fcr Hotelg\u00e4ste ist das Parken im Freien in der N\u00e4he des Hotels im Preis inbegriffen.<\/li>\n\n\n\n<li>Haustiere: Unterbringung im ersten Stock (Premium oder Superior) m\u00f6glich, Aufpreis 25 EUR\/Tag.<\/li>\n\n\n\n<li>Ein Zustellbett und ein Kinderbett im Zimmer k\u00f6nnen nach vorheriger Ank\u00fcndigung und nur in bestimmten Zimmerkategorien bereitgestellt werden. Die Kosten f\u00fcr die Anmietung eines Kinderbetts betragen EUR 15 pro Tag.<\/li>\n\n\n\n<li>Kinder bis 5 Jahre \u00fcbernachten kostenlos. Von 5 bis 12 Jahren erhalten Sie 30 % Rabatt auf den Preis der gew\u00e4hlten Zimmerkategorie. Kinder ab 12 Jahren zahlen den vollen \u00dcbernachtungspreis.<\/li>\n\n\n\n<li>Wir organisieren den Transport von Flugh\u00e4fen, Bahn- und Busbahnh\u00f6fen und anderen St\u00e4dten zum Hotel und zur\u00fcck.<\/li>\n<\/ul>\n\n\n\n<p>Wir behalten uns das Recht vor, Reservierungen, Programm und Preise zu \u00e4ndern.<\/p>\n\n      <\/div>\n    <\/div>\n  <\/div>\n<\/section>","protected":false},"excerpt":{"rendered":"","protected":false},"author":1,"featured_media":0,"parent":0,"menu_order":0,"comment_status":"closed","ping_status":"closed","template":"","meta":{"_acf_changed":false,"footnotes":""},"class_list":["post-2057","page","type-page","status-publish","hentry"],"acf":[],"publishpress_future_workflow_manual_trigger":{"enabledWorkflows":[]},"_links":{"self":[{"href":"https:\/\/www.rogaska.si\/de\/wp-json\/wp\/v2\/pages\/2057","targetHints":{"allow":["GET"]}}],"collection":[{"href":"https:\/\/www.rogaska.si\/de\/wp-json\/wp\/v2\/pages"}],"about":[{"href":"https:\/\/www.rogaska.si\/de\/wp-json\/wp\/v2\/types\/page"}],"author":[{"embeddable":true,"href":"https:\/\/www.rogaska.si\/de\/wp-json\/wp\/v2\/users\/1"}],"replies":[{"embeddable":true,"href":"https:\/\/www.rogaska.si\/de\/wp-json\/wp\/v2\/comments?post=2057"}],"version-history":[{"count":2,"href":"https:\/\/www.rogaska.si\/de\/wp-json\/wp\/v2\/pages\/2057\/revisions"}],"predecessor-version":[{"id":2762,"href":"https:\/\/www.rogaska.si\/de\/wp-json\/wp\/v2\/pages\/2057\/revisions\/2762"}],"wp:attachment":[{"href":"https:\/\/www.rogaska.si\/de\/wp-json\/wp\/v2\/media?parent=2057"}],"curies":[{"name":"wp","href":"https:\/\/api.w.org\/{rel}","templated":true}]}}