{"id":2046,"date":"2024-01-09T15:57:31","date_gmt":"2024-01-09T14:57:31","guid":{"rendered":"https:\/\/www.rogaska.si\/de\/?page_id=2046"},"modified":"2024-01-09T15:57:57","modified_gmt":"2024-01-09T14:57:57","slug":"allgemeine-geschaeftsbedingungen-fuer-die-sava-club-karte","status":"publish","type":"page","link":"https:\/\/www.rogaska.si\/de\/sava-club-loyalty-program\/allgemeine-geschaeftsbedingungen-fuer-die-sava-club-karte\/","title":{"rendered":"Allgemeine Gesch\u00e4ftsbedingungen f\u00fcr die Sava-Club-Karte"},"content":{"rendered":"<section class=\"py-5 wp-block-hotel-sava-support-page\">\n  <div class=\"container\">\n    <div class=\"d-md-block d-none mt-5 pt-5 row\">\n      <div>\n                                                                                                          <nav aria-label=\"breadcrumb\">\n              <ol class=\"breadcrumb\">\n                                <li class=\"breadcrumb-item\"><a href=\"https:\/\/www.rogaska.si\/de\">Startseite<\/a>\n                <\/li>\n                                                <li class=\"breadcrumb-item active\" aria-current=\"page\">\n                  Sava Club Treueprogramm                <\/li>\n              <\/ol>\n            <\/nav>\n                                                                                                                              <\/div>\n    <\/div>\n    <div class=\"row\">\n      <div>\n        <h1 class=\"display-4 text-center\">Allgemeine Gesch\u00e4ftsbedingungen f\u00fcr die Sava-Club-Karte<\/h1>\n      <\/div>\n    <\/div>\n    <div class=\"mt-5 row\">\n        <div class=\"col-lg-10 col-md-11 me-auto ms-auto\" >\n        \n\n<p><strong>Kartenausstellung: <\/strong>Der Aussteller der Karte SAVA CLUB ist die Gesellschaft Hotel Sava Roga\u0161ka, d.o.o., Zdravili\u0161ki trg 6, 3250 Roga\u0161ka Slatina.<\/p>\n\n\n\n<p>Die Karte k\u00f6nnen nat\u00fcrliche Personen \u00fcber 15 Jahre erhalten, die das Formular zur Kartenausgabe ordnungsgem\u00e4\u00df ausf\u00fcllen. Die Kartenausstellung f\u00fcr juristische Personen ist nicht m\u00f6glich. Die Karte kann nur von ihrem Inhaber genutzt werden, sie ist nicht \u00fcbertragbar. Die Karte kann kostenlos durch Abgabe eines schriftlichen Antrags an der Rezeption des Grand Hotel Sava****sup in Roga\u0161ka Slatina oder auf der Website www.rogaska.si erlangt werden.<\/p>\n\n\n\n<p><strong>Nutzung: <\/strong>Der Karteninhaber kann durch Vorlage der Karte Verg\u00fcnstigungen und Erm\u00e4\u00dfigungen erlangen, die ihm f\u00fcr einen bestimmten Zeitraum und f\u00fcr bestimmte Leistungen zustehen. Der Karteninhaber erh\u00e4lt bei jedem Kauf in der Hotel Sava Roga\u0161ka, d.o.o. im Wert von mindestens einem Euro unter Vorlage der Karte an der Kasse und nach erfolgreicher Zahlung eine bestimmte Punktezahl, die ihm Verg\u00fcnstigungen bringt (die Punkte sammeln sich beim Kauf von Leistungen aus der regul\u00e4ren Preisliste f\u00fcr Gastronomie-, Wellness- und Unterkunftsleistungen). Das Punktesammeln und die Nutzung von Verg\u00fcnstigungen sind nur unter Vorlage der Karte m\u00f6glich. Die Anzahl erhaltener Punkte ist vom Einkaufswert abh\u00e4ngig, und zwar erh\u00e4lt der Karteninhaber f\u00fcr jeden ganzen Euro des Kaufs einen Punkt. Die erhaltenen Punkte werden ins Kartensystem eingetragen, und die Verg\u00fcnstigungen werden am Ende des Bonifikationszeitraums zugeteilt. Verg\u00fcnstigungen im Rahmen des elektronischen Bons k\u00f6nnen beim n\u00e4chsten Kauf bis zum Ablauf des Bonifikationszeitraums genutzt werden. Die Verg\u00fcnstigungen, zu denen der Karteninhaber berechtigt ist, sind abh\u00e4ngig von der auf der Karte angesammelten Punktezahl. Die pers\u00f6nlichen Verg\u00fcnstigungen und die Punktezahl, die f\u00fcr deren Erhalt n\u00f6tig ist, werden in der Sava-Club-Brosch\u00fcre und auf der Website www.rogaska.si ver\u00f6ffentlicht.<\/p>\n\n\n\n<p>Am Ende jedes Bonifikationszeitraums erhalten die Karteninhaber den Punktestand nach bestimmten Kriterien und einen elektronischen Wertgutschein (Bonifikation in einer bestimmten H\u00f6he, geladen auf der Karte), den die Empf\u00e4nger im n\u00e4chsten Bonifikationszeitraum nutzen k\u00f6nnen. Der Betrag des Kaufs mit Bon muss h\u00f6her sein als der Wert des Bons. Der Wert des Bons z\u00e4hlt nicht zur Summe der K\u00e4ufe im n\u00e4chsten Bonifikationszeitraum. Die angesammelten Punkte werden nur bei den Mitgliedern, die nicht gen\u00fcgend Punkte gesammelt haben, um f\u00fcr eine Belohnung berechtigt zu sein, auf den n\u00e4chsten Bonifikationszeitraum \u00fcbertragen. Die Punkte\u00fcbertragung ist nur einmal m\u00f6glich. In dem Fall, dass das Mitglied auch bis zum Ende des zweiten Bonifikationszeitraums nicht gen\u00fcgend Punkte gesammelt hat, um f\u00fcr eine Belohnung in Form eines Bons berechtigt zu sein, verf\u00e4llt die Anzahl der gesammelten Punkte. Bei allen anderen geht die Punktezahl sofort nach Ausgabe des Geschenk-Gutscheins auf 0 zur\u00fcck. Die Gesamtzahl der gesammelten Punkte steht bei jedem Kauf auf dem Kaufbeleg. Der Karteninhaber hat die M\u00f6glichkeit, seinen Punktestand auch auf der Website www.rogaska.si zu \u00fcberpr\u00fcfen. Die Verg\u00fcnstigungen k\u00f6nnen vor Zahlungsausf\u00fchrung unter Vorlage der Karte und auf Basis der erhaltenen Bons genutzt werden. Eine Barauszahlung der Verg\u00fcnstigungen auf der Karte ist nicht m\u00f6glich. Bonifikationszeitr\u00e4ume: vom 01.01. bis zum 30.06. und vom 01.07. bis zum 31.12. Die Verg\u00fcnstigungen, zu denen der Karteninhaber berechtigt ist, k\u00f6nnen ausschlie\u00dflich in der Hotel Sava Roga\u0161ka, d.o.o. genutzt werden.<\/p>\n\n\n\n<p>Sava Club Rabatt auf Wellnessleistungen wird nur f\u00fcr Einzelleistungen gem\u00e4\u00df der jeweils g\u00fcltigen Preisliste anerkannt.<\/p>\n\n\n\n<p><strong>Vorgehen bei Kartenverlust: <\/strong>Im Fall des Verlusts oder der Besch\u00e4digung der Karte ist der Ersatz bei Vorlage irgendeines offiziellen Bilddokuments und eines ausgef\u00fcllten Formulars zur Ausgabe einer neuen Karte m\u00f6glich. Der Inhaber zahlt f\u00fcr die Ausgabe der neuen Karte den Betrag f\u00fcr die Ausgabe einer neuen Karte.<\/p>\n\n\n\n<p><strong>K\u00fcndigung: <\/strong>Die Karte wird auf unbefristete Zeit ausgestellt, der Inhaber kann jedoch jederzeit und ohne Angabe von Gr\u00fcnden die Karte schriftlich k\u00fcndigen. Die Kartenk\u00fcndigung muss per Einschreiben erfolgen, und zusammen mit der schriftlichen K\u00fcndigung muss auch die Karte zur\u00fcckgegeben werden. Die K\u00fcndigung gilt ab dem Zeitpunkt, zu dem die Hotel Sava Roga\u0161ka, d.o.o. die schriftliche K\u00fcndigung und die Karte erhalten hat. Die Hotel Sava Roga\u0161ka, d.o.o. kann die Karte jederzeit und ohne Angabe von Gr\u00fcnden schriftlich auf dem normalen Postweg k\u00fcndigen. Wenn die Hotel Sava Roga\u0161ka, d.o.o. die Karte k\u00fcndigt, ist der Inhaber dazu berechtigt, alle Verg\u00fcnstigungen wahrzunehmen, die er bis zum Zeitpunkt der schriftlichen K\u00fcndigung angesammelt hat.<\/p>\n\n\n\n<p><strong>Adresse f\u00fcr den Postempfang: <\/strong>Der Karteninhaber verpflichtet sich, die Hotel Sava Roga\u0161ka, d.o.o. unverz\u00fcglich \u00fcber etwaige \u00c4nderungen der Adresse, des Namens oder anderer Daten, die f\u00fcr den Gebrauch der Karte wichtig sind, zu informieren.<\/p>\n\n\n\n<p><strong>\u00c4nderungen der allgemeinen Gesch\u00e4ftsbedingungen: <\/strong>Die Hotel Sava Roga\u0161ka, d.o.o. beh\u00e4lt sich das Recht vor, die Gesch\u00e4ftsbedingungen und \u00fcbrige Verg\u00fcnstigungen zu \u00e4ndern, und zwar ohne ausdr\u00fcckliche schriftliche Benachrichtigung der Karteninhaber. Die Gesch\u00e4ftsbedingungen sind auf der Website unter <a href=\"https:\/\/www.rogaska.si\/de\/sava-club-loyalty-program\/allgemeine-geschaeftsbedingungen-fuer-die-sava-club-karte\/\">https:\/\/www.rogaska.si\/de\/sava-club-loyalty-program\/allgemeine-geschaeftsbedingungen-fuer-die-sava-club-karte\/<\/a>.<\/p>\n\n\n\n<p><strong>Schutz von Personendaten: <\/strong>Mit der Angabe seiner Personendaten bei der schriftlichen Beitrittserkl\u00e4rung und mit dem Unterzeichnen der Erkl\u00e4rung oder mit der Best\u00e4tigung des Online-Formulars, die sich auf die Zustimmung zur Nutzung der Personendaten bezieht, gibt der Karteninhaber seine pers\u00f6nliche Einwilligung und Zustimmung ab, dass alle Personendaten, die sich auf der Karte befinden oder im Rahmen der Kartennutzung bekannt sind oder bekannt werden, vonseiten der datenverarbeitenden Stelle, das ist die Gesellschaft Hotel Sava Roga\u0161ka, d.o.o., Zdravili\u0161ki trg 6, 3250 Roga\u0161ka Slatina, erhoben, gesammelt, gef\u00fchrt, genutzt, verarbeitet und gespeichert werden k\u00f6nnen, und zwar zum Zwecke der Ausf\u00fchrung von Marketing-Leistungen, Promotionsaktivit\u00e4ten, einschlie\u00dflich des Direktmarketings und der Ausf\u00fchrung von Analysen der Kartennutzung und Analysen der Einkaufsgewohnheiten der einzelnen Personen. Der Karteninhaber gibt damit auch seine Zustimmung und Einwilligung dazu, dass vonseiten der datenverarbeitenden Stelle zum Zwecke des Direktmarketings alle personenbezogenen Daten genutzt werden k\u00f6nnen, die sich auf ihr befinden und im Rahmen der Kartennutzung bekannt sind oder bekannt werden, au\u00dfer den sensiblen personenbezogenen Daten. Die personenbezogenen Daten werden auf dem Gebiet der EU und der Staaten der ehemaligen Sowjetunion verarbeitet. Jeder Karteninhaber kann durch einen schriftlichen Antrag, der an die Anschrift der datenverarbeitenden Stelle oder per E-Mail an die Adresse info@rogaska.si zu senden ist, jederzeit und ohne Begr\u00fcndung verlangen, dass die datenverarbeitende Stelle dauerhaft oder vor\u00fcbergehend die Nutzung seiner personenbezogenen Daten und seiner Daten \u00fcber get\u00e4tigte K\u00e4ufe beendet. In diesem Fall wird die datenverarbeitende Stelle innerhalb von 15 Tagen nach dem Erhalt der Forderung die Nutzung der personenbezogenen Daten und Daten \u00fcber get\u00e4tigte K\u00e4ufe zu den genannten Zwecken unterbinden und innerhalb der folgenden f\u00fcnf Tage den Karteninhaber, der dies beantragt hat, dar\u00fcber in Kenntnis setzen. Geltendes Recht: Die rechtlichen Beziehungen zwischen der Hotel Sava Roga\u0161ka, d.o.o. und dem Karteninhaber unterliegen slowenischem Recht.<\/p>\n\n      <\/div>\n    <\/div>\n  <\/div>\n<\/section>","protected":false},"excerpt":{"rendered":"","protected":false},"author":1,"featured_media":0,"parent":1581,"menu_order":0,"comment_status":"closed","ping_status":"closed","template":"","meta":{"_acf_changed":false,"footnotes":""},"class_list":["post-2046","page","type-page","status-publish","hentry"],"acf":[],"publishpress_future_workflow_manual_trigger":{"enabledWorkflows":[]},"_links":{"self":[{"href":"https:\/\/www.rogaska.si\/de\/wp-json\/wp\/v2\/pages\/2046","targetHints":{"allow":["GET"]}}],"collection":[{"href":"https:\/\/www.rogaska.si\/de\/wp-json\/wp\/v2\/pages"}],"about":[{"href":"https:\/\/www.rogaska.si\/de\/wp-json\/wp\/v2\/types\/page"}],"author":[{"embeddable":true,"href":"https:\/\/www.rogaska.si\/de\/wp-json\/wp\/v2\/users\/1"}],"replies":[{"embeddable":true,"href":"https:\/\/www.rogaska.si\/de\/wp-json\/wp\/v2\/comments?post=2046"}],"version-history":[{"count":2,"href":"https:\/\/www.rogaska.si\/de\/wp-json\/wp\/v2\/pages\/2046\/revisions"}],"predecessor-version":[{"id":2048,"href":"https:\/\/www.rogaska.si\/de\/wp-json\/wp\/v2\/pages\/2046\/revisions\/2048"}],"up":[{"embeddable":true,"href":"https:\/\/www.rogaska.si\/de\/wp-json\/wp\/v2\/pages\/1581"}],"wp:attachment":[{"href":"https:\/\/www.rogaska.si\/de\/wp-json\/wp\/v2\/media?parent=2046"}],"curies":[{"name":"wp","href":"https:\/\/api.w.org\/{rel}","templated":true}]}}