{"id":1958,"date":"2023-12-19T18:20:54","date_gmt":"2023-12-19T17:20:54","guid":{"rendered":"https:\/\/www.rogaska.si\/de\/?page_id=1958"},"modified":"2023-12-19T18:22:06","modified_gmt":"2023-12-19T17:22:06","slug":"shop","status":"publish","type":"page","link":"https:\/\/www.rogaska.si\/de\/shop\/","title":{"rendered":"Geschenk-Gutscheine"},"content":{"rendered":"\n<p class=\"wp-block-hotel-sava-lead lead\">Wenn uns jemand viel bedeutet, g\u00f6nnen wir ihm nur das Beste. Und was k\u00f6nnte in diesen Zeiten voller Hektik und Stress besser sein als Verw\u00f6hnung f\u00fcr K\u00f6rper und Geist? Verschenken Sie Verw\u00f6hnung in unber\u00fchrter Natur, mit Komfort, im Wellnessbereich und mit kulinarischen Gen\u00fcssen. Die besten Geschenke kommen vom Herzen.<\/p>\n","protected":false},"excerpt":{"rendered":"","protected":false},"author":1,"featured_media":0,"parent":0,"menu_order":0,"comment_status":"closed","ping_status":"closed","template":"","meta":{"_acf_changed":false,"footnotes":""},"class_list":["post-1958","page","type-page","status-publish","hentry"],"acf":[],"publishpress_future_workflow_manual_trigger":{"enabledWorkflows":[]},"_links":{"self":[{"href":"https:\/\/www.rogaska.si\/de\/wp-json\/wp\/v2\/pages\/1958","targetHints":{"allow":["GET"]}}],"collection":[{"href":"https:\/\/www.rogaska.si\/de\/wp-json\/wp\/v2\/pages"}],"about":[{"href":"https:\/\/www.rogaska.si\/de\/wp-json\/wp\/v2\/types\/page"}],"author":[{"embeddable":true,"href":"https:\/\/www.rogaska.si\/de\/wp-json\/wp\/v2\/users\/1"}],"replies":[{"embeddable":true,"href":"https:\/\/www.rogaska.si\/de\/wp-json\/wp\/v2\/comments?post=1958"}],"version-history":[{"count":2,"href":"https:\/\/www.rogaska.si\/de\/wp-json\/wp\/v2\/pages\/1958\/revisions"}],"predecessor-version":[{"id":1962,"href":"https:\/\/www.rogaska.si\/de\/wp-json\/wp\/v2\/pages\/1958\/revisions\/1962"}],"wp:attachment":[{"href":"https:\/\/www.rogaska.si\/de\/wp-json\/wp\/v2\/media?parent=1958"}],"curies":[{"name":"wp","href":"https:\/\/api.w.org\/{rel}","templated":true}]}}