{"id":1581,"date":"2023-11-26T21:23:38","date_gmt":"2023-11-26T20:23:38","guid":{"rendered":"https:\/\/www.rogaska.si\/de\/?page_id=1581"},"modified":"2024-01-09T15:58:41","modified_gmt":"2024-01-09T14:58:41","slug":"sava-club-loyalty-program","status":"publish","type":"page","link":"https:\/\/www.rogaska.si\/de\/sava-club-loyalty-program\/","title":{"rendered":"Sava Club Treueprogramm"},"content":{"rendered":"<section class=\"py-5 wp-block-hotel-sava-hero-secondary\">\n  <div class=\"container\">\n    <div class=\"d-md-block d-none mt-5 pt-5 row\">\n      <div>\n                                                                                                          <nav aria-label=\"breadcrumb\">\n              <ol class=\"breadcrumb\">\n                                <li class=\"breadcrumb-item\"><a href=\"https:\/\/www.rogaska.si\/de\">Startseite<\/a>\n                <\/li>\n                                                <li class=\"breadcrumb-item active\" aria-current=\"page\">\n                  Home                <\/li>\n              <\/ol>\n            <\/nav>\n                                                                                                                              <\/div>\n    <\/div>\n    <div class=\"row\">\n      <div>\n        <h1 class=\"display-4 text-center\">Sava Club Treueprogramm<\/h1>\n      <\/div>\n    <\/div>\n    <div class=\"mt-5 row\">\n      <div class=\"col-lg-10 col-md-11 me-auto ms-auto\">\n        <div class=\"image-wrapper__fit\">\n          <picture>\n                          <img loading=\"lazy\" decoding=\"async\" width=\"2200\" height=\"1414\" src=\"https:\/\/www.rogaska.si\/de\/wp-content\/uploads\/sites\/3\/2024\/01\/club-sava-card-1a-2200x1414.jpg\" class=\"wp-image-2044 image__fit\" alt=\"\" srcset=\"https:\/\/www.rogaska.si\/de\/wp-content\/uploads\/sites\/3\/2024\/01\/club-sava-card-1a-2200x1414.jpg 2200w, https:\/\/www.rogaska.si\/de\/wp-content\/uploads\/sites\/3\/2024\/01\/club-sava-card-1a-300x193.jpg 300w, https:\/\/www.rogaska.si\/de\/wp-content\/uploads\/sites\/3\/2024\/01\/club-sava-card-1a-1024x658.jpg 1024w, https:\/\/www.rogaska.si\/de\/wp-content\/uploads\/sites\/3\/2024\/01\/club-sava-card-1a-768x494.jpg 768w, https:\/\/www.rogaska.si\/de\/wp-content\/uploads\/sites\/3\/2024\/01\/club-sava-card-1a-480x309.jpg 480w, https:\/\/www.rogaska.si\/de\/wp-content\/uploads\/sites\/3\/2024\/01\/club-sava-card-1a-640x411.jpg 640w, https:\/\/www.rogaska.si\/de\/wp-content\/uploads\/sites\/3\/2024\/01\/club-sava-card-1a-720x463.jpg 720w, https:\/\/www.rogaska.si\/de\/wp-content\/uploads\/sites\/3\/2024\/01\/club-sava-card-1a-960x617.jpg 960w, https:\/\/www.rogaska.si\/de\/wp-content\/uploads\/sites\/3\/2024\/01\/club-sava-card-1a-1168x751.jpg 1168w, https:\/\/www.rogaska.si\/de\/wp-content\/uploads\/sites\/3\/2024\/01\/club-sava-card-1a-1440x926.jpg 1440w, https:\/\/www.rogaska.si\/de\/wp-content\/uploads\/sites\/3\/2024\/01\/club-sava-card-1a-1920x1234.jpg 1920w, https:\/\/www.rogaska.si\/de\/wp-content\/uploads\/sites\/3\/2024\/01\/club-sava-card-1a-1536x987.jpg 1536w, https:\/\/www.rogaska.si\/de\/wp-content\/uploads\/sites\/3\/2024\/01\/club-sava-card-1a-2048x1316.jpg 2048w\" sizes=\"auto, (max-width: 2200px) 100vw, 2200px\" \/>\n                                  <\/picture>\n        <\/div>\n      <\/div>\n    <\/div>\n  <\/div>\n<\/section>\n\n\n<section class=\"wp-block-hotel-sava-col-md-8 py-5\"> <div class=\"container\"> <div class=\"row\"> <div class=\"col-md-8 me-auto ms-auto\">\n<p class=\"wp-block-hotel-sava-lead lead fs-3\">Wir m\u00f6chten Ihr Vertrauen und Ihre Treue belohnen. Daher haben wir ein Club-Konzept gestaltet, in dessen Rahmen wir Sie bereits bei Ihrem ersten Besuch mit attraktiven Verg\u00fcnstigungen motivieren m\u00f6chten, sich \u00f6fter etwas Gutes zu g\u00f6nnen.<\/p>\n\n\n\n<a href=\"https:\/\/www.fidelityhotel.net\/sava\/login.aspx?card=SAVAEU&amp;language=GER\" target=\"_blank\" rel=\"noopener\" class=\"wp-block-hotel-sava-sava-button me-3\"><button type=\"button\" class=\"btn link-dark mt-3 rounded-0 text-white  btn-info\">ANMELDUNG<\/button><\/a>\n\n\n\n<a href=\"https:\/\/www.rogaska.si\/de\/sava-club-loyalty-program\/allgemeine-geschaeftsbedingungen-fuer-die-sava-club-karte\/\" class=\"wp-block-hotel-sava-sava-button me-3\"><button type=\"button\" class=\"btn link-dark mt-3 rounded-0 text-white  btn-primary\">BEDINGUNGEN<\/button><\/a>\n\n\n\n<a href=\"https:\/\/www.fidelityhotel.net\/sava\/register\/start.aspx?card=SAVAEU&amp;language=GER\" target=\"_blank\" rel=\"noopener\" class=\"wp-block-hotel-sava-sava-button\"><button type=\"button\" class=\"btn link-dark mt-3 rounded-0 text-white  btn-secondary\">BEWERBUNGSFORMULAR<\/button><\/a>\n\n\n\n<h3 class=\"wp-block-hotel-sava-heading-3  mt-4\">Wie k\u00f6nnen Sie Mitglied werden?<\/h3>\n\n\n\n<p>Mitglied werden kann jeder, dem ein gesunder Lebensstil wichtig ist, der sich um seine Gesundheit k\u00fcmmert und der regelm\u00e4\u00dfig das breite Leistungsangebot der Hotel Sava Roga\u0161ka d.o.o. und die Leistungen des Sava Club nutzen m\u00f6chte.<br>Treuekarte und Mitgliedschaft im Sava Club kann jede Person erhalten, die \u00e4lter als 15 Jahre ist, das Beitrittsformular korrekt ausf\u00fcllt und so bereits beim Beitritt Verg\u00fcnstigungen erh\u00e4lt. Die Club-Mitgliedschaft ist kostenlos.<\/p>\n\n\n\n<h4 class=\"wp-block-hotel-sava-heading-4\">Besondere Verg\u00fcnstigungen f\u00fcr Inhaber der Sava-Club-Karte:<\/h4>\n\n\n\n<ul class=\"wp-block-list\">\n<li>20 % Rabatt auf regul\u00e4re Preise, Saisonpreise und spezielle Aktionspreise f\u00fcr Hotelpakete und Programme.<\/li>\n\n\n\n<li>Spezielle Erm\u00e4\u00dfigung auf geltende Preise f\u00fcr Wellness- und Gesundheitsleistungen im ROI Medico &amp; Spa Center:\n<ul class=\"wp-block-list\">\n<li>3 % bei Nutzung von Leistungen im Wert von 300 \u20ac bis 499 \u20ac,<\/li>\n\n\n\n<li>5 % bei Nutzung von Leistungen im Wert von 500 \u20ac bis 999 \u20ac,<\/li>\n\n\n\n<li>10 % bei Nutzung von Leistungen im Wert von 1.000 \u20ac und h\u00f6her.<\/li>\n<\/ul>\n<\/li>\n\n\n\n<li>5 % Rabatt beim Kauf von Geschenk-Gutscheinen zur Nutzung von Leistungen innerhalb des Hotels.<\/li>\n\n\n\n<li>5 % Rabatt auf Gastronomie-Leistungen (bei einmaligem Einkauf im Wert von mindestens 200 \u20ac).<\/li>\n\n\n\n<li>Durch Punktesammeln erhalten Sie das Recht auf eine Belohnung Ihrer Treue: Jeder Kauf von Gastronomie-, Wellness- und Hotelleistungen nach der regul\u00e4ren Preisliste bringt Bonuspunkte auf Ihre Karte.<\/li>\n\n\n\n<li>Verg\u00fcnstigungen durch Weiterempfehlen: F\u00fcr jeden Freund, der auf Ihre Empfehlung zur Hotel Sava Roga\u0161ka d.o.o. kommt, werden wir Sie belohnen.<\/li>\n\n\n\n<li>M\u00f6glichkeit, besondere Verg\u00fcnstigungen f\u00fcr Club-Mitglieder zu nutzen.<\/li>\n\n\n\n<li>Regelm\u00e4\u00dfiger Erhalt von kostenlosen Informationen \u00fcber Programme und Leistungen der Hotel Sava Roga\u0161ka d.o.o. sowie Informationen \u00fcber Neuigkeiten.<\/li>\n\n\n\n<li>M\u00f6glichkeit, an Gewinnspielen teilzunehmen.<\/li>\n\n\n\n<li>Jahrestreffen der Karteninhaber.<\/li>\n<\/ul>\n\n\n\n<p class=\"has-medium-font-size\">Die Erm\u00e4\u00dfigungen gelten f\u00fcr Karteninhaber und deren engere Familienangeh\u00f6rige (Ehemann, Ehefrau, Kinder).<\/p>\n\n\n\n<h3 class=\"wp-block-hotel-sava-heading-3\">Mit Punkten zu noch mehr Verw\u00f6hnung<\/h3>\n\n\n\n<p>Durch die Nutzung unserer Leistungen werden Sie in bestimmten Zeitr\u00e4umen Punkte erhalten, die Ihnen zus\u00e4tzliche Verg\u00fcnstigungen bringen. Der Bonifikationszeitraum ist auf sechs Monate begrenzt (vom 1. Januar bis zum 30. Juni und vom 1. Juli bis zum 31. Dezember). Jeder Kauf \u00fcber 1 EUR bringt Punkte. 1 EUR bringt 1 Punkt. Am Ende jedes Abrechnungszeitraums addieren wir Ihre K\u00e4ufe und geben Ihnen die Summe als Wertgutschein, den Sie auf alle Leistungen der Hotel Sava Roga\u0161ka d.o.o. nutzen k\u00f6nnen.<\/p>\n\n\n\n<figure class=\"wp-block-table is-style-regular\"><table><thead><tr><th>Punktezahl<\/th><th>Wertgutschein<\/th><\/tr><\/thead><tbody><tr><td>Bis 499 Punkte<\/td><td>Punkte werden auf den n\u00e4chsten Abrechnungszeitraum \u00fcbertragen<\/td><\/tr><tr><td>Ab 500 Punkten<\/td><td>3 % vom Punktewert<\/td><\/tr><\/tbody><\/table><\/figure>\n\n\n\n<h3 class=\"wp-block-hotel-sava-heading-3\">Wo k\u00f6nnen Sie die Club-Karte bekommen?<\/h3>\n\n\n\n<p>Club-Karten k\u00f6nnen Sie an folgenden Verkaufsstellen kostenlos erhalten:<\/p>\n\n\n\n<ul class=\"wp-block-list\">\n<li>an der Rezeption des Grand Hotel Sava****superior,<\/li>\n\n\n\n<li>an der Rezeption des ROI Spa &amp; Medico Centers,<\/li>\n\n\n\n<li>auf der Website www.rogaska.si.<\/li>\n<\/ul>\n<\/div> <\/div> <\/div> <\/section>\n","protected":false},"excerpt":{"rendered":"","protected":false},"author":1,"featured_media":0,"parent":0,"menu_order":0,"comment_status":"closed","ping_status":"closed","template":"","meta":{"_acf_changed":false,"footnotes":""},"class_list":["post-1581","page","type-page","status-publish","hentry"],"acf":[],"publishpress_future_workflow_manual_trigger":{"enabledWorkflows":[]},"_links":{"self":[{"href":"https:\/\/www.rogaska.si\/de\/wp-json\/wp\/v2\/pages\/1581","targetHints":{"allow":["GET"]}}],"collection":[{"href":"https:\/\/www.rogaska.si\/de\/wp-json\/wp\/v2\/pages"}],"about":[{"href":"https:\/\/www.rogaska.si\/de\/wp-json\/wp\/v2\/types\/page"}],"author":[{"embeddable":true,"href":"https:\/\/www.rogaska.si\/de\/wp-json\/wp\/v2\/users\/1"}],"replies":[{"embeddable":true,"href":"https:\/\/www.rogaska.si\/de\/wp-json\/wp\/v2\/comments?post=1581"}],"version-history":[{"count":3,"href":"https:\/\/www.rogaska.si\/de\/wp-json\/wp\/v2\/pages\/1581\/revisions"}],"predecessor-version":[{"id":2049,"href":"https:\/\/www.rogaska.si\/de\/wp-json\/wp\/v2\/pages\/1581\/revisions\/2049"}],"wp:attachment":[{"href":"https:\/\/www.rogaska.si\/de\/wp-json\/wp\/v2\/media?parent=1581"}],"curies":[{"name":"wp","href":"https:\/\/api.w.org\/{rel}","templated":true}]}}