{"id":1457,"date":"2023-11-19T17:26:01","date_gmt":"2023-11-19T16:26:01","guid":{"rendered":"https:\/\/www.rogaska.si\/de\/?page_id=1457"},"modified":"2025-02-28T22:46:14","modified_gmt":"2025-02-28T21:46:14","slug":"roi-hand-und-fusspflege","status":"publish","type":"page","link":"https:\/\/www.rogaska.si\/de\/roi-beauty\/roi-hand-und-fusspflege\/","title":{"rendered":"ROI Hand- und Fusspflege"},"content":{"rendered":"<section class=\"py-5 wp-block-hotel-sava-hero-secondary\">\n  <div class=\"container\">\n    <div class=\"d-md-block d-none mt-5 pt-5 row\">\n      <div>\n                                                                                                          <nav aria-label=\"breadcrumb\">\n              <ol class=\"breadcrumb\">\n                                <li class=\"breadcrumb-item\"><a href=\"https:\/\/www.rogaska.si\/de\">Startseite<\/a>\n                <\/li>\n                                                <li class=\"breadcrumb-item active\" aria-current=\"page\">\n                  ROI Beauty                <\/li>\n              <\/ol>\n            <\/nav>\n                                                                                                                              <\/div>\n    <\/div>\n    <div class=\"row\">\n      <div>\n        <h1 class=\"display-4 text-center\">ROI Hand- und Fusspflege<\/h1>\n      <\/div>\n    <\/div>\n    <div class=\"mt-5 row\">\n      <div class=\"col-lg-10 col-md-11 me-auto ms-auto\">\n        <div class=\"image-wrapper__fit\">\n          <picture>\n                          <img loading=\"lazy\" decoding=\"async\" width=\"2500\" height=\"1876\" src=\"https:\/\/www.rogaska.si\/de\/wp-content\/uploads\/sites\/3\/2023\/11\/woman-hands-feet.jpg\" class=\"wp-image-1398 image__fit\" alt=\"\" srcset=\"https:\/\/www.rogaska.si\/de\/wp-content\/uploads\/sites\/3\/2023\/11\/woman-hands-feet.jpg 2500w, https:\/\/www.rogaska.si\/de\/wp-content\/uploads\/sites\/3\/2023\/11\/woman-hands-feet-300x225.jpg 300w, https:\/\/www.rogaska.si\/de\/wp-content\/uploads\/sites\/3\/2023\/11\/woman-hands-feet-1024x768.jpg 1024w, https:\/\/www.rogaska.si\/de\/wp-content\/uploads\/sites\/3\/2023\/11\/woman-hands-feet-768x576.jpg 768w, https:\/\/www.rogaska.si\/de\/wp-content\/uploads\/sites\/3\/2023\/11\/woman-hands-feet-480x360.jpg 480w, https:\/\/www.rogaska.si\/de\/wp-content\/uploads\/sites\/3\/2023\/11\/woman-hands-feet-640x480.jpg 640w, https:\/\/www.rogaska.si\/de\/wp-content\/uploads\/sites\/3\/2023\/11\/woman-hands-feet-720x540.jpg 720w, https:\/\/www.rogaska.si\/de\/wp-content\/uploads\/sites\/3\/2023\/11\/woman-hands-feet-960x720.jpg 960w, https:\/\/www.rogaska.si\/de\/wp-content\/uploads\/sites\/3\/2023\/11\/woman-hands-feet-1168x876.jpg 1168w, https:\/\/www.rogaska.si\/de\/wp-content\/uploads\/sites\/3\/2023\/11\/woman-hands-feet-1440x1081.jpg 1440w, https:\/\/www.rogaska.si\/de\/wp-content\/uploads\/sites\/3\/2023\/11\/woman-hands-feet-1920x1441.jpg 1920w, https:\/\/www.rogaska.si\/de\/wp-content\/uploads\/sites\/3\/2023\/11\/woman-hands-feet-1536x1153.jpg 1536w, https:\/\/www.rogaska.si\/de\/wp-content\/uploads\/sites\/3\/2023\/11\/woman-hands-feet-2048x1537.jpg 2048w\" sizes=\"auto, (max-width: 2500px) 100vw, 2500px\" \/>\n                                  <\/picture>\n        <\/div>\n      <\/div>\n    <\/div>\n  <\/div>\n<\/section>\n\n\n<section class=\"wp-block-hotel-sava-col-md-8 py-5\"> <div class=\"container\"> <div class=\"row\"> <div class=\"col-md-8 me-auto ms-auto\">\n<h3 class=\"wp-block-hotel-sava-heading-3\">ROI HANDPFLEGE<\/h3>\n\n\n\n<div class=\"wp-block-hotel-sava-treatments treatments__wrapper\"> <div class=\"treatments__grid\"> <div> <p class=\"fs-5 mb-2 mt-2 text-muted\">KLASSISCHE MANIK\u00dcRE<\/p> <p class=\"mb-2\">Nagelgestaltung, Reinigung der Nagelhaut, Polieren, Lack<\/p> <\/div> <div>\n<div class=\"wp-block-hotel-sava-treatment-value treatments-value__wrapper\"> <div class=\"text-end treatments-value\"> <p class=\"fs-5 mb-0 mt-sm-2 text-sm-end text-start treatments-time__area\">30 min<\/p> <p class=\"fs-5 mb-0 mt-sm-2  text-end text-muted treatments-price__area\">30 \u20ac<\/p> <\/div> <\/div>\n<\/div> <\/div> <\/div>\n\n\n\n<div class=\"wp-block-hotel-sava-treatments treatments__wrapper\"> <div class=\"treatments__grid\"> <div> <p class=\"fs-5 mb-2 mt-2 text-muted\">ROI MANIK\u00dcRE<\/p> <p class=\"mb-2\">Handpeeling, Nagelkorrektur, Reinigung der Nagelhaut, Massage mit Paraffinmaske, Lackieren<\/p> <\/div> <div>\n<div class=\"wp-block-hotel-sava-treatment-value treatments-value__wrapper\"> <div class=\"text-end treatments-value\"> <p class=\"fs-5 mb-0 mt-sm-2 text-sm-end text-start treatments-time__area\">60 min<\/p> <p class=\"fs-5 mb-0 mt-sm-2  text-end text-muted treatments-price__area\">44 \u20ac<\/p> <\/div> <\/div>\n<\/div> <\/div> <\/div>\n\n\n\n<div class=\"wp-block-hotel-sava-treatments treatments__wrapper\"> <div class=\"treatments__grid\"> <div> <p class=\"fs-5 mb-2 mt-2 text-muted\">MANIK\u00dcRE F\u00dcR DEN MANN<\/p> <p class=\"mb-2\">Nagelgestaltung, Reinigung der Nagelhaut und Polieren der N\u00e4gel<\/p> <\/div> <div>\n<div class=\"wp-block-hotel-sava-treatment-value treatments-value__wrapper\"> <div class=\"text-end treatments-value\"> <p class=\"fs-5 mb-0 mt-sm-2 text-sm-end text-start treatments-time__area\">25 min<\/p> <p class=\"fs-5 mb-0 mt-sm-2  text-end text-muted treatments-price__area\">25 \u20ac<\/p> <\/div> <\/div>\n<\/div> <\/div> <\/div>\n\n\n\n<div class=\"wp-block-hotel-sava-treatments treatments__wrapper\"> <div class=\"treatments__grid\"> <div> <p class=\"fs-5 mb-2 mt-2 text-muted\">FINGERN\u00c4GEL LACKIEREN<\/p>  <\/div> <div>\n<div class=\"wp-block-hotel-sava-treatment-value treatments-value__wrapper\"> <div class=\"text-end treatments-value\">  <p class=\"fs-5 mb-0 mt-sm-2  text-end text-muted treatments-price__area\">6 \u20ac<\/p> <\/div> <\/div>\n<\/div> <\/div> <\/div>\n\n\n\n<h3 class=\"wp-block-hotel-sava-heading-3  mt-5\">ROI PEDIK\u00dcRE<\/h3>\n\n\n\n<div class=\"wp-block-hotel-sava-treatments treatments__wrapper\"> <div class=\"treatments__grid\"> <div> <p class=\"fs-5 mb-2 mt-2 text-muted\">ROI PEDIK\u00dcRE<\/p> <p class=\"mb-2\">Pedik\u00fcre, Fu\u00dfreflexzonenmassage mit Aromabalsam, Maske<\/p> <\/div> <div>\n<div class=\"wp-block-hotel-sava-treatment-value treatments-value__wrapper\"> <div class=\"text-end treatments-value\">  <p class=\"fs-5 mb-0 mt-sm-2  text-end text-muted treatments-price__area\">68 \u20ac<\/p> <\/div> <\/div>\n<\/div> <\/div> <\/div>\n\n\n\n<div class=\"wp-block-hotel-sava-treatments treatments__wrapper\"> <div class=\"treatments__grid\"> <div> <p class=\"fs-5 mb-2 mt-2 text-muted\">ROI BASISPEDIK\u00dcRE<\/p> <p class=\"mb-2\">Hautreinigung mit Apparat, Gestaltung und Reinigung der Nagelhaut sowie N\u00e4gellackieren<\/p> <\/div> <div>\n<div class=\"wp-block-hotel-sava-treatment-value treatments-value__wrapper\"> <div class=\"text-end treatments-value\">  <p class=\"fs-5 mb-0 mt-sm-2  text-end text-muted treatments-price__area\">35 \u20ac<\/p> <\/div> <\/div>\n<\/div> <\/div> <\/div>\n\n\n\n<div class=\"wp-block-hotel-sava-treatments treatments__wrapper\"> <div class=\"treatments__grid\"> <div> <p class=\"fs-5 mb-2 mt-2 text-muted\">MEDICO SPEZIALPEDIK\u00dcRE<\/p> <p class=\"mb-2\">Entfernung von Hornhaut mit Skalpell und Apparat, Nagelgestaltung, Reinigung der Nagelhaut und Probleml\u00f6sungen (H\u00fchnerauge, eingewachsene N\u00e4gel und Druckstellen)<\/p> <\/div> <div>\n<div class=\"wp-block-hotel-sava-treatment-value treatments-value__wrapper\"> <div class=\"text-end treatments-value\">  <p class=\"fs-5 mb-0 mt-sm-2  text-end text-muted treatments-price__area\">41 \u20ac<\/p> <\/div> <\/div>\n<\/div> <\/div> <\/div>\n\n\n\n<h3 class=\"wp-block-hotel-sava-heading-3  mt-5\">ZUS\u00c4TZLICHE ANGEBOTE<\/h3>\n\n\n\n<div class=\"wp-block-hotel-sava-treatments treatments__wrapper\"> <div class=\"treatments__grid\"> <div> <p class=\"fs-5 mb-2 mt-2 text-muted\">Augenbrauen zupfen und gestalten<\/p>  <\/div> <div>\n<div class=\"wp-block-hotel-sava-treatment-value treatments-value__wrapper\"> <div class=\"text-end treatments-value\">  <p class=\"fs-5 mb-0 mt-sm-2  text-end text-muted treatments-price__area\">9 \u20ac<\/p> <\/div> <\/div>\n<\/div> <\/div> <\/div>\n\n\n\n<div class=\"wp-block-hotel-sava-treatments treatments__wrapper\"> <div class=\"treatments__grid\"> <div> <p class=\"fs-5 mb-2 mt-2 text-muted\">Augenbrauen f\u00e4rben<\/p>  <\/div> <div>\n<div class=\"wp-block-hotel-sava-treatment-value treatments-value__wrapper\"> <div class=\"text-end treatments-value\">  <p class=\"fs-5 mb-0 mt-sm-2  text-end text-muted treatments-price__area\">9 \u20ac<\/p> <\/div> <\/div>\n<\/div> <\/div> <\/div>\n\n\n\n<div class=\"wp-block-hotel-sava-treatments treatments__wrapper\"> <div class=\"treatments__grid\"> <div> <p class=\"fs-5 mb-2 mt-2 text-muted\">Wimpern f\u00e4rben<\/p>  <\/div> <div>\n<div class=\"wp-block-hotel-sava-treatment-value treatments-value__wrapper\"> <div class=\"text-end treatments-value\">  <p class=\"fs-5 mb-0 mt-sm-2  text-end text-muted treatments-price__area\">9 \u20ac<\/p> <\/div> <\/div>\n<\/div> <\/div> <\/div>\n\n\n\n<div class=\"wp-block-hotel-sava-treatments treatments__wrapper\"> <div class=\"treatments__grid\"> <div> <p class=\"fs-5 mb-2 mt-2 text-muted\">Gesichtsdepilation (teilweise)<\/p>  <\/div> <div>\n<div class=\"wp-block-hotel-sava-treatment-value treatments-value__wrapper\"> <div class=\"text-end treatments-value\">  <p class=\"fs-5 mb-0 mt-sm-2  text-end text-muted treatments-price__area\">9 \u20ac<\/p> <\/div> <\/div>\n<\/div> <\/div> <\/div>\n\n\n\n<div class=\"wp-block-hotel-sava-treatments treatments__wrapper\"> <div class=\"treatments__grid\"> <div> <p class=\"fs-5 mb-2 mt-2 text-muted\">Gesichtsdepilation (ganz)<\/p>  <\/div> <div>\n<div class=\"wp-block-hotel-sava-treatment-value treatments-value__wrapper\"> <div class=\"text-end treatments-value\">  <p class=\"fs-5 mb-0 mt-sm-2  text-end text-muted treatments-price__area\">11 \u20ac<\/p> <\/div> <\/div>\n<\/div> <\/div> <\/div>\n\n\n\n<div class=\"wp-block-hotel-sava-treatments treatments__wrapper\"> <div class=\"treatments__grid\"> <div> <p class=\"fs-5 mb-2 mt-2 text-muted\">Beindepilation (teilweise)<\/p>  <\/div> <div>\n<div class=\"wp-block-hotel-sava-treatment-value treatments-value__wrapper\"> <div class=\"text-end treatments-value\">  <p class=\"fs-5 mb-0 mt-sm-2  text-end text-muted treatments-price__area\">19 \u20ac<\/p> <\/div> <\/div>\n<\/div> <\/div> <\/div>\n\n\n\n<div class=\"wp-block-hotel-sava-treatments treatments__wrapper\"> <div class=\"treatments__grid\"> <div> <p class=\"fs-5 mb-2 mt-2 text-muted\">Beindepilation (ganz)<\/p>  <\/div> <div>\n<div class=\"wp-block-hotel-sava-treatment-value treatments-value__wrapper\"> <div class=\"text-end treatments-value\">  <p class=\"fs-5 mb-0 mt-sm-2  text-end text-muted treatments-price__area\">29 \u20ac<\/p> <\/div> <\/div>\n<\/div> <\/div> <\/div>\n\n\n\n<div class=\"wp-block-hotel-sava-treatments treatments__wrapper\"> <div class=\"treatments__grid\"> <div> <p class=\"fs-5 mb-2 mt-2 text-muted\">Depilation der Bikinizone<\/p>  <\/div> <div>\n<div class=\"wp-block-hotel-sava-treatment-value treatments-value__wrapper\"> <div class=\"text-end treatments-value\">  <p class=\"fs-5 mb-0 mt-sm-2  text-end text-muted treatments-price__area\">14 \u20ac<\/p> <\/div> <\/div>\n<\/div> <\/div> <\/div>\n\n\n\n<div class=\"wp-block-hotel-sava-treatments treatments__wrapper\"> <div class=\"treatments__grid\"> <div> <p class=\"fs-5 mb-2 mt-2 text-muted\">Armdepilation<\/p>  <\/div> <div>\n<div class=\"wp-block-hotel-sava-treatment-value treatments-value__wrapper\"> <div class=\"text-end treatments-value\">  <p class=\"fs-5 mb-0 mt-sm-2  text-end text-muted treatments-price__area\">17 \u20ac<\/p> <\/div> <\/div>\n<\/div> <\/div> <\/div>\n<\/div> <\/div> <\/div> <\/section>\n","protected":false},"excerpt":{"rendered":"","protected":false},"author":1,"featured_media":0,"parent":510,"menu_order":0,"comment_status":"closed","ping_status":"closed","template":"","meta":{"_acf_changed":false,"footnotes":""},"class_list":["post-1457","page","type-page","status-publish","hentry"],"acf":[],"publishpress_future_workflow_manual_trigger":{"enabledWorkflows":[]},"_links":{"self":[{"href":"https:\/\/www.rogaska.si\/de\/wp-json\/wp\/v2\/pages\/1457","targetHints":{"allow":["GET"]}}],"collection":[{"href":"https:\/\/www.rogaska.si\/de\/wp-json\/wp\/v2\/pages"}],"about":[{"href":"https:\/\/www.rogaska.si\/de\/wp-json\/wp\/v2\/types\/page"}],"author":[{"embeddable":true,"href":"https:\/\/www.rogaska.si\/de\/wp-json\/wp\/v2\/users\/1"}],"replies":[{"embeddable":true,"href":"https:\/\/www.rogaska.si\/de\/wp-json\/wp\/v2\/comments?post=1457"}],"version-history":[{"count":3,"href":"https:\/\/www.rogaska.si\/de\/wp-json\/wp\/v2\/pages\/1457\/revisions"}],"predecessor-version":[{"id":2514,"href":"https:\/\/www.rogaska.si\/de\/wp-json\/wp\/v2\/pages\/1457\/revisions\/2514"}],"up":[{"embeddable":true,"href":"https:\/\/www.rogaska.si\/de\/wp-json\/wp\/v2\/pages\/510"}],"wp:attachment":[{"href":"https:\/\/www.rogaska.si\/de\/wp-json\/wp\/v2\/media?parent=1457"}],"curies":[{"name":"wp","href":"https:\/\/api.w.org\/{rel}","templated":true}]}}