{"id":1448,"date":"2023-11-19T15:46:34","date_gmt":"2023-11-19T14:46:34","guid":{"rendered":"https:\/\/www.rogaska.si\/de\/?page_id=1448"},"modified":"2026-04-20T17:46:41","modified_gmt":"2026-04-20T15:46:41","slug":"gesichtspflege-mit-geraten","status":"publish","type":"page","link":"https:\/\/www.rogaska.si\/de\/roi-beauty\/gesichtspflege-mit-geraten\/","title":{"rendered":"Gesichtspflege mit Ger\u00e4ten"},"content":{"rendered":"<section class=\"py-5 wp-block-hotel-sava-hero-secondary\">\n  <div class=\"container\">\n    <div class=\"d-md-block d-none mt-5 pt-5 row\">\n      <div>\n                                                                                                          <nav aria-label=\"breadcrumb\">\n              <ol class=\"breadcrumb\">\n                                <li class=\"breadcrumb-item\"><a href=\"https:\/\/www.rogaska.si\/de\">Startseite<\/a>\n                <\/li>\n                                                <li class=\"breadcrumb-item active\" aria-current=\"page\">\n                  ROI Beauty                <\/li>\n              <\/ol>\n            <\/nav>\n                                                                                                                              <\/div>\n    <\/div>\n    <div class=\"row\">\n      <div>\n        <h1 class=\"display-4 text-center\">Gesichtspflege mit Ger\u00e4ten<\/h1>\n      <\/div>\n    <\/div>\n    <div class=\"mt-5 row\">\n      <div class=\"col-lg-10 col-md-11 me-auto ms-auto\">\n        <div class=\"image-wrapper__fit\">\n          <picture>\n                          <img loading=\"lazy\" decoding=\"async\" width=\"2500\" height=\"1646\" src=\"https:\/\/www.rogaska.si\/de\/wp-content\/uploads\/sites\/3\/2023\/11\/guinot-aparat-obraz.jpg\" class=\"wp-image-1450 image__fit\" alt=\"\" srcset=\"https:\/\/www.rogaska.si\/de\/wp-content\/uploads\/sites\/3\/2023\/11\/guinot-aparat-obraz.jpg 2500w, https:\/\/www.rogaska.si\/de\/wp-content\/uploads\/sites\/3\/2023\/11\/guinot-aparat-obraz-300x198.jpg 300w, https:\/\/www.rogaska.si\/de\/wp-content\/uploads\/sites\/3\/2023\/11\/guinot-aparat-obraz-1024x674.jpg 1024w, https:\/\/www.rogaska.si\/de\/wp-content\/uploads\/sites\/3\/2023\/11\/guinot-aparat-obraz-768x506.jpg 768w, https:\/\/www.rogaska.si\/de\/wp-content\/uploads\/sites\/3\/2023\/11\/guinot-aparat-obraz-480x316.jpg 480w, https:\/\/www.rogaska.si\/de\/wp-content\/uploads\/sites\/3\/2023\/11\/guinot-aparat-obraz-640x421.jpg 640w, https:\/\/www.rogaska.si\/de\/wp-content\/uploads\/sites\/3\/2023\/11\/guinot-aparat-obraz-720x474.jpg 720w, https:\/\/www.rogaska.si\/de\/wp-content\/uploads\/sites\/3\/2023\/11\/guinot-aparat-obraz-960x632.jpg 960w, https:\/\/www.rogaska.si\/de\/wp-content\/uploads\/sites\/3\/2023\/11\/guinot-aparat-obraz-1168x769.jpg 1168w, https:\/\/www.rogaska.si\/de\/wp-content\/uploads\/sites\/3\/2023\/11\/guinot-aparat-obraz-1440x948.jpg 1440w, https:\/\/www.rogaska.si\/de\/wp-content\/uploads\/sites\/3\/2023\/11\/guinot-aparat-obraz-1920x1264.jpg 1920w, https:\/\/www.rogaska.si\/de\/wp-content\/uploads\/sites\/3\/2023\/11\/guinot-aparat-obraz-1536x1011.jpg 1536w, https:\/\/www.rogaska.si\/de\/wp-content\/uploads\/sites\/3\/2023\/11\/guinot-aparat-obraz-2048x1348.jpg 2048w\" sizes=\"auto, (max-width: 2500px) 100vw, 2500px\" \/>\n                                  <\/picture>\n        <\/div>\n      <\/div>\n    <\/div>\n  <\/div>\n<\/section>\n\n\n<section class=\"wp-block-hotel-sava-col-md-8 py-5\"> <div class=\"container\"> <div class=\"row\"> <div class=\"col-md-8 me-auto ms-auto\">\n<h3 class=\"wp-block-hotel-sava-heading-3\">Hydradermie 1000 &#8211; Alternative zur \u00e4sthetischen Medizin<\/h3>\n\n\n\n<p>GESICHTSBEHANDLUNGEN, DIE F\u00dcR ALLE HAUTTYPEN UND -ZUST\u00c4NDE GEEIGNET SIND.<\/p>\n\n\n\n<p>MEHRERE FUNKTIONEN WERDEN BEDIENT:<br><\/p>\n\n\n\n<ul class=\"wp-block-list\">\n<li>DOPPELTE IONISATION \u2013 milde Elektrotherapie mit sanften Bewegungen der Rollen, die eine bessere Penet- ration der Serum-Gele in die Tiefe der Haut erm\u00f6glichen.<\/li>\n\n\n\n<li>THERMAL-ELEKTRODE \u2013 der thermische Effekt des Applikators f\u00f6rdert das Eindringen von Hyalurons\u00e4ure in die Epidermis.<\/li>\n\n\n\n<li>MUSKELSTIMULIERUNG \u2013 stimulierender niedrigf re- quenter Mikrostrom, der zur Anregung verkrampfter Muskelstrukturen dient.<\/li>\n<\/ul>\n\n\n\n<div class=\"wp-block-hotel-sava-treatments treatments__wrapper\"> <div class=\"treatments__grid\"> <div> <p class=\"fs-5 mb-2 mt-2 text-muted\">HYDRADERMIE 1000 1 in 1<\/p> <p class=\"mb-2\">Dynamische Ionisation + Temperatur. Erh\u00f6ht die zellul\u00e4re biologische Aktivit\u00e4t.<\/p> <\/div> <div>\n<div class=\"wp-block-hotel-sava-treatment-value treatments-value__wrapper\"> <div class=\"text-end treatments-value\"> <p class=\"fs-5 mb-0 mt-sm-2 text-sm-end text-start treatments-time__area\">50 min<\/p> <p class=\"fs-5 mb-0 mt-sm-2  text-end text-muted treatments-price__area\">110 \u20ac<\/p> <\/div> <\/div>\n<\/div> <\/div> <\/div>\n\n\n\n<div class=\"wp-block-hotel-sava-treatments treatments__wrapper\"> <div class=\"treatments__grid\"> <div> <p class=\"fs-5 mb-2 mt-2 text-muted\">HYDRADERMIE 1000 &#8211; LIFT 1 in 1<\/p> <p class=\"mb-2\">Thermale Infusion von Hyalurons\u00e4ure \u2013 der thermische Effekt des Applikators f\u00f6rdert das Eindringen von Hyalurons\u00e4ure in die Epidermis. Muskelstimulation mit Hilfe eines speziellen elektrischen Stroms regt die Kr\u00e4ftigung der Muskeln an. Sichtbar verj\u00fcngt die Gesichtsz\u00fcge, indem sie den Muskeltonus erh\u00f6ht.<\/p> <\/div> <div>\n<div class=\"wp-block-hotel-sava-treatment-value treatments-value__wrapper\"> <div class=\"text-end treatments-value\"> <p class=\"fs-5 mb-0 mt-sm-2 text-sm-end text-start treatments-time__area\">50 min<\/p> <p class=\"fs-5 mb-0 mt-sm-2  text-end text-muted treatments-price__area\">130 \u20ac<\/p> <\/div> <\/div>\n<\/div> <\/div> <\/div>\n\n\n\n<div class=\"wp-block-hotel-sava-treatments treatments__wrapper\"> <div class=\"treatments__grid\"> <div> <p class=\"fs-5 mb-2 mt-2 text-muted\">EYE LOGIC \u2013 VOLLKOMMENE AUGENBEHANDLUNG<\/p> <p class=\"mb-2\">Die Intensivbehandlung f\u00fcr den Augenbereich EYE LOGIC ist eine vollkommene Anwendung, mit der wir GLEICHZEITIG gegen Falten, Au- genringe und Tr\u00e4nens\u00e4cke arbeiten<\/p> <\/div> <div>\n<div class=\"wp-block-hotel-sava-treatment-value treatments-value__wrapper\"> <div class=\"text-end treatments-value\"> <p class=\"fs-5 mb-0 mt-sm-2 text-sm-end text-start treatments-time__area\">40 min<\/p> <p class=\"fs-5 mb-0 mt-sm-2  text-end text-muted treatments-price__area\">65 \u20ac<\/p> <\/div> <\/div>\n<\/div> <\/div> <\/div>\n\n\n\n<div class=\"wp-block-hotel-sava-treatments treatments__wrapper\"> <div class=\"treatments__grid\"> <div> <p class=\"fs-5 mb-2 mt-2 text-muted\">HYDRADERMIE 1000 &#8211; DELUX 2 in 1<\/p> <p class=\"mb-2\">Hydradermie 1000 \u2013 Deluxe ist eine 2-in-1-Behandlung. In der Behandlung werden Hydradermie 1000 und Hydradermie 1000- Lift kombiniert. Die Pflege liefert bereits nach der ersten Anwendung hervorragende Ergebnisse. Dank drei spezieller Funktionen sind die Gesichtsz\u00fcge und die Haut sichtbar verj\u00fcngt.<\/p> <\/div> <div>\n<div class=\"wp-block-hotel-sava-treatment-value treatments-value__wrapper\"> <div class=\"text-end treatments-value\"> <p class=\"fs-5 mb-0 mt-sm-2 text-sm-end text-start treatments-time__area\">80 min<\/p> <p class=\"fs-5 mb-0 mt-sm-2  text-end text-muted treatments-price__area\">160 \u20ac<\/p> <\/div> <\/div>\n<\/div> <\/div> <\/div>\n\n\n\n<div class=\"wp-block-hotel-sava-treatments treatments__wrapper\"> <div class=\"treatments__grid\"> <div> <p class=\"fs-5 mb-2 mt-2 text-muted\">HYDRADERMIE 1000 &#8211; DELUX 3 in 1<\/p> <p class=\"mb-2\">In Kombination mit einer speziellen Maske oder in Kombination mit der speziellen Augenpflege EYE LOGIC oder mit HYDRA-CLEAN.<\/p> <\/div> <div>\n<div class=\"wp-block-hotel-sava-treatment-value treatments-value__wrapper\"> <div class=\"text-end treatments-value\"> <p class=\"fs-5 mb-0 mt-sm-2 text-sm-end text-start treatments-time__area\">100 min<\/p> <p class=\"fs-5 mb-0 mt-sm-2  text-end text-muted treatments-price__area\">190 \u20ac<\/p> <\/div> <\/div>\n<\/div> <\/div> <\/div>\n\n\n\n<div class=\"wp-block-hotel-sava-treatments treatments__wrapper\"> <div class=\"treatments__grid\"> <div> <p class=\"fs-5 mb-2 mt-2 text-muted\">VIP-GUINOT Gesichtspflege 4 in 1<\/p> <p class=\"mb-2\">Individuelle Hautbehandlung mit der Kosmetik Guinot.<\/p> <\/div> <div>\n<div class=\"wp-block-hotel-sava-treatment-value treatments-value__wrapper\"> <div class=\"text-end treatments-value\"> <p class=\"fs-5 mb-0 mt-sm-2 text-sm-end text-start treatments-time__area\">120 min<\/p> <p class=\"fs-5 mb-0 mt-sm-2  text-end text-muted treatments-price__area\">220 \u20ac<\/p> <\/div> <\/div>\n<\/div> <\/div> <\/div>\n\n\n\n<div class=\"wp-block-hotel-sava-treatments treatments__wrapper\"> <div class=\"treatments__grid\"> <div> <p class=\"fs-5 mb-2 mt-2 text-muted\">HYDRACLEAN \u2013 Apparat zur Tiefenreinigung des Gesichts<\/p> <p class=\"mb-2\">Ist eine Exklusivbehandlung zur Tiefenreinigung und Feuchtigkeits- versorgung des Gesichts. Nach nur einer Anwendung erholt sich die Haut, das Feuchtigkeitsniveau der Haut und die Aufnahme von Aktiv- wirkstoffen der Produkte erh\u00f6hen sich um etwa 40 %, w\u00e4hrend sich die Pickelentwicklung um 97 % re- duziert. Gesichtsreinigung in Kom- bination mit Massage und Maske.<\/p> <\/div> <div>\n<div class=\"wp-block-hotel-sava-treatment-value treatments-value__wrapper\"> <div class=\"text-end treatments-value\"> <p class=\"fs-5 mb-0 mt-sm-2 text-sm-end text-start treatments-time__area\">40 min<\/p> <p class=\"fs-5 mb-0 mt-sm-2  text-end text-muted treatments-price__area\">60 \u20ac<\/p> <\/div> <\/div>\n<\/div> <\/div> <\/div>\n\n\n\n<div class=\"wp-block-hotel-sava-treatments treatments__wrapper\"> <div class=\"treatments__grid\"> <div> <p class=\"fs-5 mb-2 mt-2 text-muted\">Hydraclean Special<\/p> <p class=\"mb-2\">Die Pflege ist f\u00fcr alle Hauttypen geeignet. Kombination aus mechanischer und manueller Gesichtsreinigung, Massage, Maske.<\/p> <\/div> <div>\n<div class=\"wp-block-hotel-sava-treatment-value treatments-value__wrapper\"> <div class=\"text-end treatments-value\"> <p class=\"fs-5 mb-0 mt-sm-2 text-sm-end text-start treatments-time__area\">70 min<\/p> <p class=\"fs-5 mb-0 mt-sm-2  text-end text-muted treatments-price__area\">85 \u20ac<\/p> <\/div> <\/div>\n<\/div> <\/div> <\/div>\n<\/div> <\/div> <\/div> <\/section>\n\n\n\n<section class=\"wp-block-hotel-sava-col-md-8 py-5\"> <div class=\"container\"> <div class=\"row\"> <div class=\"col-md-8 me-auto ms-auto\">\n<h3 class=\"wp-block-hotel-sava-heading-3\">Radiage \u2013 Gesichtspflege<\/h3>\n\n\n\n<p>Radiofrequenz ist eine nichtinvasive Technik, bei<br>der mithilfe von Radiofrequenz-Energie die tieferen Hautschichten erw\u00e4rmt werden. Radiage ist eine der allerneusten Methoden zur Verj\u00fcngung der Haut von Gesicht, Hals und Dekollet\u00e9. Sie festigt und strafft die Haut dauerhaft. Ergebnisse sind bereits nach der ersten Anwendung sichtbar.<\/p>\n\n\n\n<div class=\"wp-block-hotel-sava-treatments treatments__wrapper\"> <div class=\"treatments__grid\"> <div> <p class=\"fs-5 mb-2 mt-2 text-muted\">RADIOFREQUENZ \u2013 RADIAGE F\u00dcRS GESICHT<\/p> <p class=\"mb-2\">Radiage<\/p> <\/div> <div>\n<div class=\"wp-block-hotel-sava-treatment-value treatments-value__wrapper\"> <div class=\"text-end treatments-value\"> <p class=\"fs-5 mb-0 mt-sm-2 text-sm-end text-start treatments-time__area\">60 min<\/p> <p class=\"fs-5 mb-0 mt-sm-2  text-end text-muted treatments-price__area\">140 \u20ac<\/p> <\/div> <\/div>\n<\/div> <\/div> <\/div>\n\n\n\n<h3 class=\"wp-block-hotel-sava-heading-3  mt-4\">Cluederm<\/h3>\n\n\n\n<p>SMARTES SYSTEM ZUR GESICHTSVERJ\u00dcNGUNG (VAKUUM \/ RF \/ LED-LICHT)<\/p>\n\n\n\n<ul class=\"wp-block-list\">\n<li>Lifting &amp; Straffung<\/li>\n\n\n\n<li>Faltenreduzierung &amp; Anti-Aging<\/li>\n\n\n\n<li>MultipolarE RF \u2013 RF-Energie f\u00fchrt der Dermis und Unterhaut W\u00e4rmeenergie zu, stimuliert zu einem intensiveren Hautstoffwechsel<\/li>\n\n\n\n<li>zur St\u00e4rkung von Kollagenketten und zur Verbesserung der Hautelastizit\u00e4t<\/li>\n\n\n\n<li>Vakuum \u2013 erh\u00f6ht die Durchblutung, verringert Binde-<\/li>\n\n\n\n<li>gewebskontakte zwischen Fettzellhaufen und formt da- durch den K\u00f6rper. Zus\u00e4tzlich verhilft er der RF-Energie zu einer effektiveren Penetration in tiefere Hautschichten<\/li>\n\n\n\n<li>Led \u2013 speziell ausgew\u00e4hlte Wellenl\u00e4ngen von 640 nm und 460 nm erh\u00f6hen die Durchblutung und verbessern den Hauttonus<\/li>\n<\/ul>\n\n\n\n<div class=\"wp-block-hotel-sava-treatments treatments__wrapper\"> <div class=\"treatments__grid\"> <div> <p class=\"fs-5 mb-2 mt-2 text-muted\">GESICHT, HALS und DEKOLLET\u00c9<\/p> <p class=\"mb-2\">Anwendung mit Ger\u00e4t und spezieller Gesichtsmaske.<\/p> <\/div> <div>\n<div class=\"wp-block-hotel-sava-treatment-value treatments-value__wrapper\"> <div class=\"text-end treatments-value\"> <p class=\"fs-5 mb-0 mt-sm-2 text-sm-end text-start treatments-time__area\">50 min<\/p> <p class=\"fs-5 mb-0 mt-sm-2  text-end text-muted treatments-price__area\">150 \u20ac<\/p> <\/div> <\/div>\n<\/div> <\/div> <\/div>\n\n\n\n<h3 class=\"wp-block-hotel-sava-heading-3  mt-4\">CooLifting<\/h3>\n\n\n\n<p>Die CooLifting-Pistole schie\u00dft bei sehr niedriger Tempe- ratur mit gro\u00dfem Druck einen starken CO2-Strom auf die Gesichtshaut, zusammen mit einer extrem hohen Konzentration fein zerst\u00e4ubter Wirkstoffe. Es handelt sich um eine spektakul\u00e4re und schnelle Anwendung, die die Folgen des \u00c4lterwerdens unsichtbar werden l\u00e4sst (Stimulation, CooLifting, Maske oder Sauerstoff).<\/p>\n\n\n\n<div class=\"wp-block-hotel-sava-treatments treatments__wrapper\"> <div class=\"treatments__grid\"> <div> <p class=\"fs-5 mb-2 mt-2 text-muted\">CooLifting<\/p>  <\/div> <div>\n<div class=\"wp-block-hotel-sava-treatment-value treatments-value__wrapper\"> <div class=\"text-end treatments-value\"> <p class=\"fs-5 mb-0 mt-sm-2 text-sm-end text-start treatments-time__area\">50 min<\/p> <p class=\"fs-5 mb-0 mt-sm-2  text-end text-muted treatments-price__area\">150 \u20ac<\/p> <\/div> <\/div>\n<\/div> <\/div> <\/div>\n\n\n\n<p>F\u00fcr alle Hauttypen geeignet. Die Pflege beinhaltet Hautreinigung, Massage von Gesicht mit Dekollet\u00e9, Enzym-Peeling, Tiefenreinigung, Auftragen von Ampulle oder Maske je nach Hauttyp sowie Auftragen einer Maske um die Augen. Die Pflege ist wahrer Luxus f\u00fcr die Haut, die danach frisch, gl\u00e4nzend und ergiebig gen\u00e4hrt sein wird.<\/p>\n\n\n\n<h3 class=\"wp-block-hotel-sava-heading-3  mt-4\">Ultraschall-Gesichtstherapie<\/h3>\n\n\n\n<div class=\"wp-block-hotel-sava-treatments treatments__wrapper\"> <div class=\"treatments__grid\"> <div> <p class=\"fs-5 mb-2 mt-2 text-muted\">Ultraschall-Gesichtstherapie<\/p>  <\/div> <div>\n<div class=\"wp-block-hotel-sava-treatment-value treatments-value__wrapper\"> <div class=\"text-end treatments-value\"> <p class=\"fs-5 mb-0 mt-sm-2 text-sm-end text-start treatments-time__area\">60 min<\/p> <p class=\"fs-5 mb-0 mt-sm-2  text-end text-muted treatments-price__area\">90 \u20ac<\/p> <\/div> <\/div>\n<\/div> <\/div> <\/div>\n<\/div> <\/div> <\/div> <\/section>\n","protected":false},"excerpt":{"rendered":"","protected":false},"author":1,"featured_media":0,"parent":510,"menu_order":0,"comment_status":"closed","ping_status":"closed","template":"","meta":{"_acf_changed":false,"footnotes":""},"class_list":["post-1448","page","type-page","status-publish","hentry"],"acf":[],"publishpress_future_workflow_manual_trigger":{"enabledWorkflows":[]},"_links":{"self":[{"href":"https:\/\/www.rogaska.si\/de\/wp-json\/wp\/v2\/pages\/1448","targetHints":{"allow":["GET"]}}],"collection":[{"href":"https:\/\/www.rogaska.si\/de\/wp-json\/wp\/v2\/pages"}],"about":[{"href":"https:\/\/www.rogaska.si\/de\/wp-json\/wp\/v2\/types\/page"}],"author":[{"embeddable":true,"href":"https:\/\/www.rogaska.si\/de\/wp-json\/wp\/v2\/users\/1"}],"replies":[{"embeddable":true,"href":"https:\/\/www.rogaska.si\/de\/wp-json\/wp\/v2\/comments?post=1448"}],"version-history":[{"count":2,"href":"https:\/\/www.rogaska.si\/de\/wp-json\/wp\/v2\/pages\/1448\/revisions"}],"predecessor-version":[{"id":2813,"href":"https:\/\/www.rogaska.si\/de\/wp-json\/wp\/v2\/pages\/1448\/revisions\/2813"}],"up":[{"embeddable":true,"href":"https:\/\/www.rogaska.si\/de\/wp-json\/wp\/v2\/pages\/510"}],"wp:attachment":[{"href":"https:\/\/www.rogaska.si\/de\/wp-json\/wp\/v2\/media?parent=1448"}],"curies":[{"name":"wp","href":"https:\/\/api.w.org\/{rel}","templated":true}]}}