{"id":1439,"date":"2023-11-19T15:26:34","date_gmt":"2023-11-19T14:26:34","guid":{"rendered":"https:\/\/www.rogaska.si\/de\/?page_id=1439"},"modified":"2025-03-01T17:56:46","modified_gmt":"2025-03-01T16:56:46","slug":"gesichtspflege","status":"publish","type":"page","link":"https:\/\/www.rogaska.si\/de\/roi-beauty\/gesichtspflege\/","title":{"rendered":"Gesichtspflege"},"content":{"rendered":"<section class=\"py-5 wp-block-hotel-sava-hero-secondary\">\n  <div class=\"container\">\n    <div class=\"d-md-block d-none mt-5 pt-5 row\">\n      <div>\n                                                                                                          <nav aria-label=\"breadcrumb\">\n              <ol class=\"breadcrumb\">\n                                <li class=\"breadcrumb-item\"><a href=\"https:\/\/www.rogaska.si\/de\">Startseite<\/a>\n                <\/li>\n                                                <li class=\"breadcrumb-item active\" aria-current=\"page\">\n                  ROI Beauty                <\/li>\n              <\/ol>\n            <\/nav>\n                                                                                                                              <\/div>\n    <\/div>\n    <div class=\"row\">\n      <div>\n        <h1 class=\"display-4 text-center\">Gesichtspflege<\/h1>\n      <\/div>\n    <\/div>\n    <div class=\"mt-5 row\">\n      <div class=\"col-lg-10 col-md-11 me-auto ms-auto\">\n        <div class=\"image-wrapper__fit\">\n          <picture>\n                          <img loading=\"lazy\" decoding=\"async\" width=\"1876\" height=\"2500\" src=\"https:\/\/www.rogaska.si\/de\/wp-content\/uploads\/sites\/3\/2023\/11\/Woman_Face_DS8.jpg\" class=\"wp-image-1443 image__fit\" alt=\"\" srcset=\"https:\/\/www.rogaska.si\/de\/wp-content\/uploads\/sites\/3\/2023\/11\/Woman_Face_DS8.jpg 1876w, https:\/\/www.rogaska.si\/de\/wp-content\/uploads\/sites\/3\/2023\/11\/Woman_Face_DS8-225x300.jpg 225w, https:\/\/www.rogaska.si\/de\/wp-content\/uploads\/sites\/3\/2023\/11\/Woman_Face_DS8-768x1023.jpg 768w, https:\/\/www.rogaska.si\/de\/wp-content\/uploads\/sites\/3\/2023\/11\/Woman_Face_DS8-480x640.jpg 480w, https:\/\/www.rogaska.si\/de\/wp-content\/uploads\/sites\/3\/2023\/11\/Woman_Face_DS8-640x853.jpg 640w, https:\/\/www.rogaska.si\/de\/wp-content\/uploads\/sites\/3\/2023\/11\/Woman_Face_DS8-720x959.jpg 720w, https:\/\/www.rogaska.si\/de\/wp-content\/uploads\/sites\/3\/2023\/11\/Woman_Face_DS8-960x1279.jpg 960w, https:\/\/www.rogaska.si\/de\/wp-content\/uploads\/sites\/3\/2023\/11\/Woman_Face_DS8-1168x1557.jpg 1168w, https:\/\/www.rogaska.si\/de\/wp-content\/uploads\/sites\/3\/2023\/11\/Woman_Face_DS8-1440x1919.jpg 1440w, https:\/\/www.rogaska.si\/de\/wp-content\/uploads\/sites\/3\/2023\/11\/Woman_Face_DS8-1153x1536.jpg 1153w, https:\/\/www.rogaska.si\/de\/wp-content\/uploads\/sites\/3\/2023\/11\/Woman_Face_DS8-1537x2048.jpg 1537w\" sizes=\"auto, (max-width: 1876px) 100vw, 1876px\" \/>\n                                  <\/picture>\n        <\/div>\n      <\/div>\n    <\/div>\n  <\/div>\n<\/section>\n\n\n<section class=\"wp-block-hotel-sava-col-md-8 py-5\"> <div class=\"container\"> <div class=\"row\"> <div class=\"col-md-8 me-auto ms-auto\">\n<h3 class=\"wp-block-hotel-sava-heading-3\">Gesichtspflege Rhea<\/h3>\n\n\n\n<div class=\"wp-block-hotel-sava-treatments treatments__wrapper\"> <div class=\"treatments__grid\"> <div> <p class=\"fs-5 mb-2 mt-2 text-muted\">Rhea cosmetics<\/p> <p class=\"mb-2\">Fortschrittliche medizinische und vegane Kosmetik, mit der wir uns an alle Hauttypen und -zust\u00e4nde anpassen k\u00f6nnen. Die Behandlung wird nach der jeweiligen Hautproblematik und den zu erreichenden Zielen gestaltet. Wir setzen jede Anwendung individuell zusammen und tragen intensive Komplexe auf, die Falten gl\u00e4tten, Elastizit\u00e4t verbessern, Sauerstoff erh\u00f6hen, Pigmente aufhellen, Augenringe abschw\u00e4chen<br>und die Haut befeuchten.<\/p> <\/div> <div>\n<div class=\"wp-block-hotel-sava-treatment-value treatments-value__wrapper\"> <div class=\"text-end treatments-value\"> <p class=\"fs-5 mb-0 mt-sm-2 text-sm-end text-start treatments-time__area\">60 min<\/p> <p class=\"fs-5 mb-0 mt-sm-2  text-end text-muted treatments-price__area\">120 \u20ac<\/p> <\/div> <\/div>\n\n\n\n<div class=\"wp-block-hotel-sava-treatment-value treatments-value__wrapper\"> <div class=\"text-end treatments-value\"> <p class=\"fs-5 mb-0 mt-sm-2 text-sm-end text-start treatments-time__area\">80 min<\/p> <p class=\"fs-5 mb-0 mt-sm-2  text-end text-muted treatments-price__area\">160 \u20ac<\/p> <\/div> <\/div>\n\n\n\n<div class=\"wp-block-hotel-sava-treatment-value treatments-value__wrapper\"> <div class=\"text-end treatments-value\"> <p class=\"fs-5 mb-0 mt-sm-2 text-sm-end text-start treatments-time__area\">100 min<\/p> <p class=\"fs-5 mb-0 mt-sm-2  text-end text-muted treatments-price__area\">200 \u20ac<\/p> <\/div> <\/div>\n\n\n\n<div class=\"wp-block-hotel-sava-treatment-value treatments-value__wrapper\"> <div class=\"text-end treatments-value\"> <p class=\"fs-5 mb-0 mt-sm-2 text-sm-end text-start treatments-time__area\">120 min<\/p> <p class=\"fs-5 mb-0 mt-sm-2  text-end text-muted treatments-price__area\">240 \u20ac<\/p> <\/div> <\/div>\n\n\n\n<div class=\"wp-block-hotel-sava-treatment-value treatments-value__wrapper\"> <div class=\"text-end treatments-value\"> <p class=\"fs-5 mb-0 mt-sm-2 text-sm-end text-start treatments-time__area\">140 min<\/p> <p class=\"fs-5 mb-0 mt-sm-2  text-end text-muted treatments-price__area\">280 \u20ac<\/p> <\/div> <\/div>\n<\/div> <\/div> <\/div>\n\n\n\n<div class=\"wp-block-hotel-sava-treatments treatments__wrapper\"> <div class=\"treatments__grid\"> <div> <p class=\"fs-5 mb-2 mt-2 text-muted\">Age factor premium<\/p> <p class=\"mb-2\">Premiumbehandlung mit exklusiven Komplexen einer 24-Faktor-Exposition, die die Haut vollkommen vor dem Einfluss von UV-Strahlung, vor Stress und hormonellen Ver\u00e4nderungen usw. sch\u00fctzt. Mit dieser Anwendung arbeiten wir dem Entstehen von Alterszeichen entgegen, zugleich gl\u00e4ttet sie au\u00dfergew\u00f6hnlich Falten, strafft die Haut und hellt sie auf, verringert den Anschein von \u00c4derchen und erneuert die Hautbarriere.<\/p> <\/div> <div>\n<div class=\"wp-block-hotel-sava-treatment-value treatments-value__wrapper\"> <div class=\"text-end treatments-value\"> <p class=\"fs-5 mb-0 mt-sm-2 text-sm-end text-start treatments-time__area\">60 min<\/p> <p class=\"fs-5 mb-0 mt-sm-2  text-end text-muted treatments-price__area\">140 \u20ac<\/p> <\/div> <\/div>\n\n\n\n<div class=\"wp-block-hotel-sava-treatment-value treatments-value__wrapper\"> <div class=\"text-end treatments-value\"> <p class=\"fs-5 mb-0 mt-sm-2 text-sm-end text-start treatments-time__area\">80 min<\/p> <p class=\"fs-5 mb-0 mt-sm-2  text-end text-muted treatments-price__area\">180 \u20ac<\/p> <\/div> <\/div>\n<\/div> <\/div> <\/div>\n<\/div> <\/div> <\/div> <\/section>\n\n\n\n<section class=\"wp-block-hotel-sava-col-md-8 py-5\"> <div class=\"container\"> <div class=\"row\"> <div class=\"col-md-8 me-auto ms-auto\">\n<h3 class=\"wp-block-hotel-sava-heading-3\">Gesichtspflege Guinot<\/h3>\n\n\n\n<div class=\"wp-block-hotel-sava-treatments treatments__wrapper\"> <div class=\"treatments__grid\"> <div> <p class=\"fs-5 mb-2 mt-2 text-muted\">Gesichtspflege Detoxygene<\/p> <p class=\"mb-2\">Innovative Sauerstoff-Behandlung f\u00fcr m\u00fcde, trockene, leblose Haut, f\u00fcr die Haut von Rauchern und f\u00fcr alle, die einer belasteten Umgebung ausgesetzt sind. ERGEBNISSE nach einer Anwendung: Die Faltentiefe verringert sich um 43 %, die Hautfeuchtigkeit erh\u00f6ht sich um 66 %, die Anzahl und Gr\u00f6\u00dfe der Poren reduziert sich um 83 %.<\/p> <\/div> <div>\n<div class=\"wp-block-hotel-sava-treatment-value treatments-value__wrapper\"> <div class=\"text-end treatments-value\"> <p class=\"fs-5 mb-0 mt-sm-2 text-sm-end text-start treatments-time__area\">50 min<\/p> <p class=\"fs-5 mb-0 mt-sm-2  text-end text-muted treatments-price__area\">95 \u20ac<\/p> <\/div> <\/div>\n<\/div> <\/div> <\/div>\n\n\n\n<div class=\"wp-block-hotel-sava-treatments treatments__wrapper\"> <div class=\"treatments__grid\"> <div> <p class=\"fs-5 mb-2 mt-2 text-muted\">Lift Summum<\/p> <p class=\"mb-2\">Intensive manuelle Anti-Age-Behand- lung, bei der wir die Immunit\u00e4t der Zellen erh\u00f6hen, die f\u00fcr die Bildung von Kollagen und die Elastizit\u00e4t sorgen. Das Ergebnis sind Straffung, Gespanntheit, Glanz, ge- gl\u00e4ttete Falten und ein verj\u00fcngtes Ausse- hen.<\/p> <\/div> <div>\n<div class=\"wp-block-hotel-sava-treatment-value treatments-value__wrapper\"> <div class=\"text-end treatments-value\"> <p class=\"fs-5 mb-0 mt-sm-2 text-sm-end text-start treatments-time__area\">50 min<\/p> <p class=\"fs-5 mb-0 mt-sm-2  text-end text-muted treatments-price__area\">85 \u20ac<\/p> <\/div> <\/div>\n<\/div> <\/div> <\/div>\n\n\n\n<div class=\"wp-block-hotel-sava-treatments treatments__wrapper\"> <div class=\"treatments__grid\"> <div> <p class=\"fs-5 mb-2 mt-2 text-muted\">Hydra Peeling<\/p> <p class=\"mb-2\">Intensive All-in-one-Sauerstoffbehand- lung zur Faltengl\u00e4ttung, Verj\u00fcngung, Hautbefeuchtung, Aufhellung von Pigmentflecken. Die Haut ist schon nach einer Anwendung gespannt, regeneriert, gl\u00e4nzend, Falten sind um 23 % reduziert und die Pigmentierung ist um 46 % weni- ger sichtbar. Die Behandlung kann allein f\u00fcr sich oder je nach Notwendigkeit und Hautzustand in Kombination mit ande- ren Guinot-Behandlungen angewandt werden.<\/p> <\/div> <div>\n<div class=\"wp-block-hotel-sava-treatment-value treatments-value__wrapper\"> <div class=\"text-end treatments-value\"> <p class=\"fs-5 mb-0 mt-sm-2 text-sm-end text-start treatments-time__area\">50 min<\/p> <p class=\"fs-5 mb-0 mt-sm-2  text-end text-muted treatments-price__area\">85 \u20ac<\/p> <\/div> <\/div>\n<\/div> <\/div> <\/div>\n\n\n\n<div class=\"wp-block-hotel-sava-treatments treatments__wrapper\"> <div class=\"treatments__grid\"> <div> <p class=\"fs-5 mb-2 mt-2 text-muted\">Age Summum Gesichts- und Handpflege<\/p> <p class=\"mb-2\">Age Summum ist eine prestigetr\u00e4chtige multifunktionale Anti-Age-Pflege mit Hyaluron und Kollagen, mit der wir die Haut regenerieren und straffen, innerhalb von einer Stunde erh\u00e4lt sie ihren Glanz zur\u00fcck, gestrafftes Aussehen.<\/p> <\/div> <div>\n<div class=\"wp-block-hotel-sava-treatment-value treatments-value__wrapper\"> <div class=\"text-end treatments-value\"> <p class=\"fs-5 mb-0 mt-sm-2 text-sm-end text-start treatments-time__area\">60 min<\/p> <p class=\"fs-5 mb-0 mt-sm-2  text-end text-muted treatments-price__area\">110 \u20ac<\/p> <\/div> <\/div>\n<\/div> <\/div> <\/div>\n<\/div> <\/div> <\/div> <\/section>\n\n\n\n<section class=\"wp-block-hotel-sava-col-md-8 py-5\"> <div class=\"container\"> <div class=\"row\"> <div class=\"col-md-8 me-auto ms-auto\">\n<h3 class=\"wp-block-hotel-sava-heading-3\">Gesichtspflege Pevonia<\/h3>\n\n\n\n<div class=\"wp-block-hotel-sava-treatments treatments__wrapper\"> <div class=\"treatments__grid\"> <div> <p class=\"fs-5 mb-2 mt-2 text-muted\">Basispflege des Gesichts<\/p> <p class=\"mb-2\">Geeignet f\u00fcr alle Hauttypen. Die Pflege beinhaltet Hautreinigung, Massage des Gesichts mit Dekollet\u00e9, Enzym-Peeling, Tiefenreinigung und Auftragen einer Maske, entsprechend dem Hauttyp.<\/p> <\/div> <div>\n<div class=\"wp-block-hotel-sava-treatment-value treatments-value__wrapper\"> <div class=\"text-end treatments-value\"> <p class=\"fs-5 mb-0 mt-sm-2 text-sm-end text-start treatments-time__area\">60 min<\/p> <p class=\"fs-5 mb-0 mt-sm-2  text-end text-muted treatments-price__area\">70 \u20ac<\/p> <\/div> <\/div>\n<\/div> <\/div> <\/div>\n\n\n\n<div class=\"wp-block-hotel-sava-treatments treatments__wrapper\"> <div class=\"treatments__grid\"> <div> <p class=\"fs-5 mb-2 mt-2 text-muted\">Antistressmassage oder Lymphdrainage des Gesichts mit Maske<\/p> <p class=\"mb-2\">Bei der Massage wird eine Mischung au\u00dferordentlich qualit\u00e4tsvoller und sanfter \u00d6le verwendet, mit denen wir effektiv Dehydrierung und den Eindruck trockener Haut verringern sowie allgemeine Entspanntheit und Wohlbefinden f\u00f6rdern.<\/p> <\/div> <div>\n<div class=\"wp-block-hotel-sava-treatment-value treatments-value__wrapper\"> <div class=\"text-end treatments-value\"> <p class=\"fs-5 mb-0 mt-sm-2 text-sm-end text-start treatments-time__area\">45 min<\/p> <p class=\"fs-5 mb-0 mt-sm-2  text-end text-muted treatments-price__area\">40 \u20ac<\/p> <\/div> <\/div>\n<\/div> <\/div> <\/div>\n\n\n\n<div class=\"wp-block-hotel-sava-treatments treatments__wrapper\"> <div class=\"treatments__grid\"> <div> <p class=\"fs-5 mb-2 mt-2 text-muted\">Gesichtspflege f\u00fcr M\u00e4nner mit Kaviar<\/p> <p class=\"mb-2\">Stoppen Sie den Alterungsprozess mit erwiesenerma\u00dfen effektiver Pflege, speziell konzipiert f\u00fcr die Bed\u00fcrfnisse der Haut des Mannes. Kaviar mit Verj\u00fcngungswirkung und erneuerndes Escutox\u00ae werden Ihre Haut mit au\u00dfergew\u00f6hnlichen Wirk- stoffen gegen das Altern versorgen.<\/p> <\/div> <div>\n<div class=\"wp-block-hotel-sava-treatment-value treatments-value__wrapper\"> <div class=\"text-end treatments-value\"> <p class=\"fs-5 mb-0 mt-sm-2 text-sm-end text-start treatments-time__area\">60 min<\/p> <p class=\"fs-5 mb-0 mt-sm-2  text-end text-muted treatments-price__area\">85 \u20ac<\/p> <\/div> <\/div>\n<\/div> <\/div> <\/div>\n\n\n\n<div class=\"wp-block-hotel-sava-treatments treatments__wrapper\"> <div class=\"treatments__grid\"> <div> <p class=\"fs-5 mb-2 mt-2 text-muted\">Spezielle Gesichtspflege Pevonia mit gezielter Wirkung<\/p> <p class=\"mb-2\">Nach Pr\u00fcfung Ihrer Haut entscheidet die Kosmetikerin, welche Pflege Ihre Haut ben\u00f6tigt: Gl\u00e4ttung, Befeuchtung, Beruhigung, N\u00e4hrstoffversorgung, gegen R\u00f6tungen oder f\u00fcr gl\u00e4nzende Haut.<\/p> <\/div> <div>\n<div class=\"wp-block-hotel-sava-treatment-value treatments-value__wrapper\"> <div class=\"text-end treatments-value\"> <p class=\"fs-5 mb-0 mt-sm-2 text-sm-end text-start treatments-time__area\">60 min<\/p> <p class=\"fs-5 mb-0 mt-sm-2  text-end text-muted treatments-price__area\">85 \u20ac<\/p> <\/div> <\/div>\n<\/div> <\/div> <\/div>\n<\/div> <\/div> <\/div> <\/section>\n\n\n\n<section class=\"wp-block-hotel-sava-col-md-8 py-5\"> <div class=\"container\"> <div class=\"row\"> <div class=\"col-md-8 me-auto ms-auto\">\n<h3 class=\"wp-block-hotel-sava-heading-3\">Gesichtspflege Dal\u00fa<\/h3>\n\n\n\n<div class=\"wp-block-hotel-sava-treatments treatments__wrapper\"> <div class=\"treatments__grid\"> <div> <p class=\"fs-5 mb-2 mt-2 text-muted\">Royal Anti-Aging Radiance Beauty Ritual<\/p> <p class=\"mb-2\">Vitamin C Illuminating and Anti-aging facial treatment.<br>Das Royal-Anti-Aging-Ritual spannt sichtbar Ihre Haut, feuchtet sie an und reduziert Falten. Das Vitamin C und die biotechnologischen Inhaltsstoffe machen die Haut heller, verleihen ihr einen gesunden Glanz und haben einen Verj\u00fcngungseffekt. ActiwhiteTM ist eine innovative synergistische Kombination von Saccharose und Erbsenextrakt, was eine Aufhellung der hyperpigmentierten Haut erm\u00f6glicht und die Bildung von Melanin vermindert.<\/p> <\/div> <div>\n<div class=\"wp-block-hotel-sava-treatment-value treatments-value__wrapper\"> <div class=\"text-end treatments-value\"> <p class=\"fs-5 mb-0 mt-sm-2 text-sm-end text-start treatments-time__area\">60 min<\/p> <p class=\"fs-5 mb-0 mt-sm-2  text-end text-muted treatments-price__area\">130 \u20ac<\/p> <\/div> <\/div>\n\n\n\n<div class=\"wp-block-hotel-sava-treatment-value treatments-value__wrapper\"> <div class=\"text-end treatments-value\"> <p class=\"fs-5 mb-0 mt-sm-2 text-sm-end text-start treatments-time__area\">90 min<\/p> <p class=\"fs-5 mb-0 mt-sm-2  text-end text-muted treatments-price__area\">160 \u20ac<\/p> <\/div> <\/div>\n<\/div> <\/div> <\/div>\n\n\n\n<div class=\"wp-block-hotel-sava-treatments treatments__wrapper\"> <div class=\"treatments__grid\"> <div> <p class=\"fs-5 mb-2 mt-2 text-muted\">Ultimate Intensive Hydrating &amp; Anti-Aging Beauty Facial Ritual<\/p> <p class=\"mb-2\">6D Hydra Concept &amp; Anti-Aging facial marine boost treatment.<br>Intensive Feuchtigkeits-Anti-Aging-Pflege mit Anwendung des modernen 6-diimensionalen Hydrationskonzepts: 3 verschiedene Massen an Hyalurons\u00e4ure in Kombination mit anderen Hightech-Feuchtigkeitsspendern und Anti-Aging-Inhaltsstoffen Ectoin\u00ae, Phytospherix\u00ae, AquaxylTM, InstensylTM befeuchten die Haut und erneuern Kollagen und Elastin. In Folge bilden sich die kleinen Falten zur\u00fcck\u2026 Spirulina boost k\u00fcmmert sich um die Tiefenremineralisation.<\/p> <\/div> <div>\n<div class=\"wp-block-hotel-sava-treatment-value treatments-value__wrapper\"> <div class=\"text-end treatments-value\"> <p class=\"fs-5 mb-0 mt-sm-2 text-sm-end text-start treatments-time__area\">60 min<\/p> <p class=\"fs-5 mb-0 mt-sm-2  text-end text-muted treatments-price__area\">110 \u20ac<\/p> <\/div> <\/div>\n\n\n\n<div class=\"wp-block-hotel-sava-treatment-value treatments-value__wrapper\"> <div class=\"text-end treatments-value\"> <p class=\"fs-5 mb-0 mt-sm-2 text-sm-end text-start treatments-time__area\">90 min<\/p> <p class=\"fs-5 mb-0 mt-sm-2  text-end text-muted treatments-price__area\">130 \u20ac<\/p> <\/div> <\/div>\n<\/div> <\/div> <\/div>\n\n\n\n<div class=\"wp-block-hotel-sava-treatments treatments__wrapper\"> <div class=\"treatments__grid\"> <div> <p class=\"fs-5 mb-2 mt-2 text-muted\">24-Karat Gold Pure Luxury Lift &amp; Firm Beauty Ritual<\/p> <p class=\"mb-2\">24-Karat gold leaf radiance treatment (inkl. goldene Augenpflaster).<br>Geben Sie Ihrer Haut mit Gold ihren Glanz zur\u00fcck! Nicht nur, dass Gold visuell sehr attraktiv ist und einen Hauch von Reichtum verleiht, es hat auch Sch\u00f6nheitsvorteile, deren Nachweise mehrere Jahrhunderte zur\u00fcckreichen. Es entfernt die dunklen Flecken auf der Haut.<\/p> <\/div> <div>\n<div class=\"wp-block-hotel-sava-treatment-value treatments-value__wrapper\"> <div class=\"text-end treatments-value\"> <p class=\"fs-5 mb-0 mt-sm-2 text-sm-end text-start treatments-time__area\">105 min<\/p> <p class=\"fs-5 mb-0 mt-sm-2  text-end text-muted treatments-price__area\">350 \u20ac<\/p> <\/div> <\/div>\n\n\n\n<div class=\"wp-block-hotel-sava-treatment-value treatments-value__wrapper\"> <div class=\"text-end treatments-value\"> <p class=\"fs-5 mb-0 mt-sm-2 text-sm-end text-start treatments-time__area\">115 min<\/p> <p class=\"fs-5 mb-0 mt-sm-2  text-end text-muted treatments-price__area\">410 \u20ac<\/p> <\/div> <\/div>\n<\/div> <\/div> <\/div>\n\n\n\n<div class=\"wp-block-hotel-sava-treatments treatments__wrapper\"> <div class=\"treatments__grid\"> <div> <p class=\"fs-5 mb-2 mt-2 text-muted\">Anti-Aging Beauty Eye Ritual<\/p> <p class=\"mb-2\">Antiwrinkle, anti-puffiness and and dark circles eye treatment.<\/p> <\/div> <div>\n<div class=\"wp-block-hotel-sava-treatment-value treatments-value__wrapper\"> <div class=\"text-end treatments-value\"> <p class=\"fs-5 mb-0 mt-sm-2 text-sm-end text-start treatments-time__area\">35 min<\/p> <p class=\"fs-5 mb-0 mt-sm-2  text-end text-muted treatments-price__area\">60 \u20ac<\/p> <\/div> <\/div>\n<\/div> <\/div> <\/div>\n\n\n\n<div class=\"wp-block-hotel-sava-treatments treatments__wrapper\"> <div class=\"treatments__grid\"> <div> <p class=\"fs-5 mb-2 mt-2 text-muted\">24-Karat Gold Eye Anti-Aging Ritual<\/p> <p class=\"mb-2\">Das 24-Karat-Gold in Form von Pflastern beschleunigt tiefgr\u00fcndig die Elastinund Kollagensynthese, macht die Haut heller und verleiht ihr royalen Glanz.<\/p> <\/div> <div>\n<div class=\"wp-block-hotel-sava-treatment-value treatments-value__wrapper\"> <div class=\"text-end treatments-value\"> <p class=\"fs-5 mb-0 mt-sm-2 text-sm-end text-start treatments-time__area\">45 min<\/p> <p class=\"fs-5 mb-0 mt-sm-2  text-end text-muted treatments-price__area\">180 \u20ac<\/p> <\/div> <\/div>\n<\/div> <\/div> <\/div>\n\n\n\n<div class=\"wp-block-hotel-sava-treatments treatments__wrapper\"> <div class=\"treatments__grid\"> <div> <p class=\"fs-5 mb-2 mt-2 text-muted\">SOS Sensitive Skin Beauty Facial Ritual Dal\u00fa<\/p> <p class=\"mb-2\">Soothing and calming sensitive skin treatment.<\/p> <\/div> <div>\n<div class=\"wp-block-hotel-sava-treatment-value treatments-value__wrapper\"> <div class=\"text-end treatments-value\"> <p class=\"fs-5 mb-0 mt-sm-2 text-sm-end text-start treatments-time__area\">60 min<\/p> <p class=\"fs-5 mb-0 mt-sm-2  text-end text-muted treatments-price__area\">90 \u20ac<\/p> <\/div> <\/div>\n<\/div> <\/div> <\/div>\n\n\n\n<div class=\"wp-block-hotel-sava-treatments treatments__wrapper\"> <div class=\"treatments__grid\"> <div> <p class=\"fs-5 mb-2 mt-2 text-muted\">Anti-Aging Biotec Ritual Dal\u00fa<\/p> <p class=\"mb-2\">Erleben Sie die ultimative Verj\u00fcngung mit einer Anti-Aging-Radiofrequenz-Gesichtsbehandlung f\u00fcr ein komplettes Lifting. Fortschrittliche biotechnologische Inhaltsstoffe spenden tiefenwirksam Feuchtigkeit, pflegen die Haut intensiv und erh\u00f6hen ihre Festigkeit. Moderne Radiofrequenztechnologie reduziert wirksam die Entstehung von F\u00e4ltchen und gibt Ihrer Haut ihre Gl\u00e4tte und ihr jugendliches Aussehen zur\u00fcck.<\/p> <\/div> <div>\n<div class=\"wp-block-hotel-sava-treatment-value treatments-value__wrapper\"> <div class=\"text-end treatments-value\"> <p class=\"fs-5 mb-0 mt-sm-2 text-sm-end text-start treatments-time__area\">60 min<\/p> <p class=\"fs-5 mb-0 mt-sm-2  text-end text-muted treatments-price__area\">150 \u20ac<\/p> <\/div> <\/div>\n<\/div> <\/div> <\/div>\n\n\n\n<div class=\"wp-block-hotel-sava-treatments treatments__wrapper\"> <div class=\"treatments__grid\"> <div> <p class=\"fs-5 mb-2 mt-2 text-muted\">Anti-Aging Biotec Ritual Dal\u00fa<br>Mit Gesichtsstimulation<\/p>  <\/div> <div>\n<div class=\"wp-block-hotel-sava-treatment-value treatments-value__wrapper\"> <div class=\"text-end treatments-value\"> <p class=\"fs-5 mb-0 mt-sm-2 text-sm-end text-start treatments-time__area\">70 min<\/p> <p class=\"fs-5 mb-0 mt-sm-2  text-end text-muted treatments-price__area\">170 \u20ac<\/p> <\/div> <\/div>\n<\/div> <\/div> <\/div>\n<\/div> <\/div> <\/div> <\/section>\n","protected":false},"excerpt":{"rendered":"","protected":false},"author":1,"featured_media":0,"parent":510,"menu_order":0,"comment_status":"closed","ping_status":"closed","template":"","meta":{"_acf_changed":false,"footnotes":""},"class_list":["post-1439","page","type-page","status-publish","hentry"],"acf":[],"publishpress_future_workflow_manual_trigger":{"enabledWorkflows":[]},"_links":{"self":[{"href":"https:\/\/www.rogaska.si\/de\/wp-json\/wp\/v2\/pages\/1439","targetHints":{"allow":["GET"]}}],"collection":[{"href":"https:\/\/www.rogaska.si\/de\/wp-json\/wp\/v2\/pages"}],"about":[{"href":"https:\/\/www.rogaska.si\/de\/wp-json\/wp\/v2\/types\/page"}],"author":[{"embeddable":true,"href":"https:\/\/www.rogaska.si\/de\/wp-json\/wp\/v2\/users\/1"}],"replies":[{"embeddable":true,"href":"https:\/\/www.rogaska.si\/de\/wp-json\/wp\/v2\/comments?post=1439"}],"version-history":[{"count":2,"href":"https:\/\/www.rogaska.si\/de\/wp-json\/wp\/v2\/pages\/1439\/revisions"}],"predecessor-version":[{"id":2539,"href":"https:\/\/www.rogaska.si\/de\/wp-json\/wp\/v2\/pages\/1439\/revisions\/2539"}],"up":[{"embeddable":true,"href":"https:\/\/www.rogaska.si\/de\/wp-json\/wp\/v2\/pages\/510"}],"wp:attachment":[{"href":"https:\/\/www.rogaska.si\/de\/wp-json\/wp\/v2\/media?parent=1439"}],"curies":[{"name":"wp","href":"https:\/\/api.w.org\/{rel}","templated":true}]}}