{"id":1431,"date":"2023-11-19T15:08:28","date_gmt":"2023-11-19T14:08:28","guid":{"rendered":"https:\/\/www.rogaska.si\/de\/?page_id=1431"},"modified":"2026-04-20T18:03:18","modified_gmt":"2026-04-20T16:03:18","slug":"korperpflege","status":"publish","type":"page","link":"https:\/\/www.rogaska.si\/de\/roi-beauty\/korperpflege\/","title":{"rendered":"K\u00f6rperpflege"},"content":{"rendered":"<section class=\"py-5 wp-block-hotel-sava-hero-secondary\">\n  <div class=\"container\">\n    <div class=\"d-md-block d-none mt-5 pt-5 row\">\n      <div>\n                                                                                                          <nav aria-label=\"breadcrumb\">\n              <ol class=\"breadcrumb\">\n                                <li class=\"breadcrumb-item\"><a href=\"https:\/\/www.rogaska.si\/de\">Startseite<\/a>\n                <\/li>\n                                                <li class=\"breadcrumb-item active\" aria-current=\"page\">\n                  ROI Beauty                <\/li>\n              <\/ol>\n            <\/nav>\n                                                                                                                              <\/div>\n    <\/div>\n    <div class=\"row\">\n      <div>\n        <h1 class=\"display-4 text-center\">K\u00f6rperpflege<\/h1>\n      <\/div>\n    <\/div>\n    <div class=\"mt-5 row\">\n      <div class=\"col-lg-10 col-md-11 me-auto ms-auto\">\n        <div class=\"image-wrapper__fit\">\n          <picture>\n                          <img loading=\"lazy\" decoding=\"async\" width=\"2286\" height=\"2500\" src=\"https:\/\/www.rogaska.si\/de\/wp-content\/uploads\/sites\/3\/2023\/11\/SCS_Woman_Body.jpg\" class=\"wp-image-1432 image__fit\" alt=\"\" srcset=\"https:\/\/www.rogaska.si\/de\/wp-content\/uploads\/sites\/3\/2023\/11\/SCS_Woman_Body.jpg 2286w, https:\/\/www.rogaska.si\/de\/wp-content\/uploads\/sites\/3\/2023\/11\/SCS_Woman_Body-274x300.jpg 274w, https:\/\/www.rogaska.si\/de\/wp-content\/uploads\/sites\/3\/2023\/11\/SCS_Woman_Body-936x1024.jpg 936w, https:\/\/www.rogaska.si\/de\/wp-content\/uploads\/sites\/3\/2023\/11\/SCS_Woman_Body-768x840.jpg 768w, https:\/\/www.rogaska.si\/de\/wp-content\/uploads\/sites\/3\/2023\/11\/SCS_Woman_Body-480x525.jpg 480w, https:\/\/www.rogaska.si\/de\/wp-content\/uploads\/sites\/3\/2023\/11\/SCS_Woman_Body-640x700.jpg 640w, https:\/\/www.rogaska.si\/de\/wp-content\/uploads\/sites\/3\/2023\/11\/SCS_Woman_Body-720x787.jpg 720w, https:\/\/www.rogaska.si\/de\/wp-content\/uploads\/sites\/3\/2023\/11\/SCS_Woman_Body-960x1050.jpg 960w, https:\/\/www.rogaska.si\/de\/wp-content\/uploads\/sites\/3\/2023\/11\/SCS_Woman_Body-1168x1277.jpg 1168w, https:\/\/www.rogaska.si\/de\/wp-content\/uploads\/sites\/3\/2023\/11\/SCS_Woman_Body-1440x1575.jpg 1440w, https:\/\/www.rogaska.si\/de\/wp-content\/uploads\/sites\/3\/2023\/11\/SCS_Woman_Body-1920x2100.jpg 1920w, https:\/\/www.rogaska.si\/de\/wp-content\/uploads\/sites\/3\/2023\/11\/SCS_Woman_Body-1405x1536.jpg 1405w, https:\/\/www.rogaska.si\/de\/wp-content\/uploads\/sites\/3\/2023\/11\/SCS_Woman_Body-1873x2048.jpg 1873w\" sizes=\"auto, (max-width: 2286px) 100vw, 2286px\" \/>\n                                  <\/picture>\n        <\/div>\n      <\/div>\n    <\/div>\n  <\/div>\n<\/section>\n\n\n<section class=\"wp-block-hotel-sava-col-md-8 py-5\"> <div class=\"container\"> <div class=\"row\"> <div class=\"col-md-8 me-auto ms-auto\">\n<div class=\"wp-block-hotel-sava-treatments treatments__wrapper\"> <div class=\"treatments__grid\"> <div> <p class=\"fs-5 mb-2 mt-2 text-muted\">K\u00f6rperpeeling<\/p> <p class=\"mb-2\">Entfernt abgestorbene Zellen, reinigt und gl\u00e4ttet die Haut und bereitet sie auf die weitere Pflege vor.<\/p> <\/div> <div>\n<div class=\"wp-block-hotel-sava-treatment-value treatments-value__wrapper\"> <div class=\"text-end treatments-value\"> <p class=\"fs-5 mb-0 mt-sm-2 text-sm-end text-start treatments-time__area\">20 min<\/p> <p class=\"fs-5 mb-0 mt-sm-2  text-end text-muted treatments-price__area\">30 \u20ac<\/p> <\/div> <\/div>\n<\/div> <\/div> <\/div>\n\n\n\n<div class=\"wp-block-hotel-sava-treatments treatments__wrapper\"> <div class=\"treatments__grid\"> <div> <p class=\"fs-5 mb-2 mt-2 text-muted\">Peeling und Entspannungsmassage<\/p> <p class=\"mb-2\">Sanftes Peeling und Entspannungsmassage des K\u00f6rpers zur Regeneration der Haut und Relaxation.<\/p> <\/div> <div>\n<div class=\"wp-block-hotel-sava-treatment-value treatments-value__wrapper\"> <div class=\"text-end treatments-value\"> <p class=\"fs-5 mb-0 mt-sm-2 text-sm-end text-start treatments-time__area\">60 min<\/p> <p class=\"fs-5 mb-0 mt-sm-2  text-end text-muted treatments-price__area\">75 \u20ac<\/p> <\/div> <\/div>\n<\/div> <\/div> <\/div>\n\n\n\n<div class=\"wp-block-hotel-sava-treatments treatments__wrapper\"> <div class=\"treatments__grid\"> <div> <p class=\"fs-5 mb-2 mt-2 text-muted\">Entgiftende Pflege mit Algen<\/p> <p class=\"mb-2\">Pflege zur Wasserausscheidung, Feuchtigkeitsversorgung der Haut und Verbesserung des Tonus. Auch beim Abnehmen empfohlen.<\/p> <\/div> <div>\n<div class=\"wp-block-hotel-sava-treatment-value treatments-value__wrapper\"> <div class=\"text-end treatments-value\"> <p class=\"fs-5 mb-0 mt-sm-2 text-sm-end text-start treatments-time__area\">60 min<\/p> <p class=\"fs-5 mb-0 mt-sm-2  text-end text-muted treatments-price__area\">75 \u20ac<\/p> <\/div> <\/div>\n<\/div> <\/div> <\/div>\n\n\n\n<div class=\"wp-block-hotel-sava-treatments treatments__wrapper\"> <div class=\"treatments__grid\"> <div> <p class=\"fs-5 mb-2 mt-2 text-muted\">Entgiftende Anticellulitepflege mit Algen und gr\u00fcnem Kaffee<\/p> <p class=\"mb-2\">Die Pflege verringert Cellulite, wirkt gewichtsreduzierend und hat einen wohltuenden Einfluss auf den Hauttonus.<\/p> <\/div> <div>\n<div class=\"wp-block-hotel-sava-treatment-value treatments-value__wrapper\"> <div class=\"text-end treatments-value\"> <p class=\"fs-5 mb-0 mt-sm-2 text-sm-end text-start treatments-time__area\">75 min<\/p> <p class=\"fs-5 mb-0 mt-sm-2  text-end text-muted treatments-price__area\">79 \u20ac<\/p> <\/div> <\/div>\n<\/div> <\/div> <\/div>\n\n\n\n<div class=\"wp-block-hotel-sava-treatments treatments__wrapper\"> <div class=\"treatments__grid\"> <div> <p class=\"fs-5 mb-2 mt-2 text-muted\">Lumafirm Body Firm &amp; Glow<\/p> <p class=\"mb-2\">Einzigartige K\u00f6rperpflege mit einer exklusiven Wirkstoffkombination gegen Hautalterung f\u00fcr eine sichtbare Verj\u00fcngung des K\u00f6rpers.<\/p> <\/div> <div>\n<div class=\"wp-block-hotel-sava-treatment-value treatments-value__wrapper\"> <div class=\"text-end treatments-value\"> <p class=\"fs-5 mb-0 mt-sm-2 text-sm-end text-start treatments-time__area\">60 min<\/p> <p class=\"fs-5 mb-0 mt-sm-2  text-end text-muted treatments-price__area\">75 \u20ac<\/p> <\/div> <\/div>\n<\/div> <\/div> <\/div>\n\n\n\n<div class=\"wp-block-hotel-sava-treatments treatments__wrapper\"> <div class=\"treatments__grid\"> <div> <p class=\"fs-5 mb-2 mt-2 text-muted\">Vitaminpflege gegen Hautalterung mit Tropenfr\u00fcchten<\/p> <p class=\"mb-2\">Au\u00dfergew\u00f6hnliche Pflege, die die Haut festigt und sie geschmeidiger und gl\u00e4nzender macht.<\/p> <\/div> <div>\n<div class=\"wp-block-hotel-sava-treatment-value treatments-value__wrapper\"> <div class=\"text-end treatments-value\"> <p class=\"fs-5 mb-0 mt-sm-2 text-sm-end text-start treatments-time__area\">60 min<\/p> <p class=\"fs-5 mb-0 mt-sm-2  text-end text-muted treatments-price__area\">75 \u20ac<\/p> <\/div> <\/div>\n<\/div> <\/div> <\/div>\n\n\n\n<div class=\"wp-block-hotel-sava-treatments treatments__wrapper\"> <div class=\"treatments__grid\"> <div> <p class=\"fs-5 mb-2 mt-2 text-muted\">Formende Pflege mit Meeresalgen<\/p> <p class=\"mb-2\">Diese Pflege mit Drainage- Wirkung beseitigt M\u00fcdigkeit sowie Schwellungen und stimuliert das Lymphsystem.<\/p> <\/div> <div>\n<div class=\"wp-block-hotel-sava-treatment-value treatments-value__wrapper\"> <div class=\"text-end treatments-value\"> <p class=\"fs-5 mb-0 mt-sm-2 text-sm-end text-start treatments-time__area\">50 min<\/p> <p class=\"fs-5 mb-0 mt-sm-2  text-end text-muted treatments-price__area\">50 \u20ac<\/p> <\/div> <\/div>\n<\/div> <\/div> <\/div>\n\n\n\n<div class=\"wp-block-hotel-sava-treatments treatments__wrapper\"> <div class=\"treatments__grid\"> <div> <p class=\"fs-5 mb-2 mt-2 text-muted\">Gl\u00e4ttende K\u00f6rperpflege mit Peeling<\/p> <p class=\"mb-2\">Diese Pflege weicht trockene, raue Hautstellen auf und gl\u00e4ttet sie.<\/p> <\/div> <div>\n<div class=\"wp-block-hotel-sava-treatment-value treatments-value__wrapper\"> <div class=\"text-end treatments-value\"> <p class=\"fs-5 mb-0 mt-sm-2 text-sm-end text-start treatments-time__area\">45 min<\/p> <p class=\"fs-5 mb-0 mt-sm-2  text-end text-muted treatments-price__area\">45 \u20ac<\/p> <\/div> <\/div>\n<\/div> <\/div> <\/div>\n\n\n\n<div class=\"wp-block-hotel-sava-treatments treatments__wrapper\"> <div class=\"treatments__grid\"> <div> <p class=\"fs-5 mb-2 mt-2 text-muted\">Schokoladengenuss<\/p> <p class=\"mb-2\">Entfliehen Sie in eine sinnliche Oase und g\u00f6nnen Sie sich eine k\u00f6stliche Schokoladenmousse. Ein luxuri\u00f6ses 3-in-1-K\u00f6rpererlebnis, das Reinigung, Peeling und Maske mit der G\u00fcte von Kakao und einer kraftvollen Mischung aus Wirkstoffen kombiniert.<\/p> <\/div> <div>\n<div class=\"wp-block-hotel-sava-treatment-value treatments-value__wrapper\"> <div class=\"text-end treatments-value\"> <p class=\"fs-5 mb-0 mt-sm-2 text-sm-end text-start treatments-time__area\">60 min<\/p> <p class=\"fs-5 mb-0 mt-sm-2  text-end text-muted treatments-price__area\">85 \u20ac<\/p> <\/div> <\/div>\n<\/div> <\/div> <\/div>\n\n\n\n<div class=\"wp-block-hotel-sava-treatments treatments__wrapper\"> <div class=\"treatments__grid\"> <div> <p class=\"fs-5 mb-2 mt-2 text-muted\">Schokoladengenuss <br>Kombination mit Massage<\/p>  <\/div> <div>\n<div class=\"wp-block-hotel-sava-treatment-value treatments-value__wrapper\"> <div class=\"text-end treatments-value\"> <p class=\"fs-5 mb-0 mt-sm-2 text-sm-end text-start treatments-time__area\">100 min<\/p> <p class=\"fs-5 mb-0 mt-sm-2  text-end text-muted treatments-price__area\">110 \u20ac<\/p> <\/div> <\/div>\n<\/div> <\/div> <\/div>\n\n\n\n<div class=\"wp-block-hotel-sava-treatments treatments__wrapper\"> <div class=\"treatments__grid\"> <div> <p class=\"fs-5 mb-2 mt-2 text-muted\">Trockenb\u00fcrsten des K\u00f6rpers mit Packung gegen das Altern + Geschenk<\/p> <p class=\"mb-2\">Die nach dem gr\u00fcndlichen Tro- ckenb\u00fcrsten aufgetragene Pa- ckung sorgt f\u00fcr eine Tiefenpflege der Haut und hat Erneuerungs- effekte, sie reduziert auch Tro- ckenheit und grobe Struktur.<\/p> <\/div> <div>\n<div class=\"wp-block-hotel-sava-treatment-value treatments-value__wrapper\"> <div class=\"text-end treatments-value\"> <p class=\"fs-5 mb-0 mt-sm-2 text-sm-end text-start treatments-time__area\">50 min<\/p> <p class=\"fs-5 mb-0 mt-sm-2  text-end text-muted treatments-price__area\">59 \u20ac<\/p> <\/div> <\/div>\n<\/div> <\/div> <\/div>\n\n\n\n<div class=\"wp-block-hotel-sava-treatments treatments__wrapper\"> <div class=\"treatments__grid\"> <div> <p class=\"fs-5 mb-2 mt-2 text-muted\">DETOX-K\u00d6RPERMASKE<\/p> <p class=\"mb-2\">Selbsterhitzende entgiftende K\u00f6rpermaske mit gr\u00fcnem Tee. Sanfte W\u00e4rme verst\u00e4rkt die Wirksamkeit der aktiven Inhaltsstoffe und erh\u00f6ht so deren Nutzen f\u00fcr Haut und K\u00f6rper.<\/p> <\/div> <div>\n<div class=\"wp-block-hotel-sava-treatment-value treatments-value__wrapper\"> <div class=\"text-end treatments-value\"> <p class=\"fs-5 mb-0 mt-sm-2 text-sm-end text-start treatments-time__area\">30 min<\/p> <p class=\"fs-5 mb-0 mt-sm-2  text-end text-muted treatments-price__area\">45 \u20ac<\/p> <\/div> <\/div>\n<\/div> <\/div> <\/div>\n\n\n\n<div class=\"wp-block-hotel-sava-treatments treatments__wrapper\"> <div class=\"treatments__grid\"> <div> <p class=\"fs-5 mb-2 mt-2 text-muted\">STRAFFENDE K\u00d6RPERMASKE<\/p> <p class=\"mb-2\">Luxuri\u00f6se Maske, angereichert mit Extrakten aus Orange, Ingwer und Karotte, revitalisiert und erfrischt die Haut. Nach der Anwendung ist die Haut straff, strahlend und erneuert.<\/p> <\/div> <div>\n<div class=\"wp-block-hotel-sava-treatment-value treatments-value__wrapper\"> <div class=\"text-end treatments-value\"> <p class=\"fs-5 mb-0 mt-sm-2 text-sm-end text-start treatments-time__area\">30 min<\/p> <p class=\"fs-5 mb-0 mt-sm-2  text-end text-muted treatments-price__area\">45 \u20ac<\/p> <\/div> <\/div>\n<\/div> <\/div> <\/div>\n\n\n\n<div class=\"wp-block-hotel-sava-treatments treatments__wrapper\"> <div class=\"treatments__grid\"> <div> <p class=\"fs-5 mb-2 mt-2 text-muted\">Schlankheitswirkung und Anti-Cellulite Meeresalgenbehandlung<\/p> <p class=\"mb-2\">Intensive Schlankheitsund Anti-Cellulite-Behandlung mit Meeresalgen.<\/p> <\/div> <div>\n<div class=\"wp-block-hotel-sava-treatment-value treatments-value__wrapper\"> <div class=\"text-end treatments-value\"> <p class=\"fs-5 mb-0 mt-sm-2 text-sm-end text-start treatments-time__area\">60 min<\/p> <p class=\"fs-5 mb-0 mt-sm-2  text-end text-muted treatments-price__area\">75 \u20ac<\/p> <\/div> <\/div>\n<\/div> <\/div> <\/div>\n\n\n\n<div class=\"wp-block-hotel-sava-treatments treatments__wrapper\"> <div class=\"treatments__grid\"> <div> <p class=\"fs-5 mb-2 mt-2 text-muted\">Cocoa Termic Body Wrap<\/p> <p class=\"mb-2\">Eine innovative Wellness-K\u00f6rperbehandlung l\u00e4dt zum Wohlf\u00fchlen und Entspannen ein. Bei Kontakt mit Wasser verwandelt sich das Pulver augenblicklich in einen knisternden Schaum. Es gibt fortschreitende W\u00e4rme ab, die eine vollkommene Entspannung erm\u00f6glicht und die Nutzung der positiven Wirkung des Kakaos auf den K\u00f6rper erm\u00f6glicht.<\/p> <\/div> <div>\n<div class=\"wp-block-hotel-sava-treatment-value treatments-value__wrapper\"> <div class=\"text-end treatments-value\"> <p class=\"fs-5 mb-0 mt-sm-2 text-sm-end text-start treatments-time__area\">60 min<\/p> <p class=\"fs-5 mb-0 mt-sm-2  text-end text-muted treatments-price__area\">65 \u20ac<\/p> <\/div> <\/div>\n<\/div> <\/div> <\/div>\n\n\n\n<div class=\"wp-block-hotel-sava-treatments treatments__wrapper\"> <div class=\"treatments__grid\"> <div> <p class=\"fs-5 mb-2 mt-2 text-muted\">K\u00f6rperpeeling mit Drei Salzen und Entspannenden \u00c4therischen \u00d6len<\/p> <p class=\"mb-2\">K\u00f6rperpeeling mit Salz aus dem Toten Meer, Himalaya-Salz und K\u00fcstensalz der Bretagne mit berauschenden \u00e4therischen \u00d6len entfernt effektiv abgestorbene Zellen, remineralisiert und pflegt die Haut.<\/p> <\/div> <div>\n<div class=\"wp-block-hotel-sava-treatment-value treatments-value__wrapper\"> <div class=\"text-end treatments-value\"> <p class=\"fs-5 mb-0 mt-sm-2 text-sm-end text-start treatments-time__area\">30 min<\/p> <p class=\"fs-5 mb-0 mt-sm-2  text-end text-muted treatments-price__area\">40 \u20ac<\/p> <\/div> <\/div>\n<\/div> <\/div> <\/div>\n<\/div> <\/div> <\/div> <\/section>\n","protected":false},"excerpt":{"rendered":"","protected":false},"author":1,"featured_media":0,"parent":510,"menu_order":0,"comment_status":"closed","ping_status":"closed","template":"","meta":{"_acf_changed":false,"footnotes":""},"class_list":["post-1431","page","type-page","status-publish","hentry"],"acf":[],"publishpress_future_workflow_manual_trigger":{"enabledWorkflows":[]},"_links":{"self":[{"href":"https:\/\/www.rogaska.si\/de\/wp-json\/wp\/v2\/pages\/1431","targetHints":{"allow":["GET"]}}],"collection":[{"href":"https:\/\/www.rogaska.si\/de\/wp-json\/wp\/v2\/pages"}],"about":[{"href":"https:\/\/www.rogaska.si\/de\/wp-json\/wp\/v2\/types\/page"}],"author":[{"embeddable":true,"href":"https:\/\/www.rogaska.si\/de\/wp-json\/wp\/v2\/users\/1"}],"replies":[{"embeddable":true,"href":"https:\/\/www.rogaska.si\/de\/wp-json\/wp\/v2\/comments?post=1431"}],"version-history":[{"count":2,"href":"https:\/\/www.rogaska.si\/de\/wp-json\/wp\/v2\/pages\/1431\/revisions"}],"predecessor-version":[{"id":2815,"href":"https:\/\/www.rogaska.si\/de\/wp-json\/wp\/v2\/pages\/1431\/revisions\/2815"}],"up":[{"embeddable":true,"href":"https:\/\/www.rogaska.si\/de\/wp-json\/wp\/v2\/pages\/510"}],"wp:attachment":[{"href":"https:\/\/www.rogaska.si\/de\/wp-json\/wp\/v2\/media?parent=1431"}],"curies":[{"name":"wp","href":"https:\/\/api.w.org\/{rel}","templated":true}]}}