{"id":1336,"date":"2023-10-12T23:53:42","date_gmt":"2023-10-12T21:53:42","guid":{"rendered":"https:\/\/www.rogaska.si\/de\/?page_id=1336"},"modified":"2023-12-05T01:17:34","modified_gmt":"2023-12-05T00:17:34","slug":"legal-notice","status":"publish","type":"page","link":"https:\/\/www.rogaska.si\/de\/legal-notice\/","title":{"rendered":"Rechtshinweis"},"content":{"rendered":"<section class=\"py-5 wp-block-hotel-sava-support-page\">\n  <div class=\"container\">\n    <div class=\"d-md-block d-none mt-5 pt-5 row\">\n      <div>\n                                                                                                          <nav aria-label=\"breadcrumb\">\n              <ol class=\"breadcrumb\">\n                                <li class=\"breadcrumb-item\"><a href=\"https:\/\/www.rogaska.si\/de\">Startseite<\/a>\n                <\/li>\n                                                <li class=\"breadcrumb-item active\" aria-current=\"page\">\n                  Home                <\/li>\n              <\/ol>\n            <\/nav>\n                                                                                                                              <\/div>\n    <\/div>\n    <div class=\"row\">\n      <div>\n        <h1 class=\"display-4 text-center\">Rechtshinweis<\/h1>\n      <\/div>\n    <\/div>\n    <div class=\"mt-5 row\">\n        <div class=\"col-lg-10 col-md-11 me-auto ms-auto\" >\n        \n\n<p>Alle Rechte aller Webseiten von www.rogaska.si sind vorbehalten. Alle Informationen und Materialien, sowohl schriftlich als auch bildlich, auf den Webseiten von www.rogaska.si sind im rechtlich erlaubten Rahmen Gegenstand des Urheberschutzes oder anderer Formen des Schutzes geistigen Eigentums der Hotel Sava Roga\u0161ka d.o.o., Zdravili\u0161ki trg 6, 3250 Roga\u0161ka Slatina (im Folgenden Hotel Sava Roga\u0161ka d.o.o.) sowie der mit ihr verbundenen Partner, deren Inhalte in die Website www.rogaska.si eingebettet sind.<\/p>\n\n\n\n<p>Der Nutzer kann die Inhalte der Website www.rogaska.si ausschlie\u00dflich f\u00fcr private, also nicht kommerzielle Zwecke nutzen. Jede andere Form der Nutzung der Inhalte der Webseiten von www.rogaska.si f\u00fcr kommerzielle Zwecke ist nicht erlaubt. Auf diesen Webseiten ver\u00f6ffentlichte Informationen und Materialien d\u00fcrfen ohne ausdr\u00fcckliche schriftliche Genehmigung der Hotel Sava Roga\u0161ka d.o.o. nicht zu kommerziellen Zwecken kopiert, vervielf\u00e4ltigt oder auf andere Weise verbreitet werden.<\/p>\n\n\n\n<p>Der Rechtshinweis kann von der Hotel Sava Roga\u0161ka d.o.o. jederzeit ver\u00e4ndert werden und ist f\u00fcr die Nutzer in der jeweils ver\u00e4nderten Form verbindlich.<\/p>\n\n\n\n<h3 class=\"wp-block-heading\">Privatsph\u00e4re und Schutz personenbezogener Daten<\/h3>\n\n\n\n<p>Die Hotel Sava Roga\u0161ka d.o.o. achtet und sch\u00fctzt Ihre Privatsph\u00e4re. Wenn Sie auf der Website <a href=\"http:\/\/www.progaska.si\/\">www.rogaska.si<\/a> surfen, sind Sie anonym, personenbezogene Daten sowie die IP-Adresse der Webseitenbesucher werden nicht gesammelt. F\u00fcr statistische Zwecke beh\u00e4lt sich die Hotel Sava Roga\u0161ka d.o.o. lediglich das Recht zur Erhebung jener Website-Besucherdaten vor, aus denen individuelle Eigenschaften des Einzelnen nicht hervorgehen.<\/p>\n\n\n\n<p>Bei einigen Teilen unserer Website werden Sie uns aufgrund von Korrespondenz, Erhalt von Kurzmitteilungen, Teilnahme an Website-Gewinnspielen usw. Ihre personenbezogenen Daten anvertrauen. Die Hotel Sava Roga\u0161ka d.o.o. garantiert und verpflichtet sich dazu, die personenbezogenen Daten als vertraulich zu sch\u00fctzen, gem\u00e4\u00df den Bestimmungen geltenden Rechts. Daten, die Sie uns \u00fcbermitteln, werden wir an Dritte oder an nichtautorisierte Personen nicht weitergeben und sie lediglich zu dem Zweck nutzen, zu dem Sie sie uns \u00fcbermittelt haben.<\/p>\n\n\n\n<p>Damit die Website st\u00f6rungsfrei funktioniert, enth\u00e4lt sie sogenannte Cookies.<\/p>\n\n\n\n<p>Die Darmade d.o.o. ist im Rahmen des Vertrags mit der Hotel Sava Roga\u0161ka d.o.o. der Betreuer der Website www.rogaska.si und f\u00fchrt f\u00fcr die Hotel Sava Roga\u0161ka d.o.o. Aufgaben in Bezug auf Wartung und Upgrade der Website aus. Darmade und etwaige andere externe Unternehmen, die f\u00fcr die Hotel Sava Roga\u0161ka d.o.o. bestimmte T\u00e4tigkeiten im Rahmen der Website ausf\u00fchren, verpflichten sich, personenbezogene Daten nur im Rahmen von Autorisierungen der Hotel Sava Roga\u0161ka d.o.o. zu verarbeiten sowie sie zu keinem anderen Zweck zu verarbeiten bzw. nicht verarbeiten zu d\u00fcrfen.<\/p>\n\n\n\n<h3 class=\"wp-block-heading\">Hinweis in Bezug auf nichtautorisierte oder vorschriftswidrige Nutzung<\/h3>\n\n\n\n<p>Aus Sicherheitsgr\u00fcnden und auch zur Gew\u00e4hrleistung einer st\u00f6rungsfreien Nutzung f\u00fcr alle User verwendet die Hotel Sava Roga\u0161ka d.o.o. Programme zur Aufzeichnung des Verkehrs und zur Identifikation nichtautorisierter Versuche der Aufspielung oder Ver\u00e4nderung von Informationen oder irgendeiner anderen Art der Schadenverursachung. Im Fall autorisierter gesetzm\u00e4\u00dfiger Untersuchungen und gem\u00e4\u00df erforderlichen gesetzlichen Verfahren k\u00f6nnen Informationen aus diesen Quellen zur Identifizierung des Einzelnen genutzt werden.<\/p>\n\n\n\n<h3 class=\"wp-block-heading\">Haftungsausschluss<\/h3>\n\n\n\n<p>Alle Informationen und Materialien der Website www.rogaska.si haben informativen Charakter. Die Hotel Sava Roga\u0161ka d.o.o. bem\u00fcht sich um Richtigkeit, Aktualit\u00e4t und Vollst\u00e4ndigkeit der ver\u00f6ffentlichten Daten, \u00fcbernimmt allerdings f\u00fcr deren Genauigkeit und Vollst\u00e4ndigkeit keinerlei rechtliche Verantwortung, die sich auf Genauigkeit, Vollst\u00e4ndigkeit oder Verwendbarkeit irgendeiner Information, irgendeines Produktes oder irgendeines dargestellten Verfahrens bezieht.<\/p>\n\n\n\n<p>Die Hotel Sava Roga\u0161ka d.o.o. kann nicht verantwortlich sein f\u00fcr Sch\u00e4den (inklusive solche, die von Viren verursacht werden) an Computerausr\u00fcstung, Mobiltelefonen oder irgendeiner anderen Applikation, die den Zugang zur Website www.rogaska.si aufgrund des Website-Besuches des Nutzers oder aufgrund irgendeiner Nutzung der Website erm\u00f6glicht. Die Hotel Sava Roga\u0161ka d.o.o. ist nicht verantwortlich f\u00fcr Sch\u00e4den irgendeiner Art, die aufgrund der Nutzung oder Unf\u00e4higkeit der Nutzung der Website www.rogaska.si entstanden sein k\u00f6nnten.<\/p>\n\n\n\n<p>Die Hotel Sava Roga\u0161ka d.o.o. beh\u00e4lt sich das Recht vor, den Inhalt der Website www.rogaska.si jederzeit, auf beliebige Art und ungeachtet des Grundes ohne vorangehende Benachrichtigung zu \u00e4ndern, und \u00fcbernimmt keinerlei Haftung f\u00fcr irgendwelche Folgen solcher Ver\u00e4nderungen.<\/p>\n\n\n\n<h3 class=\"wp-block-heading\">Externe Links<\/h3>\n\n\n\n<p>Zur Zweckdienlichkeit enthalten die Website oder Unterseiten von www.rogaska.si zum Zwecke der Darstellung vollumf\u00e4nglicher touristischer Informationen Links zu verschiedenen externen Seiten, wie zum Beispiel anderen Internetplattformen, einzelnen Seiten oder anderen Quellen. Wir \u00fcbernehmen keine Verantwortung f\u00fcr Zug\u00e4nglichkeit, Inhalt oder Fehler externer Links, genauso k\u00f6nnen die Nutzer der Website www.rogaska.si nicht davon ausgehen, dass \u00fcber externe Links verbundene Websites die gleichen Grunds\u00e4tze in Bezug auf Achtung der Privatsph\u00e4re und Schutz personenbezogener Daten respektieren, an die sich die Hotel Sava Roga\u0161ka d.o.o. h\u00e4lt. Bei dem Besuch und der Nutzung \u00fcber externe Links verbundener Websites ist die Haftung der Hotel Sava Roga\u0161ka d.o.o. f\u00fcr alle F\u00e4lle ausgeschlossen.<\/p>\n\n\n\n<h3 class=\"wp-block-heading\">Unerwartete Anzeigen<\/h3>\n\n\n\n<p>Bei Besuch unserer Webseiten kann Ihr Internetbrowser unerwartete Anzeigen erzeugen. Die Anzeigen werden h\u00f6chstwahrscheinlich von anderen Internetseiten oder Software, die auf Ihrem Computer installiert ist, verursacht. Die Hotel Sava Roga\u0161ka d.o.o. billigt und empfiehlt keine Produkte oder Leistungen, die durch unerwartete Anzeigen auf Ihrem Computer w\u00e4hrend des Besuchs unserer Webseiten angezeigt werden.<\/p>\n\n\n\n<h3 class=\"wp-block-heading\">Urheberrecht\/Copyright<\/h3>\n\n\n\n<p>Diese Webseiten enthalten Materialien, die nach dem Urheberrecht\/Copyright gesch\u00fctzt sind. F\u00fcr diese Materialien behalten sich mitarbeitende Autoren beziehungsweise andere Tr\u00e4ger des Urheberrechts\/Copyrights das Vervielf\u00e4ltigungs- und Verbreitungsrecht vor. Von allen Personen, die diese Informationen vervielf\u00e4ltigen oder verbreiten, wird erwartet, dass sie die Bedingungen und Verpflichtungen, die die Autoren beziehungsweise Tr\u00e4ger des Urheberrechts\/Copyrights verlangen, achten. Diese so gesch\u00fctzten Materialien k\u00f6nnen trotzdem im guten Glauben zitiert und verwendet werden, gem\u00e4\u00df der Vorschriften des Urheberrechts\/Copyrights, die allgemein die Nutzung f\u00fcr nicht kommerzielle Bildungszwecke wie z. B. Lernen, Forschungen, Kritiken, Nachrichten und Berichterstattung erlauben.<\/p>\n\n      <\/div>\n    <\/div>\n  <\/div>\n<\/section>","protected":false},"excerpt":{"rendered":"","protected":false},"author":1,"featured_media":0,"parent":0,"menu_order":0,"comment_status":"closed","ping_status":"closed","template":"","meta":{"_acf_changed":false,"footnotes":""},"class_list":["post-1336","page","type-page","status-publish","hentry"],"acf":[],"publishpress_future_workflow_manual_trigger":{"enabledWorkflows":[]},"_links":{"self":[{"href":"https:\/\/www.rogaska.si\/de\/wp-json\/wp\/v2\/pages\/1336","targetHints":{"allow":["GET"]}}],"collection":[{"href":"https:\/\/www.rogaska.si\/de\/wp-json\/wp\/v2\/pages"}],"about":[{"href":"https:\/\/www.rogaska.si\/de\/wp-json\/wp\/v2\/types\/page"}],"author":[{"embeddable":true,"href":"https:\/\/www.rogaska.si\/de\/wp-json\/wp\/v2\/users\/1"}],"replies":[{"embeddable":true,"href":"https:\/\/www.rogaska.si\/de\/wp-json\/wp\/v2\/comments?post=1336"}],"version-history":[{"count":2,"href":"https:\/\/www.rogaska.si\/de\/wp-json\/wp\/v2\/pages\/1336\/revisions"}],"predecessor-version":[{"id":1748,"href":"https:\/\/www.rogaska.si\/de\/wp-json\/wp\/v2\/pages\/1336\/revisions\/1748"}],"wp:attachment":[{"href":"https:\/\/www.rogaska.si\/de\/wp-json\/wp\/v2\/media?parent=1336"}],"curies":[{"name":"wp","href":"https:\/\/api.w.org\/{rel}","templated":true}]}}