{"id":1125,"date":"2023-09-12T23:53:52","date_gmt":"2023-09-12T21:53:52","guid":{"rendered":"https:\/\/www.rogaska.si\/de\/?page_id=1125"},"modified":"2023-12-15T22:36:04","modified_gmt":"2023-12-15T21:36:04","slug":"thermomineralwasser-in-rogaska","status":"publish","type":"page","link":"https:\/\/www.rogaska.si\/de\/thermomineralwasser-in-rogaska\/","title":{"rendered":"Thermomineralwasser in Roga\u0161ka"},"content":{"rendered":"\n<section class=\"wp-block-hotel-sava-hero-one site-height__main\"> <div class=\"h-100 overflow-hidden position-relative\"> <div> <img loading=\"lazy\" decoding=\"async\" width=\"2500\" height=\"1666\" src=\"https:\/\/www.rogaska.si\/de\/wp-content\/uploads\/sites\/3\/2023\/08\/bazen-lebdenje-01.jpg\" class=\"hero__zoom image__fit wp-image-876\" srcset=\"https:\/\/www.rogaska.si\/de\/wp-content\/uploads\/sites\/3\/2023\/08\/bazen-lebdenje-01.jpg 2500w, https:\/\/www.rogaska.si\/de\/wp-content\/uploads\/sites\/3\/2023\/08\/bazen-lebdenje-01-300x200.jpg 300w, https:\/\/www.rogaska.si\/de\/wp-content\/uploads\/sites\/3\/2023\/08\/bazen-lebdenje-01-1024x682.jpg 1024w, https:\/\/www.rogaska.si\/de\/wp-content\/uploads\/sites\/3\/2023\/08\/bazen-lebdenje-01-768x512.jpg 768w, https:\/\/www.rogaska.si\/de\/wp-content\/uploads\/sites\/3\/2023\/08\/bazen-lebdenje-01-480x320.jpg 480w, https:\/\/www.rogaska.si\/de\/wp-content\/uploads\/sites\/3\/2023\/08\/bazen-lebdenje-01-640x426.jpg 640w, https:\/\/www.rogaska.si\/de\/wp-content\/uploads\/sites\/3\/2023\/08\/bazen-lebdenje-01-720x480.jpg 720w, https:\/\/www.rogaska.si\/de\/wp-content\/uploads\/sites\/3\/2023\/08\/bazen-lebdenje-01-960x640.jpg 960w, https:\/\/www.rogaska.si\/de\/wp-content\/uploads\/sites\/3\/2023\/08\/bazen-lebdenje-01-1168x778.jpg 1168w, https:\/\/www.rogaska.si\/de\/wp-content\/uploads\/sites\/3\/2023\/08\/bazen-lebdenje-01-1440x960.jpg 1440w, https:\/\/www.rogaska.si\/de\/wp-content\/uploads\/sites\/3\/2023\/08\/bazen-lebdenje-01-1920x1279.jpg 1920w, https:\/\/www.rogaska.si\/de\/wp-content\/uploads\/sites\/3\/2023\/08\/bazen-lebdenje-01-1536x1024.jpg 1536w, https:\/\/www.rogaska.si\/de\/wp-content\/uploads\/sites\/3\/2023\/08\/bazen-lebdenje-01-2048x1365.jpg 2048w\" sizes=\"auto, (max-width: 2500px) 100vw, 2500px\" \/> <div class=\"hero__overlay\"> <h1 class=\"display-2 text-center text-white\">Thermomineralwasser in Roga\u0161ka<\/h1> <\/div> <\/div> <\/div> <\/section>\n\n\n\n<section class=\"wp-block-hotel-sava-secondary-card\"> <div class=\"container-xxl pt-5\"> <div class=\"bgr-1 row\"> <div class=\"col-md-6  order-md-2 pe-0 ps-0\"> <div> <img loading=\"lazy\" decoding=\"async\" width=\"1168\" height=\"778\" src=\"https:\/\/www.rogaska.si\/de\/wp-content\/uploads\/sites\/3\/2023\/08\/lotus-bazen-l-01-1168x778.jpg\" class=\"img-fluid pb-lg-5 ps-lg-5 pt-lg-5 wp-image-965\" srcset=\"https:\/\/www.rogaska.si\/de\/wp-content\/uploads\/sites\/3\/2023\/08\/lotus-bazen-l-01-1168x778.jpg 1168w, https:\/\/www.rogaska.si\/de\/wp-content\/uploads\/sites\/3\/2023\/08\/lotus-bazen-l-01-300x200.jpg 300w, https:\/\/www.rogaska.si\/de\/wp-content\/uploads\/sites\/3\/2023\/08\/lotus-bazen-l-01-1024x682.jpg 1024w, https:\/\/www.rogaska.si\/de\/wp-content\/uploads\/sites\/3\/2023\/08\/lotus-bazen-l-01-768x512.jpg 768w, https:\/\/www.rogaska.si\/de\/wp-content\/uploads\/sites\/3\/2023\/08\/lotus-bazen-l-01-480x320.jpg 480w, https:\/\/www.rogaska.si\/de\/wp-content\/uploads\/sites\/3\/2023\/08\/lotus-bazen-l-01-640x426.jpg 640w, https:\/\/www.rogaska.si\/de\/wp-content\/uploads\/sites\/3\/2023\/08\/lotus-bazen-l-01-720x480.jpg 720w, https:\/\/www.rogaska.si\/de\/wp-content\/uploads\/sites\/3\/2023\/08\/lotus-bazen-l-01-960x640.jpg 960w, https:\/\/www.rogaska.si\/de\/wp-content\/uploads\/sites\/3\/2023\/08\/lotus-bazen-l-01-1440x960.jpg 1440w, https:\/\/www.rogaska.si\/de\/wp-content\/uploads\/sites\/3\/2023\/08\/lotus-bazen-l-01-1920x1279.jpg 1920w, https:\/\/www.rogaska.si\/de\/wp-content\/uploads\/sites\/3\/2023\/08\/lotus-bazen-l-01-1536x1024.jpg 1536w, https:\/\/www.rogaska.si\/de\/wp-content\/uploads\/sites\/3\/2023\/08\/lotus-bazen-l-01-2048x1365.jpg 2048w\" sizes=\"auto, (max-width: 1168px) 100vw, 1168px\" \/> <\/div>  <\/div> <div class=\"bg-light bgr-1 col-md-6 p-5\"> <div>\n<p class=\"wp-block-hotel-sava-lead lead fs-3\">Thermalwasser in den Lotus-Becken \u2013 einzigartig in Roga\u0161ka Slatina<\/p>\n\n\n\n<p>Roga\u0161ka Slatina ist bereits seit Jahrhunderten bekannt f\u00fcr sein mineralienhaltiges, nat\u00fcrlich vorkommendes Mineralwasser. Diesem Geschenk der Natur hat sich eine neue Kur- und Erholungsm\u00f6glichkeit hinzugesellt \u2013 die artesische Quelle von Thermomineralwasser. Ihre Lagerst\u00e4tte befindet sich in 1.700 m Tiefe. Das Wasser aus dieser Gesteinsschicht weist 5.800 mg\/l an gel\u00f6sten Mineralien auf und ist hyperthermal mit einer Temperatur von 59 \u00b0C an der Quelle. Das Thermalwasser im Pool hat eine Temperatur von 31 \u00b0C bis 36 \u00b0C.<\/p>\n\n\n\n<p>Das Grand Hotel Sava Roga\u0161ka**** ist das einzige Hotel in Roga\u0161ka Slatina, das dieses Thermalwasser in den Becken hat!<\/p>\n<\/div>  <\/div> <\/div> <\/div> <\/section>\n\n\n\n<section class=\"wp-block-hotel-sava-layout-offset-left py-5\"> <div class=\"container\"> <div class=\"row\"> <div class=\"col-md-4 offset-md-1\">  <picture> <img loading=\"lazy\" decoding=\"async\" width=\"960\" height=\"640\" src=\"https:\/\/www.rogaska.si\/de\/wp-content\/uploads\/sites\/3\/2023\/08\/lotus-bazen-l-02-960x640.jpg\" class=\"img-fluid wp-image-968\" srcset=\"https:\/\/www.rogaska.si\/de\/wp-content\/uploads\/sites\/3\/2023\/08\/lotus-bazen-l-02-960x640.jpg 960w, https:\/\/www.rogaska.si\/de\/wp-content\/uploads\/sites\/3\/2023\/08\/lotus-bazen-l-02-300x200.jpg 300w, https:\/\/www.rogaska.si\/de\/wp-content\/uploads\/sites\/3\/2023\/08\/lotus-bazen-l-02-1024x682.jpg 1024w, https:\/\/www.rogaska.si\/de\/wp-content\/uploads\/sites\/3\/2023\/08\/lotus-bazen-l-02-768x512.jpg 768w, https:\/\/www.rogaska.si\/de\/wp-content\/uploads\/sites\/3\/2023\/08\/lotus-bazen-l-02-480x320.jpg 480w, https:\/\/www.rogaska.si\/de\/wp-content\/uploads\/sites\/3\/2023\/08\/lotus-bazen-l-02-640x426.jpg 640w, https:\/\/www.rogaska.si\/de\/wp-content\/uploads\/sites\/3\/2023\/08\/lotus-bazen-l-02-720x480.jpg 720w, https:\/\/www.rogaska.si\/de\/wp-content\/uploads\/sites\/3\/2023\/08\/lotus-bazen-l-02-1168x778.jpg 1168w, https:\/\/www.rogaska.si\/de\/wp-content\/uploads\/sites\/3\/2023\/08\/lotus-bazen-l-02-1440x960.jpg 1440w, https:\/\/www.rogaska.si\/de\/wp-content\/uploads\/sites\/3\/2023\/08\/lotus-bazen-l-02-1920x1279.jpg 1920w, https:\/\/www.rogaska.si\/de\/wp-content\/uploads\/sites\/3\/2023\/08\/lotus-bazen-l-02-1536x1024.jpg 1536w, https:\/\/www.rogaska.si\/de\/wp-content\/uploads\/sites\/3\/2023\/08\/lotus-bazen-l-02-2048x1365.jpg 2048w\" sizes=\"auto, (max-width: 960px) 100vw, 960px\" \/> <\/picture> <\/div> <div class=\"col-md-5 mt-4 mt-md-0\">\n<h4 class=\"wp-block-hotel-sava-heading-4\">Balneochemische Analyse<\/h4>\n\n\n\n<p>Das Natrium-Hydrogencarbonat-Sulfat-Chlorid-Thermomineral-Hyperthermalwasser enth\u00e4lt:<\/p>\n\n\n\n<p>Kationen: Natrium, Kalium, Kalzium, Magnesium, Silizium, Lithium sowie Spuren von Barium und Strontium;<br>Anionen: Hydrogencarbonat, Sulfat, Chlorid, Fluorid, Bromid und Jodid.<\/p>\n\n\n\n<p>Durch den Gehalt an Natriumchlorid (Kochsalz) hat das Wasser einen leicht salzigen Geschmack. Dies ist bei eventuellem Trinken jedoch unsch\u00e4dlich.<\/p>\n<\/div> <\/div> <\/div> <\/section>\n\n\n\n<section class=\"wp-block-hotel-sava-layout-offset-right py-5\"> <div class=\"container\"> <div class=\"row\"> <div class=\"col-md-4\">  <picture> <img loading=\"lazy\" decoding=\"async\" width=\"1024\" height=\"682\" src=\"https:\/\/www.rogaska.si\/de\/wp-content\/uploads\/sites\/3\/2023\/08\/lotus-bazen-l-03-1024x682.jpg\" class=\"img-fluid wp-image-969\" srcset=\"https:\/\/www.rogaska.si\/de\/wp-content\/uploads\/sites\/3\/2023\/08\/lotus-bazen-l-03-1024x682.jpg 1024w, https:\/\/www.rogaska.si\/de\/wp-content\/uploads\/sites\/3\/2023\/08\/lotus-bazen-l-03-300x200.jpg 300w, https:\/\/www.rogaska.si\/de\/wp-content\/uploads\/sites\/3\/2023\/08\/lotus-bazen-l-03-768x512.jpg 768w, https:\/\/www.rogaska.si\/de\/wp-content\/uploads\/sites\/3\/2023\/08\/lotus-bazen-l-03-480x320.jpg 480w, https:\/\/www.rogaska.si\/de\/wp-content\/uploads\/sites\/3\/2023\/08\/lotus-bazen-l-03-640x426.jpg 640w, https:\/\/www.rogaska.si\/de\/wp-content\/uploads\/sites\/3\/2023\/08\/lotus-bazen-l-03-720x480.jpg 720w, https:\/\/www.rogaska.si\/de\/wp-content\/uploads\/sites\/3\/2023\/08\/lotus-bazen-l-03-960x640.jpg 960w, https:\/\/www.rogaska.si\/de\/wp-content\/uploads\/sites\/3\/2023\/08\/lotus-bazen-l-03-1168x778.jpg 1168w, https:\/\/www.rogaska.si\/de\/wp-content\/uploads\/sites\/3\/2023\/08\/lotus-bazen-l-03-1440x960.jpg 1440w, https:\/\/www.rogaska.si\/de\/wp-content\/uploads\/sites\/3\/2023\/08\/lotus-bazen-l-03-1920x1279.jpg 1920w, https:\/\/www.rogaska.si\/de\/wp-content\/uploads\/sites\/3\/2023\/08\/lotus-bazen-l-03-1536x1024.jpg 1536w, https:\/\/www.rogaska.si\/de\/wp-content\/uploads\/sites\/3\/2023\/08\/lotus-bazen-l-03-2048x1365.jpg 2048w\" sizes=\"auto, (max-width: 1024px) 100vw, 1024px\" \/> <\/picture> <\/div> <div class=\"col-md-5 mt-4 mt-md-0 offset-md-2 order-md-first\">\n<h4 class=\"wp-block-hotel-sava-heading-4\">Das Thermomineralwasser aus Roga\u0161ka ist geeignet f\u00fcr:<\/h4>\n\n\n\n<ul class=\"wp-block-list\">\n<li>die Behandlung von chronischen degenerativen Beschwerden der Wirbels\u00e4ule, von Gliedma\u00dfen und Gelenken,<\/li>\n\n\n\n<li>die Behandlung von vertebragenen Schmerzen, Versteifungen der Gelenke, Neuralgien,<\/li>\n\n\n\n<li>die Behandlung von Arthrose, Spondylarthrose, Spondylitis ankylosans (Morbus Bechterew),<\/li>\n\n\n\n<li>die Verbesserung des Gesundheitszustandes nach Verletzungen und Operationen am Bewegungsapparat und an Gelenken infolge von Bewegungsmangel,<\/li>\n\n\n\n<li>die Weiterf\u00fchrung der Rehabilitation nach vorangehender \u00e4rztlicher Behandlung,<\/li>\n\n\n\n<li>die Behandlung von Reflexdystrophien und Erschlaffung der Muskeln infolge von Inaktivit\u00e4t,<\/li>\n\n\n\n<li>die Osteoporose-Pr\u00e4vention und die Durchf\u00fchrung von \u00dcbungsprogrammen im Schwimmbecken,<\/li>\n\n\n\n<li>Revitalisierungs- und Konditionsb\u00e4der, Erholung im Rahmen von Wellness- und Fitnessprogrammen,<\/li>\n\n\n\n<li>Unterwassermassagen.<\/li>\n<\/ul>\n<\/div> <\/div> <\/div> <\/section>\n\n\n\n<section class=\"wp-block-hotel-sava-secondary-card-right\"> <div class=\"container-xxl\"> <div class=\"bgr-1 row\"> <div class=\"col-md-6 pe-0 ps-0\"> <div> <img loading=\"lazy\" decoding=\"async\" width=\"2500\" height=\"1666\" src=\"https:\/\/www.rogaska.si\/de\/wp-content\/uploads\/sites\/3\/2023\/08\/lotus-bazen-zenska-01.jpg\" class=\"img-fluid pb-lg-5 ps-lg-5 pt-lg-5 wp-image-926\" srcset=\"https:\/\/www.rogaska.si\/de\/wp-content\/uploads\/sites\/3\/2023\/08\/lotus-bazen-zenska-01.jpg 2500w, https:\/\/www.rogaska.si\/de\/wp-content\/uploads\/sites\/3\/2023\/08\/lotus-bazen-zenska-01-300x200.jpg 300w, https:\/\/www.rogaska.si\/de\/wp-content\/uploads\/sites\/3\/2023\/08\/lotus-bazen-zenska-01-1024x682.jpg 1024w, https:\/\/www.rogaska.si\/de\/wp-content\/uploads\/sites\/3\/2023\/08\/lotus-bazen-zenska-01-768x512.jpg 768w, https:\/\/www.rogaska.si\/de\/wp-content\/uploads\/sites\/3\/2023\/08\/lotus-bazen-zenska-01-480x320.jpg 480w, https:\/\/www.rogaska.si\/de\/wp-content\/uploads\/sites\/3\/2023\/08\/lotus-bazen-zenska-01-640x426.jpg 640w, https:\/\/www.rogaska.si\/de\/wp-content\/uploads\/sites\/3\/2023\/08\/lotus-bazen-zenska-01-720x480.jpg 720w, https:\/\/www.rogaska.si\/de\/wp-content\/uploads\/sites\/3\/2023\/08\/lotus-bazen-zenska-01-960x640.jpg 960w, https:\/\/www.rogaska.si\/de\/wp-content\/uploads\/sites\/3\/2023\/08\/lotus-bazen-zenska-01-1168x778.jpg 1168w, https:\/\/www.rogaska.si\/de\/wp-content\/uploads\/sites\/3\/2023\/08\/lotus-bazen-zenska-01-1440x960.jpg 1440w, https:\/\/www.rogaska.si\/de\/wp-content\/uploads\/sites\/3\/2023\/08\/lotus-bazen-zenska-01-1920x1279.jpg 1920w, https:\/\/www.rogaska.si\/de\/wp-content\/uploads\/sites\/3\/2023\/08\/lotus-bazen-zenska-01-1536x1024.jpg 1536w, https:\/\/www.rogaska.si\/de\/wp-content\/uploads\/sites\/3\/2023\/08\/lotus-bazen-zenska-01-2048x1365.jpg 2048w\" sizes=\"auto, (max-width: 2500px) 100vw, 2500px\" \/> <\/div>  <\/div> <div class=\"bg-light bgr-1 col-md-6 p-5\"> <div>\n<h4 class=\"wp-block-hotel-sava-heading-4\">Indikationen<\/h4>\n\n\n\n<ul class=\"wp-block-list\">\n<li>chronische degenerative Beschwerden der Wirbels\u00e4ule und des Bewegungsapparats<\/li>\n\n\n\n<li>chronischer degenerativer Gelenkrheumatismus<\/li>\n\n\n\n<li>Arthrosen und Periarthropathien<\/li>\n\n\n\n<li>Zust\u00e4nde nach Verletzungen und Operationen am Bewegungsapparat<\/li>\n\n\n\n<li>mildere Formen von Neuralgie<\/li>\n\n\n\n<li>mildere neurologische Sch\u00e4den<\/li>\n<\/ul>\n<\/div>  <\/div> <\/div> <\/div> <\/section>\n\n\n\n<section class=\"wp-block-hotel-sava-layout-offset-left py-5\"> <div class=\"container\"> <div class=\"row\"> <div class=\"col-md-4 offset-md-1\">  <picture> <img loading=\"lazy\" decoding=\"async\" width=\"1024\" height=\"682\" src=\"https:\/\/www.rogaska.si\/de\/wp-content\/uploads\/sites\/3\/2023\/08\/jaccuzzi-lotus-04-1024x682.jpg\" class=\"img-fluid wp-image-967\" srcset=\"https:\/\/www.rogaska.si\/de\/wp-content\/uploads\/sites\/3\/2023\/08\/jaccuzzi-lotus-04-1024x682.jpg 1024w, https:\/\/www.rogaska.si\/de\/wp-content\/uploads\/sites\/3\/2023\/08\/jaccuzzi-lotus-04-300x200.jpg 300w, https:\/\/www.rogaska.si\/de\/wp-content\/uploads\/sites\/3\/2023\/08\/jaccuzzi-lotus-04-768x512.jpg 768w, https:\/\/www.rogaska.si\/de\/wp-content\/uploads\/sites\/3\/2023\/08\/jaccuzzi-lotus-04-480x320.jpg 480w, https:\/\/www.rogaska.si\/de\/wp-content\/uploads\/sites\/3\/2023\/08\/jaccuzzi-lotus-04-640x426.jpg 640w, https:\/\/www.rogaska.si\/de\/wp-content\/uploads\/sites\/3\/2023\/08\/jaccuzzi-lotus-04-720x480.jpg 720w, https:\/\/www.rogaska.si\/de\/wp-content\/uploads\/sites\/3\/2023\/08\/jaccuzzi-lotus-04-960x640.jpg 960w, https:\/\/www.rogaska.si\/de\/wp-content\/uploads\/sites\/3\/2023\/08\/jaccuzzi-lotus-04-1168x778.jpg 1168w, https:\/\/www.rogaska.si\/de\/wp-content\/uploads\/sites\/3\/2023\/08\/jaccuzzi-lotus-04-1440x960.jpg 1440w, https:\/\/www.rogaska.si\/de\/wp-content\/uploads\/sites\/3\/2023\/08\/jaccuzzi-lotus-04-1920x1279.jpg 1920w, https:\/\/www.rogaska.si\/de\/wp-content\/uploads\/sites\/3\/2023\/08\/jaccuzzi-lotus-04-1536x1024.jpg 1536w, https:\/\/www.rogaska.si\/de\/wp-content\/uploads\/sites\/3\/2023\/08\/jaccuzzi-lotus-04-2048x1365.jpg 2048w\" sizes=\"auto, (max-width: 1024px) 100vw, 1024px\" \/> <\/picture> <\/div> <div class=\"col-md-5 mt-4 mt-md-0\">\n<h3 class=\"wp-block-hotel-sava-heading-3 display-6\">Wissenswert<\/h3>\n\n\n\n<p>Vorsicht ist geboten bei \u00fcberm\u00e4\u00dfiger Belastung im Pool oder Kontraindikationen wie Bluthochdruck, Herzschw\u00e4che und Herzrhythmusst\u00f6rungen, Dekompensation des Herzmuskels, der Leber oder der Nieren, diabetische Azidose, frische Entz\u00fcndung der Blutgef\u00e4\u00dfe, offene Wunden, Epilepsie, K\u00f6rpererm\u00fcdung und akute febrile Zust\u00e4nde, schwere neurotische St\u00f6rungen mit k\u00f6rperlichen Symptomen sowie Schwangerschaft.<\/p>\n\n\n\n<p>Konsultieren Sie Ihren Hausarzt oder Hotelarzt \u00fcber all diese Zust\u00e4nde.<\/p>\n<\/div> <\/div> <\/div> <\/section>\n","protected":false},"excerpt":{"rendered":"","protected":false},"author":1,"featured_media":0,"parent":0,"menu_order":0,"comment_status":"closed","ping_status":"closed","template":"","meta":{"_acf_changed":false,"footnotes":""},"class_list":["post-1125","page","type-page","status-publish","hentry"],"acf":[],"publishpress_future_workflow_manual_trigger":{"enabledWorkflows":[]},"_links":{"self":[{"href":"https:\/\/www.rogaska.si\/de\/wp-json\/wp\/v2\/pages\/1125","targetHints":{"allow":["GET"]}}],"collection":[{"href":"https:\/\/www.rogaska.si\/de\/wp-json\/wp\/v2\/pages"}],"about":[{"href":"https:\/\/www.rogaska.si\/de\/wp-json\/wp\/v2\/types\/page"}],"author":[{"embeddable":true,"href":"https:\/\/www.rogaska.si\/de\/wp-json\/wp\/v2\/users\/1"}],"replies":[{"embeddable":true,"href":"https:\/\/www.rogaska.si\/de\/wp-json\/wp\/v2\/comments?post=1125"}],"version-history":[{"count":3,"href":"https:\/\/www.rogaska.si\/de\/wp-json\/wp\/v2\/pages\/1125\/revisions"}],"predecessor-version":[{"id":1930,"href":"https:\/\/www.rogaska.si\/de\/wp-json\/wp\/v2\/pages\/1125\/revisions\/1930"}],"wp:attachment":[{"href":"https:\/\/www.rogaska.si\/de\/wp-json\/wp\/v2\/media?parent=1125"}],"curies":[{"name":"wp","href":"https:\/\/api.w.org\/{rel}","templated":true}]}}